{"id":7,"date":"2021-06-08T15:34:40","date_gmt":"2021-06-08T18:34:40","guid":{"rendered":"https:\/\/sigab2021.wordpress.com\/?page_id=7"},"modified":"2021-07-06T23:36:13","modified_gmt":"2021-07-07T02:36:13","slug":"blog","status":"publish","type":"page","link":"https:\/\/claec.org\/sigab\/blog\/","title":{"rendered":"Blog"},"content":{"rendered":"\n<div style=\"height:64px\" aria-hidden=\"true\" class=\"wp-block-spacer desktop-only\"><\/div>\n\n\n\n<hr class=\"wp-block-separator is-style-wide\"\/>\n\n\n\n<h3 class=\"has-text-align-left has-text-color wp-block-heading\" style=\"color:#872d2d\">Siga meu blog<\/h3>\n\n\n\n<p class=\"has-text-align-left\">Siga os novos conte\u00fados.<\/p>\n\n\n\n<p class=\"has-drop-cap has-background-background-color has-text-color has-background\" style=\"color:#a0af7b\">O     Simp\u00f3sio Internacional sobre Geoeduca\u00e7\u00f5es, Agroecologias e Biodiversidades \u2013 SIGAB ocorrer\u00e1 nos dias 28, 29 e 30 de julho de 2021, de forma virtual.<\/p>\n\n\n\n<p><\/p>\n\n\n\n<p><\/p>\n\n\n\n<p><\/p>\n\n\n\n<div class=\"wp-block-group\"><div class=\"wp-block-group__inner-container is-layout-flow wp-block-group-is-layout-flow\">\n<div class=\"wp-block-buttons is-layout-flex wp-block-buttons-is-layout-flex\">\n<div class=\"wp-block-button\"><a class=\"wp-block-button__link has-text-color has-background\" href=\"https:\/\/claec.org\/sigab\/2021\/06\/11\/linstrucoes-gerais\/\" style=\"background-color:#a0af7b;color:#872d2d\">Instru\u00e7\u00f5es gerais<\/a><\/div>\n<\/div>\n\n\n\n<div class=\"wp-block-buttons is-layout-flex wp-block-buttons-is-layout-flex\">\n<div class=\"wp-block-button\"><a class=\"wp-block-button__link has-text-color has-background\" href=\"https:\/\/claec.org\/sigab\/2021\/06\/08\/example-post\/\" style=\"background-color:#a0af7b;color:#872d2d\">pain\u00e9is e mesas redonda<\/a><\/div>\n<\/div>\n\n\n\n<div class=\"wp-block-buttons is-layout-flex wp-block-buttons-is-layout-flex\">\n<div class=\"wp-block-button\"><a class=\"wp-block-button__link has-text-color has-background\" href=\"https:\/\/claec.org\/sigab\/2021\/07\/04\/paineis\/\" style=\"background-color:#a0af7b;color:#872d2d\">pain\u00e9is<\/a><\/div>\n<\/div>\n\n\n\n<div class=\"wp-block-buttons is-layout-flex wp-block-buttons-is-layout-flex\">\n<div class=\"wp-block-button\"><a class=\"wp-block-button__link has-text-color has-background\" href=\"https:\/\/claec.org\/sigab\/2021\/07\/04\/mesas-redonda\/\" style=\"background-color:#a0af7b;color:#872d2d\">mesas redondas<\/a><\/div>\n<\/div>\n\n\n\n<div class=\"wp-block-buttons is-layout-flex wp-block-buttons-is-layout-flex\">\n<div class=\"wp-block-button\"><a class=\"wp-block-button__link has-text-color has-background\" href=\"https:\/\/claec.org\/sigab\/2021\/06\/08\/example-post-2\/\" style=\"background-color:#a0af7b;color:#872d2d\">Complementar te\u00f3rico<\/a><\/div>\n<\/div>\n\n\n\n<div class=\"wp-block-buttons is-layout-flex wp-block-buttons-is-layout-flex\">\n<div class=\"wp-block-button\"><a class=\"wp-block-button__link has-text-color has-background\" href=\"https:\/\/claec.org\/sigab\/2021\/07\/04\/programacao-completa\/\" style=\"background-color:#a0af7b;color:#872d2d\">programa\u00e7\u00e3o completa<\/a><\/div>\n<\/div>\n<\/div><\/div>\n","protected":false},"excerpt":{"rendered":"<p>Siga meu blog Siga os novos conte\u00fados. O Simp\u00f3sio Internacional sobre Geoeduca\u00e7\u00f5es, Agroecologias e Biodiversidades \u2013 SIGAB ocorrer\u00e1 nos dias 28, 29 e 30 de julho de 2021, de forma virtual.<\/p>\n","protected":false},"author":17,"featured_media":0,"parent":0,"menu_order":0,"comment_status":"closed","ping_status":"closed","template":"","meta":{"_monsterinsights_skip_tracking":false,"_monsterinsights_sitenote_active":false,"_monsterinsights_sitenote_note":"","_monsterinsights_sitenote_category":0,"footnotes":""},"class_list":["post-7","page","type-page","status-publish","hentry","entry"],"_links":{"self":[{"href":"https:\/\/claec.org\/sigab\/wp-json\/wp\/v2\/pages\/7","targetHints":{"allow":["GET"]}}],"collection":[{"href":"https:\/\/claec.org\/sigab\/wp-json\/wp\/v2\/pages"}],"about":[{"href":"https:\/\/claec.org\/sigab\/wp-json\/wp\/v2\/types\/page"}],"author":[{"embeddable":true,"href":"https:\/\/claec.org\/sigab\/wp-json\/wp\/v2\/users\/17"}],"replies":[{"embeddable":true,"href":"https:\/\/claec.org\/sigab\/wp-json\/wp\/v2\/comments?post=7"}],"version-history":[{"count":4,"href":"https:\/\/claec.org\/sigab\/wp-json\/wp\/v2\/pages\/7\/revisions"}],"predecessor-version":[{"id":381,"href":"https:\/\/claec.org\/sigab\/wp-json\/wp\/v2\/pages\/7\/revisions\/381"}],"wp:attachment":[{"href":"https:\/\/claec.org\/sigab\/wp-json\/wp\/v2\/media?parent=7"}],"curies":[{"name":"wp","href":"https:\/\/api.w.org\/{rel}","templated":true}]}}