{"id":446,"date":"2021-07-28T10:07:29","date_gmt":"2021-07-28T13:07:29","guid":{"rendered":"https:\/\/claec.org\/sigab\/?page_id=446"},"modified":"2021-07-28T10:07:30","modified_gmt":"2021-07-28T13:07:30","slug":"acesso-direto","status":"publish","type":"page","link":"https:\/\/claec.org\/sigab\/acesso-direto\/","title":{"rendered":"Acesso direto"},"content":{"rendered":"\n<p>Caso voc\u00ea n\u00e3o esteja inscrito ou n\u00e3o consiga acessar a \u00e1rea do participante, pode participar diretamente clicando no link da atividade desejada:<\/p>\n\n\n\n<p><\/p>\n\n\n\n<figure class=\"wp-block-table\"><table><tbody><tr><td>Data<\/td><td>Hora In\u00edcio<\/td><td>Hora Fim<\/td><td>Nome da atividade<\/td><td>Sala 1<\/td><\/tr><tr><td>28\/07\/2021<\/td><td>09:00<\/td><td>09:30<\/td><td>Mesa de Abertura<\/td><td><a href=\"https:\/\/youtu.be\/55Y8_87IyQQ\">https:\/\/youtu.be\/55Y8_87IyQQ<\/a><\/td><\/tr><tr><td>28\/07\/2021<\/td><td>09:30<\/td><td>12:30<\/td><td>Painel 1: Geoeduca\u00e7\u00f5es e Geoturismo&nbsp;&nbsp;&nbsp;<\/td><td><a href=\"https:\/\/meet.google.com\/kkj-cuux-rwo\">https:\/\/meet.google.com\/kkj-cuux-rwo<\/a><\/td><\/tr><tr><td>28\/07\/2021<\/td><td>13:30<\/td><td>16:30<\/td><td>Mesa Redonda: Geoeduca\u00e7\u00f5es e Geoturismo&nbsp;<\/td><td><a href=\"https:\/\/youtu.be\/3eu9ToJTgn4\">https:\/\/youtu.be\/3eu9ToJTgn4<\/a><\/td><\/tr><tr><td>29\/07\/2021<\/td><td>09:00<\/td><td>12:00<\/td><td>Painel 2: Agroecologia: ci\u00eancia, pr\u00e1tica e movimento&nbsp;<\/td><td><a href=\"https:\/\/meet.google.com\/wbk-dhnz-oyh\">https:\/\/meet.google.com\/wbk-dhnz-oyh<\/a><\/td><\/tr><tr><td>29\/07\/2021<\/td><td>13:00<\/td><td>16:00<\/td><td>Mesa Redonda &#8211; Agroecologia: ci\u00eancia, pr\u00e1tica e movimento&nbsp;<\/td><td><a href=\"https:\/\/youtu.be\/mV7vE2vb-AM\">https:\/\/youtu.be\/mV7vE2vb-AM<\/a><\/td><\/tr><tr><td>30\/07\/2021<\/td><td>09:00<\/td><td>12:00<\/td><td>Painel 3: Biodiversidades e Paisagens<\/td><td><a href=\"https:\/\/meet.google.com\/fou-wkcd-tbj\">https:\/\/meet.google.com\/fou-wkcd-tbj<\/a><\/td><\/tr><tr><td>30\/07\/2021<\/td><td>13:00<\/td><td>16:00<\/td><td>Mesa Redonda: Biodiversidades e Paisagens<\/td><td><a href=\"https:\/\/youtu.be\/jpAujlpN4Qs\">https:\/\/youtu.be\/jpAujlpN4Qs<\/a><\/td><\/tr><tr><td>30\/07\/2021<\/td><td>16:00<\/td><td>16:30<\/td><td>Mesa de Encerramento<\/td><td><a href=\"https:\/\/youtu.be\/jpAujlpN4Qs\">https:\/\/youtu.be\/jpAujlpN4Qs<\/a><\/td><\/tr><\/tbody><\/table><\/figure>\n","protected":false},"excerpt":{"rendered":"<p>Caso voc\u00ea n\u00e3o esteja inscrito ou n\u00e3o consiga acessar a \u00e1rea do participante, pode participar diretamente clicando no link da atividade desejada: Data Hora In\u00edcio Hora Fim Nome da atividade Sala 1 28\/07\/2021 09:00 09:30 Mesa de Abertura https:\/\/youtu.be\/55Y8_87IyQQ 28\/07\/2021 09:30 12:30 Painel 1: Geoeduca\u00e7\u00f5es e Geoturismo&nbsp;&nbsp;&nbsp; https:\/\/meet.google.com\/kkj-cuux-rwo 28\/07\/2021 13:30 16:30 Mesa Redonda: Geoeduca\u00e7\u00f5es e<a class=\"more-link\" href=\"https:\/\/claec.org\/sigab\/acesso-direto\/\">Continuar lendo <span class=\"screen-reader-text\">&#8220;Acesso direto&#8221;<\/span><\/a><\/p>\n","protected":false},"author":1,"featured_media":0,"parent":0,"menu_order":0,"comment_status":"closed","ping_status":"closed","template":"","meta":{"_monsterinsights_skip_tracking":false,"_monsterinsights_sitenote_active":false,"_monsterinsights_sitenote_note":"","_monsterinsights_sitenote_category":0,"footnotes":""},"class_list":["post-446","page","type-page","status-publish","hentry","entry"],"_links":{"self":[{"href":"https:\/\/claec.org\/sigab\/wp-json\/wp\/v2\/pages\/446","targetHints":{"allow":["GET"]}}],"collection":[{"href":"https:\/\/claec.org\/sigab\/wp-json\/wp\/v2\/pages"}],"about":[{"href":"https:\/\/claec.org\/sigab\/wp-json\/wp\/v2\/types\/page"}],"author":[{"embeddable":true,"href":"https:\/\/claec.org\/sigab\/wp-json\/wp\/v2\/users\/1"}],"replies":[{"embeddable":true,"href":"https:\/\/claec.org\/sigab\/wp-json\/wp\/v2\/comments?post=446"}],"version-history":[{"count":1,"href":"https:\/\/claec.org\/sigab\/wp-json\/wp\/v2\/pages\/446\/revisions"}],"predecessor-version":[{"id":447,"href":"https:\/\/claec.org\/sigab\/wp-json\/wp\/v2\/pages\/446\/revisions\/447"}],"wp:attachment":[{"href":"https:\/\/claec.org\/sigab\/wp-json\/wp\/v2\/media?parent=446"}],"curies":[{"name":"wp","href":"https:\/\/api.w.org\/{rel}","templated":true}]}}