{"id":91,"date":"2016-08-10T15:24:30","date_gmt":"2016-08-10T15:24:30","guid":{"rendered":"http:\/\/localhost\/wordpress\/event\/?page_id=91"},"modified":"2025-11-06T14:46:09","modified_gmt":"2025-11-06T17:46:09","slug":"conferencias","status":"publish","type":"page","link":"https:\/\/claec.org\/semlacult\/2017-2\/conferencias\/","title":{"rendered":"Confer\u00eancias 2017"},"content":{"rendered":"<h4 style=\"text-align: justify;\"><strong>Confer\u00eancia de Abertura:<\/strong><strong>\u00a0Pluriversidad, Interculturalidad y Acceso a la universidad. El caso de Ecuador.\u00a0<\/strong><strong>(28\/06 &#8211; 15:50 &#8211; Audit\u00f3rio Unila)<\/strong><\/h4>\n<p><img fetchpriority=\"high\" decoding=\"async\" class=\"alignnone wp-image-1032 size-large\" src=\"https:\/\/claec.org\/semlacult\/wp-content\/uploads\/sites\/7\/2017\/03\/Confer\u00eancia-Abertura-1-1024x724.png\" alt=\"Confer\u00eancia-Abertura\" width=\"790\" height=\"559\" srcset=\"https:\/\/claec.org\/semlacult\/wp-content\/uploads\/sites\/7\/2017\/03\/Confer\u00eancia-Abertura-1-1024x724.png 1024w, https:\/\/claec.org\/semlacult\/wp-content\/uploads\/sites\/7\/2017\/03\/Confer\u00eancia-Abertura-1-300x212.png 300w, https:\/\/claec.org\/semlacult\/wp-content\/uploads\/sites\/7\/2017\/03\/Confer\u00eancia-Abertura-1-768x543.png 768w, https:\/\/claec.org\/semlacult\/wp-content\/uploads\/sites\/7\/2017\/03\/Confer\u00eancia-Abertura-1.png 1654w\" sizes=\"(max-width: 790px) 100vw, 790px\" \/><\/p>\n<p><strong>Curr\u00edculo do conferencista:<\/strong><\/p>\n<p style=\"text-align: justify;\">Licenciado em Ci\u00eancias Sociais, Pol\u00edticas e Econ\u00f4micas pela Universidad Nacional de Loja, licenciado em Ci\u00eancias da Educa\u00e7\u00e3o &#8211; especialidade Lingu\u00edstica Andina e Educa\u00e7\u00e3o Bil\u00edngue pela Universidad de Cuenca, bacharelado em direito (Abogado de los Juzgados y Tribunales de la Rep\u00fablica del Ecuador) pela Universidad Nacional de Loja, diploma superior em Investiga\u00e7\u00e3o Intercultural pela Universidad Central del Ecuador, mestrado em Doc\u00eancia Universit\u00e1ria pela Universidad de las Regiones Aut\u00f3nomas de la Costa Caribe Nicarag\u00fcense URACCAN e doutorado em Jurisprud\u00eancia pela Universidad Nacional de Loja. Atualmente \u00e9 Reitor da\u00a0Universidad Intercultural de las Nacionalidades y Pueblos Ind\u00edgenas Amawtay Wasi hoje Pluriversidad Amawtay Wasi, com sede principal em Quito Equador. Autor de diversos artigos e livros sobre interculturalidade, estado plurinacional, experi\u00eancias educativas ind\u00edgenas, entre outros.<\/p>\n<p style=\"text-align: justify;\">\n<h4 style=\"text-align: justify;\"><strong>Confer\u00eancia de Encerramento: Cultura e Mundo Contempor\u00e2neo. (30\/06 &#8211; 18:30 &#8211; Audit\u00f3rio Unila)<\/strong><\/h4>\n<p><img decoding=\"async\" class=\"alignnone wp-image-1029 size-large\" src=\"https:\/\/claec.org\/semlacult\/wp-content\/uploads\/sites\/7\/2016\/08\/Confer\u00eancia-Encerramento-1024x724.jpg\" alt=\"Confer\u00eancia-Encerramento\" width=\"790\" height=\"559\" srcset=\"https:\/\/claec.org\/semlacult\/wp-content\/uploads\/sites\/7\/2016\/08\/Confer\u00eancia-Encerramento-1024x724.jpg 1024w, https:\/\/claec.org\/semlacult\/wp-content\/uploads\/sites\/7\/2016\/08\/Confer\u00eancia-Encerramento-300x212.jpg 300w, https:\/\/claec.org\/semlacult\/wp-content\/uploads\/sites\/7\/2016\/08\/Confer\u00eancia-Encerramento-768x543.jpg 768w, https:\/\/claec.org\/semlacult\/wp-content\/uploads\/sites\/7\/2016\/08\/Confer\u00eancia-Encerramento.jpg 1654w\" sizes=\"(max-width: 790px) 100vw, 790px\" \/><\/p>\n<p style=\"text-align: justify;\"><strong>Curr\u00edculo conferencista:<\/strong><\/p>\n<p style=\"text-align: justify;\">Possui gradua\u00e7\u00e3o em Sociologie &#8211; Universite de Paris VIII (1972), mestrado em Sociologia- \u00c9cole des Hautes \u00c9tudes en Sciences Sociales (1972) e doutorado em Sociologia\/Antropologia- \u00c9cole des Hautes \u00c9tudes en Sciences Sociales (1975). Atualmente \u00e9 professor titular da Universidade Estadual de Campinas. Alguns livros publicados: &#8220;Cultura Brasileira e Identidade Nacional&#8221;; &#8220;A Moderna Tradi\u00e7\u00e3o Brasileira&#8221;; Mundializa\u00e7\u00e3o e Cultura&#8221;; &#8220;O Pr\u00f3ximo e o Distante: Jap\u00e3o e modernidade-mundo&#8221;; &#8220;Mundializa\u00e7\u00e3o: saberes e cren\u00e7as&#8221;; &#8220;A Diversidade dos Sotaques: o ingl\u00eas e as ci\u00eancias sociais&#8221; (todos pela Ed.Brasiliense); &#8220;Universalismo e Diversidade&#8221; (Boitempo).<\/p>\n","protected":false},"excerpt":{"rendered":"<p>Confer\u00eancia de Abertura:\u00a0Pluriversidad, Interculturalidad y Acceso a la universidad. El caso de Ecuador.\u00a0(28\/06 &#8211; 15:50 &#8211; Audit\u00f3rio Unila) Curr\u00edculo do&hellip; <\/p>\n","protected":false},"author":6,"featured_media":0,"parent":1099,"menu_order":0,"comment_status":"closed","ping_status":"closed","template":"","meta":{"_monsterinsights_skip_tracking":false,"_monsterinsights_sitenote_active":false,"_monsterinsights_sitenote_note":"","_monsterinsights_sitenote_category":0,"footnotes":""},"class_list":["post-91","page","type-page","status-publish","hentry"],"_links":{"self":[{"href":"https:\/\/claec.org\/semlacult\/wp-json\/wp\/v2\/pages\/91","targetHints":{"allow":["GET"]}}],"collection":[{"href":"https:\/\/claec.org\/semlacult\/wp-json\/wp\/v2\/pages"}],"about":[{"href":"https:\/\/claec.org\/semlacult\/wp-json\/wp\/v2\/types\/page"}],"author":[{"embeddable":true,"href":"https:\/\/claec.org\/semlacult\/wp-json\/wp\/v2\/users\/6"}],"replies":[{"embeddable":true,"href":"https:\/\/claec.org\/semlacult\/wp-json\/wp\/v2\/comments?post=91"}],"version-history":[{"count":4,"href":"https:\/\/claec.org\/semlacult\/wp-json\/wp\/v2\/pages\/91\/revisions"}],"predecessor-version":[{"id":2042,"href":"https:\/\/claec.org\/semlacult\/wp-json\/wp\/v2\/pages\/91\/revisions\/2042"}],"up":[{"embeddable":true,"href":"https:\/\/claec.org\/semlacult\/wp-json\/wp\/v2\/pages\/1099"}],"wp:attachment":[{"href":"https:\/\/claec.org\/semlacult\/wp-json\/wp\/v2\/media?parent=91"}],"curies":[{"name":"wp","href":"https:\/\/api.w.org\/{rel}","templated":true}]}}