{"id":673,"date":"2017-02-16T01:06:12","date_gmt":"2017-02-16T03:06:12","guid":{"rendered":"http:\/\/claec.org\/semlacult\/?page_id=673"},"modified":"2018-03-07T15:48:30","modified_gmt":"2018-03-07T18:48:30","slug":"formulario-taxas-de-inscricao","status":"publish","type":"page","link":"https:\/\/claec.org\/semlacult\/inscricoes\/formulario-taxas-de-inscricao\/","title":{"rendered":"Formul\u00e1rio e Taxas de Inscri\u00e7\u00e3o"},"content":{"rendered":"<p><em><strong>Obs.: Pedimos que antes de fazer a sua inscri\u00e7\u00e3o, leia atentamente o <a href=\"https:\/\/claec.org\/semlacult\/inscricoes\/regulamento-geral\/\" target=\"_blank\">Regulamento Geral de Inscri\u00e7\u00f5es<\/a>. <\/strong><\/em><\/p>\n<p>&nbsp;<\/p>\n<p><strong>Taxas de Inscri\u00e7\u00e3o:<\/strong><\/p>\n<p><strong>Observa\u00e7\u00f5es: <\/strong><\/p>\n<p style=\"text-align: justify;\">Despesas com deslocamento, hospedagem e alimenta\u00e7\u00e3o correm por conta dos participantes. Em momento oportuno, ser\u00e3o disponibilizados no site do evento sugest\u00f5es de alimenta\u00e7\u00e3o e locais de hospedagem, bem como poss\u00edveis alojamentos.<\/p>\n<p style=\"text-align: justify;\">Aos autores e coautores dever\u00e3o realizar primeiramente a inscri\u00e7\u00e3o e o pagamento da taxa, e ap\u00f3s a compensa\u00e7\u00e3o banc\u00e1ria, acessar o sistema e submeter seus trabalhos.<\/p>\n<p style=\"text-align: justify;\">Os estudantes de gradua\u00e7\u00e3o e p\u00f3s-gradua\u00e7\u00e3o, devem enviar o comprovante de matr\u00edcula no momento da inscri\u00e7\u00e3o no sistema Doity.<\/p>\n<p style=\"text-align: justify;\"><strong>Ser\u00e3o aceitas as seguintes formas de pagamento dentro do formul\u00e1rio: Cart\u00e3o de Cr\u00e9dito, D\u00e9bito Autom\u00e1tico, Boleto Banc\u00e1rio e Nota de Empenho.<\/strong><\/p>\n<p>&nbsp;<\/p>\n<p style=\"text-align: center;\"><strong>Formul\u00e1rio de Inscri\u00e7\u00e3o:<\/strong><\/p>\n<p>&nbsp;<\/p>\n<p><script src=\"https:\/\/www.doity.com.br\/js\/box_inscricao.js\" type=\"text\/javascript\"><\/script> <iframe id=\"iframe-inscricao\" style=\"width: 100%; height: 1000px; border: none;\" src=\"https:\/\/www.doity.com.br\/semlacult2018\/passo1?box=1\" width=\"300\" height=\"150\" scrolling=\"0\"> <\/iframe><\/p>\n<p style=\"text-align: center; color: #666672; font-size: 14px; font-family: 'Open Sans',Helvetica, Arial, sans-serif; font-weight: bolder;\">Caso n\u00e3o consiga fazer a inscri\u00e7\u00e3o <a href=\"https:\/\/www.doity.com.br\/semlacult2018\" target=\"_blank\">clique aqui <\/a><\/p>\n<p><strong>Pagamento via empenho:<\/strong><\/p>\n<ul>\n<li>O participante solicita o empenho na institui\u00e7\u00e3o (abre o processo na institui\u00e7\u00e3o).<\/li>\n<li>Ao receber o n\u00famero do empenho, ele realiza a inscri\u00e7\u00e3o pelo formul\u00e1rio acima e informa esse n\u00famero no ato da inscri\u00e7\u00e3o.<\/li>\n<\/ul>\n<ul>\n<li>Enviar para semlacult@claec.org:<br \/>\n&#8211; Nota de Empenho<br \/>\n&#8211; Nome, endere\u00e7o e CNPJ da institui\u00e7\u00e3o pagadora<br \/>\n&#8211; Contato do Departamento Financeiro (telefone, e-mail)<br \/>\n&#8211; Nome (s) do (s) participante (s) com seus respectivos CPFs<\/li>\n<\/ul>\n<ul>\n<li>Ap\u00f3s recebimento da Nota de Empenho pela Comiss\u00e3o Organizadora, a(s) inscri\u00e7\u00e3o(\u00f5es) ser\u00e1(\u00e3o) confirmada(s).<\/li>\n<\/ul>\n<ul>\n<li>Ap\u00f3s o t\u00e9rmino do evento a nota fiscal ser\u00e1 enviada para o endere\u00e7o eletr\u00f4nico da fonte pagadora.<\/li>\n<\/ul>\n<ul>\n<li>A entidade pagadora dever\u00e1 enviar o comprovante de quita\u00e7\u00e3o do empenho at\u00e9 10 (dez) dias \u00fateis ap\u00f3s o envio da nota fiscal para baixa do d\u00e9bito.<\/li>\n<\/ul>\n<ul>\n<li>O empenho dever\u00e1 ser emitido em nome de:<\/li>\n<\/ul>\n<p>&#8211; Centro Latinoamericano de Estudos em Cultura &#8211; CLAEC<br \/>\n&#8211; C.N.P.J.: 13.448.301\/0001-24<br \/>\n&#8211; Endere\u00e7o: Rua Marechal Deodoro, 377, Anexo CAJUJA<br \/>\n&#8211; Bairro: Centro, CEP 96300-000 &#8211; Jaguar\u00e3o\/RS<\/p>\n<p>Dados Banc\u00e1rios<br \/>\n&#8211; BANCO:\u00a0AGIBANK &#8211; AGIPLAN\u00a0(121)<br \/>\n&#8211; AG\u00caNCIA:\u00a00001<br \/>\n&#8211; CONTA CORRENTE: 30012-8<\/p>\n","protected":false},"excerpt":{"rendered":"<p>Obs.: Pedimos que antes de fazer a sua inscri\u00e7\u00e3o, leia atentamente o Regulamento Geral de Inscri\u00e7\u00f5es. &nbsp; Taxas de Inscri\u00e7\u00e3o:&hellip; <\/p>\n","protected":false},"author":1,"featured_media":0,"parent":473,"menu_order":0,"comment_status":"closed","ping_status":"closed","template":"","meta":{"_monsterinsights_skip_tracking":false,"_monsterinsights_sitenote_active":false,"_monsterinsights_sitenote_note":"","_monsterinsights_sitenote_category":0,"footnotes":""},"class_list":["post-673","page","type-page","status-publish","hentry"],"_links":{"self":[{"href":"https:\/\/claec.org\/semlacult\/wp-json\/wp\/v2\/pages\/673","targetHints":{"allow":["GET"]}}],"collection":[{"href":"https:\/\/claec.org\/semlacult\/wp-json\/wp\/v2\/pages"}],"about":[{"href":"https:\/\/claec.org\/semlacult\/wp-json\/wp\/v2\/types\/page"}],"author":[{"embeddable":true,"href":"https:\/\/claec.org\/semlacult\/wp-json\/wp\/v2\/users\/1"}],"replies":[{"embeddable":true,"href":"https:\/\/claec.org\/semlacult\/wp-json\/wp\/v2\/comments?post=673"}],"version-history":[{"count":17,"href":"https:\/\/claec.org\/semlacult\/wp-json\/wp\/v2\/pages\/673\/revisions"}],"predecessor-version":[{"id":1164,"href":"https:\/\/claec.org\/semlacult\/wp-json\/wp\/v2\/pages\/673\/revisions\/1164"}],"up":[{"embeddable":true,"href":"https:\/\/claec.org\/semlacult\/wp-json\/wp\/v2\/pages\/473"}],"wp:attachment":[{"href":"https:\/\/claec.org\/semlacult\/wp-json\/wp\/v2\/media?parent=673"}],"curies":[{"name":"wp","href":"https:\/\/api.w.org\/{rel}","templated":true}]}}