{"id":656,"date":"2017-02-15T23:09:30","date_gmt":"2017-02-16T01:09:30","guid":{"rendered":"http:\/\/claec.org\/semlacult\/?page_id=656"},"modified":"2019-05-09T15:57:11","modified_gmt":"2019-05-09T18:57:11","slug":"comunidadores","status":"publish","type":"page","link":"https:\/\/claec.org\/semlacult\/inscricoes\/comunidadores\/","title":{"rendered":"Comunicadores (Trabalhos)"},"content":{"rendered":"<p style=\"text-align: justify;\"><em><strong>Obs.: Solicitamos que antes de enviar o seu trabalho, leia atentamente o <a href=\"https:\/\/claec.org\/semlacult\/inscricoes\/regulamento-geral\/\" target=\"_blank\" rel=\"noopener\">Regulamento Geral de Inscri\u00e7\u00f5es<\/a> e as normas para produ\u00e7\u00e3o do resumo expandido e do relato de experi\u00eancia.<\/strong><\/em><\/p>\n<h4 style=\"text-align: center;\"><strong><a href=\"https:\/\/claec.org\/semlacult\/simposios-tematicos\/\" target=\"_blank\" rel=\"noopener\">LISTA DE SIMP\u00d3SIOS TEM\u00c1TICOS<\/a><\/strong><\/h4>\n<p style=\"text-align: center;\"><strong>PRAZO PARA SUBMISS\u00c3O DE TRABALHOS: DE 12\/03\/2018 AT\u00c9 21\/05\/2018<\/strong><\/p>\n<p style=\"text-align: justify;\"><strong>INFORMA\u00c7\u00d5ES GERAIS:<\/strong><\/p>\n<p style=\"text-align: justify;\">A segunda edi\u00e7\u00e3o do SEMLACult apresenta algumas modifica\u00e7\u00f5es frente \u00e0 edi\u00e7\u00e3o passada.<\/p>\n<p style=\"text-align: justify;\">O evento conta com duas categorias de trabalhos: <strong>Resumos Expandidos<\/strong> e <strong>Relatos de Experi\u00eancias<\/strong>.<\/p>\n<p style=\"text-align: justify;\">Haver\u00e1 simp\u00f3sio espec\u00edfico para apresenta\u00e7\u00e3o de trabalhos de <strong>graduandos<\/strong>, mesmo que em co-autoria com graduados ou mais (Simp\u00f3sio Tem\u00e1tico 10\u00a0&#8211; Jovens Pesquisadores\u00a0&#8211; Tem\u00e1tica Livre).<\/p>\n<p style=\"text-align: justify;\">Estima-se que cada comunicador tenha entre 10\u00a0e 15\u00a0minutos para se apresentar. Recomendamos que apresenta\u00e7\u00f5es em slides sejam salvas em formato .pdf para evitar problemas de compatibilidade que possam prejudicar a apresenta\u00e7\u00e3o. Ser\u00e1 disponibilizado aos apresentadores Data-Show e Power-Point.<\/p>\n<p style=\"text-align: justify;\">Garantindo maior difus\u00e3o dos temas e debates proporcionados pelo evento,\u00a0 <strong>todos os trabalhos submetidos no evento poder\u00e3o ser apresentados nas se\u00e7\u00f5es de apresenta\u00e7\u00e3o dos Simp\u00f3sios Tem\u00e1ticos<\/strong>. Os mini resumos dos resumos expandidos e relatos de experi\u00eancias enviados ser\u00e3o publicados no site do evento em formato de Caderno de Resumos e receber\u00e3o c\u00f3digo ISBN. Os resumos expandidos\/relatos de experi\u00eancias ser\u00e3o avaliados pelos coordenadores dos ST&#8217;s, recebendo o conceito de &#8220;aceito&#8221; e &#8220;aceito com modifica\u00e7\u00f5es&#8221;, sendo a publica\u00e7\u00e3o nos Anais, condicionada a apresenta\u00e7\u00e3o do trabalho e a realiza\u00e7\u00e3o das altera\u00e7\u00f5es solicitadas pelos coordenadores, os resumos expandidos\/relatos de experi\u00eancias apresentados e corrigidos ser\u00e3o publicados na forma de Anais no Sistema Online de Apoio a Eventos do CLAEC \u2013 SOAE (<a href=\"http:\/\/eventos.claec.org\/\">eventos.claec.org<\/a>) e receber\u00e3o c\u00f3digo ISBN\/ISSN.<\/p>\n<p style=\"text-align: justify;\">Haver\u00e1 a publica\u00e7\u00e3o dos <strong>Artigos Completos<\/strong> na modalidade de cap\u00edtulo de livro em um e-book denominado &#8220;Integra\u00e7\u00e3o e Multiculturalismo na Am\u00e9rica Latina: Perspectiva hist\u00f3rica e desafios no contexto atual &#8211; Colet\u00e2nea de artigos do II Semin\u00e1rio Latino-Americano de Estudos em Cultura&#8221; registrado no ISBN. Os artigos dos trabalhos destaques de cada Simp\u00f3sio Tem\u00e1tico(ST) escolhidos pelos coordenadores dos ST&#8217;s, al\u00e9m de comporem o\u00a0e-book, ser\u00e3o publicados em uma edi\u00e7\u00e3o especial da revista RELACult \u2013 Revista Latino-Americana de Estudos em Cultura e Sociedade e-ISSN 2525-7870 (<a href=\"http:\/\/relacult.claec.org\/\">relacult.claec.org\/<\/a>) e receber\u00e3o c\u00f3digo DOI.<\/p>\n<p style=\"text-align: justify;\">Os comunicadores dever\u00e3o selecionar um Simp\u00f3sio Tem\u00e1tico para a apresenta\u00e7\u00e3o do trabalho. Em caso de esgotamento de vagas no ST escolhido, \u00e0 Comiss\u00e3o Organizadora reserva-se o direito de realocar o trabalho em outro ST que possua vaga e tenha tem\u00e1tica correlata.<\/p>\n<p style=\"text-align: justify;\">Em caso de desist\u00eancia, solicitamos ao comunicador que informe a Comiss\u00e3o com o m\u00e1ximo de anteced\u00eancia poss\u00edvel, para oportunizar maior chance de participa\u00e7\u00e3o aos demais colegas inscritos.<\/p>\n<p style=\"text-align: justify;\"><strong>PUBLICA\u00c7\u00d5ES:<\/strong><\/p>\n<p style=\"text-align: justify;\">Ao se inscrever no evento, apresentar o trabalho e corrigir o texto de acordo com as orienta\u00e7\u00f5es dos coordenadores dos simp\u00f3sios tem\u00e1ticos, ser\u00e1 garantida a publica\u00e7\u00e3o dos textos nas seguintes modalidades:<\/p>\n<ul>\n<li style=\"list-style-type: none\">\n<ul>\n<li style=\"text-align: justify;\">Mini resumos: Publicados no Caderno de Resumos e receber\u00e3o c\u00f3digo ISBN.<\/li>\n<\/ul>\n<\/li>\n<\/ul>\n<ul>\n<li style=\"list-style-type: none\">\n<ul>\n<li style=\"text-align: justify;\">Resumos expandidos e relatos de experi\u00eancias: Publicados nos Anais do evento e receber\u00e3o c\u00f3digo ISBN.<\/li>\n<\/ul>\n<\/li>\n<\/ul>\n<ul>\n<li style=\"text-align: justify;\">Artigos completos: Publicados no livro e-book &#8220;Integra\u00e7\u00e3o e Multiculturalismo na Am\u00e9rica Latina: Perspectiva hist\u00f3rica e desafios no contexto atual&#8221; registrado no ISBN. E os artigos dos trabalhos destaques de cada Simp\u00f3sio Tem\u00e1tico(ST), al\u00e9m de\u00a0comporem o\u00a0e-book, ser\u00e3o publicados em uma edi\u00e7\u00e3o especial da revista RELACult \u2013 Revista Latino-Americana de Estudos em Cultura e Sociedade.<\/li>\n<\/ul>\n<p style=\"text-align: justify;\"><strong>COMO SUBMETER O TRABALHO:<\/strong><\/p>\n<p style=\"text-align: justify;\"><strong>1) Cadastro e pagamento:<\/strong><\/p>\n<p style=\"text-align: justify;\">Primeiramente todos os autores e coautores devem se inscrever no evento acessando<strong>\u00a0<a href=\"https:\/\/doity.com.br\/semlacult2018#registration\" target=\"_blank\" rel=\"noopener\">este site<\/a><\/strong>. Ap\u00f3s clicar voc\u00ea ser\u00e1 direcionado \u00e0 p\u00e1gina com o formul\u00e1rio de inscri\u00e7\u00e3o no evento, efetue o preenchimento do formul\u00e1rio e realize o pagamento da taxa de inscri\u00e7\u00e3o.<\/p>\n<p style=\"text-align: justify;\"><strong><em>Obs.: A efetiva\u00e7\u00e3o da inscri\u00e7\u00e3o e o pagamento da taxa de comunicador, garante o direito de envio de trabalho e apresenta\u00e7\u00e3o do mesmo no Simp\u00f3sio Tem\u00e1tico, independente de an\u00e1lise pelos coordenadores. Ficando a publica\u00e7\u00e3o nos Anais, condicionada a efetiva\u00e7\u00e3o das altera\u00e7\u00f5es solicitadas pelos coordenadores dos ST&#8217;s. As i<\/em><\/strong><em><strong>nscri\u00e7\u00f5es realizadas e efetivadas n\u00e3o s\u00e3o reembols\u00e1veis.<\/strong><\/em><\/p>\n<p style=\"text-align: justify;\"><strong>2) Envio do trabalho:<\/strong><\/p>\n<p style=\"text-align: justify;\">Ap\u00f3s a compensa\u00e7\u00e3o banc\u00e1ria, ser\u00e1 liberado diretamente no sistema o formul\u00e1rio de envio do <strong>mini\u00a0resumo do seu trabalho\u00a0<\/strong>que pode ser acessado<a href=\"https:\/\/doity.com.br\/semlacult2018\/artigos\" target=\"_blank\" rel=\"noopener\"><strong> clicando aqui<\/strong><\/a>. Apenas 1 (um) entre autor e coautores do trabalho, deve preencher todo o formul\u00e1rio de submiss\u00e3o do resumo at\u00e9 que apare\u00e7a a mensagem de agradecimento.<\/p>\n<p style=\"text-align: justify;\"><strong>Quantidade m\u00e1xima de trabalhos como autor principal: <\/strong>\u00a02 (dois), \u00a0devendo os proponentes\u00a0observarem quem ir\u00e1 apresent\u00e1-lo, considerando que as apresenta\u00e7\u00f5es nos ST&#8217;s ocorrer\u00e3o de forma simult\u00e2nea.<\/p>\n<p style=\"text-align: justify;\"><strong>Quantidade m\u00e1xima de trabalhos como coautor: <\/strong>\u00a02 (dois).<\/p>\n<p style=\"text-align: justify;\"><strong>Quantidade m\u00e1xima de participantes por trabalho:<\/strong> 5 (cinco) participantes, incluindo autor, coautores e orientador (quando aplic\u00e1vel).<\/p>\n<p style=\"text-align: justify;\"><strong>Preenchimento do mini resumo na plataforma de submiss\u00e3o:<\/strong>\u00a0No preenchimento dos dados na plataforma de submiss\u00e3o \u00e9 solicitada a digita\u00e7\u00e3o (\u00e9 tamb\u00e9m permitida a fun\u00e7\u00e3o de copiar e colar a partir de um arquivo de texto) de um resumo com no m\u00e1ximo 300 palavras, sem refer\u00eancias bibliogr\u00e1ficas, tabelas, gr\u00e1ficos ou destaques de qualquer natureza.<\/p>\n<p style=\"text-align: justify;\"><strong>Palavras-chave:<\/strong>\u00a03 (tr\u00eas) a 5 (cinco) palavras-chave.<\/p>\n<p style=\"text-align: justify;\"><strong>Arquivo do mini resumo:<\/strong>\u00a0N\u00e3o ser\u00e3o aceitos trabalhos sem o arquivo anexado.<\/p>\n<p style=\"text-align: justify;\"><strong>Condi\u00e7\u00e3o para participa\u00e7\u00e3o no trabalho:<\/strong>\u00a0Todos os trabalhos submetidos poder\u00e3o ser\u00a0apresentados. O autor e os coautores, obrigatoriamente, dever\u00e3o estar todos cadastrados no sistema e com a taxa de inscri\u00e7\u00e3o paga, no momento da submiss\u00e3o do trabalho. Para que o trabalho seja apresentado e publicado nos anais, o autor e os coautores dever\u00e3o estar inscritos e com o pagamento da inscri\u00e7\u00e3o regularizado at\u00e9 a data limite.<\/p>\n<p style=\"text-align: justify;\">O certificado de apresenta\u00e7\u00e3o oral ser\u00e1 entregue mediante a inscri\u00e7\u00e3o devidamente efetivada e o comparecimento no dia definido pela comiss\u00e3o organizadora para apresenta\u00e7\u00e3o.<\/p>\n<p style=\"text-align: justify;\">Os trabalhos dever\u00e3o\u00a0ser\u00a0<strong>apresentados pelo autor ou coautor indicado no sistema<\/strong><strong>.<\/strong><\/p>\n<p style=\"text-align: justify;\"><strong>Obs: Fica reservado aos coordenadores dos Simp\u00f3sios Tem\u00e1ticos a solicita\u00e7\u00e3o de realoca\u00e7\u00e3o compuls\u00f3ria de trabalhos que n\u00e3o dialoguem com a tem\u00e1tica de seus simp\u00f3sios.<\/strong><\/p>\n<p style=\"text-align: justify;\"><strong>Avalia\u00e7\u00e3o:<\/strong><\/p>\n<p style=\"text-align: justify;\">Os textos dos Mini Resumos passar\u00e3o por uma an\u00e1lise inicial da Comiss\u00e3o Organizadora, com o objetivo de verificar a adequa\u00e7\u00e3o do texto ao simp\u00f3sio tem\u00e1tico escolhido e a necessidade de realoca\u00e7\u00e3o em outro simp\u00f3sio,\u00a0ap\u00f3s a an\u00e1lise inicial ser\u00e3o emitidas as cartas de aceite de apresenta\u00e7\u00e3o do trabalho e enviadas as instru\u00e7\u00f5es para a submiss\u00e3o dos resumos expandidos e relatos de experi\u00eancia no formato completo. Os Resumos Expandidos e Relatos de Experi\u00eancias\u00a0 e os Artigos Completos submetidos ser\u00e3o analisados, em cada Simp\u00f3sio Tem\u00e1tico, por seus coordenadores. Ap\u00f3s a avalia\u00e7\u00e3o os proponentes receber\u00e3o e-mails confirmando o <strong>aceite<\/strong>\u00a0ou o\u00a0<strong>aceite com modifica\u00e7\u00f5es <\/strong>para a sua publica\u00e7\u00e3o nos Anais.<\/p>\n<p style=\"text-align: justify;\"><strong>ESPECIFICA\u00c7\u00d5ES:<\/strong><\/p>\n<p style=\"text-align: justify;\"><strong>Mini Resumos:<\/strong><\/p>\n<p style=\"text-align: justify;\">Devem ser enviados no momento da submiss\u00e3o do trabalho e ser\u00e3o publicados na forma de Caderno de Resumos.<\/p>\n<p style=\"text-align: justify;\">Inicialmente os comunicadores dever\u00e3o submeter os mini resumos de seus resumos expandidos e\/ou relatos de experi\u00eancia. O texto deve ser redigido em times new roman (tamanho 12) e os elementos que devem constar no mini resumo s\u00e3o: T\u00edtulo em portugu\u00eas e espanhol; Mini resumo em portugu\u00eas e espanhol com at\u00e9 300 palavras cada, que deve\u00a0apresentar de forma concisa todos os pontos abordados no texto, n\u00e3o deve conter cita\u00e7\u00f5es, deve ser constitu\u00eddo de uma sequ\u00eancia de frases concisas e n\u00e3o de uma simples enumera\u00e7\u00e3o de t\u00f3picos e deve ser utilizado o espa\u00e7amento simples entre linhas. Palavras-chave separadas por ponto e v\u00edrgula\u00a0(3 a 5)(portugu\u00eas e espanhol).\u00a0<strong>Utilizar o layout disponibilizado!<\/strong><\/p>\n<p style=\"text-align: justify;\"><strong>Para os mini resumos: O\u00a0nome completo do(s) autor(es), titula\u00e7\u00e3o, nome da institui\u00e7\u00e3o (por extenso) a que se vincula(m) o(s) autor(es), cidade, estado e pa\u00eds, e e-mail do(s) autor(es) devem constar no resumo expandido, conforme o layout disponibilizado.<\/strong><\/p>\n<p style=\"text-align: justify;\"><strong>Resumos Expandidos:<\/strong><\/p>\n<p style=\"text-align: justify;\">Devem ser enviados ap\u00f3s o recebimento da carta de aceite do mini resumo e at\u00e9 22\/07\/2018 e ser\u00e3o publicados na forma de Anais.<\/p>\n<p style=\"text-align: justify;\">Ser\u00e3o aceitos trabalhos resultantes de pesquisas acad\u00eamicas em andamento ou conclu\u00eddas, de qualquer \u00e1rea das Ci\u00eancias Humanas e que envolvam quest\u00f5es de integra\u00e7\u00e3o e multiculturalismo, dentro das tem\u00e1ticas propostas pelos Simp\u00f3sios Tem\u00e1ticos. O texto deve ser redigido em times new roman (tamanho 12) e ter pelo menos 3 e at\u00e9 6 laudas, incluindo notas de rodap\u00e9 e refer\u00eancias. Utilize espa\u00e7amento simples entre linhas. Os elementos que devem constar em um resumo ampliado s\u00e3o: t\u00edtulo (portugu\u00eas e espanhol), resumo (at\u00e9 250 palavras)(portugu\u00eas e espanhol), palavras-chave separadas por ponto e v\u00edrgula\u00a0(3 a 5)(portugu\u00eas e espanhol),\u00a0contextualiza\u00e7\u00e3o, objetivos, metodologia (se for o caso), resultados ou resultados esperados (se for o caso), conclus\u00f5es e bibliografia.\u00a0<strong>Utilizar o layout disponibilizado!<\/strong><\/p>\n<p style=\"text-align: justify;\"><strong>Para os resumos expandidos: O\u00a0nome completo do(s) autor(es), titula\u00e7\u00e3o, nome da institui\u00e7\u00e3o (por extenso) a que se vincula(m) o(s) autor(es), cidade, estado e pa\u00eds, e e-mail do(s) autor(es) devem constar no resumo expandido, conforme o layout disponibilizado.<\/strong><\/p>\n<p><strong>Relatos de Experi\u00eancias:<\/strong><\/p>\n<p>Devem ser enviados ap\u00f3s o recebimento da carta de aceite do mini resumo e at\u00e9 22\/07\/2018 e ser\u00e3o publicados na forma de Anais.<\/p>\n<p style=\"text-align: justify;\">Esta modalidade \u00e9 destinada para a apresenta\u00e7\u00e3o na forma oral de a\u00e7\u00f5es e pr\u00e1ticas que dialoguem com a tem\u00e1tica do evento e com os Simp\u00f3sios Tem\u00e1ticos. N\u00e3o objetiva a reflex\u00e3o cient\u00edfica, mas sim a apresenta\u00e7\u00e3o, o debate, o di\u00e1logo de atividades, pr\u00e1ticas ou iniciativas de grupos, coletivos, institui\u00e7\u00f5es e movimentos sociais.<\/p>\n<p style=\"text-align: justify;\">O texto deve ser redigido em portugu\u00eas ou espanhol, fonte times new roman (tamanho 12) e ter pelo menos 3 e at\u00e9 6 laudas, incluindo notas de rodap\u00e9 e refer\u00eancias (quando houver). Utilize espa\u00e7amento simples entre linhas. Os elementos que devem constar em um resumo ampliado s\u00e3o: t\u00edtulo (portugu\u00eas e espanhol), resumo (at\u00e9 250 palavras)(portugu\u00eas e espanhol), palavras-chave separadas por ponto e v\u00edrgula\u00a0(3 a 5)(portugu\u00eas e espanhol), introdu\u00e7\u00e3o, desenvolvimento, conclus\u00f5es e bibliografia (quando houver).\u00a0<strong>Utilizar o layout disponibilizado!<\/strong><\/p>\n<p style=\"text-align: justify;\"><strong>Para os relatos de experi\u00eancias: O\u00a0nome completo do(s) autor(es), titula\u00e7\u00e3o, nome da institui\u00e7\u00e3o (por extenso) a que se vincula(m) o(s) autor(es), cidade, estado e pa\u00eds, e e-mail do(s) autor(es) devem constar no relato de experi\u00eancia, conforme o layout disponibilizado.<\/strong><\/p>\n<p style=\"text-align: justify;\"><strong>Artigos Completos:<\/strong><\/p>\n<p style=\"text-align: justify;\">Devem ser enviados ap\u00f3s a apresenta\u00e7\u00e3o do trabalho no evento e ser\u00e3o publicados na modalidade de cap\u00edtulo de livro em um e-book denominado &#8220;Integra\u00e7\u00e3o e Multiculturalismo na Am\u00e9rica Latina: Perspectiva hist\u00f3rica e desafios no contexto atual &#8211; Colet\u00e2nea de artigos do II Semin\u00e1rio Latino-Americano de Estudos em Cultura&#8221; registrado no ISBN. Os artigos dos trabalhos destaques de cada Simp\u00f3sio Tem\u00e1tico(ST) escolhidos pelos coordenadores dos ST&#8217;s, al\u00e9m de\u00a0comporem o\u00a0e-book, ser\u00e3o publicados em uma edi\u00e7\u00e3o especial da revista RELACult \u2013 Revista Latino-Americana de Estudos em Cultura e Sociedade e-ISSN 2525-7870 (<a href=\"http:\/\/relacult.claec.org\/\">relacult.claec.org\/<\/a>) e receber\u00e3o c\u00f3digo DOI..<\/p>\n<p style=\"text-align: justify;\">O texto deve ser redigido em times new roman (tamanho 12) e ter\u00a0de 8 a 25 laudas, incluindo notas e refer\u00eancias. Utilize espa\u00e7amento 1,5 entre linhas. Os elementos que devem constar em um texto completo dependem da sua natureza e prop\u00f3sitos, embora se espere que estejam conforme o esperado neste tipo de texto.<\/p>\n<p style=\"text-align: justify;\">A primeira p\u00e1gina deve conter t\u00edtulo (em negrito e iniciais em letras mai\u00fasculas), autores, resumo (com cerca de 15 linhas), palavras-chave (entre tr\u00eas e cinco), e corpo do texto, seguido de refer\u00eancias.\u00a0<strong>Utilizar o layout disponibilizado!<\/strong><\/p>\n<p style=\"text-align: justify;\"><strong>Para os artigos completos: O\u00a0nome completo do(s) autor(es), titula\u00e7\u00e3o, nome da institui\u00e7\u00e3o (por extenso) a que se vincula(m) o(s) autor(es), cidade, estado e pa\u00eds, e e-mail do(s) autor(es) devem ser inclu\u00eddos no artigo conforme o layout disponibilizado.<\/strong><\/p>\n<p style=\"text-align: justify;\">Os trabalhos poder\u00e3o ser redigidos em portugu\u00eas e espanhol.<br \/>\nExpress\u00f5es em l\u00edngua estrangeira, t\u00edtulos de obras e passagens do texto que o autor deseje destacar devem ser digitados em it\u00e1lico, evitando-se assim o uso do negrito.<\/p>\n<p style=\"text-align: justify;\"><strong>Os autores dever\u00e3o utilizar os layout de submiss\u00e3o<\/strong> disponibilizados, no formato Microsoft Office Word\u00a0(.doc ou .docx). O modelo traz todas as informa\u00e7\u00f5es de formata\u00e7\u00e3o do trabalho, como estrutura, disposi\u00e7\u00e3o do texto, refer\u00eancias bibliogr\u00e1ficas, etc. Os layout podem ser baixados por meio dos seguintes\u00a0<em>links<\/em> do Google Drive:<\/p>\n<p style=\"text-align: justify;\"><a href=\"https:\/\/drive.google.com\/file\/d\/1xGr-z91YNBKZa_TU9ynqVRgxdUZ6oQiY\/view?usp=sharing\" target=\"_blank\" rel=\"noopener\"><strong>LAYOUT DE MINI RESUMO<\/strong><\/a><\/p>\n<p style=\"text-align: justify;\"><a href=\"https:\/\/drive.google.com\/file\/d\/1QYyweu5gWnYDjz_twR3FTfiIlU7BDpCM\/view?usp=sharing\" target=\"_blank\" rel=\"noopener\">\u00a0<strong>LAYOUT DE RESUMO EXPANDIDO<\/strong><\/a><\/p>\n<p><a href=\"https:\/\/drive.google.com\/file\/d\/1-rya-BW_Y4UJEoRTpx6kYCciGyp0DAjp\/view?usp=sharing\" target=\"_blank\" rel=\"noopener\"><strong>LAYOUT DE RELATO DE EXPERI\u00caNCIA<\/strong><\/a><\/p>\n<p style=\"text-align: justify;\"><a href=\"http:\/\/bit.ly\/2JuGXwb\" target=\"_blank\" rel=\"noopener\"><strong>LAYOUT DE ARTIGO COMPLETO<\/strong><\/a><\/p>\n","protected":false},"excerpt":{"rendered":"<p>Obs.: Solicitamos que antes de enviar o seu trabalho, leia atentamente o Regulamento Geral de Inscri\u00e7\u00f5es e as normas para&hellip; <\/p>\n","protected":false},"author":1,"featured_media":0,"parent":473,"menu_order":0,"comment_status":"closed","ping_status":"closed","template":"","meta":{"_monsterinsights_skip_tracking":false,"_monsterinsights_sitenote_active":false,"_monsterinsights_sitenote_note":"","_monsterinsights_sitenote_category":0,"footnotes":""},"class_list":["post-656","page","type-page","status-publish","hentry"],"_links":{"self":[{"href":"https:\/\/claec.org\/semlacult\/wp-json\/wp\/v2\/pages\/656","targetHints":{"allow":["GET"]}}],"collection":[{"href":"https:\/\/claec.org\/semlacult\/wp-json\/wp\/v2\/pages"}],"about":[{"href":"https:\/\/claec.org\/semlacult\/wp-json\/wp\/v2\/types\/page"}],"author":[{"embeddable":true,"href":"https:\/\/claec.org\/semlacult\/wp-json\/wp\/v2\/users\/1"}],"replies":[{"embeddable":true,"href":"https:\/\/claec.org\/semlacult\/wp-json\/wp\/v2\/comments?post=656"}],"version-history":[{"count":24,"href":"https:\/\/claec.org\/semlacult\/wp-json\/wp\/v2\/pages\/656\/revisions"}],"predecessor-version":[{"id":1546,"href":"https:\/\/claec.org\/semlacult\/wp-json\/wp\/v2\/pages\/656\/revisions\/1546"}],"up":[{"embeddable":true,"href":"https:\/\/claec.org\/semlacult\/wp-json\/wp\/v2\/pages\/473"}],"wp:attachment":[{"href":"https:\/\/claec.org\/semlacult\/wp-json\/wp\/v2\/media?parent=656"}],"curies":[{"name":"wp","href":"https:\/\/api.w.org\/{rel}","templated":true}]}}