{"id":492,"date":"2017-02-15T17:39:34","date_gmt":"2017-02-15T19:39:34","guid":{"rendered":"http:\/\/claec.org\/semlacult\/?page_id=492"},"modified":"2025-11-06T14:42:50","modified_gmt":"2025-11-06T17:42:50","slug":"palestras","status":"publish","type":"page","link":"https:\/\/claec.org\/semlacult\/2018-2\/palestras\/","title":{"rendered":"Palestras 2018"},"content":{"rendered":"<p><strong>Data: 25\/09 (Ter\u00e7a-feira)<\/strong><\/p>\n<p><u>14:00 \u00e0s 16:00<\/u>\u00a0\u2013\u00a0Palestra:\u00a0<strong>La Integraci\u00f3n de las L\u00e9nguas: Pol\u00edticas Lingu\u00edsticas en Paraguay e la resistencia de la cultura por el lenguaje<\/strong>\u00a0(BLOCO D, Sala 1 \u2013 UNIOESTE)<\/p>\n<p>Palestrantes: Ramon Barboza (Secretar\u00eda de Politicas Linguisticas de Paraguay), Pablo Bogado (Diretor de Comunicaci\u00f3n de Coordinaci\u00f3n Nacional de Pastoral Indigena), Demetrio Rojas (Colectivo Comunicadores del Chaco \u2013 Radios Comunit\u00e1rias Indigenas del Chaco Paraguayo) e Lina L\u00f3pes (Colectivo Comunicadores del Chaco \u2013 Radios Comunit\u00e1rias Indigenas del Chaco Paraguayo).<\/p>\n<p><u>16:30 \u00e0s 18:30<\/u>\u00a0\u2013\u00a0<strong>Palestra: Movimientos Sociales, Identidades y Medios de Comunicaci\u00f3n Aymara<\/strong>\u00a0(BLOCO D, Sala 1 \u2013 UNIOESTE)<\/p>\n<p>Palestrantes: Chryslen Mayra B. Gon\u00e7alves (Mestranda em Antropologia Social da Universidade Estadual de Campinas \u2013 UNICAMP) e Roger Adan Chambi Mayta (Egresso de Direito da Universidad P\u00fablica de El Alto -UPEA\/Bol\u00edvia)<\/p>\n<p><strong>\u00a0<\/strong><\/p>\n<p><strong>Data: 26\/09 (Quarta-feira)<\/strong><\/p>\n<p><u>13:00 \u00e0s 14:00<\/u>\u00a0\u2013 Palestra: SESC S\u00e3o Paulo \u201cProjeto Fric\u00e7\u00f5es\u201d (Audit\u00f3rio \u2013 UNILA)<\/p>\n<p>Palestrantes: Fabiano Maranh\u00e3o e Afonsso Lobo Chaves (SESC SP)<\/p>\n<p><u>14:00 \u00e0s 15:00<\/u>\u00a0\u2013 Palestra e lan\u00e7amento de livro: Projeto \u201cKamba\u2019\u00e3: Frutos del alma de la negritud\u201d (Audit\u00f3rio \u2013 UNILA)<\/p>\n<p>Palestrante: Mario Casartelli (Escritores Rog\u00e1)<\/p>\n<p>&nbsp;<\/p>\n<p>&nbsp;<\/p>\n<p><strong>Data: 27\/09 (Quinta-feira)<\/strong><\/p>\n<p><u>17:30 \u00e0s 18:00<\/u>\u00a0\u2013 Palestra e lan\u00e7amento de livro: \u201cPrimer DICCIONARIO Mbya Ayvu-Espa\u00f1ol-Mbya Guarani \u2013 Anexo Pentatraductor \u2013 Mbya Guarani \u2013 Espa\u00f1ol \u2013 Guaran\u00ed \u2013 Portugu\u00e9s \u2013 Ingl\u00e9s\u201d (Audit\u00f3rio \u2013 UNILA)<\/p>\n<p>Palestrantes: Jos\u00e9 Javier Rodas (Argentina), Kuaray Poty Carlos Benitez (Argentina) e M\u00e1rio Ram\u00e3o Villalva Filho (UNILA)<\/p>\n<p><u>18:00 \u00e0s 19:00<\/u>\u00a0\u2013 Lan\u00e7amentos de livros (Hall Audit\u00f3rio \u2013 UNILA)<\/p>\n<ul>\n<li>Palavras entre rios e ruas: ensaios sobre literatura na Amaz\u00f4nia \u2013 Maria de Nazar\u00e9 Barreto Trindade<\/li>\n<li>Terra e mem\u00f3rias: Viv\u00eancias, conflitos e conquistas no(s) rural(is) do Brasil \u2013 Daniele Brocardo<\/li>\n<li>Or\u00e1culo da fronteira \u2013 Edgar C\u00e9zar Nolasco<\/li>\n<li>A hora da estrela Clarice Lispector \u2013 Edgar C\u00e9zar Nolasco<\/li>\n<li>Nav(r)e \u2013 pesquisa e produ\u00e7\u00e3o de conhecimento em arte na universidade: artista, professor, pesquisador \u2013 2015\/2016 \u2013 Dr. Marcos Ant\u00f4nio Bessa-Oliveira (organizador)<\/li>\n<li>Paisagens biogr\u00e1ficas p\u00f3s-coloniais: retratos da cultura local sul-mato-grossense \u2013 Prof. Dr. Marcos Ant\u00f4nio Bessa-Oliveira (organizador)<\/li>\n<\/ul>\n<ul>\n<li>Fronteiras platinas em Mato Grosso do Sul \u2013 (Brasil\/Paraguai\/Bol\u00edvia) \u2013 biogeografias na arte, cr\u00edtica biogr\u00e1fica fronteiri\u00e7a, discurso ind\u00edgena e literaturas de fronteira \u2013 Marcos Ant\u00f4nio Bessa-Oliveira; Edgar C\u00e9zar Nolasco; V\u00e2nia Maria Lescano Guerra; Z\u00e9lia R. Nolasco dos S. Freire (Organizadores)<\/li>\n<li>Fronteiras culturais em contextos epist\u00eamicos descoloniais \u2013 Prof. Dr. Marcos Ant\u00f4nio Bessa-Oliveira; Prof. Dr. Edgar C\u00e9zar Nolasco (Organizadores)<\/li>\n<\/ul>\n<p>&nbsp;<\/p>\n<p>&nbsp;<\/p>\n<p>&nbsp;<\/p>\n<p>* UNILA \u2013 Universidade Federal de Integra\u00e7\u00e3o Latino-Americana, Av Tarqu\u00ednio Joslin dos Santos, 1000 \u2013 Jardim Universit\u00e1rio I \u2013 Foz do Igua\u00e7u\/PR.<\/p>\n<p>** UNIOESTE \u2013 Universidade Estadual do Oeste do Paran\u00e1, Av. Tarqu\u00ednio Joslin dos Santos, 1300 \u2013 Jardim Universit\u00e1rio I \u2013 Foz do Igua\u00e7u\/PR.<\/p>\n<p>*** CESUFOZ \u2013 Centro de Ensino Superior de Foz do Igua\u00e7u, Av. Paran\u00e1, 3.695 \u2013 Jardim Central \u2013 Foz do Igua\u00e7u\/PR.<\/p>\n","protected":false},"excerpt":{"rendered":"<p>Data: 25\/09 (Ter\u00e7a-feira) 14:00 \u00e0s 16:00\u00a0\u2013\u00a0Palestra:\u00a0La Integraci\u00f3n de las L\u00e9nguas: Pol\u00edticas Lingu\u00edsticas en Paraguay e la resistencia de la cultura&hellip; <\/p>\n","protected":false},"author":1,"featured_media":408,"parent":1563,"menu_order":0,"comment_status":"closed","ping_status":"closed","template":"","meta":{"_monsterinsights_skip_tracking":false,"_monsterinsights_sitenote_active":false,"_monsterinsights_sitenote_note":"","_monsterinsights_sitenote_category":0,"footnotes":""},"class_list":["post-492","page","type-page","status-publish","has-post-thumbnail","hentry"],"_links":{"self":[{"href":"https:\/\/claec.org\/semlacult\/wp-json\/wp\/v2\/pages\/492","targetHints":{"allow":["GET"]}}],"collection":[{"href":"https:\/\/claec.org\/semlacult\/wp-json\/wp\/v2\/pages"}],"about":[{"href":"https:\/\/claec.org\/semlacult\/wp-json\/wp\/v2\/types\/page"}],"author":[{"embeddable":true,"href":"https:\/\/claec.org\/semlacult\/wp-json\/wp\/v2\/users\/1"}],"replies":[{"embeddable":true,"href":"https:\/\/claec.org\/semlacult\/wp-json\/wp\/v2\/comments?post=492"}],"version-history":[{"count":13,"href":"https:\/\/claec.org\/semlacult\/wp-json\/wp\/v2\/pages\/492\/revisions"}],"predecessor-version":[{"id":2033,"href":"https:\/\/claec.org\/semlacult\/wp-json\/wp\/v2\/pages\/492\/revisions\/2033"}],"up":[{"embeddable":true,"href":"https:\/\/claec.org\/semlacult\/wp-json\/wp\/v2\/pages\/1563"}],"wp:featuredmedia":[{"embeddable":true,"href":"https:\/\/claec.org\/semlacult\/wp-json\/wp\/v2\/media\/408"}],"wp:attachment":[{"href":"https:\/\/claec.org\/semlacult\/wp-json\/wp\/v2\/media?parent=492"}],"curies":[{"name":"wp","href":"https:\/\/api.w.org\/{rel}","templated":true}]}}