{"id":482,"date":"2017-02-15T17:30:44","date_gmt":"2017-02-15T19:30:44","guid":{"rendered":"http:\/\/claec.org\/semlacult\/?page_id=482"},"modified":"2025-11-10T09:50:39","modified_gmt":"2025-11-10T12:50:39","slug":"foz-do-iguacu-triplice-fronteira-2","status":"publish","type":"page","link":"https:\/\/claec.org\/semlacult\/apresentacao\/foz-do-iguacu-triplice-fronteira-2\/","title":{"rendered":"Foz do Igua\u00e7u \u2013 Territ\u00f3rio Simb\u00f3lico da Integra\u00e7\u00e3o Latino-Americana"},"content":{"rendered":"<div class=\"prose dark:prose-invert inline leading-relaxed break-words min-w-0 [word-break:break-word] prose-strong:font-medium [&amp;_&gt;*:first-child]:mt-0\">\n<p class=\"my-2 [&amp;+p]:mt-4 [&amp;_strong:has(+br)]:inline-block [&amp;_strong:has(+br)]:pb-2\">Localizada no extremo oeste do Paran\u00e1, <strong>Foz do Igua\u00e7u<\/strong> \u00e9 uma cidade trinacional estrat\u00e9gica que se encontra na conflu\u00eancia de <strong>Brasil, Argentina e Paraguai<\/strong> \u2014 a chamada <strong>Tr\u00edplice Fronteira<\/strong>. Com aproximadamente <strong>260 mil habitantes<\/strong> e representando cerca de <strong>80 nacionalidades<\/strong> (com destaque para comunidades libanesa, chinesa, paraguaia e argentina), a cidade constitui um <strong>laborat\u00f3rio vivo de integra\u00e7\u00e3o latino-americana<\/strong>, multilinguismo, diversidade cultural e coopera\u00e7\u00e3o transfronteiri\u00e7a.<\/p>\n<p class=\"my-2 [&amp;+p]:mt-4 [&amp;_strong:has(+br)]:inline-block [&amp;_strong:has(+br)]:pb-2\">Foz do Igua\u00e7u \u00e9 o <strong>centro tur\u00edstico e econ\u00f4mico do oeste paranaense<\/strong> e um dos <strong>mais importantes destinos tur\u00edsticos do Brasil<\/strong>, reconhecido internacionalmente por seu patrim\u00f4nio natural, sua infraestrutura de integra\u00e7\u00e3o regional e sua voca\u00e7\u00e3o para o di\u00e1logo intercultural. \u00c9, portanto, o <strong>cen\u00e1rio perfeito<\/strong> para sediar o <strong>V SEMLACult 2026<\/strong> \u2014 um evento dedicado \u00e0s epistemologias do Sul, pr\u00e1ticas decoloniais e di\u00e1logos Sul-Sul.<\/p>\n<hr class=\"bg-subtle h-px border-0\" \/>\n<h2 id=\"\" class=\"mb-2 mt-4 font-display font-semimedium text-base first:mt-0 md:text-lg [hr+&amp;]:mt-4\"><strong>Por Que Foz do Igua\u00e7u \u00e9 o Lugar Ideal para o V SEMLACult?<\/strong><\/h2>\n<p class=\"my-2 [&amp;+p]:mt-4 [&amp;_strong:has(+br)]:inline-block [&amp;_strong:has(+br)]:pb-2\">Foz do Igua\u00e7u n\u00e3o \u00e9 apenas uma cidade tur\u00edstica. \u00c9 um <strong>territ\u00f3rio de fronteiras, encontros e resist\u00eancias<\/strong> que materializa os temas centrais do nosso semin\u00e1rio:<\/p>\n<ul class=\"marker:text-quiet list-disc\">\n<li class=\"py-0 my-0 prose-p:pt-0 prose-p:mb-2 prose-p:my-0 [&amp;&gt;p]:pt-0 [&amp;&gt;p]:mb-2 [&amp;&gt;p]:my-0\">\n<p class=\"my-2 [&amp;+p]:mt-4 [&amp;_strong:has(+br)]:inline-block [&amp;_strong:has(+br)]:pb-2\"><strong>Integra\u00e7\u00e3o latino-americana:<\/strong> A cidade abriga a <strong>UNILA<\/strong> (Universidade Federal da Integra\u00e7\u00e3o Latino-Americana), \u00fanica institui\u00e7\u00e3o federal brasileira com miss\u00e3o de integra\u00e7\u00e3o regional, que re\u00fane 50% de estudantes internacionais de 18 pa\u00edses da Am\u00e9rica Latina e Caribe.<\/p>\n<\/li>\n<li class=\"py-0 my-0 prose-p:pt-0 prose-p:mb-2 prose-p:my-0 [&amp;&gt;p]:pt-0 [&amp;&gt;p]:mb-2 [&amp;&gt;p]:my-0\">\n<p class=\"my-2 [&amp;+p]:mt-4 [&amp;_strong:has(+br)]:inline-block [&amp;_strong:has(+br)]:pb-2\"><strong>Diversidade cultural e multilinguismo:<\/strong> Foz do Igua\u00e7u \u00e9 marcada por din\u00e2micas migrat\u00f3rias, hibrida\u00e7\u00f5es culturais, pr\u00e1ticas multil\u00edngues (portugu\u00eas, espanhol, guarani, \u00e1rabe, chin\u00eas) e conviv\u00eancias transnacionais cotidianas.<\/p>\n<\/li>\n<li class=\"py-0 my-0 prose-p:pt-0 prose-p:mb-2 prose-p:my-0 [&amp;&gt;p]:pt-0 [&amp;&gt;p]:mb-2 [&amp;&gt;p]:my-0\">\n<p class=\"my-2 [&amp;+p]:mt-4 [&amp;_strong:has(+br)]:inline-block [&amp;_strong:has(+br)]:pb-2\"><strong>Coopera\u00e7\u00e3o fronteiri\u00e7a:<\/strong> A Tr\u00edplice Fronteira representa desafios e pot\u00eancias da coopera\u00e7\u00e3o Sul-Sul \u2014 circula\u00e7\u00e3o de pessoas, saberes, mercadorias, culturas e pol\u00edticas p\u00fablicas compartilhadas entre tr\u00eas pa\u00edses.<\/p>\n<\/li>\n<li class=\"py-0 my-0 prose-p:pt-0 prose-p:mb-2 prose-p:my-0 [&amp;&gt;p]:pt-0 [&amp;&gt;p]:mb-2 [&amp;&gt;p]:my-0\">\n<p class=\"my-2 [&amp;+p]:mt-4 [&amp;_strong:has(+br)]:inline-block [&amp;_strong:has(+br)]:pb-2\"><strong>Territ\u00f3rios em disputa:<\/strong> Foz do Igua\u00e7u est\u00e1 situada em um territ\u00f3rio historicamente marcado por conflitos territoriais, projetos de desenvolvimento (como Itaipu), quest\u00f5es ambientais, migra\u00e7\u00e3o e resist\u00eancias ind\u00edgenas e camponesas.<\/p>\n<\/li>\n<\/ul>\n<p class=\"my-2 [&amp;+p]:mt-4 [&amp;_strong:has(+br)]:inline-block [&amp;_strong:has(+br)]:pb-2\">Realizar o V SEMLACult em Foz do Igua\u00e7u \u00e9, assim, <strong>um gesto epist\u00eamico e pol\u00edtico<\/strong>: pensar a Am\u00e9rica Latina desde suas fronteiras, margens e territ\u00f3rios de encontro \u2014 e n\u00e3o apenas desde os centros metropolitanos.<\/p>\n<hr class=\"bg-subtle h-px border-0\" \/>\n<h2 id=\"\" class=\"mb-2 mt-4 font-display font-semimedium text-base first:mt-0 md:text-lg [hr+&amp;]:mt-4\"><strong>Principais Atrativos de Foz do Igua\u00e7u<\/strong><\/h2>\n<h2 class=\"mb-2 mt-4 font-display font-semimedium text-base first:mt-0\"><strong>\ud83c\udf0a Cataratas do Igua\u00e7u e Parque Nacional do Igua\u00e7u<\/strong><\/h2>\n<p class=\"my-2 [&amp;+p]:mt-4 [&amp;_strong:has(+br)]:inline-block [&amp;_strong:has(+br)]:pb-2\"><a class=\"reset interactable cursor-pointer decoration-1 underline-offset-1 text-super hover:underline font-semibold\" href=\"http:\/\/www.cataratasdoiguacu.com.br\/\" target=\"_blank\" rel=\"nofollow noopener\"><span class=\"text-box-trim-both\">Saiba mais<\/span><\/a><\/p>\n<p class=\"my-2 [&amp;+p]:mt-4 [&amp;_strong:has(+br)]:inline-block [&amp;_strong:has(+br)]:pb-2\">As <strong>Cataratas do Igua\u00e7u<\/strong> foram avistadas pela primeira vez por europeus em 1542, durante a expedi\u00e7\u00e3o de Dom \u00c1lvar N\u00fa\u00f1ez Cabeza de Vaca, que descia o Rio Igua\u00e7u com canoas adquiridas dos ind\u00edgenas Kaingang (guaranis). Receberam o nome colonial de &#8220;Salto de Santa Maria&#8221;, mas prevaleceu o termo guarani <strong>Igua\u00e7u<\/strong> (que significa &#8220;\u00e1gua grande&#8221; ou &#8220;muita \u00e1gua&#8221;).<\/p>\n<p class=\"my-2 [&amp;+p]:mt-4 [&amp;_strong:has(+br)]:inline-block [&amp;_strong:has(+br)]:pb-2\">As Cataratas constituem um <strong>complexo de 275 quedas d&#8217;\u00e1gua<\/strong> que se estendem por quase <strong>5 quil\u00f4metros<\/strong> ao longo do Rio Igua\u00e7u. Tr\u00eas quartos das quedas situam-se no lado argentino, mas podem ser melhor contempladas do lado brasileiro. S\u00e3o protegidas por <strong>dois parques nacionais de Mata Atl\u00e2ntica<\/strong>: o <strong>Parque Nacional do Igua\u00e7u<\/strong> (Brasil, criado em 1939) e o <strong>Parque Nacional Iguaz\u00fa<\/strong> (Argentina). Ambos foram declarados <strong>Patrim\u00f4nio Mundial Natural da UNESCO<\/strong> devido \u00e0 sua rica biodiversidade de fauna e flora.<\/p>\n<p class=\"my-2 [&amp;+p]:mt-4 [&amp;_strong:has(+br)]:inline-block [&amp;_strong:has(+br)]:pb-2\"><strong>Curiosidade:<\/strong> As Cataratas do Igua\u00e7u s\u00e3o consideradas uma das <strong>Novas Sete Maravilhas da Natureza<\/strong>.<\/p>\n<hr class=\"bg-subtle h-px border-0\" \/>\n<h2 class=\"mb-2 mt-4 font-display font-semimedium text-base first:mt-0\"><strong>\u26a1 Itaipu Binacional<\/strong><\/h2>\n<p class=\"my-2 [&amp;+p]:mt-4 [&amp;_strong:has(+br)]:inline-block [&amp;_strong:has(+br)]:pb-2\"><a class=\"reset interactable cursor-pointer decoration-1 underline-offset-1 text-super hover:underline font-semibold\" href=\"https:\/\/www.turismoitaipu.com.br\/\" target=\"_blank\" rel=\"nofollow noopener\"><span class=\"text-box-trim-both\">Saiba mais<\/span><\/a><\/p>\n<p class=\"my-2 [&amp;+p]:mt-4 [&amp;_strong:has(+br)]:inline-block [&amp;_strong:has(+br)]:pb-2\">A <strong>Usina Hidrel\u00e9trica de Itaipu<\/strong> \u00e9 um empreendimento binacional entre Brasil e Paraguai, inaugurado em 1974. Com uma <strong>pot\u00eancia instalada de 14.000 MW<\/strong>, Itaipu \u00e9 respons\u00e1vel por <strong>19,3% do fornecimento de energia el\u00e9trica do Brasil<\/strong> e praticamente <strong>100% do consumo energ\u00e9tico do Paraguai<\/strong>.<\/p>\n<p class=\"my-2 [&amp;+p]:mt-4 [&amp;_strong:has(+br)]:inline-block [&amp;_strong:has(+br)]:pb-2\">Itaipu foi eleita uma das <strong>Sete Maravilhas do Mundo Moderno<\/strong> pela American Society of Civil Engineers. Al\u00e9m de sua grandiosidade t\u00e9cnica, o empreendimento simboliza a <strong>coopera\u00e7\u00e3o Sul-Sul entre Brasil e Paraguai<\/strong> e levanta importantes debates sobre soberania energ\u00e9tica, impactos socioambientais, deslocamentos populacionais e desenvolvimento regional.<\/p>\n<p class=\"my-2 [&amp;+p]:mt-4 [&amp;_strong:has(+br)]:inline-block [&amp;_strong:has(+br)]:pb-2\">A usina oferece <strong>visitas guiadas<\/strong> que incluem o circuito especial, o mirante central, o ref\u00fagio biol\u00f3gico e o ecomuseu.<\/p>\n<hr class=\"bg-subtle h-px border-0\" \/>\n<h2 class=\"mb-2 mt-4 font-display font-semimedium text-base first:mt-0\"><strong>\ud83e\udd9c Parque das Aves<\/strong><\/h2>\n<p class=\"my-2 [&amp;+p]:mt-4 [&amp;_strong:has(+br)]:inline-block [&amp;_strong:has(+br)]:pb-2\"><a class=\"reset interactable cursor-pointer decoration-1 underline-offset-1 text-super hover:underline font-semibold\" href=\"http:\/\/www.parquedasaves.com.br\/pt\/apresentacao.html\" target=\"_blank\" rel=\"nofollow noopener\"><span class=\"text-box-trim-both\">Saiba mais<\/span><\/a><\/p>\n<p class=\"my-2 [&amp;+p]:mt-4 [&amp;_strong:has(+br)]:inline-block [&amp;_strong:has(+br)]:pb-2\">O <strong>Parque das Aves<\/strong> \u00e9 um santu\u00e1rio ecol\u00f3gico que combina <strong>ecoturismo com conserva\u00e7\u00e3o ambiental<\/strong>. Localizado pr\u00f3ximo \u00e0s Cataratas, o parque abriga aproximadamente <strong>900 aves de 150 esp\u00e9cies diferentes<\/strong>, com predomin\u00e2ncia de aves brasileiras, mas tamb\u00e9m esp\u00e9cies da Austr\u00e1lia, \u00c1frica e \u00c1sia.<\/p>\n<p class=\"my-2 [&amp;+p]:mt-4 [&amp;_strong:has(+br)]:inline-block [&amp;_strong:has(+br)]:pb-2\">O parque oferece imensos viveiros interativos, onde os visitantes podem caminhar entre as aves em liberdade, proporcionando uma experi\u00eancia educativa e sensorial \u00fanica sobre a biodiversidade da Mata Atl\u00e2ntica.<\/p>\n<hr class=\"bg-subtle h-px border-0\" \/>\n<h2 class=\"mb-2 mt-4 font-display font-semimedium text-base first:mt-0\"><strong>\ud83c\udde7\ud83c\uddf7\ud83c\udde6\ud83c\uddf7\ud83c\uddf5\ud83c\uddfe Marco das Tr\u00eas Fronteiras<\/strong><\/h2>\n<p class=\"my-2 [&amp;+p]:mt-4 [&amp;_strong:has(+br)]:inline-block [&amp;_strong:has(+br)]:pb-2\"><a class=\"reset interactable cursor-pointer decoration-1 underline-offset-1 text-super hover:underline font-semibold\" href=\"http:\/\/www.marcodastresfronteiras.com.br\/\" target=\"_blank\" rel=\"nofollow noopener\"><span class=\"text-box-trim-both\">Saiba mais<\/span><\/a><\/p>\n<p class=\"my-2 [&amp;+p]:mt-4 [&amp;_strong:has(+br)]:inline-block [&amp;_strong:has(+br)]:pb-2\">O <strong>Marco das Tr\u00eas Fronteiras<\/strong> \u00e9 um obelisco de pedra pintado com as cores do Brasil, situado em um cen\u00e1rio emocionante onde se encontram as \u00e1guas do <strong>Rio Igua\u00e7u<\/strong> com as do <strong>Rio Paran\u00e1<\/strong>. Deste ponto, \u00e9 poss\u00edvel avistar simultaneamente <strong>Brasil, Argentina e Paraguai<\/strong>.<\/p>\n<p class=\"my-2 [&amp;+p]:mt-4 [&amp;_strong:has(+br)]:inline-block [&amp;_strong:has(+br)]:pb-2\">Os tr\u00eas marcos \u2014 um em cada pa\u00eds \u2014 formam um <strong>tri\u00e2ngulo equil\u00e1tero<\/strong> que demarca os limites territoriais e a soberania das tr\u00eas na\u00e7\u00f5es. Todos os pontos s\u00e3o abertos a visita\u00e7\u00e3o.<\/p>\n<p class=\"my-2 [&amp;+p]:mt-4 [&amp;_strong:has(+br)]:inline-block [&amp;_strong:has(+br)]:pb-2\">O <strong>Marco brasileiro<\/strong> possui infraestrutura tur\u00edstica com loja de artesanatos, playground, lanchonete, estacionamento, mirante de observa\u00e7\u00e3o e um espa\u00e7o cultural que frequentemente recebe apresenta\u00e7\u00f5es art\u00edsticas e eventos culturais.<\/p>\n<hr class=\"bg-subtle h-px border-0\" \/>\n<h2 id=\"\" class=\"mb-2 mt-4 font-display font-semimedium text-base first:mt-0 md:text-lg [hr+&amp;]:mt-4\"><strong>Como Chegar a Foz do Igua\u00e7u<\/strong><\/h2>\n<h2 class=\"mb-2 mt-4 font-display font-semimedium text-base first:mt-0\">\u2708\ufe0f <strong>Aeroporto Internacional de Foz do Igua\u00e7u\/Cataratas<\/strong><\/h2>\n<ul class=\"marker:text-quiet list-disc\">\n<li class=\"py-0 my-0 prose-p:pt-0 prose-p:mb-2 prose-p:my-0 [&amp;&gt;p]:pt-0 [&amp;&gt;p]:mb-2 [&amp;&gt;p]:my-0\">\n<p class=\"my-2 [&amp;+p]:mt-4 [&amp;_strong:has(+br)]:inline-block [&amp;_strong:has(+br)]:pb-2\"><strong>Endere\u00e7o:<\/strong> Rodovia das Cataratas, Km 16,5<\/p>\n<\/li>\n<li class=\"py-0 my-0 prose-p:pt-0 prose-p:mb-2 prose-p:my-0 [&amp;&gt;p]:pt-0 [&amp;&gt;p]:mb-2 [&amp;&gt;p]:my-0\">\n<p class=\"my-2 [&amp;+p]:mt-4 [&amp;_strong:has(+br)]:inline-block [&amp;_strong:has(+br)]:pb-2\"><strong>Contato:<\/strong> (45) 3521-4200<\/p>\n<\/li>\n<li class=\"py-0 my-0 prose-p:pt-0 prose-p:mb-2 prose-p:my-0 [&amp;&gt;p]:pt-0 [&amp;&gt;p]:mb-2 [&amp;&gt;p]:my-0\">\n<p class=\"my-2 [&amp;+p]:mt-4 [&amp;_strong:has(+br)]:inline-block [&amp;_strong:has(+br)]:pb-2\"><strong>Site:<\/strong> <a class=\"reset interactable cursor-pointer decoration-1 underline-offset-1 text-super hover:underline font-semibold\" href=\"http:\/\/www.infraero.gov.br\/\" target=\"_blank\" rel=\"nofollow noopener\"><span class=\"text-box-trim-both\">www.infraero.gov.br<\/span><\/a><\/p>\n<\/li>\n<li class=\"py-0 my-0 prose-p:pt-0 prose-p:mb-2 prose-p:my-0 [&amp;&gt;p]:pt-0 [&amp;&gt;p]:mb-2 [&amp;&gt;p]:my-0\">\n<p class=\"my-2 [&amp;+p]:mt-4 [&amp;_strong:has(+br)]:inline-block [&amp;_strong:has(+br)]:pb-2\"><strong>E-mail:<\/strong> <a class=\"reset interactable cursor-pointer decoration-1 underline-offset-1 text-super hover:underline font-semibold\" href=\"mailto:agauto@infraero.gov.br\" target=\"_blank\" rel=\"nofollow noopener\"><span class=\"text-box-trim-both\">agauto@infraero.gov.br<\/span><\/a><\/p>\n<\/li>\n<\/ul>\n<p class=\"my-2 [&amp;+p]:mt-4 [&amp;_strong:has(+br)]:inline-block [&amp;_strong:has(+br)]:pb-2\"><strong>Aeroporto internacional<\/strong> com voos regulares para as principais capitais brasileiras (S\u00e3o Paulo, Rio de Janeiro, Bras\u00edlia, Curitiba, Porto Alegre) e conex\u00f5es internacionais para Buenos Aires, Assun\u00e7\u00e3o e outros destinos sul-americanos.<\/p>\n<hr class=\"bg-subtle h-px border-0\" \/>\n<h2 class=\"mb-2 mt-4 font-display font-semimedium text-base first:mt-0\">\ud83d\ude8c <strong>Rodovi\u00e1ria Internacional de Foz do Igua\u00e7u<\/strong><\/h2>\n<ul class=\"marker:text-quiet list-disc\">\n<li class=\"py-0 my-0 prose-p:pt-0 prose-p:mb-2 prose-p:my-0 [&amp;&gt;p]:pt-0 [&amp;&gt;p]:mb-2 [&amp;&gt;p]:my-0\">\n<p class=\"my-2 [&amp;+p]:mt-4 [&amp;_strong:has(+br)]:inline-block [&amp;_strong:has(+br)]:pb-2\"><strong>Endere\u00e7o:<\/strong> Av. Costa e Silva, 1.601 \u2013 Parque Presidente<\/p>\n<\/li>\n<li class=\"py-0 my-0 prose-p:pt-0 prose-p:mb-2 prose-p:my-0 [&amp;&gt;p]:pt-0 [&amp;&gt;p]:mb-2 [&amp;&gt;p]:my-0\">\n<p class=\"my-2 [&amp;+p]:mt-4 [&amp;_strong:has(+br)]:inline-block [&amp;_strong:has(+br)]:pb-2\"><strong>Contato:<\/strong> (45) 3526-2082<\/p>\n<\/li>\n<li class=\"py-0 my-0 prose-p:pt-0 prose-p:mb-2 prose-p:my-0 [&amp;&gt;p]:pt-0 [&amp;&gt;p]:mb-2 [&amp;&gt;p]:my-0\">\n<p class=\"my-2 [&amp;+p]:mt-4 [&amp;_strong:has(+br)]:inline-block [&amp;_strong:has(+br)]:pb-2\"><strong>Site:<\/strong> <a class=\"reset interactable cursor-pointer decoration-1 underline-offset-1 text-super hover:underline font-semibold\" href=\"http:\/\/www.foztrans.pr.gov.br\/\" target=\"_blank\" rel=\"nofollow noopener\"><span class=\"text-box-trim-both\">www.foztrans.pr.gov.br<\/span><\/a><\/p>\n<\/li>\n<li class=\"py-0 my-0 prose-p:pt-0 prose-p:mb-2 prose-p:my-0 [&amp;&gt;p]:pt-0 [&amp;&gt;p]:mb-2 [&amp;&gt;p]:my-0\">\n<p class=\"my-2 [&amp;+p]:mt-4 [&amp;_strong:has(+br)]:inline-block [&amp;_strong:has(+br)]:pb-2\"><strong>E-mail:<\/strong> <a class=\"reset interactable cursor-pointer decoration-1 underline-offset-1 text-super hover:underline font-semibold\" href=\"mailto:foztrans.rodoviaria@hotmail.com\" target=\"_blank\" rel=\"nofollow noopener\"><span class=\"text-box-trim-both\">foztrans.rodoviaria@hotmail.com<\/span><\/a><\/p>\n<\/li>\n<\/ul>\n<p class=\"my-2 [&amp;+p]:mt-4 [&amp;_strong:has(+br)]:inline-block [&amp;_strong:has(+br)]:pb-2\">Conex\u00f5es rodovi\u00e1rias com diversas cidades brasileiras e linhas internacionais para <strong>Ciudad del Este (Paraguai)<\/strong> e <strong>Puerto Iguaz\u00fa (Argentina)<\/strong>.<\/p>\n<hr class=\"bg-subtle h-px border-0\" \/>\n<h2 class=\"mb-2 mt-4 font-display font-semimedium text-base first:mt-0\">\ud83d\ude8d <strong>Terminal de Transporte Urbano Pedro Ant\u00f4nio de Nadai<\/strong><\/h2>\n<ul class=\"marker:text-quiet list-disc\">\n<li class=\"py-0 my-0 prose-p:pt-0 prose-p:mb-2 prose-p:my-0 [&amp;&gt;p]:pt-0 [&amp;&gt;p]:mb-2 [&amp;&gt;p]:my-0\">\n<p class=\"my-2 [&amp;+p]:mt-4 [&amp;_strong:has(+br)]:inline-block [&amp;_strong:has(+br)]:pb-2\"><strong>Endere\u00e7o:<\/strong> Av. Juscelino Kubitschek, 1.385<\/p>\n<\/li>\n<li class=\"py-0 my-0 prose-p:pt-0 prose-p:mb-2 prose-p:my-0 [&amp;&gt;p]:pt-0 [&amp;&gt;p]:mb-2 [&amp;&gt;p]:my-0\">\n<p class=\"my-2 [&amp;+p]:mt-4 [&amp;_strong:has(+br)]:inline-block [&amp;_strong:has(+br)]:pb-2\"><strong>Contato:<\/strong> (45) 2105-9614<\/p>\n<\/li>\n<li class=\"py-0 my-0 prose-p:pt-0 prose-p:mb-2 prose-p:my-0 [&amp;&gt;p]:pt-0 [&amp;&gt;p]:mb-2 [&amp;&gt;p]:my-0\">\n<p class=\"my-2 [&amp;+p]:mt-4 [&amp;_strong:has(+br)]:inline-block [&amp;_strong:has(+br)]:pb-2\"><strong>Site:<\/strong> <a class=\"reset interactable cursor-pointer decoration-1 underline-offset-1 text-super hover:underline font-semibold\" href=\"http:\/\/www.foztrans.pr.gov.br\/\" target=\"_blank\" rel=\"nofollow noopener\"><span class=\"text-box-trim-both\">www.foztrans.pr.gov.br<\/span><\/a><\/p>\n<\/li>\n<\/ul>\n<p class=\"my-2 [&amp;+p]:mt-4 [&amp;_strong:has(+br)]:inline-block [&amp;_strong:has(+br)]:pb-2\">Sistema de transporte p\u00fablico urbano que conecta toda a cidade, incluindo acesso \u00e0s universidades (UNILA e UNIOESTE) e principais pontos tur\u00edsticos.<\/p>\n<hr class=\"bg-subtle h-px border-0\" \/>\n<h2 id=\"\" class=\"mb-2 mt-4 font-display font-semimedium text-base first:mt-0 md:text-lg [hr+&amp;]:mt-4\"><strong>Foz do Igua\u00e7u: Territ\u00f3rio de Encontros, Di\u00e1logos e Epistemologias do Sul<\/strong><\/h2>\n<p class=\"my-2 [&amp;+p]:mt-4 [&amp;_strong:has(+br)]:inline-block [&amp;_strong:has(+br)]:pb-2\">Ao sediar o <strong>V SEMLACult 2026<\/strong> em Foz do Igua\u00e7u, celebramos n\u00e3o apenas a beleza natural e a infraestrutura tur\u00edstica da cidade, mas sobretudo <strong>seu significado simb\u00f3lico e pol\u00edtico como territ\u00f3rio fronteiri\u00e7o, intercultural e latino-americano<\/strong>.<\/p>\n<p class=\"my-2 [&amp;+p]:mt-4 [&amp;_strong:has(+br)]:inline-block [&amp;_strong:has(+br)]:pb-2\">Aqui, as fronteiras n\u00e3o s\u00e3o apenas linhas geogr\u00e1ficas \u2014 s\u00e3o espa\u00e7os vivos de encontro, tens\u00e3o, coopera\u00e7\u00e3o, resist\u00eancia e cria\u00e7\u00e3o. S\u00e3o territ\u00f3rios onde as epistemologias do Sul se fazem pr\u00e1xis cotidiana: no multilinguismo das ruas, nas trocas comerciais e culturais, nas universidades binacionais, nas comunidades ind\u00edgenas guaranis, nas migra\u00e7\u00f5es \u00e1rabes e asi\u00e1ticas, nas resist\u00eancias camponesas.<\/p>\n<p class=\"my-2 [&amp;+p]:mt-4 [&amp;_strong:has(+br)]:inline-block [&amp;_strong:has(+br)]:pb-2\"><strong>Venha conhecer Foz do Igua\u00e7u. Venha semear epistemologias do Sul na Tr\u00edplice Fronteira.<\/strong><\/p>\n<hr class=\"bg-subtle h-px border-0\" \/>\n<p class=\"my-2 [&amp;+p]:mt-4 [&amp;_strong:has(+br)]:inline-block [&amp;_strong:has(+br)]:pb-2\"><strong>Fonte:<\/strong> Prefeitura Municipal de Foz do Igua\u00e7u | Adaptado para o V SEMLACult 2026<\/p>\n<hr class=\"bg-subtle h-px border-0\" \/>\n<\/div>\n","protected":false},"excerpt":{"rendered":"<p>Localizada no extremo oeste do Paran\u00e1, Foz do Igua\u00e7u \u00e9 uma cidade trinacional estrat\u00e9gica que se encontra na conflu\u00eancia de&hellip; <\/p>\n","protected":false},"author":6,"featured_media":0,"parent":419,"menu_order":0,"comment_status":"closed","ping_status":"closed","template":"","meta":{"_monsterinsights_skip_tracking":false,"_monsterinsights_sitenote_active":false,"_monsterinsights_sitenote_note":"","_monsterinsights_sitenote_category":0,"footnotes":""},"class_list":["post-482","page","type-page","status-publish","hentry"],"_links":{"self":[{"href":"https:\/\/claec.org\/semlacult\/wp-json\/wp\/v2\/pages\/482","targetHints":{"allow":["GET"]}}],"collection":[{"href":"https:\/\/claec.org\/semlacult\/wp-json\/wp\/v2\/pages"}],"about":[{"href":"https:\/\/claec.org\/semlacult\/wp-json\/wp\/v2\/types\/page"}],"author":[{"embeddable":true,"href":"https:\/\/claec.org\/semlacult\/wp-json\/wp\/v2\/users\/6"}],"replies":[{"embeddable":true,"href":"https:\/\/claec.org\/semlacult\/wp-json\/wp\/v2\/comments?post=482"}],"version-history":[{"count":9,"href":"https:\/\/claec.org\/semlacult\/wp-json\/wp\/v2\/pages\/482\/revisions"}],"predecessor-version":[{"id":2062,"href":"https:\/\/claec.org\/semlacult\/wp-json\/wp\/v2\/pages\/482\/revisions\/2062"}],"up":[{"embeddable":true,"href":"https:\/\/claec.org\/semlacult\/wp-json\/wp\/v2\/pages\/419"}],"wp:attachment":[{"href":"https:\/\/claec.org\/semlacult\/wp-json\/wp\/v2\/media?parent=482"}],"curies":[{"name":"wp","href":"https:\/\/api.w.org\/{rel}","templated":true}]}}