{"id":476,"date":"2017-02-15T17:28:36","date_gmt":"2017-02-15T19:28:36","guid":{"rendered":"http:\/\/claec.org\/semlacult\/?page_id=476"},"modified":"2019-05-03T19:43:39","modified_gmt":"2019-05-03T22:43:39","slug":"chamadas-publicas","status":"publish","type":"page","link":"https:\/\/claec.org\/semlacult\/chamadas-publicas\/","title":{"rendered":"Chamadas P\u00fablicas"},"content":{"rendered":"<h6><strong>QUARTA CHAMADA &#8211;\u00a0PROPOSI\u00c7\u00c3O DE MESAS REDONDAS<\/strong><\/h6>\n<blockquote>\n<p style=\"text-align: justify;\">O CLAEC &#8211; Centro Latino-Americano de Estudos em Cultura em parceria com UNILA &#8211; Universidade Federal da Integra\u00e7\u00e3o Latino-Americana, torna p\u00fablica a chamada, com o objetivo de selecionar\u00a0 propostas de mesas redondas para comporem a programa\u00e7\u00e3o do II Semin\u00e1rio Latino-Americano de Estudos em Cultura (SEMLACult).<\/p>\n<\/blockquote>\n<p style=\"text-align: justify;\"><a href=\"https:\/\/claec.org\/semlacult\/wp-content\/uploads\/sites\/7\/2017\/02\/Edital-n\u00ba03-2018-Mesas-Redondas.pdf\" target=\"_blank\" rel=\"noopener\"><strong>EDITAL N\u00ba 03\/2018<\/strong><\/a><\/p>\n<p><strong>Cronograma:<\/strong><\/p>\n<p><strong>Per\u00edodo para Submiss\u00e3o de Propostas: 27\/03 a 31\/05<\/strong><\/p>\n<p><strong>Resultado: 11\/06<\/strong><\/p>\n<hr \/>\n<h6>\u00a0<strong>Terceira\u00a0CHAMADA &#8211;\u00a0SUBMISS\u00c3O DE TRABALHOS<\/strong><\/h6>\n<blockquote>\n<p style=\"text-align: justify;\">O CLAEC &#8211; Centro Latino-Americano de Estudos em Cultura em parceria com UNILA &#8211; Universidade Federal da Integra\u00e7\u00e3o Latino-Americana, torna p\u00fablica a chamada, convidando pesquisadores, professores, alunos e demais interessados, a proporem resumos expandidos e relatos de experi\u00eancias aos simp\u00f3sios tem\u00e1ticos, que poder\u00e3o compor a programa\u00e7\u00e3o do II Semin\u00e1rio Latino-Americano de Estudos em Cultura (SEMLACult).<\/p>\n<\/blockquote>\n<p><a href=\"https:\/\/claec.org\/semlacult\/wp-content\/uploads\/sites\/7\/2019\/05\/Resultado-Final-Trabalhos-Destaques.pdf\"><strong>RESULTADO &#8211; TRABALHOS DESTAQUES<\/strong><\/a><\/p>\n<p style=\"text-align: justify;\"><a href=\"https:\/\/goo.gl\/osaKxE\" target=\"_blank\" rel=\"noopener\"><strong>RESULTADO &#8211; PROGRAMA\u00c7\u00c3O FINAL COM AS DATAS DAS APRESENTA\u00c7\u00d5ES<\/strong><\/a><\/p>\n<p style=\"text-align: justify;\"><strong>RESULTADO &#8211; AS CARTAS DE ACEITE J\u00c1 FORAM EMITIDAS E ENVIADAS AOS E-MAILS CADASTRADOS<\/strong><\/p>\n<p style=\"text-align: justify;\"><a href=\"https:\/\/claec.org\/semlacult\/inscricoes\/comunidadores\/\" target=\"_blank\" rel=\"noopener\"><strong>INSTRU\u00c7\u00d5ES PARA SUBMISS\u00c3O<\/strong><\/a><\/p>\n<p><strong>Cronograma:<\/strong><\/p>\n<p><strong>Per\u00edodo para Pagamento das Inscri\u00e7\u00f5es: 12\/03 a 18\/05<\/strong><\/p>\n<p><strong>Per\u00edodo para Submiss\u00e3o de Trabalhos: 12\/03 a 21\/05<\/strong><\/p>\n<p><strong>Resultado (Aprovado e aprovado com modifica\u00e7\u00f5es): 23\/07<\/strong><\/p>\n<hr \/>\n<h6><strong>Segunda Chamada &#8211; Programa de Monitoria de Eventos &#8211; ProME<\/strong><\/h6>\n<blockquote>\n<p style=\"text-align: justify;\">O CLAEC &#8211; Centro Latino-Americano de Estudos em Cultura em parceria com UNILA &#8211; Universidade Federal da Integra\u00e7\u00e3o Latino-Americana, torna p\u00fablica a chamada, com o objetivo de selecionar colaboradores volunt\u00e1rios para atuar como apoio operacional no Programa de Monitoria de Eventos (ProME) durante o II Semin\u00e1rio Latino-Americano de Estudos em Cultura (SEMLACult).<\/p>\n<\/blockquote>\n<p style=\"text-align: justify;\"><strong><a href=\"https:\/\/claec.org\/semlacult\/wp-content\/uploads\/sites\/7\/2018\/09\/Edital-n\u00ba02-2018-Resultado-ProME.pdf\" target=\"_blank\" rel=\"noopener\">RESULTADO FINAL<\/a><\/strong><\/p>\n<p style=\"text-align: justify;\"><a href=\"https:\/\/claec.org\/semlacult\/wp-content\/uploads\/sites\/7\/2017\/02\/Edital-n\u00ba02-2018-ProME-1.pdf\" target=\"_blank\" rel=\"noopener\"><strong>EDITAL N\u00ba 02\/2018<\/strong><\/a><\/p>\n<p><strong>Cronograma:<\/strong><\/p>\n<p><strong>Per\u00edodo para inscri\u00e7\u00e3o: 12\/03 a 19\/08<\/strong><\/p>\n<p><strong>Resultado: 08\/2018<\/strong><\/p>\n<hr \/>\n<h6><strong>Primeira Chamada &#8211; Proposi\u00e7\u00e3o de Minicursos, oficinas, Lan\u00e7amentos de Livros e Atividades Culturais<\/strong><\/h6>\n<blockquote>\n<p style=\"text-align: justify;\">O CLAEC &#8211; Centro Latino-Americano de Estudos em Cultura em parceria com a UNILA &#8211; Universidade Federal da Integra\u00e7\u00e3o Latino-Americana, torna p\u00fablica a chamada, com o objetivo de selecionar propostas de minicursos, oficinas, lan\u00e7amentos de livros e atividades culturais, para comporem a programa\u00e7\u00e3o do II Semin\u00e1rio Latino-Americano de Estudos em Cultura (SEMLACult).<\/p>\n<\/blockquote>\n<p style=\"text-align: justify;\"><a href=\"https:\/\/claec.org\/semlacult\/wp-content\/uploads\/sites\/7\/2017\/02\/Edital-n\u00ba01-2018-Resultado-Lan\u00e7amentos-de-Livros-e-Atividades-Culturais.pdf\" target=\"_blank\" rel=\"noopener\"><strong>RESULTADO &#8211; LAN\u00c7AMENTOS DE LIVROS E ATIVIDADES CULTURAIS<\/strong><\/a><\/p>\n<p style=\"text-align: justify;\"><a href=\"https:\/\/claec.org\/semlacult\/wp-content\/uploads\/sites\/7\/2017\/02\/Edital-n\u00ba01-2018-Resultado-Minicursos-e-Oficinas.pdf\" target=\"_blank\" rel=\"noopener\"><strong>RESULTADO &#8211; OFICINAS E MINICURSOS<\/strong><\/a><\/p>\n<p style=\"text-align: justify;\"><a href=\"https:\/\/claec.org\/semlacult\/wp-content\/uploads\/sites\/7\/2017\/02\/Edital-n\u00ba01-2018-Minicursos-e-Atividades-Culturais.pdf\" target=\"_blank\" rel=\"noopener\"><strong>EDITAL N\u00ba 01\/2018<\/strong><\/a><\/p>\n<p><strong>Cronograma:<\/strong><\/p>\n<p><strong>Per\u00edodo para Submiss\u00e3o de Propostas: 12\/03 a 31\/05<\/strong><\/p>\n<p><strong>Resultado: 13\/08<\/strong><\/p>\n","protected":false},"excerpt":{"rendered":"<p>QUARTA CHAMADA &#8211;\u00a0PROPOSI\u00c7\u00c3O DE MESAS REDONDAS O CLAEC &#8211; Centro Latino-Americano de Estudos em Cultura em parceria com UNILA &#8211;&hellip; <\/p>\n","protected":false},"author":6,"featured_media":0,"parent":0,"menu_order":0,"comment_status":"closed","ping_status":"closed","template":"","meta":{"_monsterinsights_skip_tracking":false,"_monsterinsights_sitenote_active":false,"_monsterinsights_sitenote_note":"","_monsterinsights_sitenote_category":0,"footnotes":""},"class_list":["post-476","page","type-page","status-publish","hentry"],"_links":{"self":[{"href":"https:\/\/claec.org\/semlacult\/wp-json\/wp\/v2\/pages\/476","targetHints":{"allow":["GET"]}}],"collection":[{"href":"https:\/\/claec.org\/semlacult\/wp-json\/wp\/v2\/pages"}],"about":[{"href":"https:\/\/claec.org\/semlacult\/wp-json\/wp\/v2\/types\/page"}],"author":[{"embeddable":true,"href":"https:\/\/claec.org\/semlacult\/wp-json\/wp\/v2\/users\/6"}],"replies":[{"embeddable":true,"href":"https:\/\/claec.org\/semlacult\/wp-json\/wp\/v2\/comments?post=476"}],"version-history":[{"count":38,"href":"https:\/\/claec.org\/semlacult\/wp-json\/wp\/v2\/pages\/476\/revisions"}],"predecessor-version":[{"id":1532,"href":"https:\/\/claec.org\/semlacult\/wp-json\/wp\/v2\/pages\/476\/revisions\/1532"}],"wp:attachment":[{"href":"https:\/\/claec.org\/semlacult\/wp-json\/wp\/v2\/media?parent=476"}],"curies":[{"name":"wp","href":"https:\/\/api.w.org\/{rel}","templated":true}]}}