{"id":456,"date":"2017-02-15T17:25:05","date_gmt":"2017-02-15T19:25:05","guid":{"rendered":"http:\/\/claec.org\/semlacult\/?page_id=456"},"modified":"2025-11-06T14:45:53","modified_gmt":"2025-11-06T17:45:53","slug":"mesas-redondas","status":"publish","type":"page","link":"https:\/\/claec.org\/semlacult\/2017-2\/mesas-redondas\/","title":{"rendered":"Mesas Redondas 2017"},"content":{"rendered":"<h5>MESA 1 &#8211; COSMOPOL\u00cdTICAS IND\u00cdGENAS, TERRITORIALIDADES E (DE)COLONIALIDADE<\/h5>\n<p><strong>29\/03 \u00e0s 13:00<\/strong><\/p>\n<p><a href=\"https:\/\/claec.org\/semlacult\/wp-content\/uploads\/sites\/7\/2017\/02\/Mesa-01.jpg\"><img fetchpriority=\"high\" decoding=\"async\" class=\"alignnone wp-image-841 size-large\" src=\"https:\/\/claec.org\/semlacult\/wp-content\/uploads\/sites\/7\/2017\/02\/Mesa-01-1024x724.jpg\" alt=\"Mesa-01\" width=\"790\" height=\"559\" srcset=\"https:\/\/claec.org\/semlacult\/wp-content\/uploads\/sites\/7\/2017\/02\/Mesa-01-1024x724.jpg 1024w, https:\/\/claec.org\/semlacult\/wp-content\/uploads\/sites\/7\/2017\/02\/Mesa-01-300x212.jpg 300w, https:\/\/claec.org\/semlacult\/wp-content\/uploads\/sites\/7\/2017\/02\/Mesa-01-768x543.jpg 768w, https:\/\/claec.org\/semlacult\/wp-content\/uploads\/sites\/7\/2017\/02\/Mesa-01.jpg 1654w\" sizes=\"(max-width: 790px) 100vw, 790px\" \/><\/a><\/p>\n<p style=\"text-align: justify;\"><strong>EMENTA:<\/strong><\/p>\n<p style=\"text-align: justify;\">A mesa pretende abordar as articula\u00e7\u00f5es entre territorialidades e pol\u00edticas ind\u00edgenas. Busca-se, ampliar o campo pol\u00edtico \u00e0 ag\u00eancialidade de seres que pertencem a mundos invis\u00edveis para visualizarmos seus impactos no espa\u00e7o-tempo atual. Os diversos conhecimentos dos s\u00e1bios e lideran\u00e7as ind\u00edgenas comp\u00f5em cosmopol\u00edticas que, muitas vezes, escapam \u00e0s l\u00f3gicas do mundo moderno\/colonial\/capitalista e que entram em conflito com as din\u00e2micas de domina\u00e7\u00e3o e explora\u00e7\u00e3o pr\u00f3prias da colonialidade do poder. \u00c9 neste sentido que esta mesa pretende abrir espa\u00e7os para pensar os saberes e pr\u00e1ticas ind\u00edgenas como uma possibilidade, e uma necessidade, decolonial.<\/p>\n<p><strong>COMPONENTES:<\/strong><\/p>\n<h5><strong>AILTON KRENAK (LIDERAN\u00c7A KRENAK)<\/strong><\/h5>\n<blockquote>\n<p style=\"text-align: justify;\">Lideran\u00e7a pol\u00edtica e intelectual Krenak. Lutou desde os anos \u00b470 em prol dos direitos ind\u00edgenas, foi o criador de iniciativas como a\u00a0<em>Uni\u00e3o das Na\u00e7\u00f5es Ind\u00edgenas<\/em>\u00a0e a\u00a0<em>Alian\u00e7a dos Povos da Floresta<\/em>. \u00c9 autor do livro\u00a0<em>Encontros: Ailton Krenak<\/em>\u00a0organizado por Sergio Cohn. Palestrante e professor convidado em diversas universidades do mundo, \u00e9 Doutor Honoris Causa pela Universidade Federal de Juiz de Fora. As suas reflex\u00f5es, sempre provocativas, nos convidam a repensar as rela\u00e7\u00f5es entre a sociedade brasileira e os povos ind\u00edgenas desde uma perspectiva decolonial.<\/p>\n<\/blockquote>\n<h5><strong>IRACEMA GA RA (LIDEN\u00c7A KAINGANG)<\/strong><\/h5>\n<blockquote>\n<p style=\"text-align: justify;\"><em>Kuj\u00e1<\/em>\u00a0(xam\u00e3), parteira e lideran\u00e7a Kaingang. Nasceu na terra ind\u00edgena de Nonoai onde morou at\u00e9 os 14 anos, ainda jovem, realizou por 10 anos, com seu pai, a luta ao lado dos Kaingang de Mangueirinha (PR) para a retomada das suas terras. Chegou a Porto Alegre nos fins dos anos \u00b480 onde se dedica hoje ao fortalecimento das diversas lutas Kaingang, d\u00e1 aulas para os\u00a0<em>f\u00f3g<\/em>\u00a0(brancos) na Universidade Federal do Rio Grande do Sul e cuida do bem estar social e emocional dos seus parentes.<\/p>\n<\/blockquote>\n<h5><strong>CL\u00c9MENTINE MAR\u00c9CHAL (UFRGS)<\/strong><\/h5>\n<blockquote>\n<p style=\"text-align: justify;\">Nascida na Fran\u00e7a \u00e9 Graduada em Etnologia (Universit\u00e9 Paris X Nanterre), Mestre em Antropologia Social (Universidade Federal do Rio Grande do Sul) e doutoranda em Antropologia Social (Universidade Federal do Rio Grande do Sul). Pesquisadora associada ao N\u00facleo de Antropologia das Sociedades Ind\u00edgenas e Tradicionais (NIT-UFRGS). Tem desenvolvido pesquisas etnogr\u00e1ficas com coletivos de refugiados pol\u00edticos tibetanos no N\u00e9pal, com cooperativistas de mineiros na regi\u00e3o do Norte Potos\u00ed na Bolivia e entre os Kaingang na regi\u00e3o sul do Brasil. \u00c9 autora do livro\u00a0<em>Sonhar, curar, lutar: xamanismo e cosmopolitica Kaingang no Rio Grande do Sul.<\/em><\/p>\n<\/blockquote>\n<h5><strong>PABLO QUINTERO (UNILA)<\/strong><\/h5>\n<blockquote>\n<p style=\"text-align: justify;\">Nascido na Venezuela \u00e9 Graduado em Antropologia (Universidad Central de Venezuela), Mestre em Ci\u00eancias Sociais (Facultad Latinoamericana de Ciencias Sociales) e Doutor em Antropologia (Universidad de Buenos Aires) com P\u00f3s-Doutorado em antropologia (Universidade Federal do Rio Grande do Sul). Professor do curso de Antropologia na UNILA. Foi professor de gradua\u00e7\u00e3o e p\u00f3s-gradua\u00e7\u00e3o da UBA e professor visitante em v\u00e1rias universidades da Am\u00e9rica Latina e Europa. Tem desenvolvido pesquisas com povos ind\u00edgenas na Venezuela, Argentina, Bolivia e Brasil. Seu ultimo livro\u00a0\u00e9\u00a0<em>Antropolog\u00eda del desarrollo: perspectivas latinoamericanas.<\/em><\/p>\n<\/blockquote>\n<h5 style=\"text-align: justify;\">MESA 2 &#8211; CULTURA, COMUNICA\u00c7\u00c3O E SEMI\u00d3TICA NA AM\u00c9RICA LATINA<\/h5>\n<p style=\"text-align: justify;\"><strong>29\/03 \u00e0s 13:00<\/strong><\/p>\n<p style=\"text-align: justify;\"><a href=\"https:\/\/claec.org\/semlacult\/wp-content\/uploads\/sites\/7\/2017\/02\/Mesa-2.jpg\"><img decoding=\"async\" class=\"alignnone wp-image-825 size-large\" src=\"https:\/\/claec.org\/semlacult\/wp-content\/uploads\/sites\/7\/2017\/02\/Mesa-2-1024x724.jpg\" alt=\"Mesa-2\" width=\"790\" height=\"559\" srcset=\"https:\/\/claec.org\/semlacult\/wp-content\/uploads\/sites\/7\/2017\/02\/Mesa-2-1024x724.jpg 1024w, https:\/\/claec.org\/semlacult\/wp-content\/uploads\/sites\/7\/2017\/02\/Mesa-2-300x212.jpg 300w, https:\/\/claec.org\/semlacult\/wp-content\/uploads\/sites\/7\/2017\/02\/Mesa-2-768x543.jpg 768w, https:\/\/claec.org\/semlacult\/wp-content\/uploads\/sites\/7\/2017\/02\/Mesa-2.jpg 1654w\" sizes=\"(max-width: 790px) 100vw, 790px\" \/><\/a><\/p>\n<p style=\"text-align: justify;\"><strong>COMPONENTES:<\/strong><\/p>\n<h5 style=\"text-align: justify;\"><strong><a href=\"http:\/\/lattes.cnpq.br\/4937833975814371\" target=\"_blank\">JOS\u00c9 SERAFIM BERTOLOTO<\/a><\/strong><\/h5>\n<blockquote>\n<p style=\"text-align: justify;\">Membro da Associa\u00e7\u00e3o Brasileira de Cr\u00edticos de Arte ABCA. Possui gradua\u00e7\u00e3o em Licenciatura e Bacharel em Hist\u00f3ria pela Universidade Federal de Mato Grosso (1985), gradua\u00e7\u00e3o em Tecn\u00f3logo em Bovinocultura pela Universidade Federal de Mato Grosso (1980), mestrado em Artes pela Universidade de S\u00e3o Paulo (1992), especializa\u00e7\u00e3o em Museu de Arte pelo MAC-USP (1998) e doutorado em Comunica\u00e7\u00e3o e Semi\u00f3tica pela Pontif\u00edcia Universidade Cat\u00f3lica de S\u00e3o Paulo (2003). \u00c9 professor titular da Universidade de Cuiab\u00e1 e pesquisador, curador e Ex-diretor do Museu de Arte e de Cultura Popular da Universidade Federal de Mato Grosso. Professor Orientador no programa de Mestrado em Estudo de Cultura Contempor\u00e2nea ECCO\/UFMT. Artista Pl\u00e1stico com vasta experi\u00eancia na \u00e1rea de Artes, com \u00eanfase em teoria e cr\u00edtica, atuando principalmente nos seguintes temas: artes visuais, cultura popular, patrim\u00f4nio art\u00edstico cultural, semi\u00f3tica da arte e do design em Mato Grosso.<\/p>\n<\/blockquote>\n<h5 style=\"text-align: justify;\"><strong><a href=\"http:\/\/buscadores.anii.org.uy\/buscador_sni\/exportador\/ExportarPdf?hash=f200b2b03e4eb87ac241625c9794aaf4\" target=\"_blank\">ROSARIO RADAKOVICH<\/a>\u00a0(URUGUAI)<\/strong><\/h5>\n<blockquote>\n<p style=\"text-align: justify;\">Doutora pelo Instituto de Filosofia e Ci\u00eancias Humanas da Universidade Estadual de Campinas (UNICAMP), Especializa\u00e7\u00e3o em Comunica\u00e7\u00e3o Audiovisual e Publicidade pela Universidade Aut\u00f4noma de Barcelona, Especializa\u00e7\u00e3o em Estudos Internacionais e Gradua\u00e7\u00e3o em Licenciatura em Sociologia pela Faculdade de Ci\u00eancias Sociais da Universidad de la Rep\u00fablica \u2013 UDeLaR, Uruguai.\u00a0Investigadora N\u00edvel I- ANII,\u00a0PRODIC \u2013 FIC \u2013 UDELAR,\u00a0\u00a0Programa de Desenvolvimento da Informa\u00e7\u00e3o e Comunica\u00e7\u00e3o,\u00a0Faculdade de Informa\u00e7\u00e3o e Comunica\u00e7\u00e3o,\u00a0Universidad de la Rep\u00fablica.<\/p>\n<\/blockquote>\n<h5 style=\"text-align: justify;\"><strong>SANDRA CATALINA VALDETTARO (ARGENTINA)<\/strong><\/h5>\n<blockquote>\n<p style=\"text-align: justify;\">Graduada em Comunica\u00e7\u00e3o pela Universidad Nacional de Ros\u00e1rio \u2013 UNR\/Argentina, Mestre em Ci\u00eancias Sociais pela Facultad Latinoamericana de Ciencias Sociales \u2013 FLACSO\/Argentina, Doutorado em Comunica\u00e7\u00e3o pela Universidad Nacional do Rosario. Professora e investigadora na Universidad Nacional de Ros\u00e1rio e tamb\u00e9m \u00e9 Diretora do mestrado em Estudos Culturais, atua com pesquisa nas \u00e1reas de comunica\u00e7\u00e3o, estudos culturais e semi\u00f3tica.<\/p>\n<\/blockquote>\n<h5 style=\"text-align: justify;\">MESA 3 &#8211; TERRIT\u00d3RIOS CULTURAIS, PENSAMENTO E ARTE<\/h5>\n<p><strong>29\/06 \u00e0s 19:00<\/strong><\/p>\n<p><a href=\"https:\/\/claec.org\/semlacult\/wp-content\/uploads\/sites\/7\/2017\/02\/Mesa-03.jpg\"><img decoding=\"async\" class=\"alignnone wp-image-831 size-large\" src=\"https:\/\/claec.org\/semlacult\/wp-content\/uploads\/sites\/7\/2017\/02\/Mesa-03-1024x724.jpg\" alt=\"Mesa-03\" width=\"790\" height=\"559\" srcset=\"https:\/\/claec.org\/semlacult\/wp-content\/uploads\/sites\/7\/2017\/02\/Mesa-03-1024x724.jpg 1024w, https:\/\/claec.org\/semlacult\/wp-content\/uploads\/sites\/7\/2017\/02\/Mesa-03-300x212.jpg 300w, https:\/\/claec.org\/semlacult\/wp-content\/uploads\/sites\/7\/2017\/02\/Mesa-03-768x543.jpg 768w, https:\/\/claec.org\/semlacult\/wp-content\/uploads\/sites\/7\/2017\/02\/Mesa-03.jpg 1654w\" sizes=\"(max-width: 790px) 100vw, 790px\" \/><\/a><\/p>\n<p><strong>Ementa:<\/strong><\/p>\n<p style=\"text-align: justify;\">A\u00e7\u00f5es de intera\u00e7\u00e3o cultural entre segmentos das sociedades latino-americanas sempre existiram\u00a0 e s\u00e3o fartamente registradas na hist\u00f3ria dos povos, mesmo ap\u00f3s a forma\u00e7\u00e3o dos Estados Nacionais. As fronteiras pol\u00edticas e as vis\u00f5es culturais hier\u00e1rquicas dificultam, mas n\u00e3o impedem que se criem verdadeiros territ\u00f3rios culturais, com particularidades muito semelhantes, entre diferentes localidades geogr\u00e1ficas, setores e segmentos sociais aparentemente distantes. Os intelectuais latino-americanos bem como seus artistas penetraram, cruzaram essas fronteiras em muitos momentos, construindo um processo de intera\u00e7\u00e3o cultural. Hoje, a forma\u00e7\u00e3o de redes de pesquisadores latino-americanistas reflete uma nova e contempor\u00e2nea maneira de entrecruzar experi\u00eancias culturais. De alcance regional, essas redes t\u00eam como finalidade estabelecer proximidades entre grupos de estudos institucionais para a\u00e7\u00f5es culturais conjuntas.<\/p>\n<p><strong>COMPONENTES:<\/strong><\/p>\n<h5>MARGARIDA NEPOMUCENO<\/h5>\n<blockquote>\n<div style=\"text-align: justify;\">T\u00edtulo: &#8220;<b>O papel do Estado brasileiro na constru\u00e7\u00e3o de pol\u00edticas culturais na Am\u00e9rica Latina&#8221;<\/b><\/div>\n<div style=\"text-align: justify;\">Jornalista, especialista em estudos de museus de arte e em Hist\u00f3ria da Arte Latino Americana. Mestre e Doutora pelo Programa de P\u00f3s Gradua\u00e7\u00e3o Integra\u00e7\u00e3o da Am\u00e9rica Latina( Prolam). Pesquisadora da Cesa- Sociedade Cient\u00edfica de Estudos da Arte\/Cultura- \u00a0na \u00e1rea de rela\u00e7\u00f5es culturais Brasil\/Am\u00e9rica Latina.<\/div>\n<\/blockquote>\n<h5>VIVIAN GRACE FERNAND\u00c9Z-D\u00c1VILA URQUIDI<\/h5>\n<blockquote>\n<div style=\"text-align: justify;\">T\u00edtulo:<b>\u00a0&#8220;Cultura latino-americana nos estudos brasileiros&#8221;<\/b><\/div>\n<div style=\"text-align: justify;\">Soci\u00f3loga, Mestre e Doutora pela Universidade de S\u00e3o Paulo com p\u00f3s-doc no Centro de Estudos Sociais na Universidade de Coimbra, professora de Estudos Culturais P\u00f3s Coloniais e Teoria Cr\u00edtica na Am\u00e9rica Latina, \u00a0no Pec- EACH\/USP e no Prolam. \u00c9 vice-coordenadora do Prolam.<\/div>\n<\/blockquote>\n<h5>SIMONE DA ROCHA ABREU<\/h5>\n<blockquote>\n<div>\n<div class=\"gmail_default\" style=\"text-align: justify;\">T\u00edtulo:\u00a0<b>&#8220;Arte e Pol\u00edtica: conflitos e viol\u00eancias na Am\u00e9rica Latina&#8221;<\/b><\/div>\n<\/div>\n<div style=\"text-align: justify;\">Pesquisadora e professora\u00a0de arte, Mestre e Doutora pelo Prolam,\u00a0P\u00f3s- doutoranda\u00a0em\u00a0de Arte na\u00a0Universidade Estadual J\u00falio de Mesquita Filho (UNESP),\u00a0pelo Instituto de Artes. Membro da ABCA- Associa\u00e7\u00e3o Brasileira de Cr\u00edticos de Arte, e da CESA- Sociedade Cient\u00edfica de Estudos da Arte. \u00c9 professora\u00a0\u00a0Instituto Latino-Americano de Arte, Cultura e Hist\u00f3ria da Universidade Federal da Integra\u00e7\u00e3o Latino-Americana &#8211; UNILA.<\/div>\n<\/blockquote>\n<h5 style=\"text-align: justify;\">MESA 4 &#8211; POL\u00cdTICAS CULTURAIS E DECOLONIALIDADE LATINO AMERICANA<\/h5>\n<div style=\"text-align: justify;\">\n<p style=\"text-align: justify;\"><strong>30\/06 \u00e0s 13:00<\/strong><\/p>\n<p style=\"text-align: justify;\"><a href=\"https:\/\/claec.org\/semlacult\/wp-content\/uploads\/sites\/7\/2017\/02\/Mesa-04.jpg\"><img loading=\"lazy\" decoding=\"async\" class=\"alignnone wp-image-827 size-large\" src=\"https:\/\/claec.org\/semlacult\/wp-content\/uploads\/sites\/7\/2017\/02\/Mesa-04-1024x724.jpg\" alt=\"Mesa-04\" width=\"790\" height=\"559\" srcset=\"https:\/\/claec.org\/semlacult\/wp-content\/uploads\/sites\/7\/2017\/02\/Mesa-04-1024x724.jpg 1024w, https:\/\/claec.org\/semlacult\/wp-content\/uploads\/sites\/7\/2017\/02\/Mesa-04-300x212.jpg 300w, https:\/\/claec.org\/semlacult\/wp-content\/uploads\/sites\/7\/2017\/02\/Mesa-04-768x543.jpg 768w, https:\/\/claec.org\/semlacult\/wp-content\/uploads\/sites\/7\/2017\/02\/Mesa-04.jpg 1654w\" sizes=\"(max-width: 790px) 100vw, 790px\" \/><\/a><\/p>\n<p style=\"text-align: justify;\"><strong>Ementa:<\/strong><\/p>\n<p style=\"text-align: justify;\">A Mesa\u00a0<strong>Pol\u00edticas Culturais e decolonialidade<\/strong>\u00a0debate criticamente e analisa, \u00e0 luz do pensamento pol\u00edtico decolonial, a matriz de poder colonial e o seu desmantelamento euroc\u00eantrico, sexista, racial e patriarcal que ainda governa do pensamento hegem\u00f4nico.<\/p>\n<p style=\"text-align: justify;\"><strong>COMPONENTES:<\/strong><\/p>\n<h5 style=\"text-align: justify;\"><strong>DJALMA TH\u00dcRLER<\/strong><\/h5>\n<blockquote>\n<p style=\"text-align: justify;\">Investigador Associado do CLAEC \u2013 Centro Latino-Americano de Estudos em Cultura e Investigador Colaborador do ILCML \u2013 Instituto de Literatura Comparada Margarida Losa, da Universidade do Porto (Portugal). \u00c9 diretor art\u00edstico da ATeli\u00ea voadOR Companhia de Teatro (http:\/\/www.atelievoadorteatro.com.br\/).\u00a0Professor permanente do Programa Multidisciplinar de P\u00f3s-Gradua\u00e7\u00e3o em Cultura da Universidade Federal da Bahia.<\/p>\n<\/blockquote>\n<h5 style=\"text-align: justify;\"><strong>JUCA FERREIRA<\/strong><\/h5>\n<blockquote>\n<p style=\"text-align: justify;\">Cientista social e pol\u00edtico, foi Ministro da Cultura (2008-2011; 2015-2016), vereador de Salvador (1993-1996; 2000-2004) e Secret\u00e1rio de Cultura de S\u00e3o Paulo (2012-2013).<\/p>\n<\/blockquote>\n<h5 style=\"text-align: justify;\"><strong>RENATA ROCHA<\/strong><\/h5>\n<blockquote>\n<p style=\"text-align: justify;\">Professora da Faculdade de Comunica\u00e7\u00e3o da Universidade Federal da Bahia. Vice-coordenadora do Centro de Estudos Multidisciplinares em Cultura da UFBA. Tem experi\u00eancia nas \u00e1reas de cultura e comunica\u00e7\u00e3o, atuando principalmente nos seguintes temas: pol\u00edticas culturais, pol\u00edticas de comunica\u00e7\u00e3o e estudos da cultura na Am\u00e9rica Latina.<\/p>\n<\/blockquote>\n<\/div>\n","protected":false},"excerpt":{"rendered":"<p>MESA 1 &#8211; COSMOPOL\u00cdTICAS IND\u00cdGENAS, TERRITORIALIDADES E (DE)COLONIALIDADE 29\/03 \u00e0s 13:00 EMENTA: A mesa pretende abordar as articula\u00e7\u00f5es entre territorialidades&hellip; <\/p>\n","protected":false},"author":6,"featured_media":0,"parent":1099,"menu_order":0,"comment_status":"closed","ping_status":"closed","template":"","meta":{"_monsterinsights_skip_tracking":false,"_monsterinsights_sitenote_active":false,"_monsterinsights_sitenote_note":"","_monsterinsights_sitenote_category":0,"footnotes":""},"class_list":["post-456","page","type-page","status-publish","hentry"],"_links":{"self":[{"href":"https:\/\/claec.org\/semlacult\/wp-json\/wp\/v2\/pages\/456","targetHints":{"allow":["GET"]}}],"collection":[{"href":"https:\/\/claec.org\/semlacult\/wp-json\/wp\/v2\/pages"}],"about":[{"href":"https:\/\/claec.org\/semlacult\/wp-json\/wp\/v2\/types\/page"}],"author":[{"embeddable":true,"href":"https:\/\/claec.org\/semlacult\/wp-json\/wp\/v2\/users\/6"}],"replies":[{"embeddable":true,"href":"https:\/\/claec.org\/semlacult\/wp-json\/wp\/v2\/comments?post=456"}],"version-history":[{"count":3,"href":"https:\/\/claec.org\/semlacult\/wp-json\/wp\/v2\/pages\/456\/revisions"}],"predecessor-version":[{"id":2041,"href":"https:\/\/claec.org\/semlacult\/wp-json\/wp\/v2\/pages\/456\/revisions\/2041"}],"up":[{"embeddable":true,"href":"https:\/\/claec.org\/semlacult\/wp-json\/wp\/v2\/pages\/1099"}],"wp:attachment":[{"href":"https:\/\/claec.org\/semlacult\/wp-json\/wp\/v2\/media?parent=456"}],"curies":[{"name":"wp","href":"https:\/\/api.w.org\/{rel}","templated":true}]}}