{"id":446,"date":"2017-02-15T17:23:50","date_gmt":"2017-02-15T19:23:50","guid":{"rendered":"http:\/\/claec.org\/semlacult\/?page_id=446"},"modified":"2025-11-06T14:45:31","modified_gmt":"2025-11-06T17:45:31","slug":"programacao","status":"publish","type":"page","link":"https:\/\/claec.org\/semlacult\/2017-2\/programacao\/","title":{"rendered":"Programa\u00e7\u00e3o 2017"},"content":{"rendered":"<p style=\"text-align: center;\"><strong>PROGRAMA\u00c7\u00c3O GERAL<\/strong><\/p>\n<p style=\"text-align: center;\"><strong>I SEMIN\u00c1RIO LATINO-AMERICANO DE ESTUDOS EM CULTURA \u2013 SEMLACult<\/strong><\/p>\n<p style=\"text-align: center;\"><strong>\u201cA mundializa\u00e7\u00e3o da cultura na globaliza\u00e7\u00e3o e os processos decoloniais na Am\u00e9rica-Latina\u201d<\/strong><\/p>\n<p style=\"text-align: center;\"><strong>28, 29 e 30 de junho de 2017<\/strong><\/p>\n<p style=\"text-align: center;\"><strong>Universidade Federal da Integra\u00e7\u00e3o Latino-Americana (UNILA) e Universidade Estadual do Oeste do Paran\u00e1 (UNIOESTE), Foz do Igua\u00e7u\/PR &#8211; Brasil<\/strong><\/p>\n<p>&nbsp;<\/p>\n<p><strong>Data: 28\/06 (Quarta)<\/strong><\/p>\n<p>07:30 \u00e0s 13:00 \u2013 Credenciamento (Hall \u2013 Unila)<\/p>\n<p>08:00 \u00e0s 12:00 \u2013 Simp\u00f3sios Tem\u00e1ticos simult\u00e2neos (Unila e Unioeste)<\/p>\n<p>13:00 \u00e0s 15:00 \u2013 <strong>Mesa Redonda 01 &#8211; Cosmopol\u00edticas ind\u00edgenas, Territorialidades e (De)Colonialidade (Audit\u00f3rio \u2013 Unila)<\/strong><\/p>\n<p>Componente 1: Ailton Krenak (Lideran\u00c7a Krenak)<\/p>\n<p>Componente 2: Iracema Ga Ra (Liden\u00c7a Kaingang)<\/p>\n<p>Componente 3: Ma. Cl\u00e9mentine Mar\u00e9chal (UFRGS)<\/p>\n<p>Componente 4: Dr. Pablo Quintero (UNILA)<\/p>\n<p>15:30 \u00e0s 17:30 \u2013 <strong>Confer\u00eancia de Abertura: \u201cPluriversidad, Interculturalidad y Acceso a la universidad. El caso de Ecuador\u201d (Audit\u00f3rio \u2013 Unila)<\/strong><\/p>\n<p><strong>Conferencista: Dr. Luis Fernando Sarango Macas (Pluriversidad Amawtay Wasi, Equador)<\/strong><\/p>\n<p>&nbsp;<\/p>\n<p><strong>Data: 29\/06 (Quinta)<\/strong><\/p>\n<p>07:30 \u00e0s 13:00 \u2013 Credenciamento (Hall \u2013 Unila)<\/p>\n<p>08:00 \u00e0s 12:00 \u2013 Simp\u00f3sios Tem\u00e1ticos simult\u00e2neos (Unila e Unioeste)<\/p>\n<p>13:00 \u00e0s 15:00 \u2013 <strong>Mesa Redonda 02 &#8211; Cultura, Comunica\u00e7\u00e3o e Semi\u00f3tica na Am\u00e9rica Latina (Audit\u00f3rio \u2013 Unila)<\/strong><\/p>\n<p>Componente 1: Dr. Jos\u00e9 Serafim Bertoloto (UFMT)<\/p>\n<p>Componente 2: Dra. Rosario Radakovich (Udelar \u2013 Uruguai)<\/p>\n<p>Componente 3: Dra. Sandra Catalina Valdettaro (UNR &#8211; Argentina)<\/p>\n<p>15:15: \u00e0s 16:15 \u2013 Palestra \u00c9tica e Est\u00e9tica: N\u00f3s e os outros ou nosoutros? (Audit\u00f3rio \u2013 Unila)<\/p>\n<p>Palestrante: Rog\u00e9rio Ferrari (Fot\u00f3grafo e mestre em Antropologia pela UFBA)<\/p>\n<p>15:00 \u00e0s 18:30 \u2013 Minicursos, Oficinas e Lan\u00e7amentos de livros<\/p>\n<p>18:00 \u00e0s 18:45 \u2013 Palestra: Programa Diversidade Cultural e Projeto Motumb\u00e1 do SESC \u2013 SP (Audit\u00f3rio \u2013 Unila)<\/p>\n<p>Palestrantes: Maria Jos\u00e9 Leandro e Regina Marques<\/p>\n<p>19:00 \u00e0s 21:00 \u2013 <strong>Mesa Redonda 03 &#8211; Territ\u00f3rios Culturais, Pensamento e Arte (Audit\u00f3rio \u2013 Unila)<\/strong><\/p>\n<p>Componente 1: Dra. Margarida Nepomuceno (CESA)<\/p>\n<p>Componente 2: Dra. Vivian Grace Fernand\u00e9z-D\u00e1vila Urquidi (USP)<\/p>\n<p>Componente 3: Dra. Simone da Rocha Abreu (UNILA)<\/p>\n<p>21:30 \u2013 Atividade Cultural (Sudacas Bar, Foz do Igua\u00e7u)<\/p>\n<p>&nbsp;<\/p>\n<p><strong>Data: 30\/06 (Sexta)<\/strong><\/p>\n<p>07:30 \u00e0s 13:00 \u2013 Credenciamento (Hall \u2013 Unila)<\/p>\n<p>08:00 \u00e0s 12:00 \u2013 Simp\u00f3sios Tem\u00e1ticos simult\u00e2neos (Unila e Unioeste)<\/p>\n<p>13:00 \u00e0s 15:00 \u2013 <strong>Mesa Redonda 04 &#8211; Pol\u00edticas Culturais e decolonialidade latino americana<\/strong><\/p>\n<p>Componente 1: Dr. Djalma Th\u00fcrler (UFBA)<\/p>\n<p>Componente 2: Bel. Juca Ferreira (Ex-ministro da Cultura)<\/p>\n<p>Componente 3: Dra. Renata Rocha (UFBA)<\/p>\n<p>15:00 \u00e0s 18:00 \u2013 Minicursos, Oficinas e Lan\u00e7amentos de livros<\/p>\n<p>18:30 \u00e0s 20:30 \u2013 <strong>Confer\u00eancia de Encerramento: \u201cCultura e Mundo Contempor\u00e2neo\u201d (Audit\u00f3rio \u2013 Unila)<\/strong><\/p>\n<p><strong>Conferencista: Dr. Renato Ortiz (Universidade Estadual de Campinas &#8211; UNICAMP)<\/strong><\/p>\n","protected":false},"excerpt":{"rendered":"<p>PROGRAMA\u00c7\u00c3O GERAL I SEMIN\u00c1RIO LATINO-AMERICANO DE ESTUDOS EM CULTURA \u2013 SEMLACult \u201cA mundializa\u00e7\u00e3o da cultura na globaliza\u00e7\u00e3o e os processos&hellip; <\/p>\n","protected":false},"author":6,"featured_media":0,"parent":1099,"menu_order":0,"comment_status":"closed","ping_status":"closed","template":"","meta":{"_monsterinsights_skip_tracking":false,"_monsterinsights_sitenote_active":false,"_monsterinsights_sitenote_note":"","_monsterinsights_sitenote_category":0,"footnotes":""},"class_list":["post-446","page","type-page","status-publish","hentry"],"_links":{"self":[{"href":"https:\/\/claec.org\/semlacult\/wp-json\/wp\/v2\/pages\/446","targetHints":{"allow":["GET"]}}],"collection":[{"href":"https:\/\/claec.org\/semlacult\/wp-json\/wp\/v2\/pages"}],"about":[{"href":"https:\/\/claec.org\/semlacult\/wp-json\/wp\/v2\/types\/page"}],"author":[{"embeddable":true,"href":"https:\/\/claec.org\/semlacult\/wp-json\/wp\/v2\/users\/6"}],"replies":[{"embeddable":true,"href":"https:\/\/claec.org\/semlacult\/wp-json\/wp\/v2\/comments?post=446"}],"version-history":[{"count":9,"href":"https:\/\/claec.org\/semlacult\/wp-json\/wp\/v2\/pages\/446\/revisions"}],"predecessor-version":[{"id":2039,"href":"https:\/\/claec.org\/semlacult\/wp-json\/wp\/v2\/pages\/446\/revisions\/2039"}],"up":[{"embeddable":true,"href":"https:\/\/claec.org\/semlacult\/wp-json\/wp\/v2\/pages\/1099"}],"wp:attachment":[{"href":"https:\/\/claec.org\/semlacult\/wp-json\/wp\/v2\/media?parent=446"}],"curies":[{"name":"wp","href":"https:\/\/api.w.org\/{rel}","templated":true}]}}