{"id":439,"date":"2017-02-15T17:23:05","date_gmt":"2017-02-15T19:23:05","guid":{"rendered":"http:\/\/claec.org\/semlacult\/?page_id=439"},"modified":"2025-11-10T09:54:51","modified_gmt":"2025-11-10T12:54:51","slug":"unila","status":"publish","type":"page","link":"https:\/\/claec.org\/semlacult\/unila\/","title":{"rendered":"Unila"},"content":{"rendered":"<p style=\"text-align: justify;\"><img fetchpriority=\"high\" decoding=\"async\" class=\"size-medium wp-image-782 aligncenter\" src=\"https:\/\/claec.org\/semlacult\/wp-content\/uploads\/sites\/7\/2017\/02\/Unila-Completo-300x190.png\" alt=\"Unila Completo\" width=\"300\" height=\"190\" srcset=\"https:\/\/claec.org\/semlacult\/wp-content\/uploads\/sites\/7\/2017\/02\/Unila-Completo-300x190.png 300w, https:\/\/claec.org\/semlacult\/wp-content\/uploads\/sites\/7\/2017\/02\/Unila-Completo-768x486.png 768w, https:\/\/claec.org\/semlacult\/wp-content\/uploads\/sites\/7\/2017\/02\/Unila-Completo.png 821w\" sizes=\"(max-width: 300px) 100vw, 300px\" \/><\/p>\n<div class=\"prose dark:prose-invert inline leading-relaxed break-words min-w-0 [word-break:break-word] prose-strong:font-medium [&amp;_&gt;*:first-child]:mt-0\">\n<p class=\"my-2 [&amp;+p]:mt-4 [&amp;_strong:has(+br)]:inline-block [&amp;_strong:has(+br)]:pb-2\">A <strong><a class=\"reset interactable cursor-pointer decoration-1 underline-offset-1 text-super hover:underline font-semibold\" href=\"https:\/\/www.unila.edu.br\/\" target=\"_blank\" rel=\"nofollow noopener\"><span class=\"text-box-trim-both\">Universidade Federal da Integra\u00e7\u00e3o Latino-Americana (UNILA)<\/span><\/a><\/strong>, criada pela <strong><a class=\"reset interactable cursor-pointer decoration-1 underline-offset-1 text-super hover:underline font-semibold\" href=\"http:\/\/www.planalto.gov.br\/ccivil_03\/_ato2007-2010\/2010\/lei\/L12189.htm\" target=\"_blank\" rel=\"nofollow noopener\"><span class=\"text-box-trim-both\">Lei n\u00ba 12.189\/2010<\/span><\/a><\/strong>, \u00e9 uma institui\u00e7\u00e3o p\u00fablica federal de natureza jur\u00eddica aut\u00e1rquica, vinculada ao <strong>Minist\u00e9rio da Educa\u00e7\u00e3o<\/strong>, com sede e foro na cidade de <strong>Foz do Igua\u00e7u<\/strong>, Estado do Paran\u00e1 \u2014 na <strong>Tr\u00edplice Fronteira<\/strong> entre Brasil, Argentina e Paraguai.<\/p>\n<p class=\"my-2 [&amp;+p]:mt-4 [&amp;_strong:has(+br)]:inline-block [&amp;_strong:has(+br)]:pb-2\">Sua <strong>miss\u00e3o institucional<\/strong> \u00e9 formar recursos humanos aptos a contribuir com a <strong>integra\u00e7\u00e3o latino-americana<\/strong>, o <strong>desenvolvimento regional<\/strong> e o <strong>interc\u00e2mbio cultural, cient\u00edfico e educacional da Am\u00e9rica Latina<\/strong>, especialmente no \u00e2mbito do <strong>Mercado Comum do Sul (Mercosul)<\/strong> e dos demais pa\u00edses da regi\u00e3o.<\/p>\n<p class=\"my-2 [&amp;+p]:mt-4 [&amp;_strong:has(+br)]:inline-block [&amp;_strong:has(+br)]:pb-2\">A UNILA representa um <strong>projeto estrat\u00e9gico in\u00e9dito no ensino superior brasileiro<\/strong>: uma universidade p\u00fablica federal dedicada exclusivamente \u00e0 coopera\u00e7\u00e3o Sul-Sul, ao multilinguismo (portugu\u00eas-espanhol), \u00e0 interculturalidade e \u00e0 constru\u00e7\u00e3o coletiva de conhecimentos desde perspectivas latino-americanas.<\/p>\n<hr class=\"bg-subtle h-px border-0\" \/>\n<h2 id=\"\" class=\"mb-2 mt-4 font-display font-semimedium text-base first:mt-0 md:text-lg [hr+&amp;]:mt-4\"><strong>Dados Atuais (2024-2025)<\/strong><\/h2>\n<h2 class=\"mb-2 mt-4 font-display font-semimedium text-base first:mt-0\">\ud83d\udcca <strong>Perfil Estudantil<\/strong><\/h2>\n<ul class=\"marker:text-quiet list-disc\">\n<li class=\"py-0 my-0 prose-p:pt-0 prose-p:mb-2 prose-p:my-0 [&amp;&gt;p]:pt-0 [&amp;&gt;p]:mb-2 [&amp;&gt;p]:my-0\">\n<p class=\"my-2 [&amp;+p]:mt-4 [&amp;_strong:has(+br)]:inline-block [&amp;_strong:has(+br)]:pb-2\"><strong>4.209 estudantes matriculados<\/strong> (dados de 2024)<\/p>\n<\/li>\n<li class=\"py-0 my-0 prose-p:pt-0 prose-p:mb-2 prose-p:my-0 [&amp;&gt;p]:pt-0 [&amp;&gt;p]:mb-2 [&amp;&gt;p]:my-0\">\n<p class=\"my-2 [&amp;+p]:mt-4 [&amp;_strong:has(+br)]:inline-block [&amp;_strong:has(+br)]:pb-2\"><strong>38% de estudantes internacionais<\/strong> (1.610 alunos)<\/p>\n<\/li>\n<li class=\"py-0 my-0 prose-p:pt-0 prose-p:mb-2 prose-p:my-0 [&amp;&gt;p]:pt-0 [&amp;&gt;p]:mb-2 [&amp;&gt;p]:my-0\">\n<p class=\"my-2 [&amp;+p]:mt-4 [&amp;_strong:has(+br)]:inline-block [&amp;_strong:has(+br)]:pb-2\"><strong>Mais de 30 nacionalidades<\/strong> representadas no corpo estudantil<\/p>\n<\/li>\n<li class=\"py-0 my-0 prose-p:pt-0 prose-p:mb-2 prose-p:my-0 [&amp;&gt;p]:pt-0 [&amp;&gt;p]:mb-2 [&amp;&gt;p]:my-0\">\n<p class=\"my-2 [&amp;+p]:mt-4 [&amp;_strong:has(+br)]:inline-block [&amp;_strong:has(+br)]:pb-2\"><strong>Pa\u00edses com maior presen\u00e7a:<\/strong> Paraguai (337), Col\u00f4mbia (313) e Haiti (284)<\/p>\n<\/li>\n<li class=\"py-0 my-0 prose-p:pt-0 prose-p:mb-2 prose-p:my-0 [&amp;&gt;p]:pt-0 [&amp;&gt;p]:mb-2 [&amp;&gt;p]:my-0\">\n<p class=\"my-2 [&amp;+p]:mt-4 [&amp;_strong:has(+br)]:inline-block [&amp;_strong:has(+br)]:pb-2\"><strong>Origem dos estudantes internacionais:<\/strong><\/p>\n<ul class=\"marker:text-quiet list-disc\">\n<li class=\"py-0 my-0 prose-p:pt-0 prose-p:mb-2 prose-p:my-0 [&amp;&gt;p]:pt-0 [&amp;&gt;p]:mb-2 [&amp;&gt;p]:my-0\">\n<p class=\"my-2 [&amp;+p]:mt-4 [&amp;_strong:has(+br)]:inline-block [&amp;_strong:has(+br)]:pb-2\">12 pa\u00edses da Am\u00e9rica do Sul<\/p>\n<\/li>\n<li class=\"py-0 my-0 prose-p:pt-0 prose-p:mb-2 prose-p:my-0 [&amp;&gt;p]:pt-0 [&amp;&gt;p]:mb-2 [&amp;&gt;p]:my-0\">\n<p class=\"my-2 [&amp;+p]:mt-4 [&amp;_strong:has(+br)]:inline-block [&amp;_strong:has(+br)]:pb-2\">9 pa\u00edses da Am\u00e9rica Central e Caribe<\/p>\n<\/li>\n<li class=\"py-0 my-0 prose-p:pt-0 prose-p:mb-2 prose-p:my-0 [&amp;&gt;p]:pt-0 [&amp;&gt;p]:mb-2 [&amp;&gt;p]:my-0\">\n<p class=\"my-2 [&amp;+p]:mt-4 [&amp;_strong:has(+br)]:inline-block [&amp;_strong:has(+br)]:pb-2\">2 pa\u00edses da Am\u00e9rica do Norte<\/p>\n<\/li>\n<li class=\"py-0 my-0 prose-p:pt-0 prose-p:mb-2 prose-p:my-0 [&amp;&gt;p]:pt-0 [&amp;&gt;p]:mb-2 [&amp;&gt;p]:my-0\">\n<p class=\"my-2 [&amp;+p]:mt-4 [&amp;_strong:has(+br)]:inline-block [&amp;_strong:has(+br)]:pb-2\">5 pa\u00edses da \u00c1frica<\/p>\n<\/li>\n<li class=\"py-0 my-0 prose-p:pt-0 prose-p:mb-2 prose-p:my-0 [&amp;&gt;p]:pt-0 [&amp;&gt;p]:mb-2 [&amp;&gt;p]:my-0\">\n<p class=\"my-2 [&amp;+p]:mt-4 [&amp;_strong:has(+br)]:inline-block [&amp;_strong:has(+br)]:pb-2\">3 pa\u00edses do Oriente M\u00e9dio<\/p>\n<\/li>\n<\/ul>\n<\/li>\n<\/ul>\n<h2 class=\"mb-2 mt-4 font-display font-semimedium text-base first:mt-0\">\ud83d\udcc8 <strong>Taxa de Ocupa\u00e7\u00e3o de Vagas (2025)<\/strong><\/h2>\n<p class=\"my-2 [&amp;+p]:mt-4 [&amp;_strong:has(+br)]:inline-block [&amp;_strong:has(+br)]:pb-2\">A UNILA alcan\u00e7ou <strong>89,19% de ocupa\u00e7\u00e3o de vagas<\/strong> em 2025 \u2014 o <strong>melhor resultado desde 2019<\/strong> e uma recupera\u00e7\u00e3o significativa ap\u00f3s a pandemia de Covid-19, que impactou negativamente os \u00edndices entre 2020-2022.<\/p>\n<p class=\"my-2 [&amp;+p]:mt-4 [&amp;_strong:has(+br)]:inline-block [&amp;_strong:has(+br)]:pb-2\"><strong>Ingressantes em 2025:<\/strong><\/p>\n<ul class=\"marker:text-quiet list-disc\">\n<li class=\"py-0 my-0 prose-p:pt-0 prose-p:mb-2 prose-p:my-0 [&amp;&gt;p]:pt-0 [&amp;&gt;p]:mb-2 [&amp;&gt;p]:my-0\">\n<p class=\"my-2 [&amp;+p]:mt-4 [&amp;_strong:has(+br)]:inline-block [&amp;_strong:has(+br)]:pb-2\">613 estudantes via processos seletivos nacionais (SISU, M\u00fasica, Vagas Remanescentes)<\/p>\n<\/li>\n<li class=\"py-0 my-0 prose-p:pt-0 prose-p:mb-2 prose-p:my-0 [&amp;&gt;p]:pt-0 [&amp;&gt;p]:mb-2 [&amp;&gt;p]:my-0\">\n<p class=\"my-2 [&amp;+p]:mt-4 [&amp;_strong:has(+br)]:inline-block [&amp;_strong:has(+br)]:pb-2\">561 estudantes via processos seletivos internacionais (PSI)<\/p>\n<\/li>\n<li class=\"py-0 my-0 prose-p:pt-0 prose-p:mb-2 prose-p:my-0 [&amp;&gt;p]:pt-0 [&amp;&gt;p]:mb-2 [&amp;&gt;p]:my-0\">\n<p class=\"my-2 [&amp;+p]:mt-4 [&amp;_strong:has(+br)]:inline-block [&amp;_strong:has(+br)]:pb-2\">88 estudantes via Chamad\u00e3o (modalidade mista)<\/p>\n<\/li>\n<li class=\"py-0 my-0 prose-p:pt-0 prose-p:mb-2 prose-p:my-0 [&amp;&gt;p]:pt-0 [&amp;&gt;p]:mb-2 [&amp;&gt;p]:my-0\">\n<p class=\"my-2 [&amp;+p]:mt-4 [&amp;_strong:has(+br)]:inline-block [&amp;_strong:has(+br)]:pb-2\"><strong>Total:<\/strong> 1.262 novos estudantes de 1.415 vagas ofertadas<\/p>\n<\/li>\n<\/ul>\n<hr class=\"bg-subtle h-px border-0\" \/>\n<h2 id=\"\" class=\"mb-2 mt-4 font-display font-semimedium text-base first:mt-0 md:text-lg [hr+&amp;]:mt-4\"><strong>Oferta Acad\u00eamica<\/strong><\/h2>\n<h2 class=\"mb-2 mt-4 font-display font-semimedium text-base first:mt-0\">\ud83c\udf93 <strong>Gradua\u00e7\u00e3o<\/strong><\/h2>\n<ul class=\"marker:text-quiet list-disc\">\n<li class=\"py-0 my-0 prose-p:pt-0 prose-p:mb-2 prose-p:my-0 [&amp;&gt;p]:pt-0 [&amp;&gt;p]:mb-2 [&amp;&gt;p]:my-0\">\n<p class=\"my-2 [&amp;+p]:mt-4 [&amp;_strong:has(+br)]:inline-block [&amp;_strong:has(+br)]:pb-2\"><strong>30 cursos de gradua\u00e7\u00e3o<\/strong> em \u00e1reas estrat\u00e9gicas para a integra\u00e7\u00e3o latino-americana<\/p>\n<\/li>\n<li class=\"py-0 my-0 prose-p:pt-0 prose-p:mb-2 prose-p:my-0 [&amp;&gt;p]:pt-0 [&amp;&gt;p]:mb-2 [&amp;&gt;p]:my-0\">\n<p class=\"my-2 [&amp;+p]:mt-4 [&amp;_strong:has(+br)]:inline-block [&amp;_strong:has(+br)]:pb-2\">\u00c1reas de conhecimento: Ci\u00eancias Humanas, Ci\u00eancias Sociais Aplicadas, Lingu\u00edstica e Artes, Ci\u00eancias Exatas, Engenharias, Ci\u00eancias Biol\u00f3gicas, Ci\u00eancias da Sa\u00fade<\/p>\n<\/li>\n<\/ul>\n<h2 class=\"mb-2 mt-4 font-display font-semimedium text-base first:mt-0\">\ud83d\udcda <strong>P\u00f3s-Gradua\u00e7\u00e3o<\/strong><\/h2>\n<ul class=\"marker:text-quiet list-disc\">\n<li class=\"py-0 my-0 prose-p:pt-0 prose-p:mb-2 prose-p:my-0 [&amp;&gt;p]:pt-0 [&amp;&gt;p]:mb-2 [&amp;&gt;p]:my-0\">\n<p class=\"my-2 [&amp;+p]:mt-4 [&amp;_strong:has(+br)]:inline-block [&amp;_strong:has(+br)]:pb-2\"><strong>13 Mestrados Acad\u00eamicos<\/strong><\/p>\n<\/li>\n<li class=\"py-0 my-0 prose-p:pt-0 prose-p:mb-2 prose-p:my-0 [&amp;&gt;p]:pt-0 [&amp;&gt;p]:mb-2 [&amp;&gt;p]:my-0\">\n<p class=\"my-2 [&amp;+p]:mt-4 [&amp;_strong:has(+br)]:inline-block [&amp;_strong:has(+br)]:pb-2\"><strong>2 Doutorados<\/strong><\/p>\n<\/li>\n<\/ul>\n<p class=\"my-2 [&amp;+p]:mt-4 [&amp;_strong:has(+br)]:inline-block [&amp;_strong:has(+br)]:pb-2\"><strong>Programas de P\u00f3s-Gradua\u00e7\u00e3o:<\/strong><\/p>\n<ul class=\"marker:text-quiet list-disc\">\n<li class=\"py-0 my-0 prose-p:pt-0 prose-p:mb-2 prose-p:my-0 [&amp;&gt;p]:pt-0 [&amp;&gt;p]:mb-2 [&amp;&gt;p]:my-0\">\n<p class=\"my-2 [&amp;+p]:mt-4 [&amp;_strong:has(+br)]:inline-block [&amp;_strong:has(+br)]:pb-2\">Mestrado e Doutorado em Integra\u00e7\u00e3o Contempor\u00e2nea da Am\u00e9rica Latina (PPG-ICAL)<\/p>\n<\/li>\n<li class=\"py-0 my-0 prose-p:pt-0 prose-p:mb-2 prose-p:my-0 [&amp;&gt;p]:pt-0 [&amp;&gt;p]:mb-2 [&amp;&gt;p]:my-0\">\n<p class=\"my-2 [&amp;+p]:mt-4 [&amp;_strong:has(+br)]:inline-block [&amp;_strong:has(+br)]:pb-2\">Mestrado e Doutorado Interdisciplinar em Energia e Sustentabilidade<\/p>\n<\/li>\n<li class=\"py-0 my-0 prose-p:pt-0 prose-p:mb-2 prose-p:my-0 [&amp;&gt;p]:pt-0 [&amp;&gt;p]:mb-2 [&amp;&gt;p]:my-0\">\n<p class=\"my-2 [&amp;+p]:mt-4 [&amp;_strong:has(+br)]:inline-block [&amp;_strong:has(+br)]:pb-2\">Mestrado em Bioci\u00eancias<\/p>\n<\/li>\n<li class=\"py-0 my-0 prose-p:pt-0 prose-p:mb-2 prose-p:my-0 [&amp;&gt;p]:pt-0 [&amp;&gt;p]:mb-2 [&amp;&gt;p]:my-0\">\n<p class=\"my-2 [&amp;+p]:mt-4 [&amp;_strong:has(+br)]:inline-block [&amp;_strong:has(+br)]:pb-2\">Mestrado em Biodiversidade Neotropical<\/p>\n<\/li>\n<li class=\"py-0 my-0 prose-p:pt-0 prose-p:mb-2 prose-p:my-0 [&amp;&gt;p]:pt-0 [&amp;&gt;p]:mb-2 [&amp;&gt;p]:my-0\">\n<p class=\"my-2 [&amp;+p]:mt-4 [&amp;_strong:has(+br)]:inline-block [&amp;_strong:has(+br)]:pb-2\">Mestrado em Economia<\/p>\n<\/li>\n<li class=\"py-0 my-0 prose-p:pt-0 prose-p:mb-2 prose-p:my-0 [&amp;&gt;p]:pt-0 [&amp;&gt;p]:mb-2 [&amp;&gt;p]:my-0\">\n<p class=\"my-2 [&amp;+p]:mt-4 [&amp;_strong:has(+br)]:inline-block [&amp;_strong:has(+br)]:pb-2\">Mestrado em Educa\u00e7\u00e3o<\/p>\n<\/li>\n<li class=\"py-0 my-0 prose-p:pt-0 prose-p:mb-2 prose-p:my-0 [&amp;&gt;p]:pt-0 [&amp;&gt;p]:mb-2 [&amp;&gt;p]:my-0\">\n<p class=\"my-2 [&amp;+p]:mt-4 [&amp;_strong:has(+br)]:inline-block [&amp;_strong:has(+br)]:pb-2\">Mestrado em Engenharia Civil<\/p>\n<\/li>\n<li class=\"py-0 my-0 prose-p:pt-0 prose-p:mb-2 prose-p:my-0 [&amp;&gt;p]:pt-0 [&amp;&gt;p]:mb-2 [&amp;&gt;p]:my-0\">\n<p class=\"my-2 [&amp;+p]:mt-4 [&amp;_strong:has(+br)]:inline-block [&amp;_strong:has(+br)]:pb-2\">Mestrado em Literatura Comparada<\/p>\n<\/li>\n<li class=\"py-0 my-0 prose-p:pt-0 prose-p:mb-2 prose-p:my-0 [&amp;&gt;p]:pt-0 [&amp;&gt;p]:mb-2 [&amp;&gt;p]:my-0\">\n<p class=\"my-2 [&amp;+p]:mt-4 [&amp;_strong:has(+br)]:inline-block [&amp;_strong:has(+br)]:pb-2\">Mestrado em Pol\u00edticas P\u00fablicas e Desenvolvimento<\/p>\n<\/li>\n<li class=\"py-0 my-0 prose-p:pt-0 prose-p:mb-2 prose-p:my-0 [&amp;&gt;p]:pt-0 [&amp;&gt;p]:mb-2 [&amp;&gt;p]:my-0\">\n<p class=\"my-2 [&amp;+p]:mt-4 [&amp;_strong:has(+br)]:inline-block [&amp;_strong:has(+br)]:pb-2\">Mestrado Interdisciplinar em Estudos Latino-Americanos<\/p>\n<\/li>\n<li class=\"py-0 my-0 prose-p:pt-0 prose-p:mb-2 prose-p:my-0 [&amp;&gt;p]:pt-0 [&amp;&gt;p]:mb-2 [&amp;&gt;p]:my-0\">\n<p class=\"my-2 [&amp;+p]:mt-4 [&amp;_strong:has(+br)]:inline-block [&amp;_strong:has(+br)]:pb-2\">Mestrado em Rela\u00e7\u00f5es Internacionais<\/p>\n<\/li>\n<li class=\"py-0 my-0 prose-p:pt-0 prose-p:mb-2 prose-p:my-0 [&amp;&gt;p]:pt-0 [&amp;&gt;p]:mb-2 [&amp;&gt;p]:my-0\">\n<p class=\"my-2 [&amp;+p]:mt-4 [&amp;_strong:has(+br)]:inline-block [&amp;_strong:has(+br)]:pb-2\">Entre outros<\/p>\n<\/li>\n<\/ul>\n<hr class=\"bg-subtle h-px border-0\" \/>\n<h2 id=\"\" class=\"mb-2 mt-4 font-display font-semimedium text-base first:mt-0 md:text-lg [hr+&amp;]:mt-4\"><strong>Bilinguismo e Multilinguismo<\/strong><\/h2>\n<p class=\"my-2 [&amp;+p]:mt-4 [&amp;_strong:has(+br)]:inline-block [&amp;_strong:has(+br)]:pb-2\">A UNILA \u00e9 uma <strong>universidade oficialmente bil\u00edngue (portugu\u00eas-espanhol)<\/strong>, onde as aulas, atividades de pesquisa e extens\u00e3o, documentos oficiais e comunica\u00e7\u00e3o institucional ocorrem nos dois idiomas. O ambiente universit\u00e1rio \u00e9 marcado pelo <strong>multilinguismo cotidiano<\/strong>, com presen\u00e7a significativa de guarani, crioulo haitiano, \u00e1rabe, qu\u00e9chua e outras l\u00ednguas ind\u00edgenas e migrat\u00f3rias.<\/p>\n<p class=\"my-2 [&amp;+p]:mt-4 [&amp;_strong:has(+br)]:inline-block [&amp;_strong:has(+br)]:pb-2\">Essa pol\u00edtica lingu\u00edstica n\u00e3o \u00e9 apenas uma caracter\u00edstica \u2014 \u00e9 um <strong>princ\u00edpio filos\u00f3fico-metodol\u00f3gico<\/strong> que materializa o compromisso com a integra\u00e7\u00e3o latino-americana e a valoriza\u00e7\u00e3o das diversidades lingu\u00edsticas da regi\u00e3o.<\/p>\n<hr class=\"bg-subtle h-px border-0\" \/>\n<h2 id=\"\" class=\"mb-2 mt-4 font-display font-semimedium text-base first:mt-0 md:text-lg [hr+&amp;]:mt-4\"><strong>Diversidade e Interculturalidade<\/strong><\/h2>\n<p class=\"my-2 [&amp;+p]:mt-4 [&amp;_strong:has(+br)]:inline-block [&amp;_strong:has(+br)]:pb-2\">A UNILA possui um dos corpos estudantis <strong>mais diversos e interculturais do Brasil<\/strong>, com representa\u00e7\u00e3o de:<\/p>\n<ul class=\"marker:text-quiet list-disc\">\n<li class=\"py-0 my-0 prose-p:pt-0 prose-p:mb-2 prose-p:my-0 [&amp;&gt;p]:pt-0 [&amp;&gt;p]:mb-2 [&amp;&gt;p]:my-0\">\n<p class=\"my-2 [&amp;+p]:mt-4 [&amp;_strong:has(+br)]:inline-block [&amp;_strong:has(+br)]:pb-2\"><strong>Estudantes ind\u00edgenas<\/strong> de povos origin\u00e1rios do Brasil e da Am\u00e9rica Latina<\/p>\n<\/li>\n<li class=\"py-0 my-0 prose-p:pt-0 prose-p:mb-2 prose-p:my-0 [&amp;&gt;p]:pt-0 [&amp;&gt;p]:mb-2 [&amp;&gt;p]:my-0\">\n<p class=\"my-2 [&amp;+p]:mt-4 [&amp;_strong:has(+br)]:inline-block [&amp;_strong:has(+br)]:pb-2\"><strong>Estudantes refugiados<\/strong> de diversas nacionalidades<\/p>\n<\/li>\n<li class=\"py-0 my-0 prose-p:pt-0 prose-p:mb-2 prose-p:my-0 [&amp;&gt;p]:pt-0 [&amp;&gt;p]:mb-2 [&amp;&gt;p]:my-0\">\n<p class=\"my-2 [&amp;+p]:mt-4 [&amp;_strong:has(+br)]:inline-block [&amp;_strong:has(+br)]:pb-2\"><strong>Estudantes afrodescendentes<\/strong> de pa\u00edses latino-americanos, africanos e caribenhos<\/p>\n<\/li>\n<li class=\"py-0 my-0 prose-p:pt-0 prose-p:mb-2 prose-p:my-0 [&amp;&gt;p]:pt-0 [&amp;&gt;p]:mb-2 [&amp;&gt;p]:my-0\">\n<p class=\"my-2 [&amp;+p]:mt-4 [&amp;_strong:has(+br)]:inline-block [&amp;_strong:has(+br)]:pb-2\"><strong>Estudantes de comunidades tradicionais<\/strong> e perif\u00e9ricas<\/p>\n<\/li>\n<\/ul>\n<p class=\"my-2 [&amp;+p]:mt-4 [&amp;_strong:has(+br)]:inline-block [&amp;_strong:has(+br)]:pb-2\">Essa diversidade cria um ambiente \u00fanico de <strong>interc\u00e2mbio intercultural, pluralidade epist\u00eamica e conviv\u00eancia horizontal<\/strong>, onde diferentes saberes, l\u00ednguas, culturas e experi\u00eancias dialogam cotidianamente.<\/p>\n<hr class=\"bg-subtle h-px border-0\" \/>\n<h2 id=\"\" class=\"mb-2 mt-4 font-display font-semimedium text-base first:mt-0 md:text-lg [hr+&amp;]:mt-4\"><strong>Compromisso com a Integra\u00e7\u00e3o Latino-Americana<\/strong><\/h2>\n<p class=\"my-2 [&amp;+p]:mt-4 [&amp;_strong:has(+br)]:inline-block [&amp;_strong:has(+br)]:pb-2\">A UNILA n\u00e3o \u00e9 apenas uma universidade localizada na fronteira \u2014 ela <strong>\u00e9 uma universidade de fronteira<\/strong>, comprometida com:<\/p>\n<ul class=\"marker:text-quiet list-disc\">\n<li class=\"py-0 my-0 prose-p:pt-0 prose-p:mb-2 prose-p:my-0 [&amp;&gt;p]:pt-0 [&amp;&gt;p]:mb-2 [&amp;&gt;p]:my-0\">\n<p class=\"my-2 [&amp;+p]:mt-4 [&amp;_strong:has(+br)]:inline-block [&amp;_strong:has(+br)]:pb-2\"><strong>Coopera\u00e7\u00e3o Sul-Sul:<\/strong> parcerias acad\u00eamicas com universidades da Am\u00e9rica Latina, \u00c1frica e Caribe<\/p>\n<\/li>\n<li class=\"py-0 my-0 prose-p:pt-0 prose-p:mb-2 prose-p:my-0 [&amp;&gt;p]:pt-0 [&amp;&gt;p]:mb-2 [&amp;&gt;p]:my-0\">\n<p class=\"my-2 [&amp;+p]:mt-4 [&amp;_strong:has(+br)]:inline-block [&amp;_strong:has(+br)]:pb-2\"><strong>Pesquisa interdisciplinar:<\/strong> foco em problemas comuns \u00e0 regi\u00e3o (desigualdade, desenvolvimento sustent\u00e1vel, direitos humanos, diversidade cultural, integra\u00e7\u00e3o regional)<\/p>\n<\/li>\n<li class=\"py-0 my-0 prose-p:pt-0 prose-p:mb-2 prose-p:my-0 [&amp;&gt;p]:pt-0 [&amp;&gt;p]:mb-2 [&amp;&gt;p]:my-0\">\n<p class=\"my-2 [&amp;+p]:mt-4 [&amp;_strong:has(+br)]:inline-block [&amp;_strong:has(+br)]:pb-2\"><strong>Extens\u00e3o universit\u00e1ria:<\/strong> projetos colaborativos com comunidades fronteiri\u00e7as, movimentos sociais, escolas p\u00fablicas, organiza\u00e7\u00f5es culturais<\/p>\n<\/li>\n<li class=\"py-0 my-0 prose-p:pt-0 prose-p:mb-2 prose-p:my-0 [&amp;&gt;p]:pt-0 [&amp;&gt;p]:mb-2 [&amp;&gt;p]:my-0\">\n<p class=\"my-2 [&amp;+p]:mt-4 [&amp;_strong:has(+br)]:inline-block [&amp;_strong:has(+br)]:pb-2\"><strong>Mobilidade estudantil:<\/strong> facilita\u00e7\u00e3o de interc\u00e2mbios entre pa\u00edses latino-americanos<\/p>\n<\/li>\n<li class=\"py-0 my-0 prose-p:pt-0 prose-p:mb-2 prose-p:my-0 [&amp;&gt;p]:pt-0 [&amp;&gt;p]:mb-2 [&amp;&gt;p]:my-0\">\n<p class=\"my-2 [&amp;+p]:mt-4 [&amp;_strong:has(+br)]:inline-block [&amp;_strong:has(+br)]:pb-2\"><strong>Eventos acad\u00eamicos internacionais:<\/strong> como o V SEMLACult 2026<\/p>\n<\/li>\n<\/ul>\n<hr class=\"bg-subtle h-px border-0\" \/>\n<h2 id=\"\" class=\"mb-2 mt-4 font-display font-semimedium text-base first:mt-0 md:text-lg [hr+&amp;]:mt-4\"><strong>Por Que a UNILA \u00e9 Parceira Ideal do V SEMLACult?<\/strong><\/h2>\n<p class=\"my-2 [&amp;+p]:mt-4 [&amp;_strong:has(+br)]:inline-block [&amp;_strong:has(+br)]:pb-2\">A UNILA materializa os princ\u00edpios centrais do <strong>V SEMLACult 2026:<\/strong><\/p>\n<p class=\"my-2 [&amp;+p]:mt-4 [&amp;_strong:has(+br)]:inline-block [&amp;_strong:has(+br)]:pb-2\">\u2705 <strong>Epistemologias do Sul:<\/strong> reconhece e valoriza saberes ind\u00edgenas, afrodiasp\u00f3ricos, populares e comunit\u00e1rios<br \/>\n\u2705 <strong>Pr\u00e1ticas Decoloniais:<\/strong> desafia hierarquias epist\u00eamicas coloniais e promove autonomia intelectual latino-americana<br \/>\n\u2705 <strong>Di\u00e1logos Sul-Sul:<\/strong> constr\u00f3i pontes horizontais entre pa\u00edses, povos e comunidades do Sul Global<br \/>\n\u2705 <strong>Diversidade cultural:<\/strong> celebra multilinguismo, interculturalidade e pluralidade epist\u00eamica<br \/>\n\u2705 <strong>Coopera\u00e7\u00e3o regional:<\/strong> compromete-se com integra\u00e7\u00e3o, solidariedade e desenvolvimento compartilhado<\/p>\n<p class=\"my-2 [&amp;+p]:mt-4 [&amp;_strong:has(+br)]:inline-block [&amp;_strong:has(+br)]:pb-2\">Sediar o V SEMLACult na UNILA \u00e9, portanto, um <strong>gesto de coer\u00eancia epist\u00eamica e pol\u00edtica<\/strong>: realizar um evento sobre epistemologias do Sul em uma universidade que pratica, cotidianamente, a integra\u00e7\u00e3o latino-americana e a descoloniza\u00e7\u00e3o do conhecimento.<\/p>\n<hr class=\"bg-subtle h-px border-0\" \/>\n<h2 id=\"\" class=\"mb-2 mt-4 font-display font-semimedium text-base first:mt-0 md:text-lg [hr+&amp;]:mt-4\"><strong>Contato e Informa\u00e7\u00f5es<\/strong><\/h2>\n<p class=\"my-2 [&amp;+p]:mt-4 [&amp;_strong:has(+br)]:inline-block [&amp;_strong:has(+br)]:pb-2\"><strong>Site oficial:<\/strong> <a class=\"reset interactable cursor-pointer decoration-1 underline-offset-1 text-super hover:underline font-semibold\" href=\"https:\/\/www.unila.edu.br\/\" target=\"_blank\" rel=\"nofollow noopener\"><span class=\"text-box-trim-both\">www.unila.edu.br<\/span><\/a><br \/>\n<strong>E-mail institucional:<\/strong> <a class=\"reset interactable cursor-pointer decoration-1 underline-offset-1 text-super hover:underline font-semibold\" href=\"mailto:secom@unila.edu.br\" target=\"_blank\" rel=\"nofollow noopener\"><span class=\"text-box-trim-both\">secom@unila.edu.br<\/span><\/a><br \/>\n<strong>Endere\u00e7o:<\/strong> Avenida Silvio Am\u00e9rico Sasdelli, 1842 &#8211; Vila A, Foz do Igua\u00e7u\/PR<br \/>\n<strong>Telefone:<\/strong> +55 (45) 3576-7307<\/p>\n<hr class=\"bg-subtle h-px border-0\" \/>\n<p class=\"my-2 [&amp;+p]:mt-4 [&amp;_strong:has(+br)]:inline-block [&amp;_strong:has(+br)]:pb-2\"><strong>Fonte:<\/strong><br \/>\nPortal UNILA | Andifes | Ag\u00eancia Brasil | Dados atualizados em 2024-2025<\/p>\n<\/div>\n","protected":false},"excerpt":{"rendered":"<p>A Universidade Federal da Integra\u00e7\u00e3o Latino-Americana (UNILA), criada pela Lei n\u00ba 12.189\/2010, \u00e9 uma institui\u00e7\u00e3o p\u00fablica federal de natureza jur\u00eddica&hellip; <\/p>\n","protected":false},"author":6,"featured_media":0,"parent":0,"menu_order":0,"comment_status":"closed","ping_status":"closed","template":"","meta":{"_monsterinsights_skip_tracking":false,"_monsterinsights_sitenote_active":false,"_monsterinsights_sitenote_note":"","_monsterinsights_sitenote_category":0,"footnotes":""},"class_list":["post-439","page","type-page","status-publish","hentry"],"_links":{"self":[{"href":"https:\/\/claec.org\/semlacult\/wp-json\/wp\/v2\/pages\/439","targetHints":{"allow":["GET"]}}],"collection":[{"href":"https:\/\/claec.org\/semlacult\/wp-json\/wp\/v2\/pages"}],"about":[{"href":"https:\/\/claec.org\/semlacult\/wp-json\/wp\/v2\/types\/page"}],"author":[{"embeddable":true,"href":"https:\/\/claec.org\/semlacult\/wp-json\/wp\/v2\/users\/6"}],"replies":[{"embeddable":true,"href":"https:\/\/claec.org\/semlacult\/wp-json\/wp\/v2\/comments?post=439"}],"version-history":[{"count":5,"href":"https:\/\/claec.org\/semlacult\/wp-json\/wp\/v2\/pages\/439\/revisions"}],"predecessor-version":[{"id":2064,"href":"https:\/\/claec.org\/semlacult\/wp-json\/wp\/v2\/pages\/439\/revisions\/2064"}],"wp:attachment":[{"href":"https:\/\/claec.org\/semlacult\/wp-json\/wp\/v2\/media?parent=439"}],"curies":[{"name":"wp","href":"https:\/\/api.w.org\/{rel}","templated":true}]}}