{"id":424,"date":"2017-02-15T17:18:10","date_gmt":"2017-02-15T19:18:10","guid":{"rendered":"http:\/\/claec.org\/semlacult\/?page_id=424"},"modified":"2025-11-06T14:46:22","modified_gmt":"2025-11-06T17:46:22","slug":"comissao-organizadora","status":"publish","type":"page","link":"https:\/\/claec.org\/semlacult\/2017-2\/comissao-organizadora\/","title":{"rendered":"Comiss\u00e3o Organizadora 2017"},"content":{"rendered":"<p style=\"text-align: center;\"><b>Realiza\u00e7\u00e3o<\/b><\/p>\n<p style=\"text-align: center;\"><a href=\"http:\/\/www.claec.org\/\" target=\"_blank\">Centro Latino-Americano de Estudos em Cultura \u2013 CLAEC<\/a><\/p>\n<hr \/>\n<p style=\"text-align: center;\"><strong>Institui\u00e7\u00e3o Parceira<\/strong><\/p>\n<p style=\"text-align: center;\"><a href=\"http:\/\/www.unila.edu.br\">Universidade Federal da Integra\u00e7\u00e3o Latino-Americana &#8211; Unila<\/a><\/p>\n<p style=\"text-align: center;\">Grupo de Pesquisa TEAR &#8211; Territ\u00f3rios em Articula\u00e7\u00e3o: Estrat\u00e9gias de Luta e Resist\u00eancia de Popula\u00e7\u00f5es Rurais, Ind\u00edgenas e Tradicionais na Am\u00e9rica Latina<\/p>\n<hr \/>\n<p style=\"text-align: center;\"><strong>Institui\u00e7\u00e3o de Financiamento<\/strong><\/p>\n<p style=\"text-align: center;\"><a href=\"http:\/\/www.capes.gov.br\" target=\"_blank\"><em>Coordena\u00e7\u00e3o de Aperfei\u00e7oamento de Pessoal de N\u00edvel Superior<\/em>\u00a0&#8211; CAPES<\/a><\/p>\n<hr \/>\n<p style=\"text-align: center;\"><b>Comit\u00ea Organizador<\/b><\/p>\n<p style=\"text-align: center;\"><a href=\"http:\/\/buscatextual.cnpq.br\/buscatextual\/visualizacv.do?id=K4790099U0\">Dra. Senilde Alc\u00e2ntara\u00a0Guanaes<\/a> (Unila) \u2013\u00a0<strong>Presidenta<\/strong><\/p>\n<p style=\"text-align: center;\"><a href=\"http:\/\/lattes.cnpq.br\/8991559889784246\">Bel. Bruno C\u00e9sar Alves Marcelino<\/a> (CLAEC) &#8211; <strong>Vice-Presidente<\/strong><\/p>\n<p style=\"text-align: center;\"><a href=\"http:\/\/lattes.cnpq.br\/8795835137524191\">Bel. \u00cdcaro Vasques Inchauspe<\/a> (CLAEC)<\/p>\n<hr \/>\n<p style=\"text-align: center;\"><strong>Comit\u00ea Cient\u00edfico<\/strong><\/p>\n<p style=\"text-align: center;\"><a href=\"https:\/\/claec.org\/semlacult\/wp-content\/uploads\/sites\/7\/2017\/02\/Ahtziri-Molina.pdf\" target=\"_blank\">Dra. Ahtziri Erendira Molina Rold\u00e1n<\/a> \u00a0(Universidad Veracruzana &#8211; M\u00e9xico)<\/p>\n<p style=\"text-align: center;\"><a href=\"http:\/\/buscatextual.cnpq.br\/buscatextual\/visualizacv.do?id=K4730033Y6\">Dra. Carla Daniela Rabelo Rodrigues<\/a> (Unipampa)<\/p>\n<p style=\"text-align: center;\"><a href=\"http:\/\/buscatextual.cnpq.br\/buscatextual\/visualizacv.do?id=K4746249E2\">Dr. Djalma Rodrigues Neto <\/a>(UFBA)<\/p>\n<p style=\"text-align: center;\"><a href=\"http:\/\/buscatextual.cnpq.br\/buscatextual\/visualizacv.do?id=K4770116T5\">Dr. Francisco Xavier Freire Rodrigues<\/a> (UFMT)<\/p>\n<p style=\"text-align: center;\"><a href=\"http:\/\/buscatextual.cnpq.br\/buscatextual\/visualizacv.do?id=K4735826H7\">Dr. Jos\u00e9 Serafim Bertoloto<\/a> \u00a0(UFMT)<\/p>\n<p style=\"text-align: center;\"><a href=\"http:\/\/buscatextual.cnpq.br\/buscatextual\/visualizacv.do?id=K4237414Y9\">Dra. Luciana Contreira Domingo<\/a> (Unipampa)<\/p>\n<p style=\"text-align: center;\"><a href=\"http:\/\/buscatextual.cnpq.br\/buscatextual\/visualizacv.do?id=K4761043T7\">Dra. Maria de F\u00e1tima Bento Ribeiro<\/a> (UFPel)<\/p>\n<p style=\"text-align: center;\"><a href=\"https:\/\/claec.org\/semlacult\/wp-content\/uploads\/sites\/7\/2017\/02\/Marco-Chavez-Aguayo.pdf\" target=\"_blank\">Dr.\u00a0Marco Antonio Ch\u00e1vez Aguayo<\/a> (Universidad de Guadalajara &#8211; M\u00e9xico)<\/p>\n<p style=\"text-align: center;\"><a href=\"https:\/\/claec.org\/semlacult\/wp-content\/uploads\/sites\/7\/2017\/02\/Ros\u00e1rio-Radakovich.pdf\" target=\"_blank\">Dra. Mar\u00eda Del Rosario Radakovich<\/a> (Universidad de la Rep\u00fablica &#8211; Uruguai)<\/p>\n<p style=\"text-align: center;\"><a href=\"http:\/\/buscatextual.cnpq.br\/buscatextual\/visualizacv.do?id=K4254512Y0\">Dra. Suzana Ferreira Paulino<\/a> (Facipe)<\/p>\n<p style=\"text-align: center;\"><a href=\"http:\/\/buscatextual.cnpq.br\/buscatextual\/visualizacv.do?id=K4790498Z6\">Dra. S\u00e1tira Pereira Machado<\/a> (Unipampa)<\/p>\n<p style=\"text-align: center;\"><a href=\"http:\/\/buscatextual.cnpq.br\/buscatextual\/visualizacv.do?id=K4790099U0\">Dra. Senilde Alc\u00e2ntara\u00a0Guanaes<\/a> (Unila) &#8211; <strong>Presidenta<\/strong><\/p>\n<p style=\"text-align: center;\"><a href=\"http:\/\/buscatextual.cnpq.br\/buscatextual\/visualizacv.do?id=K4790266P4\">Dr. Thomas Josue Silva<\/a> (Unipampa)<\/p>\n<hr \/>\n<p style=\"text-align: center;\"><strong>Comit\u00ea T\u00e9cnico<\/strong><\/p>\n<p style=\"text-align: center;\"><a href=\"http:\/\/lattes.cnpq.br\/8991559889784246\">Bel. Bruno C\u00e9sar Alves Marcelino<\/a> (CLAEC) \u2013 <strong>Presidente<\/strong><\/p>\n<p style=\"text-align: center;\"><a href=\"http:\/\/lattes.cnpq.br\/8795835137524191\">Bel. \u00cdcaro Vasques Inchauspe<\/a> (CLAEC) \u2013 <strong>Vice-Presidente<\/strong><\/p>\n<p style=\"text-align: center;\"><a href=\"http:\/\/lattes.cnpq.br\/4013378638360585\">Lic. Agnaldo Mesquita de Lima Junior<\/a> (CLAEC)<\/p>\n<p style=\"text-align: center;\"><a href=\"http:\/\/lattes.cnpq.br\/1297500137701289\">Isac Morais Lages Marcelino<\/a> (Instituto Conex)<\/p>\n<p style=\"text-align: center;\"><a href=\"http:\/\/lattes.cnpq.br\/5034728800362822\">Lic. Rocheli Regina Predebon Silveira<\/a> (CLAEC)<\/p>\n<p style=\"text-align: center;\"><a href=\"http:\/\/buscatextual.cnpq.br\/buscatextual\/visualizacv.do?id=K4430159Y0\" target=\"_blank\">Bel. Ronaldo Silva<\/a> (CLAEC)<\/p>\n<p>&nbsp;<\/p>\n","protected":false},"excerpt":{"rendered":"<p>Realiza\u00e7\u00e3o Centro Latino-Americano de Estudos em Cultura \u2013 CLAEC Institui\u00e7\u00e3o Parceira Universidade Federal da Integra\u00e7\u00e3o Latino-Americana &#8211; Unila Grupo de&hellip; <\/p>\n","protected":false},"author":6,"featured_media":0,"parent":1099,"menu_order":0,"comment_status":"closed","ping_status":"closed","template":"","meta":{"_monsterinsights_skip_tracking":false,"_monsterinsights_sitenote_active":false,"_monsterinsights_sitenote_note":"","_monsterinsights_sitenote_category":0,"footnotes":""},"class_list":["post-424","page","type-page","status-publish","hentry"],"_links":{"self":[{"href":"https:\/\/claec.org\/semlacult\/wp-json\/wp\/v2\/pages\/424","targetHints":{"allow":["GET"]}}],"collection":[{"href":"https:\/\/claec.org\/semlacult\/wp-json\/wp\/v2\/pages"}],"about":[{"href":"https:\/\/claec.org\/semlacult\/wp-json\/wp\/v2\/types\/page"}],"author":[{"embeddable":true,"href":"https:\/\/claec.org\/semlacult\/wp-json\/wp\/v2\/users\/6"}],"replies":[{"embeddable":true,"href":"https:\/\/claec.org\/semlacult\/wp-json\/wp\/v2\/comments?post=424"}],"version-history":[{"count":13,"href":"https:\/\/claec.org\/semlacult\/wp-json\/wp\/v2\/pages\/424\/revisions"}],"predecessor-version":[{"id":2043,"href":"https:\/\/claec.org\/semlacult\/wp-json\/wp\/v2\/pages\/424\/revisions\/2043"}],"up":[{"embeddable":true,"href":"https:\/\/claec.org\/semlacult\/wp-json\/wp\/v2\/pages\/1099"}],"wp:attachment":[{"href":"https:\/\/claec.org\/semlacult\/wp-json\/wp\/v2\/media?parent=424"}],"curies":[{"name":"wp","href":"https:\/\/api.w.org\/{rel}","templated":true}]}}