{"id":2025,"date":"2025-11-06T14:40:28","date_gmt":"2025-11-06T17:40:28","guid":{"rendered":"https:\/\/claec.org\/semlacult\/?page_id=2025"},"modified":"2025-11-06T14:40:29","modified_gmt":"2025-11-06T17:40:29","slug":"comissao-organizadora-2022","status":"publish","type":"page","link":"https:\/\/claec.org\/semlacult\/2022-2\/comissao-organizadora-2022\/","title":{"rendered":"Comiss\u00e3o Organizadora 2022"},"content":{"rendered":"<p style=\"text-align: center;\"><strong>Realiza\u00e7\u00e3o<\/strong><\/p>\n<p style=\"text-align: center;\">Centro Latino-Americano de Estudos em Cultura (CLAEC)<\/p>\n<p style=\"text-align: center;\">Universidade Federal da Integra\u00e7\u00e3o Latino-Americana (UNILA)<\/p>\n<p style=\"text-align: center;\">Programa de Mestrado em Integra\u00e7\u00e3o Contempor\u00e2nea da Am\u00e9rica Latina (PPGICAL)<\/p>\n<p style=\"text-align: center;\">\n<p style=\"text-align: center;\"><strong>Apoio<\/strong><\/p>\n<p style=\"text-align: center;\">Programa de Mestrado Interdisciplinar em Estudos Latino-Americanos (PPGIELA)<\/p>\n<p style=\"text-align: center;\">Centro Interdisciplinar de Antropologia e Hist\u00f3ria (CIAH)<\/p>\n<p style=\"text-align: center;\">Centro Interdisciplinar de Territ\u00f3rio, Arquitetura e Design (CITAD)<\/p>\n<p style=\"text-align: center;\">N\u00facleo Interdisciplinar de Pesquisas e Pr\u00e1ticas em Educa\u00e7\u00e3o Intercultura (NIPPEI)<\/p>\n<p style=\"text-align: center;\">\n<p style=\"text-align: center;\"><strong>Comit\u00ea Organizador<\/strong><\/p>\n<p style=\"text-align: center;\">Dnd. Bruno C\u00e9sar Alves Marcelino (CLAEC)<\/p>\n<p style=\"text-align: center;\">Dra. Senilde Alc\u00e2ntara Guanaes (UNILA)<\/p>\n<p style=\"text-align: center;\"><strong>Comit\u00ea T\u00e9cnico<\/strong><\/p>\n<p style=\"text-align: center;\">Patr\u00edcia Queiroz (NIPPEI)<\/p>\n<p style=\"text-align: center;\">Vanessa Guerra (CLAEC)<\/p>\n<p style=\"text-align: center;\">Cristiane Dambr\u00f3s (CLAEC)<\/p>\n<p style=\"text-align: center;\">\n<p style=\"text-align: center;\">\n<p style=\"text-align: center;\"><strong>\u00a0<\/strong><\/p>\n<p style=\"text-align: center;\"><strong>Comit\u00ea Cient\u00edfico Permanente<\/strong><\/p>\n<p style=\"text-align: center;\">Cristiane Dambr\u00f3s (Brasil) \u2013 Presidenta<\/p>\n<p style=\"text-align: center;\">Ahtziri Erendira Molina Rold\u00e1n (M\u00e9xico)<\/p>\n<p style=\"text-align: center;\">Ana C\u00e9lia Carneiro Oliveira (Brasil)<\/p>\n<p style=\"text-align: center;\">Betania Maciel (Brasil)<\/p>\n<p style=\"text-align: center;\">C\u00e9lia Maria Foster Silvestre (Brasil)<\/p>\n<p style=\"text-align: center;\">C\u00e9lia Souza da Costa (Brasil)<\/p>\n<p style=\"text-align: center;\">Daniel Levine (Estados Unidos)<\/p>\n<p style=\"text-align: center;\">Denise Rosana da Silva Moraes (Brasil)<\/p>\n<p style=\"text-align: center;\">Djalma Th\u00fcrler (Brasil)<\/p>\n<p style=\"text-align: center;\">Fabricio Pereira da Silva (Brasil)<\/p>\n<p style=\"text-align: center;\">Francisco Xavier Freire Rodrigues (Brasil)<\/p>\n<p style=\"text-align: center;\">Isabel Cristina Chaves Lopes (Brasil)<\/p>\n<p style=\"text-align: center;\">Jos\u00e9 Serafim Bertoloto (Brasil)<\/p>\n<p style=\"text-align: center;\">Ludmila de Lima Brand\u00e3o (Brasil)<\/p>\n<p style=\"text-align: center;\">Marco Antonio Ch\u00e1vez Aguayo (M\u00e9xico)<\/p>\n<p style=\"text-align: center;\">Marie Laure Geoffray (Fran\u00e7a)<\/p>\n<p style=\"text-align: center;\">N\u00e1dia Saito (Reino Unido)<\/p>\n<p style=\"text-align: center;\">Ronaldo Martins Gomes (Brasil)<\/p>\n<p style=\"text-align: center;\">Sandra Catalina Valdettaro (Argentina)<\/p>\n<p style=\"text-align: center;\">Senilde Alc\u00e2ntara Guanaes (Brasil)<\/p>\n<p style=\"text-align: center;\">Susana Dominza\u00edn (Uruguai)<\/p>\n<p style=\"text-align: center;\">Suzana Ferreira Paulino (Brasil)<\/p>\n<p style=\"text-align: center;\">Wilson Enrique Araque Jaramillo (Equador)<\/p>\n<div id=\"njcdgcofcbnlbpkpdhmlmiblaglnkpnj\" style=\"text-align: center;\"><\/div>\n","protected":false},"excerpt":{"rendered":"<p>Realiza\u00e7\u00e3o Centro Latino-Americano de Estudos em Cultura (CLAEC) Universidade Federal da Integra\u00e7\u00e3o Latino-Americana (UNILA) Programa de Mestrado em Integra\u00e7\u00e3o Contempor\u00e2nea&hellip; <\/p>\n","protected":false},"author":21,"featured_media":0,"parent":2018,"menu_order":0,"comment_status":"closed","ping_status":"closed","template":"","meta":{"_monsterinsights_skip_tracking":false,"_monsterinsights_sitenote_active":false,"_monsterinsights_sitenote_note":"","_monsterinsights_sitenote_category":0,"footnotes":""},"class_list":["post-2025","page","type-page","status-publish","hentry"],"_links":{"self":[{"href":"https:\/\/claec.org\/semlacult\/wp-json\/wp\/v2\/pages\/2025","targetHints":{"allow":["GET"]}}],"collection":[{"href":"https:\/\/claec.org\/semlacult\/wp-json\/wp\/v2\/pages"}],"about":[{"href":"https:\/\/claec.org\/semlacult\/wp-json\/wp\/v2\/types\/page"}],"author":[{"embeddable":true,"href":"https:\/\/claec.org\/semlacult\/wp-json\/wp\/v2\/users\/21"}],"replies":[{"embeddable":true,"href":"https:\/\/claec.org\/semlacult\/wp-json\/wp\/v2\/comments?post=2025"}],"version-history":[{"count":1,"href":"https:\/\/claec.org\/semlacult\/wp-json\/wp\/v2\/pages\/2025\/revisions"}],"predecessor-version":[{"id":2026,"href":"https:\/\/claec.org\/semlacult\/wp-json\/wp\/v2\/pages\/2025\/revisions\/2026"}],"up":[{"embeddable":true,"href":"https:\/\/claec.org\/semlacult\/wp-json\/wp\/v2\/pages\/2018"}],"wp:attachment":[{"href":"https:\/\/claec.org\/semlacult\/wp-json\/wp\/v2\/media?parent=2025"}],"curies":[{"name":"wp","href":"https:\/\/api.w.org\/{rel}","templated":true}]}}