{"id":2021,"date":"2025-11-06T14:38:59","date_gmt":"2025-11-06T17:38:59","guid":{"rendered":"https:\/\/claec.org\/semlacult\/?page_id=2021"},"modified":"2025-11-06T14:39:00","modified_gmt":"2025-11-06T17:39:00","slug":"programacao-2022","status":"publish","type":"page","link":"https:\/\/claec.org\/semlacult\/2022-2\/programacao-2022\/","title":{"rendered":"Programa\u00e7\u00e3o 2022"},"content":{"rendered":"\n<p>Confira a programa\u00e7\u00e3o detalhada das atividades do SEMLACult 2022!<\/p>\n\n\n\n<div class=\"wp-block-buttons is-layout-flex wp-block-buttons-is-layout-flex\">\n<div class=\"wp-block-button\"><a class=\"wp-block-button__link wp-element-button\" href=\"https:\/\/claec.org\/semlacult\/comunicadores\/\" target=\"_blank\" rel=\"noreferrer noopener\">Inscri\u00e7\u00e3o Comunicadores<\/a><\/div>\n\n\n\n<div class=\"wp-block-button\"><a class=\"wp-block-button__link wp-element-button\" href=\"https:\/\/claec.org\/semlacult\/ouvintes\/\" target=\"_blank\" rel=\"noreferrer noopener\">Inscri\u00e7\u00e3o Ouvintes<\/a><\/div>\n\n\n\n<div class=\"wp-block-button\"><a class=\"wp-block-button__link wp-element-button\" href=\"https:\/\/claec.org\/semlacult\/taxas-de-inscricao\/\" target=\"_blank\" rel=\"noreferrer noopener\">Taxas de Inscri\u00e7\u00f5es<\/a><\/div>\n<\/div>\n\n\n\n<div class=\"wp-block-buttons is-layout-flex wp-block-buttons-is-layout-flex\">\n<div class=\"wp-block-button\"><a class=\"wp-block-button__link wp-element-button\" href=\"https:\/\/claec.org\/semlacult\/simposios-tematicos\/\" target=\"_blank\" rel=\"noreferrer noopener\">Programa\u00e7\u00e3o dos Simp\u00f3sios Tem\u00e1ticos<\/a><\/div>\n<\/div>\n\n\n\n<hr class=\"wp-block-separator has-alpha-channel-opacity\"\/>\n\n\n\n<div class=\"wp-block-pb-accordion-item c-accordion__item js-accordion-item no-js\" data-initially-open=\"false\" data-click-to-close=\"true\" data-auto-close=\"true\" data-scroll=\"false\" data-scroll-offset=\"0\"><h2 id=\"at-20210\" class=\"c-accordion__title js-accordion-controller\" role=\"button\"><strong>DIA 23\/11 (quarta-feira)<\/strong><\/h2><div id=\"ac-20210\" class=\"c-accordion__content\">\n<p class=\"has-medium-font-size\"><strong>9h \u2013 12h<\/strong><\/p>\n\n\n\n<p class=\"has-medium-font-size\"><strong>CONFER\u00caNCIA PARA CONSULTA P\u00daBLICA DA POL\u00cdTICA DE CULTURAS DA UNILA<\/strong><\/p>\n\n\n\n<p class=\"has-medium-font-size\"><strong>Local: Audit\u00f3rio Martina Piazza \u2013 Campus UNILA JU<\/strong><\/p>\n\n\n\n<p class=\"has-text-align-center has-medium-font-size\"><strong>INTERVALO PARA ALMO\u00c7O<\/strong><\/p>\n\n\n\n<p class=\"has-medium-font-size\"><strong>14h \u2013 16h<\/strong><\/p>\n\n\n\n<p class=\"has-medium-font-size\"><strong>Mesa &#8211; Pr\u00e1ticas discursivas e viol\u00eancia contra a mulher: repensando perspectivas<\/strong><\/p>\n\n\n\n<p class=\"has-medium-font-size\"><strong>Integrantes:<\/strong><\/p>\n\n\n\n<p class=\"has-medium-font-size\">Alessandra Rosa Carrijo (Unioeste)<\/p>\n\n\n\n<p class=\"has-medium-font-size\">Luciana Vedovato (Unioeste)<\/p>\n\n\n\n<p class=\"has-medium-font-size\">Carla da Concei\u00e7\u00e3o Mores Gastaldin (CEEGED Unila\/Unioeste)<\/p>\n\n\n\n<p class=\"has-medium-font-size\">Maria Aparecida Webber (CEEGED Unila\/Unioeste)<\/p>\n\n\n\n<p class=\"has-medium-font-size\"><strong>Local: Audit\u00f3rio Martina Piazza \u2013 Campus UNILA JU<\/strong><\/p>\n\n\n\n<p><\/p>\n\n\n\n<p class=\"has-text-align-center has-medium-font-size\"><strong>INTERVALO<\/strong><\/p>\n\n\n\n<p><\/p>\n\n\n\n<p class=\"has-medium-font-size\"><strong>18h30 \u2013 19h<\/strong><\/p>\n\n\n\n<p class=\"has-medium-font-size\"><strong>CERIM\u00d4NIA DE ABERTURA<\/strong><\/p>\n\n\n\n<p class=\"has-medium-font-size\"><strong>19h \u2013 21h<\/strong><\/p>\n\n\n\n<p class=\"has-medium-font-size\"><strong>MESA DE ABERTURA<\/strong><\/p>\n\n\n\n<p class=\"has-medium-font-size\"><strong>Palestrantes:<\/strong><\/p>\n\n\n\n<p class=\"has-medium-font-size\"><strong>Iyaloris\u00e1 Yagun\u00e3 Dalzira Maria Aparecida<\/strong> (Il\u00ea As\u00e9 Ojogbo Ogun\/UFPR)<\/p>\n\n\n\n<p class=\"has-medium-font-size\"><strong>T\u00edtulo<\/strong>: Saberes tradicionais: o poder das folhas e o conhecimento popular na preserva\u00e7\u00e3o da vida<\/p>\n\n\n\n<p class=\"has-medium-font-size\"><strong>Alain Basail Rodr\u00edguez<\/strong> (Universidad de Ciencias y Artes de Chiapas UNICACH &#8211; M\u00e9xico \/CLACSO)<\/p>\n\n\n\n<p class=\"has-medium-font-size\"><strong>T\u00edtulo<\/strong>: Suma cr\u00edtica latinoamericana, m\u00e1s all\u00e1 del problema del reconocimiento<\/p>\n\n\n\n<p class=\"has-medium-font-size\"><strong>Carlos R\u00edos<\/strong> (Coordinador de talleres de lectura y escritura en la Escuela N\u00ba 701 de la Unidad Penitenciaria 1 (Lisandro Olmos).<\/p>\n\n\n\n<p class=\"has-medium-font-size\"><strong>T\u00edtulo:<\/strong> Escribir En\/Para Las Voces: La experiencia de escucha en el proyecto Reuni\u00f3n, de Dani Zelko<\/p>\n\n\n\n<p class=\"has-medium-font-size\"><strong>Local: Audit\u00f3rio Martina Piazza \u2013 Campus UNILA JU<\/strong><\/p>\n\n\n\n<p class=\"has-medium-font-size\"><strong>Apoio:<\/strong> PPGIELA e CIAH \u2013 Centro Interdisciplinar de Antropologia e Hist\u00f3ria<\/p>\n<\/div><\/div>\n\n\n\n<div class=\"wp-block-pb-accordion-item c-accordion__item js-accordion-item no-js\" data-initially-open=\"false\" data-click-to-close=\"true\" data-auto-close=\"true\" data-scroll=\"false\" data-scroll-offset=\"0\"><h2 id=\"at-20211\" class=\"c-accordion__title js-accordion-controller\" role=\"button\"><strong>DIA 24\/11 (quinta-feira)<\/strong><\/h2><div id=\"ac-20211\" class=\"c-accordion__content\">\n<p class=\"has-medium-font-size\"><strong>09h30 &#8211; 12h30<\/strong><\/p>\n\n\n\n<p class=\"has-medium-font-size\"><strong>Mesa \u2013 Conex\u00f5es Urbanas \u00c1frica e Am\u00e9rica Latina<\/strong><\/p>\n\n\n\n<p class=\"has-medium-font-size\"><strong>Integrantes:<\/strong><\/p>\n\n\n\n<p class=\"has-medium-font-size\">F\u00e1bio Velame (UFBA)<\/p>\n\n\n\n<p class=\"has-medium-font-size\">Rafael Sanzio dos Anjos (UnB\/UFBA)<\/p>\n\n\n\n<p class=\"has-medium-font-size\">Maria Jos\u00e9 El Saad (Secretaria Direitos Humanos)<\/p>\n\n\n\n<p class=\"has-medium-font-size\">Igor de Moraes Cardoso (OAB Foz do Igua\u00e7u)<\/p>\n\n\n\n<p class=\"has-medium-font-size\"><strong>Local: Audit\u00f3rio Martina Piazza \u2013 Campus UNILA JU<\/strong><\/p>\n\n\n\n<p class=\"has-medium-font-size\"><strong>Apoio: <\/strong>CIAH \u2013 Centro Interdisciplinar de Antropologia e Hist\u00f3ria e CITAD \u2013 Centro Interdisciplinar de Territ\u00f3rio, Arquitetura e Design<\/p>\n\n\n\n<p class=\"has-medium-font-size\"><strong>10h &#8211; 12h<\/strong><\/p>\n\n\n\n<p class=\"has-medium-font-size\"><strong>Sess\u00e3o de apresenta\u00e7\u00f5es de trabalhos (online)<\/strong> &#8211; <a href=\"https:\/\/claec.org\/semlacult\/wp-content\/uploads\/sites\/7\/2022\/11\/Programacao-STs-23-11.xlsx\">CONFIRA AQUI OS TRABALHOS!<\/a><\/p>\n\n\n\n<p class=\"has-medium-font-size\"><strong>ST 01 \u2013 A perspectiva intercultural em estudos sobre l\u00edngua(s) e linguagens<\/strong><\/p>\n\n\n\n<p class=\"has-medium-font-size\"><strong>ST 04 \u2013 Ra\u00edzes e raz\u00f5es da viol\u00eancia contra os povos origin\u00e1rios na Am\u00e9rica latina<\/strong><\/p>\n\n\n\n<p class=\"has-medium-font-size\"><strong>ST 07 \u2013 Di\u00e1logos interdisciplinares, filos\u00f3ficos e metodol\u00f3gicos sobre a(s) cultura(s)<\/strong><\/p>\n\n\n\n<p class=\"has-medium-font-size\"><strong>ST 08 \u2013 (Des)vendando as rela\u00e7\u00f5es entre Arte, Tecnologia e Sociedade<\/strong><\/p>\n\n\n\n<p><\/p>\n\n\n\n<p class=\"has-text-align-center has-medium-font-size\"><strong>INTERVALO<\/strong><\/p>\n\n\n\n<p><\/p>\n\n\n\n<p class=\"has-text-align-left has-medium-font-size\"><strong>19h &#8211; 21h<\/strong><\/p>\n\n\n\n<p class=\"has-medium-font-size\"><strong>Oficina \u2013 C\u00f3mo generar un proyecto de edici\u00f3n artesanal autosustentable.<br>Ecosistema de los libros cartoneros. Experiencias editoriales comunit\u00e1rias<\/strong><br>Carlos R\u00edos<\/p>\n\n\n\n<p class=\"has-medium-font-size\"><strong>Local: Sala 305 \u2013 Unila JU<\/strong> &#8211; Inscri\u00e7\u00e3o na oficina: <a href=\"https:\/\/doity.com.br\/semlacult2022#registration\">https:\/\/doity.com.br\/semlacult2022#registration<\/a><\/p>\n\n\n\n<p class=\"has-medium-font-size\"><strong>Apoio:<\/strong> PPGIELA<\/p>\n\n\n\n<p class=\"has-medium-font-size\"><\/p>\n<\/div><\/div>\n\n\n\n<div class=\"wp-block-pb-accordion-item c-accordion__item js-accordion-item no-js\" data-initially-open=\"false\" data-click-to-close=\"true\" data-auto-close=\"true\" data-scroll=\"false\" data-scroll-offset=\"0\"><h2 id=\"at-20212\" class=\"c-accordion__title js-accordion-controller\" role=\"button\"><strong>DIA 25\/11 (sexta-feira)<\/strong><\/h2><div id=\"ac-20212\" class=\"c-accordion__content\">\n<p class=\"has-medium-font-size\"><strong>10h &#8211; 12h<\/strong><\/p>\n\n\n\n<p class=\"has-medium-font-size\"><strong>Sess\u00e3o de apresenta\u00e7\u00f5es de trabalhos (online)<\/strong>&#8211; <a href=\"https:\/\/claec.org\/semlacult\/wp-content\/uploads\/sites\/7\/2022\/11\/Programacao-STs-23-11.xlsx\">CONFIRA AQUI OS TRABALHOS!<\/a><\/p>\n\n\n\n<p class=\"has-medium-font-size\"><strong>ST 02 \u2013 Saberes de desaprendizagens, Artes, G\u00eanero e Sexualidade<\/strong><\/p>\n\n\n\n<p class=\"has-medium-font-size\"><strong>ST 03 \u2013 Desenvolvimento Regional Sustent\u00e1vel: meio ambiente, economia e cultura Sul-Sul<\/strong><\/p>\n\n\n\n<p class=\"has-medium-font-size\"><strong>ST 05 \u2013 Comunica\u00e7\u00e3o, narrativas audiovisuais e semi\u00f3tica<\/strong><\/p>\n\n\n\n<p class=\"has-medium-font-size\"><strong>ST 06 \u2013 Cultura, Fronteira e Rela\u00e7\u00f5es Internacionais<\/strong><\/p>\n\n\n\n<p class=\"has-medium-font-size\"><strong>ST 07 \u2013 Di\u00e1logos interdisciplinares, filos\u00f3ficos e metodol\u00f3gicos sobre a(s) cultura(s)<\/strong><\/p>\n\n\n\n<p class=\"has-text-align-center has-medium-font-size\"><strong>INTERVALO PARA ALMO\u00c7O<\/strong><\/p>\n\n\n\n<p class=\"has-medium-font-size\"><strong>14h \u2013 17h<\/strong><\/p>\n\n\n\n<p class=\"has-medium-font-size\"><strong>Oficina &#8211; Territ\u00f3rios Afro-Diasp\u00f3ricos no Il\u00ea As\u00e9 Oju Og\u00fan Funmilaiy\u00f3, com F\u00e1bio Velame, Rafael Sanzio dos Anjos e Andrea Rodrigues<\/strong><\/p>\n\n\n\n<p class=\"has-medium-font-size\">*\u00d4nibus com sa\u00edda do Barrageiros\/PTI \u00e0s 13h, passando pela Unila\/JU, com retorno \u00e0s 17h30. Inscri\u00e7\u00e3o na oficina e \u00f4nibus: <a href=\"https:\/\/doity.com.br\/semlacult2022#registration\">https:\/\/doity.com.br\/semlacult2022#registration<\/a><\/p>\n\n\n\n<p class=\"has-medium-font-size\"><strong>17h \u2013 17h30<\/strong><\/p>\n\n\n\n<p class=\"has-medium-font-size\"><strong>Lan\u00e7amento livros:<\/strong><\/p>\n\n\n\n<p class=\"has-medium-font-size\"><strong>Livro 1 &#8211; \u201cArquiteturas Crioulas: os terreiros de Candombl\u00e9 de Cachoeira e S\u00e3o F\u00e9lix\u201d<\/strong><\/p>\n\n\n\n<p class=\"has-medium-font-size\">F\u00e1bio Velame<\/p>\n\n\n\n<p class=\"has-medium-font-size\"><strong>Livro 2 &#8211; \u201cArquiteturas dos Quilombos da Bahia\u201d<\/strong><\/p>\n\n\n\n<p class=\"has-medium-font-size\">F\u00e1bio Velame<\/p>\n\n\n\n<p class=\"has-medium-font-size\"><strong>Livro 3 &#8211; \u201cTerrit\u00f3rios, cidades e identidades africanas em movimento\u201d<\/strong><\/p>\n\n\n\n<p class=\"has-medium-font-size\">Andrea Moassab e Marina Berthet<\/p>\n\n\n\n<p class=\"has-medium-font-size\"><strong>Local: Il\u00ea As\u00e9 Oju Og\u00fan Funmilaiy\u00f3 \u2013 Rua Batatais, 388, Foz do Igua\u00e7u\/PR.<\/strong><\/p>\n\n\n\n<p class=\"has-medium-font-size\">*\u00d4nibus com sa\u00edda do Barrageiros\/PTI \u00e0s 13h, passando pela Unila\/JU, com retorno \u00e0s 17h30. Inscri\u00e7\u00e3o na oficina e \u00f4nibus: <a href=\"https:\/\/doity.com.br\/semlacult2022#registration\">https:\/\/doity.com.br\/semlacult2022#registration<\/a><\/p>\n\n\n\n<p class=\"has-medium-font-size\"><strong>Apoio:<\/strong> CIAH \u2013 Centro Interdisciplinar de Antropologia e Hist\u00f3ria e CITAD \u2013 Centro Interdisciplinar de Territ\u00f3rio, Arquitetura e Design<\/p>\n\n\n\n<p class=\"has-medium-font-size\"><strong>_________________<\/strong><\/p>\n\n\n\n<p class=\"has-medium-font-size\"><strong>14h30 &#8211; 16h30<\/strong><\/p>\n\n\n\n<p class=\"has-medium-font-size\"><strong>Mesa \u2013 10 ANOS PET CONEX\u00d5ES UNILA<\/strong><\/p>\n\n\n\n<p class=\"has-medium-font-size\"><strong>Local: Audit\u00f3rio Martina Piazza \u2013 Campus UNILA JU<\/strong><\/p>\n\n\n\n<p class=\"has-text-align-center has-medium-font-size\"><strong>INTERVALO<\/strong><\/p>\n\n\n\n<p class=\"has-medium-font-size\"><strong>17h &#8211; 19h<\/strong><\/p>\n\n\n\n<p class=\"has-medium-font-size\"><strong>Mesa de encerramento<\/strong>:<\/p>\n\n\n\n<p class=\"has-medium-font-size\"><strong>1\u00aa CONFER\u00caNCIA DE IMPLEMENTA\u00c7\u00c3O DO ENCONTRO DE SABERES DA UNILA<\/strong><\/p>\n\n\n\n<p class=\"has-medium-font-size\"><strong>Jos\u00e9 Jorge Carvalho<\/strong> (INCT Inclus\u00e3o\/UNB)<\/p>\n\n\n\n<p class=\"has-medium-font-size\"><strong>Local: Audit\u00f3rio Martina Piazza \u2013 Campus UNILA JU<\/strong><\/p>\n\n\n\n<p class=\"has-medium-font-size\"><strong>Apoio:<\/strong> PPGIELA e CIAH \u2013 Centro Interdisciplinar de Antropologia e Hist\u00f3ria<\/p>\n<\/div><\/div>\n","protected":false},"excerpt":{"rendered":"<p>Confira a programa\u00e7\u00e3o detalhada das atividades do SEMLACult 2022!<\/p>\n","protected":false},"author":21,"featured_media":0,"parent":2018,"menu_order":0,"comment_status":"closed","ping_status":"closed","template":"","meta":{"_monsterinsights_skip_tracking":false,"_monsterinsights_sitenote_active":false,"_monsterinsights_sitenote_note":"","_monsterinsights_sitenote_category":0,"footnotes":""},"class_list":["post-2021","page","type-page","status-publish","hentry"],"_links":{"self":[{"href":"https:\/\/claec.org\/semlacult\/wp-json\/wp\/v2\/pages\/2021","targetHints":{"allow":["GET"]}}],"collection":[{"href":"https:\/\/claec.org\/semlacult\/wp-json\/wp\/v2\/pages"}],"about":[{"href":"https:\/\/claec.org\/semlacult\/wp-json\/wp\/v2\/types\/page"}],"author":[{"embeddable":true,"href":"https:\/\/claec.org\/semlacult\/wp-json\/wp\/v2\/users\/21"}],"replies":[{"embeddable":true,"href":"https:\/\/claec.org\/semlacult\/wp-json\/wp\/v2\/comments?post=2021"}],"version-history":[{"count":1,"href":"https:\/\/claec.org\/semlacult\/wp-json\/wp\/v2\/pages\/2021\/revisions"}],"predecessor-version":[{"id":2023,"href":"https:\/\/claec.org\/semlacult\/wp-json\/wp\/v2\/pages\/2021\/revisions\/2023"}],"up":[{"embeddable":true,"href":"https:\/\/claec.org\/semlacult\/wp-json\/wp\/v2\/pages\/2018"}],"wp:attachment":[{"href":"https:\/\/claec.org\/semlacult\/wp-json\/wp\/v2\/media?parent=2021"}],"curies":[{"name":"wp","href":"https:\/\/api.w.org\/{rel}","templated":true}]}}