{"id":2018,"date":"2025-11-06T14:33:05","date_gmt":"2025-11-06T17:33:05","guid":{"rendered":"https:\/\/claec.org\/semlacult\/?page_id=2018"},"modified":"2025-11-06T14:33:06","modified_gmt":"2025-11-06T17:33:06","slug":"2022-2","status":"publish","type":"page","link":"https:\/\/claec.org\/semlacult\/2022-2\/","title":{"rendered":"2022"},"content":{"rendered":"\n<p>O<strong>&nbsp;IV SEMLACult \u2013 Semin\u00e1rio Latino-Americano de Estudos em Cultura<\/strong>&nbsp;sob a tem\u00e1tica&nbsp;<strong>\u201cIntegra\u00e7\u00e3o de Saberes Tradicionais e Populares\u201d<\/strong>&nbsp;\u00e9 uma iniciativa do CLAEC \u2013 Centro Latino-Americano de Estudos em Cultura, em parceria com o Programa de Mestrado em Integra\u00e7\u00e3o Contempor\u00e2nea da Am\u00e9rica Latina (PPG-ICAL) da UNILA \u2013 Universidade Federal da Integra\u00e7\u00e3o Latino-Americana. Ser\u00e1 realizado entre os dias&nbsp;<strong>23 e 25 de novembro de 2022<\/strong>, de forma h\u00edbrida, a etapa presencial ocorrer\u00e1 nas depend\u00eancias da UNILA, em Foz do Igua\u00e7u\/PR, na tr\u00edplice fronteira do Brasil com Argentina e Paraguai.<\/p>\n\n\n\n<p>A proposta tem\u00e1tica desta edi\u00e7\u00e3o faz parte de um movimento mais amplo de promo\u00e7\u00e3o, difus\u00e3o e integra\u00e7\u00e3o dos saberes e pr\u00e1ticas tradicionais e populares nos espa\u00e7os acad\u00eamicos e cient\u00edficos, que vem se repercutindo em todo o Brasil e nos demais pa\u00edses do continente latino-americano, com base em tr\u00eas eixos: a) as a\u00e7\u00f5es afirmativas no contexto acad\u00eamico, que t\u00eam promovido outras agencias, subjetividades e sensibilidades nos contextos de ensino e aprendizagem; b) o movimento epist\u00eamico decolonial de inclus\u00e3o na universidade de conhecimentos ancestrais, tradicionais e populares pr\u00f3prios dos nossos territ\u00f3rios e regi\u00f5es; c) a expans\u00e3o das t\u00e9cnicas, m\u00e9todos e linguagens capazes de comunicar e integrar diferentes conhecimentos e pr\u00e1ticas \u00e0s inova\u00e7\u00f5es tecnol\u00f3gicas e cient\u00edficas do mundo contempor\u00e2neo.<\/p>\n\n\n\n<p>O objetivo espec\u00edfico desta quarta edi\u00e7\u00e3o do SEMLACult \u00e9 proporcionar um espa\u00e7o h\u00edbrido de encontros, di\u00e1logos e semeaduras, cuja tessitura \u00e9 a integra\u00e7\u00e3o epist\u00eamica. S\u00e3o muito bem-vindos trabalhos e propostas que construam pontes entre os diferentes conhecimentos produzidos pelas popula\u00e7\u00f5es, povos, comunidades, coletivos e movimentos populares no campo e na cidade, e os conhecimentos cient\u00edficos acad\u00eamicos, seja no campo das ci\u00eancias humanas e sociais, da lingu\u00edstica, letras e artes, seja no campo das ci\u00eancias da vida, da sa\u00fade e da natureza. Pretendemos, ao integrar esse movimento interepist\u00eamico e intercultural, contribuir com a percep\u00e7\u00e3o e aprofundamento das quest\u00f5es e problemas que afetam e desafiam as formas de vida e coletividade no nosso planeta, reconhecendo as limita\u00e7\u00f5es dos c\u00e2nones acad\u00eamicos e cient\u00edficos convencionais e, simultaneamente, a potencial contribui\u00e7\u00e3o proporcionada pela diversidade cultural, biossocial e \u00e9tnica da nossa regi\u00e3o.<\/p>\n\n\n\n<p>Mais uma vez, o CLAEC e a UNILA celebram o compromisso m\u00fatuo com a produ\u00e7\u00e3o intelectual, cient\u00edfica e cultural do pa\u00eds, da nossa regi\u00e3o e das suas rela\u00e7\u00f5es com os demais continentes e pa\u00edses, com a escolha de uma tem\u00e1tica que transcende as \u00e1reas disciplinares, agregando assim, professores\/as, servidores\/as t\u00e9cnicos\/as, estudantes, pesquisadores\/as, mestras e mestres de saberes tradicionais e populares, fazedores\/as e promotores\/as de culturas, movimentos populares, e demais pessoas interessadas na integra\u00e7\u00e3o epist\u00eamica e cultural na nossa regi\u00e3o. Acreditamos que promover a diversidade cultural e a integra\u00e7\u00e3o do conhecimento na Am\u00e9rica Latina, dentro e fora da comunidade acad\u00eamica, \u00e9 um meio eficaz de incentivar a inova\u00e7\u00e3o e gera\u00e7\u00e3o de novos e outros conhecimentos no campo cient\u00edfico, tecnol\u00f3gico, econ\u00f4mico e social.<\/p>\n","protected":false},"excerpt":{"rendered":"<p>O&nbsp;IV SEMLACult \u2013 Semin\u00e1rio Latino-Americano de Estudos em Cultura&nbsp;sob a tem\u00e1tica&nbsp;\u201cIntegra\u00e7\u00e3o de Saberes Tradicionais e Populares\u201d&nbsp;\u00e9 uma iniciativa do CLAEC&hellip; <\/p>\n","protected":false},"author":21,"featured_media":0,"parent":0,"menu_order":0,"comment_status":"closed","ping_status":"closed","template":"","meta":{"_monsterinsights_skip_tracking":false,"_monsterinsights_sitenote_active":false,"_monsterinsights_sitenote_note":"","_monsterinsights_sitenote_category":0,"footnotes":""},"class_list":["post-2018","page","type-page","status-publish","hentry"],"_links":{"self":[{"href":"https:\/\/claec.org\/semlacult\/wp-json\/wp\/v2\/pages\/2018","targetHints":{"allow":["GET"]}}],"collection":[{"href":"https:\/\/claec.org\/semlacult\/wp-json\/wp\/v2\/pages"}],"about":[{"href":"https:\/\/claec.org\/semlacult\/wp-json\/wp\/v2\/types\/page"}],"author":[{"embeddable":true,"href":"https:\/\/claec.org\/semlacult\/wp-json\/wp\/v2\/users\/21"}],"replies":[{"embeddable":true,"href":"https:\/\/claec.org\/semlacult\/wp-json\/wp\/v2\/comments?post=2018"}],"version-history":[{"count":1,"href":"https:\/\/claec.org\/semlacult\/wp-json\/wp\/v2\/pages\/2018\/revisions"}],"predecessor-version":[{"id":2019,"href":"https:\/\/claec.org\/semlacult\/wp-json\/wp\/v2\/pages\/2018\/revisions\/2019"}],"wp:attachment":[{"href":"https:\/\/claec.org\/semlacult\/wp-json\/wp\/v2\/media?parent=2018"}],"curies":[{"name":"wp","href":"https:\/\/api.w.org\/{rel}","templated":true}]}}