{"id":1901,"date":"2022-11-20T16:19:14","date_gmt":"2022-11-20T19:19:14","guid":{"rendered":"https:\/\/claec.org\/semlacult\/?page_id=1901"},"modified":"2022-11-20T19:44:09","modified_gmt":"2022-11-20T22:44:09","slug":"participante","status":"publish","type":"page","link":"https:\/\/claec.org\/semlacult\/participante\/","title":{"rendered":"\u00c1rea do Participante"},"content":{"rendered":"\n<div class=\"wp-block-group\"><div class=\"wp-block-group__inner-container is-layout-flow wp-block-group-is-layout-flow\">\n<h4 class=\"wp-block-heading\">S\u00f3 ter\u00e3o acesso a \u00e1rea do participante, os participantes inscritos no evento!<\/h4>\n\n\n\n<h4 class=\"wp-block-heading\">As atividades estar\u00e3o dispon\u00edveis 20 (vinte) minutos antes do hor\u00e1rio agendado.<\/h4>\n\n\n\n<h4 class=\"wp-block-heading\">Acessar unicamente com o e-mail cadastrado no sistema de inscri\u00e7\u00e3o\/submiss\u00e3o.<\/h4>\n\n\n\n<p class=\"has-black-color has-text-color\"><strong><mark style=\"background-color:rgba(0, 0, 0, 0)\" class=\"has-inline-color has-cyan-bluish-gray-color\">INSTRUTIVO DE ACESSO A \u00c1REA DO PARTICIPANTE:\u00a0 <a href=\"https:\/\/claec.org\/semlacult\/wp-content\/uploads\/sites\/7\/2022\/11\/Instrucoes-aos-Inscritos.pdf\">Clique aqui!<\/a><\/mark><\/strong><\/p>\n<\/div><\/div>\n\n\n\n<hr class=\"wp-block-separator has-alpha-channel-opacity\"\/>\n\n\n\n<iframe src=\"https:\/\/www.crearesolutions.com.br\/app\/semlacult2022\/\" width=\"100%\" height=\"600px\" frameborder=\"0\"><\/iframe>\n","protected":false},"excerpt":{"rendered":"<p>S\u00f3 ter\u00e3o acesso a \u00e1rea do participante, os participantes inscritos no evento! As atividades estar\u00e3o dispon\u00edveis 20 (vinte) minutos antes&hellip; <\/p>\n","protected":false},"author":1,"featured_media":0,"parent":0,"menu_order":0,"comment_status":"closed","ping_status":"closed","template":"","meta":{"_monsterinsights_skip_tracking":false,"_monsterinsights_sitenote_active":false,"_monsterinsights_sitenote_note":"","_monsterinsights_sitenote_category":0,"footnotes":""},"class_list":["post-1901","page","type-page","status-publish","hentry"],"_links":{"self":[{"href":"https:\/\/claec.org\/semlacult\/wp-json\/wp\/v2\/pages\/1901","targetHints":{"allow":["GET"]}}],"collection":[{"href":"https:\/\/claec.org\/semlacult\/wp-json\/wp\/v2\/pages"}],"about":[{"href":"https:\/\/claec.org\/semlacult\/wp-json\/wp\/v2\/types\/page"}],"author":[{"embeddable":true,"href":"https:\/\/claec.org\/semlacult\/wp-json\/wp\/v2\/users\/1"}],"replies":[{"embeddable":true,"href":"https:\/\/claec.org\/semlacult\/wp-json\/wp\/v2\/comments?post=1901"}],"version-history":[{"count":4,"href":"https:\/\/claec.org\/semlacult\/wp-json\/wp\/v2\/pages\/1901\/revisions"}],"predecessor-version":[{"id":1950,"href":"https:\/\/claec.org\/semlacult\/wp-json\/wp\/v2\/pages\/1901\/revisions\/1950"}],"wp:attachment":[{"href":"https:\/\/claec.org\/semlacult\/wp-json\/wp\/v2\/media?parent=1901"}],"curies":[{"name":"wp","href":"https:\/\/api.w.org\/{rel}","templated":true}]}}