{"id":1678,"date":"2022-08-18T18:08:52","date_gmt":"2022-08-18T21:08:52","guid":{"rendered":"https:\/\/claec.org\/semlacult\/?page_id=1678"},"modified":"2026-01-15T19:57:35","modified_gmt":"2026-01-15T22:57:35","slug":"comissao-organizadora","status":"publish","type":"page","link":"https:\/\/claec.org\/semlacult\/apresentacao\/comissao-organizadora\/","title":{"rendered":"Comiss\u00e3o Organizadora"},"content":{"rendered":"<p style=\"text-align: center;\"><strong>Realiza\u00e7\u00e3o<\/strong><\/p>\n<p style=\"text-align: center;\">Centro Latino-Americano de Estudos em Cultura (CLAEC)<\/p>\n<p style=\"text-align: center;\">Universidade Federal da Integra\u00e7\u00e3o Latino-Americana (UNILA)<\/p>\n<p style=\"text-align: center;\">Universidade Estadual do Oeste do Paran\u00e1 (UNIOESTE)<\/p>\n<p style=\"text-align: center;\">&#8211;<\/p>\n<p style=\"text-align: center;\"><strong>Apoio<\/strong><\/p>\n<p style=\"text-align: center;\">Programa de P\u00f3s-Gradua\u00e7\u00e3o Profissional em Educa\u00e7\u00e3o (PPGEDU\/UNILA)<\/p>\n<p style=\"text-align: center;\">Programa de P\u00f3s-Gradua\u00e7\u00e3o em Hist\u00f3ria (PPGHIS\/UNILA)<\/p>\n<p style=\"text-align: center;\">Programa de P\u00f3s-Gradua\u00e7\u00e3o em Literatura Comparada (PPGLC\/UNILA)<\/p>\n<p style=\"text-align: center;\">Programa de P\u00f3s-Gradua\u00e7\u00e3o em Ensino (PPGEN\/UNIOESTE)<\/p>\n<p style=\"text-align: center;\">Secretaria de A\u00e7\u00f5es Afirmativas e Equidade &#8211; SECAFE (UNILA)<\/p>\n<p style=\"text-align: center;\">&#8211;<\/p>\n<p style=\"text-align: center;\"><strong>Financiamento<\/strong><\/p>\n<p style=\"text-align: center;\">Coordena\u00e7\u00e3o de Aperfei\u00e7oamento de Pessoal de N\u00edvel Superior (CAPES)<\/p>\n<p style=\"text-align: center;\">Programa de Apoio a Eventos no Pa\u00eds (PAEP)<\/p>\n<p style=\"text-align: center;\">&#8211;<\/p>\n<p style=\"text-align: center;\"><strong>Comit\u00ea Organizador<\/strong><\/p>\n<p style=\"text-align: center;\">Bruno C\u00e9sar Alves Marcelino (CLAEC) &#8211; Presidente<\/p>\n<p style=\"text-align: center;\">Juliana Porto Machado (CLAEC) &#8211; Vice Presidenta<\/p>\n<p style=\"text-align: center;\">Carlos Henrique Lopes de Almeida (PPGLC\/UNILA)<\/p>\n<p style=\"text-align: center;\">Marcelo Augusto Rocha (PPGEDU\/UNILA)<\/p>\n<p style=\"text-align: center;\">Marcos Roberto Pisarski Junior (CLAEC\/Itaipu Parquetec)<\/p>\n<p style=\"text-align: center;\">Rosangela de Jesus Silva (PPGHIS\/UNILA)<\/p>\n<p style=\"text-align: center;\">Vanessa Calvo Guerra (CLAEC)<\/p>\n<p style=\"text-align: center;\">Vanessa Lucena Camargo de Almeida Klaus (PPGEN\/UNIOESTE)<\/p>\n<p style=\"text-align: center;\">&#8211;<\/p>\n<p style=\"text-align: center;\"><strong>Comit\u00ea T\u00e9cnico<\/strong><\/p>\n<p style=\"text-align: center;\">Ana Carolina Pereira<\/p>\n<p style=\"text-align: center;\">Ana Claudia Zimmer<\/p>\n<p style=\"text-align: center;\">Bruna Rafaela Tome<\/p>\n<p style=\"text-align: center;\">Emilia Elizabet Esp\u00ednola Duarte<\/p>\n<p style=\"text-align: center;\">Francielle de Souza Lopes<\/p>\n<p style=\"text-align: center;\">Gabrielle Thais Werle<\/p>\n<p style=\"text-align: center;\">Lidiane Canever Wernke<\/p>\n<p style=\"text-align: center;\">&#8211;<\/p>\n<p style=\"text-align: center;\"><strong>Comit\u00ea Cient\u00edfico da Edi\u00e7\u00e3o<\/strong><\/p>\n<p style=\"text-align: center;\">Jorgelina Ivana Tallei (UNILA\/UNIOESTE) \u2013 Presidenta<\/p>\n<p style=\"text-align: center;\">Ana Paula Ara\u00fajo Fonseca (UNILA)<\/p>\n<p style=\"text-align: center;\">M\u00e1rio Ram\u00e3o Villalva Filho (UNILA)<\/p>\n<p style=\"text-align: center;\">Rosangela de Jesus Silva (UNILA)<\/p>\n<p style=\"text-align: center;\">&#8211;<\/p>\n<p style=\"text-align: center;\"><strong>Comit\u00ea Cient\u00edfico Permanente<\/strong><\/p>\n<p style=\"text-align: center;\">Cristiane Dambr\u00f3s (Brasil)<\/p>\n<p style=\"text-align: center;\">Ahtziri Erendira Molina Rold\u00e1n (M\u00e9xico)<\/p>\n<p style=\"text-align: center;\">Ana C\u00e9lia Carneiro Oliveira (Brasil)<\/p>\n<p style=\"text-align: center;\">Betania Maciel (Brasil)<\/p>\n<p style=\"text-align: center;\">C\u00e9lia Maria Foster Silvestre (Brasil)<\/p>\n<p style=\"text-align: center;\">C\u00e9lia Souza da Costa (Brasil)<\/p>\n<p style=\"text-align: center;\">Daniel Levine (Estados Unidos)<\/p>\n<p style=\"text-align: center;\">Denise Rosana da Silva Moraes (Brasil)<\/p>\n<p style=\"text-align: center;\">Djalma Th\u00fcrler (Brasil)<\/p>\n<p style=\"text-align: center;\">Fabricio Pereira da Silva (Brasil)<\/p>\n<p style=\"text-align: center;\">Francisco Xavier Freire Rodrigues (Brasil)<\/p>\n<p style=\"text-align: center;\">Isabel Cristina Chaves Lopes (Brasil)<\/p>\n<p style=\"text-align: center;\">Jos\u00e9 Serafim Bertoloto (Brasil)<\/p>\n<p style=\"text-align: center;\">Juliana Porto Machado (CLAEC) &#8211; Presidenta<\/p>\n<p style=\"text-align: center;\">Ludmila de Lima Brand\u00e3o (Brasil)<\/p>\n<p style=\"text-align: center;\">Marco Antonio Ch\u00e1vez Aguayo (M\u00e9xico)<\/p>\n<p style=\"text-align: center;\">Marie Laure Geoffray (Fran\u00e7a)<\/p>\n<p style=\"text-align: center;\">N\u00e1dia Saito (Reino Unido)<\/p>\n<p style=\"text-align: center;\">Ronaldo Martins Gomes (Brasil)<\/p>\n<p style=\"text-align: center;\">Sandra Catalina Valdettaro (Argentina)<\/p>\n<p style=\"text-align: center;\">Senilde Alc\u00e2ntara Guanaes (Brasil)<\/p>\n<p style=\"text-align: center;\">Susana Dominza\u00edn (Uruguai)<\/p>\n<p style=\"text-align: center;\">Suzana Ferreira Paulino (Brasil)<\/p>\n<p style=\"text-align: center;\">Wilson Enrique Araque Jaramillo (Equador)<\/p>\n<div id=\"njcdgcofcbnlbpkpdhmlmiblaglnkpnj\" style=\"text-align: center;\"><\/div>\n","protected":false},"excerpt":{"rendered":"<p>Realiza\u00e7\u00e3o Centro Latino-Americano de Estudos em Cultura (CLAEC) Universidade Federal da Integra\u00e7\u00e3o Latino-Americana (UNILA) Universidade Estadual do Oeste do Paran\u00e1&hellip; <\/p>\n","protected":false},"author":1,"featured_media":0,"parent":419,"menu_order":0,"comment_status":"closed","ping_status":"closed","template":"","meta":{"_monsterinsights_skip_tracking":false,"_monsterinsights_sitenote_active":false,"_monsterinsights_sitenote_note":"","_monsterinsights_sitenote_category":0,"footnotes":""},"class_list":["post-1678","page","type-page","status-publish","hentry"],"_links":{"self":[{"href":"https:\/\/claec.org\/semlacult\/wp-json\/wp\/v2\/pages\/1678","targetHints":{"allow":["GET"]}}],"collection":[{"href":"https:\/\/claec.org\/semlacult\/wp-json\/wp\/v2\/pages"}],"about":[{"href":"https:\/\/claec.org\/semlacult\/wp-json\/wp\/v2\/types\/page"}],"author":[{"embeddable":true,"href":"https:\/\/claec.org\/semlacult\/wp-json\/wp\/v2\/users\/1"}],"replies":[{"embeddable":true,"href":"https:\/\/claec.org\/semlacult\/wp-json\/wp\/v2\/comments?post=1678"}],"version-history":[{"count":14,"href":"https:\/\/claec.org\/semlacult\/wp-json\/wp\/v2\/pages\/1678\/revisions"}],"predecessor-version":[{"id":2211,"href":"https:\/\/claec.org\/semlacult\/wp-json\/wp\/v2\/pages\/1678\/revisions\/2211"}],"up":[{"embeddable":true,"href":"https:\/\/claec.org\/semlacult\/wp-json\/wp\/v2\/pages\/419"}],"wp:attachment":[{"href":"https:\/\/claec.org\/semlacult\/wp-json\/wp\/v2\/media?parent=1678"}],"curies":[{"name":"wp","href":"https:\/\/api.w.org\/{rel}","templated":true}]}}