{"id":1675,"date":"2022-08-18T18:00:03","date_gmt":"2022-08-18T21:00:03","guid":{"rendered":"https:\/\/claec.org\/semlacult\/?page_id=1675"},"modified":"2022-08-18T18:00:03","modified_gmt":"2022-08-18T21:00:03","slug":"2020-2","status":"publish","type":"page","link":"https:\/\/claec.org\/semlacult\/2020-2\/","title":{"rendered":"2020"},"content":{"rendered":"\n<p>O<strong>&nbsp;III Semin\u00e1rio Latino-Americano de Estudos em Cultura \u2013 SEMLACult<\/strong>&nbsp;(<a href=\"http:\/\/semlacu.lt\/\">semlacu.lt<\/a>) sob a tem\u00e1tica \u201cContribui\u00e7\u00f5es das humanidades nos estudos da cultura latino-americana: transversalidades e travessias em tempos de pandemia\u201d ser\u00e1 realizado entre os dias 23 e 27 de novembro de 2020, de forma online e \u00e9 uma iniciativa do CLAEC \u2013 Centro Latino-Americano de Estudos em Cultura em parceria com a UNILA \u2013 Universidade Federal da Integra\u00e7\u00e3o Latino-Americana.<\/p>\n\n\n\n<p>O prop\u00f3sito do evento \u00e9 de incluir toda e qualquer forma de contribui\u00e7\u00e3o cient\u00edfica e acad\u00eamica no \u00e2mbito das ci\u00eancias humanas e sociais, mais precisamente no campo dos estudos em cultura na Am\u00e9rica Latina, pretendendo ampliar a an\u00e1lise de cada elemento individual. Por sua vez, a cultura se apresenta como mecanismo de produ\u00e7\u00e3o e reprodu\u00e7\u00e3o social, a partir de seus mais diferentes campos de atua\u00e7\u00e3o, principalmente nas \u00e1reas das ci\u00eancias sociais e humanas.<\/p>\n\n\n\n<p>Logo, prop\u00f5em-se trazer an\u00e1lises antropol\u00f3gicas e sociol\u00f3gicas que versam, em conjunto com a tr\u00edade economia-pol\u00edtica-cultura sobre os aspectos das contribui\u00e7\u00f5es das humanidades nas sociedades latino-americanas, considerando o contexto contempor\u00e2neo dos tempos pand\u00eamicos. Agregando assim, professores, estudantes, pesquisadores e interessados do ensino superior tanto do Brasil como da Am\u00e9rica Latina.<\/p>\n","protected":false},"excerpt":{"rendered":"<p>O&nbsp;III Semin\u00e1rio Latino-Americano de Estudos em Cultura \u2013 SEMLACult&nbsp;(semlacu.lt) sob a tem\u00e1tica \u201cContribui\u00e7\u00f5es das humanidades nos estudos da cultura latino-americana:&hellip; <\/p>\n","protected":false},"author":1,"featured_media":0,"parent":0,"menu_order":0,"comment_status":"closed","ping_status":"closed","template":"","meta":{"_monsterinsights_skip_tracking":false,"_monsterinsights_sitenote_active":false,"_monsterinsights_sitenote_note":"","_monsterinsights_sitenote_category":0,"footnotes":""},"class_list":["post-1675","page","type-page","status-publish","hentry"],"_links":{"self":[{"href":"https:\/\/claec.org\/semlacult\/wp-json\/wp\/v2\/pages\/1675","targetHints":{"allow":["GET"]}}],"collection":[{"href":"https:\/\/claec.org\/semlacult\/wp-json\/wp\/v2\/pages"}],"about":[{"href":"https:\/\/claec.org\/semlacult\/wp-json\/wp\/v2\/types\/page"}],"author":[{"embeddable":true,"href":"https:\/\/claec.org\/semlacult\/wp-json\/wp\/v2\/users\/1"}],"replies":[{"embeddable":true,"href":"https:\/\/claec.org\/semlacult\/wp-json\/wp\/v2\/comments?post=1675"}],"version-history":[{"count":1,"href":"https:\/\/claec.org\/semlacult\/wp-json\/wp\/v2\/pages\/1675\/revisions"}],"predecessor-version":[{"id":1676,"href":"https:\/\/claec.org\/semlacult\/wp-json\/wp\/v2\/pages\/1675\/revisions\/1676"}],"wp:attachment":[{"href":"https:\/\/claec.org\/semlacult\/wp-json\/wp\/v2\/media?parent=1675"}],"curies":[{"name":"wp","href":"https:\/\/api.w.org\/{rel}","templated":true}]}}