{"id":1586,"date":"2020-08-29T13:59:32","date_gmt":"2020-08-29T16:59:32","guid":{"rendered":"http:\/\/claec.org\/semlacult\/?page_id=1586"},"modified":"2025-11-06T14:41:19","modified_gmt":"2025-11-06T17:41:19","slug":"programacao","status":"publish","type":"page","link":"https:\/\/claec.org\/semlacult\/2020-2\/programacao\/","title":{"rendered":"Programa\u00e7\u00e3o 2020"},"content":{"rendered":"<p><strong>\u00a0Inscritos, acessar via \u00e1rea do participante:\u00a0<a href=\"https:\/\/claec.org\/semlacult\/participante\/\">https:\/\/claec.org\/semlacult\/participante\/<\/a><\/strong><\/p>\n<p><strong>N\u00e3o inscritos, clique no t\u00edtulo da atividade e participe.<\/strong><\/p>\n<table width=\"622\">\n<tbody>\n<tr>\n<td colspan=\"2\" width=\"622\"><strong>23\/11 (Segunda-feira)<\/strong><\/td>\n<\/tr>\n<tr>\n<td width=\"111\"><strong>13:30 \u00e0s 13:55<\/strong><\/td>\n<td width=\"511\"><a href=\"https:\/\/youtu.be\/jGBwUIF45_c\">Fala de Abertura da Comiss\u00e3o Organizadora<\/a><\/td>\n<\/tr>\n<tr>\n<td width=\"111\"><strong>14:00 \u00e0s 17:30<\/strong><\/td>\n<td width=\"511\">Apresenta\u00e7\u00f5es de Trabalhos<\/td>\n<\/tr>\n<tr>\n<td width=\"111\"><strong>19:00 \u00e0s 20:00<\/strong><\/td>\n<td width=\"511\">\n<p><a href=\"https:\/\/youtu.be\/tv4GY-JzlHA\">Confer\u00eancia de Abertura: Democracia, capitalismo y conocimientos:\u00a0Am\u00e9rica Latina y el Caribe en una\u00a0encrucijada\u00a0hist\u00f3rica<\/a><\/p>\n<p>Ministrante: Ren\u00e9 Ramirez Gallego (Universidad Andina Sim\u00f3n Bolivar, Equador)<\/p>\n<\/td>\n<\/tr>\n<tr>\n<td colspan=\"2\" width=\"622\"><strong>24\/11 (Ter\u00e7a-feira)<\/strong><\/td>\n<\/tr>\n<tr>\n<td width=\"111\"><strong>14:00 \u00e0s 17:30<\/strong><\/td>\n<td width=\"511\">Apresenta\u00e7\u00f5es de Trabalhos<\/td>\n<\/tr>\n<tr>\n<td width=\"111\">\u00a0<\/td>\n<td width=\"511\">\u00a0<\/td>\n<\/tr>\n<tr>\n<td colspan=\"2\" width=\"622\"><strong>25\/11 (Quarta-feira)<\/strong><\/td>\n<\/tr>\n<tr>\n<td width=\"111\"><strong>14:00 \u00e0s 17:30<\/strong><\/td>\n<td width=\"511\">Apresenta\u00e7\u00f5es de Trabalhos<\/td>\n<\/tr>\n<tr>\n<td width=\"111\"><strong>19:00 \u00e0s 20:00<\/strong><\/td>\n<td width=\"511\">\n<p><a href=\"https:\/\/youtu.be\/CvioQbWjYJQ\">Confer\u00eancia: O Estilha\u00e7o Humano: Entre a Circunst\u00e2ncia e a Rasura Est\u00e9tica<\/a><\/p>\n<p>Ministrantes: Dion\u00edsio Bah\u00fale (Universidade Pedag\u00f3gica de Maputo, Mo\u00e7ambique)<\/p>\n<\/td>\n<\/tr>\n<tr>\n<td colspan=\"2\" width=\"622\"><strong>26\/11 (Quinta-feira)<\/strong><\/td>\n<\/tr>\n<tr>\n<td width=\"111\"><strong>14:00 \u00e0s 17:30<\/strong><\/td>\n<td width=\"511\">Apresenta\u00e7\u00f5es de Trabalhos<\/td>\n<\/tr>\n<tr>\n<td width=\"111\">\u00a0<\/td>\n<td width=\"511\">\u00a0<\/td>\n<\/tr>\n<tr>\n<td colspan=\"2\" width=\"622\"><strong>27\/11 (Sexta-feira)<\/strong><\/td>\n<\/tr>\n<tr>\n<td width=\"111\"><strong>14:00 \u00e0s 17:30<\/strong><\/td>\n<td width=\"511\">Apresenta\u00e7\u00f5es de Trabalhos<\/td>\n<\/tr>\n<tr>\n<td width=\"111\"><strong>18:40 \u00e0s 19:00<\/strong><\/td>\n<td width=\"511\"><a href=\"https:\/\/youtu.be\/NC4a43-I9JU\">Fala de Encerramento da Comiss\u00e3o Organizadora<\/a><\/td>\n<\/tr>\n<tr>\n<td width=\"111\"><strong>19:00 \u00e0s 20:00<\/strong><\/td>\n<td width=\"511\">\n<p><a href=\"https:\/\/youtu.be\/sa7_CZu4ftE\">Confer\u00eancia de Encerramento:\u00a0A Arqueologia P\u00fablica na Am\u00e9rica Latina e seu contexto mundial<\/a><\/p>\n<p>Ministrante: Pedro Paulo A. Funari (Universidade Estadual de Campinas, Brasil)<\/p>\n<\/td>\n<\/tr>\n<\/tbody>\n<\/table>\n<div id=\"njcdgcofcbnlbpkpdhmlmiblaglnkpnj\">\u00a0<\/div>\n\n\n<p><\/p>\n","protected":false},"excerpt":{"rendered":"<p>\u00a0Inscritos, acessar via \u00e1rea do participante:\u00a0https:\/\/claec.org\/semlacult\/participante\/ N\u00e3o inscritos, clique no t\u00edtulo da atividade e participe. 23\/11 (Segunda-feira) 13:30 \u00e0s 13:55&hellip; <\/p>\n","protected":false},"author":1,"featured_media":0,"parent":1675,"menu_order":0,"comment_status":"closed","ping_status":"closed","template":"","meta":{"_monsterinsights_skip_tracking":false,"_monsterinsights_sitenote_active":false,"_monsterinsights_sitenote_note":"","_monsterinsights_sitenote_category":0,"footnotes":""},"class_list":["post-1586","page","type-page","status-publish","hentry"],"_links":{"self":[{"href":"https:\/\/claec.org\/semlacult\/wp-json\/wp\/v2\/pages\/1586","targetHints":{"allow":["GET"]}}],"collection":[{"href":"https:\/\/claec.org\/semlacult\/wp-json\/wp\/v2\/pages"}],"about":[{"href":"https:\/\/claec.org\/semlacult\/wp-json\/wp\/v2\/types\/page"}],"author":[{"embeddable":true,"href":"https:\/\/claec.org\/semlacult\/wp-json\/wp\/v2\/users\/1"}],"replies":[{"embeddable":true,"href":"https:\/\/claec.org\/semlacult\/wp-json\/wp\/v2\/comments?post=1586"}],"version-history":[{"count":8,"href":"https:\/\/claec.org\/semlacult\/wp-json\/wp\/v2\/pages\/1586\/revisions"}],"predecessor-version":[{"id":2029,"href":"https:\/\/claec.org\/semlacult\/wp-json\/wp\/v2\/pages\/1586\/revisions\/2029"}],"up":[{"embeddable":true,"href":"https:\/\/claec.org\/semlacult\/wp-json\/wp\/v2\/pages\/1675"}],"wp:attachment":[{"href":"https:\/\/claec.org\/semlacult\/wp-json\/wp\/v2\/media?parent=1586"}],"curies":[{"name":"wp","href":"https:\/\/api.w.org\/{rel}","templated":true}]}}