{"id":1581,"date":"2020-08-29T13:56:43","date_gmt":"2020-08-29T16:56:43","guid":{"rendered":"http:\/\/claec.org\/semlacult\/?page_id=1581"},"modified":"2025-11-06T14:41:05","modified_gmt":"2025-11-06T17:41:05","slug":"comissao-organizadora","status":"publish","type":"page","link":"https:\/\/claec.org\/semlacult\/2020-2\/comissao-organizadora\/","title":{"rendered":"Comiss\u00e3o Organizadora 2020"},"content":{"rendered":"<p style=\"text-align: center;\"><strong>Realiza\u00e7\u00e3o<\/strong><\/p>\n<p style=\"text-align: center;\">Centro Latino-Americano de Estudos em Cultura \u2013 CLAEC<\/p>\n<p style=\"text-align: center;\">\n<p style=\"text-align: center;\"><strong>Institui\u00e7\u00e3o Parceira<\/strong><\/p>\n<p style=\"text-align: center;\">Universidade Federal da Integra\u00e7\u00e3o Latino-Americana &#8211; UNILA<\/p>\n<p style=\"text-align: center;\">\n<p style=\"text-align: center;\"><strong>Comit\u00ea Organizador<\/strong><\/p>\n<p style=\"text-align: center;\">Dnd. Bruno C\u00e9sar Alves Marcelino (CLAEC\/UNLP \u2013 Argentina\/UR \u2013 Alemanha)<\/p>\n<p style=\"text-align: center;\">Dr.\u00aa Cristiane Dambr\u00f3s (CLAEC)<\/p>\n<p style=\"text-align: center;\">Dnd. Rafael Henrique Cruz de Sousa (CLAEC)<\/p>\n<p style=\"text-align: center;\"><strong>&nbsp;<\/strong><\/p>\n<p style=\"text-align: center;\"><strong>Comit\u00ea Cient\u00edfico Permanente<\/strong><\/p>\n<p style=\"text-align: center;\">Cristiane Dambr\u00f3s (Brasil) \u2013 Presidenta<\/p>\n<p style=\"text-align: center;\">Ahtziri Erendira Molina Rold\u00e1n (M\u00e9xico)<\/p>\n<p style=\"text-align: center;\">Ana C\u00e9lia Carneiro Oliveira (Brasil)<\/p>\n<p style=\"text-align: center;\">Betania Maciel (Brasil)<\/p>\n<p style=\"text-align: center;\">C\u00e9lia Maria Foster Silvestre (Brasil)<\/p>\n<p style=\"text-align: center;\">C\u00e9lia Souza da Costa (Brasil)<\/p>\n<p style=\"text-align: center;\">Daniel Levine (Estados Unidos)<\/p>\n<p style=\"text-align: center;\">Denise Rosana da Silva Moraes (Brasil)<\/p>\n<p style=\"text-align: center;\">Djalma Th\u00fcrler (Brasil)<\/p>\n<p style=\"text-align: center;\">Fabricio Pereira da Silva (Brasil)<\/p>\n<p style=\"text-align: center;\">Francisco Xavier Freire Rodrigues (Brasil)<\/p>\n<p style=\"text-align: center;\">Isabel Cristina Chaves Lopes (Brasil)<\/p>\n<p style=\"text-align: center;\">Jos\u00e9 Serafim Bertoloto (Brasil)<\/p>\n<p style=\"text-align: center;\">Laura Janaina Dias Amato (Brasil)<\/p>\n<p style=\"text-align: center;\">Ludmila de Lima Brand\u00e3o (Brasil)<\/p>\n<p style=\"text-align: center;\">Marco Antonio Ch\u00e1vez Aguayo (M\u00e9xico)<\/p>\n<p style=\"text-align: center;\">Marie Laure Geoffray (Fran\u00e7a)<\/p>\n<p style=\"text-align: center;\">N\u00e1dia Saito (Reino Unido)<\/p>\n<p style=\"text-align: center;\">Ronaldo Martins Gomes (Brasil)<\/p>\n<p style=\"text-align: center;\">Sandra Catalina Valdettaro (Argentina)<\/p>\n<p style=\"text-align: center;\">Senilde Alc\u00e2ntara Guanaes (Brasil)<\/p>\n<p style=\"text-align: center;\">Susana Dominza\u00edn (Uruguai)<\/p>\n<p style=\"text-align: center;\">Suzana Ferreira Paulino (Brasil)<\/p>\n<p style=\"text-align: center;\">Wilson Enrique Araque Jaramillo (Equador)<\/p>\n<div id=\"njcdgcofcbnlbpkpdhmlmiblaglnkpnj\" style=\"text-align: center;\"><\/div>\n","protected":false},"excerpt":{"rendered":"<p>Realiza\u00e7\u00e3o Centro Latino-Americano de Estudos em Cultura \u2013 CLAEC Institui\u00e7\u00e3o Parceira Universidade Federal da Integra\u00e7\u00e3o Latino-Americana &#8211; UNILA Comit\u00ea Organizador&hellip; <\/p>\n","protected":false},"author":1,"featured_media":0,"parent":1675,"menu_order":0,"comment_status":"closed","ping_status":"closed","template":"","meta":{"_monsterinsights_skip_tracking":false,"_monsterinsights_sitenote_active":false,"_monsterinsights_sitenote_note":"","_monsterinsights_sitenote_category":0,"footnotes":""},"class_list":["post-1581","page","type-page","status-publish","hentry"],"_links":{"self":[{"href":"https:\/\/claec.org\/semlacult\/wp-json\/wp\/v2\/pages\/1581","targetHints":{"allow":["GET"]}}],"collection":[{"href":"https:\/\/claec.org\/semlacult\/wp-json\/wp\/v2\/pages"}],"about":[{"href":"https:\/\/claec.org\/semlacult\/wp-json\/wp\/v2\/types\/page"}],"author":[{"embeddable":true,"href":"https:\/\/claec.org\/semlacult\/wp-json\/wp\/v2\/users\/1"}],"replies":[{"embeddable":true,"href":"https:\/\/claec.org\/semlacult\/wp-json\/wp\/v2\/comments?post=1581"}],"version-history":[{"count":3,"href":"https:\/\/claec.org\/semlacult\/wp-json\/wp\/v2\/pages\/1581\/revisions"}],"predecessor-version":[{"id":2027,"href":"https:\/\/claec.org\/semlacult\/wp-json\/wp\/v2\/pages\/1581\/revisions\/2027"}],"up":[{"embeddable":true,"href":"https:\/\/claec.org\/semlacult\/wp-json\/wp\/v2\/pages\/1675"}],"wp:attachment":[{"href":"https:\/\/claec.org\/semlacult\/wp-json\/wp\/v2\/media?parent=1581"}],"curies":[{"name":"wp","href":"https:\/\/api.w.org\/{rel}","templated":true}]}}