{"id":1125,"date":"2018-03-07T10:52:37","date_gmt":"2018-03-07T13:52:37","guid":{"rendered":"http:\/\/claec.org\/semlacult\/?page_id=1125"},"modified":"2025-11-06T14:42:07","modified_gmt":"2025-11-06T17:42:07","slug":"comissao-organizadora","status":"publish","type":"page","link":"https:\/\/claec.org\/semlacult\/2018-2\/comissao-organizadora\/","title":{"rendered":"Comiss\u00e3o Organizadora 2018"},"content":{"rendered":"<p style=\"text-align: center;\"><b>Realiza\u00e7\u00e3o<\/b><\/p>\n<p style=\"text-align: center;\"><a href=\"http:\/\/www.claec.org\/\" target=\"_blank\">Centro Latino-Americano de Estudos em Cultura \u2013 CLAEC<\/a><\/p>\n<hr \/>\n<p style=\"text-align: center;\"><strong>Institui\u00e7\u00e3o Parceira<\/strong><\/p>\n<p style=\"text-align: center;\"><a href=\"http:\/\/www.unila.edu.br\">Universidade Federal da Integra\u00e7\u00e3o Latino-Americana &#8211; UNILA<\/a><\/p>\n<p style=\"text-align: center;\">(Instituto Latino-Americano de Arte, Cultura e Hist\u00f3ria &#8211; ILAACH:\u00a0Programa de P\u00f3s-Gradua\u00e7\u00e3o Interdisciplinar em Estudos Latino-Americanos &#8211; PPG-IELA e\u00a0Instituto Latino-Americano de Economia, Sociedade e Pol\u00edtica &#8211; ILAESP:\u00a0Programa de P\u00f3s-Gradua\u00e7\u00e3o em Integra\u00e7\u00e3o Contempor\u00e2nea da Am\u00e9rica Latina &#8211; PPG-ICAL)<\/p>\n<hr \/>\n<p style=\"text-align: center;\"><strong>Institui\u00e7\u00e3o de Financiamento<\/strong><\/p>\n<p style=\"text-align: center;\"><a href=\"http:\/\/www.capes.gov.br\/apoio-a-eventos\/paep\" target=\"_blank\">Coordena\u00e7\u00e3o de Aperfei\u00e7oamento de Pessoal de N\u00edvel Superior &#8211; CAPES<\/a><\/p>\n<p style=\"text-align: center;\">(Programa de Apoio a Eventos no Pa\u00eds &#8211; PAEP)<\/p>\n<hr \/>\n<p style=\"text-align: center;\"><strong>Organiza\u00e7\u00e3o e Produ\u00e7\u00e3o<\/strong><\/p>\n<p style=\"text-align: center;\"><a href=\"http:\/\/bmconsultorias.com.br\/\" target=\"_blank\">BM Consultoria e Projetos<\/a><\/p>\n<hr \/>\n<p style=\"text-align: center;\"><b>Comit\u00ea Organizador<\/b><\/p>\n<p style=\"text-align: center;\"><a href=\"http:\/\/lattes.cnpq.br\/8991559889784246\">Me. Bruno C\u00e9sar Alves Marcelino<\/a>\u00a0(CLAEC\/UNLP &#8211; Argentina\/UR &#8211; Alemanha)<\/p>\n<p style=\"text-align: center;\"><a href=\"http:\/\/buscatextual.cnpq.br\/buscatextual\/visualizacv.do?id=K4790099U0\">Dra. Senilde Alc\u00e2ntara\u00a0Guanaes<\/a>\u00a0(UNILA\/ICAL)<\/p>\n<p style=\"text-align: center;\"><a href=\"http:\/\/buscatextual.cnpq.br\/buscatextual\/visualizacv.do?id=K4745104H1\" target=\"_blank\">Dra. Laura Jana\u00edna Dias Amato<\/a> (UNILA\/IELA)<\/p>\n<hr \/>\n<p style=\"text-align: center;\"><strong>Comit\u00ea Cient\u00edfico Permanente<\/strong><\/p>\n<p style=\"text-align: center;\">Dra. Ahtziri Erendira Molina Rold\u00e1n (UV &#8211; M\u00e9xico)<\/p>\n<p style=\"text-align: center;\">Dra. Betania Maciel (FACIPE)<\/p>\n<p style=\"text-align: center;\">Dr. Daniel Levine (UM &#8211; Estados Unidos)<\/p>\n<p style=\"text-align: center;\">Dra. Denise Rosana da Silva Moraes (UNIOESTE)<\/p>\n<p style=\"text-align: center;\">Dr. Djalma Th\u00fcrler (UFBA)<\/p>\n<p style=\"text-align: center;\">Dr. Fabricio Pereira da Silva (UNIRIO)<\/p>\n<p style=\"text-align: center;\">Dr. Francisco Xavier Freire Rodrigues (UFMT)<\/p>\n<p style=\"text-align: center;\">Dra. Isabel Cristina Chaves Lopes (UFF)<\/p>\n<p style=\"text-align: center;\">Dr. Jos\u00e9 Serafim Bertoloto (UNIC)<\/p>\n<p style=\"text-align: center;\"><a href=\"http:\/\/buscatextual.cnpq.br\/buscatextual\/visualizacv.do?id=K4745104H1\" target=\"_blank\">Dra. Laura Jana\u00edna Dias Amato<\/a>\u00a0(UNILA\/IELA)<\/p>\n<p style=\"text-align: center;\">Dra. Ludmila de Lima Brand\u00e3o (UFMT)<\/p>\n<p style=\"text-align: center;\">Dr. Marco Antonio Ch\u00e1vez Aguayo (UDG &#8211; M\u00e9xico)<\/p>\n<p style=\"text-align: center;\">Dra. Marie Laure Geoffray (IHEAL &#8211; Fran\u00e7a)<\/p>\n<p style=\"text-align: center;\">Dra. Sandra Catalina Valdettaro (UNR &#8211; Argentina)<\/p>\n<p style=\"text-align: center;\"><a href=\"http:\/\/buscatextual.cnpq.br\/buscatextual\/visualizacv.do?id=K4790099U0\">Dra. Senilde Alc\u00e2ntara\u00a0Guanaes<\/a>\u00a0(UNILA\/ICAL)<\/p>\n<p style=\"text-align: center;\">Dra. Susana Dominza\u00edn (UDELAR &#8211; Uruguai)<\/p>\n<p style=\"text-align: center;\">Dra. Suzana Ferreira Paulino (FACIPE)<\/p>\n<p style=\"text-align: center;\">Dr. Wilson Enrique Araque Jaramillo (UASB &#8211; Equador)<\/p>\n<hr \/>\n<p style=\"text-align: center;\"><strong>Comit\u00ea Cient\u00edfico e Organizador da Edi\u00e7\u00e3o<\/strong><\/p>\n<p style=\"text-align: center;\"><a href=\"http:\/\/buscatextual.cnpq.br\/buscatextual\/visualizacv.do?id=K4745104H1\" target=\"_blank\">Dra. Laura Jana\u00edna Dias Amato<\/a>\u00a0(UNILA)\u00a0\u2013 <strong>Presidenta<\/strong><\/p>\n<p style=\"text-align: center;\"><a href=\"http:\/\/buscatextual.cnpq.br\/buscatextual\/visualizacv.do?id=K4790099U0\">Dra. Senilde Alc\u00e2ntara\u00a0Guanaes<\/a>\u00a0(UNILA)\u00a0\u2013 <strong>Vice-Presidenta<\/strong><\/p>\n<p style=\"text-align: center;\"><a href=\"http:\/\/lattes.cnpq.br\/8991559889784246\">Me. Bruno C\u00e9sar Alves Marcelino<\/a>\u00a0(CLAEC\/UNLP &#8211; Argentina\/UR &#8211; Alemanha) \u2013 <strong>Vice-Presidente<\/strong><\/p>\n<p style=\"text-align: center;\">Me. Alan Dutra de Melo (UNIPAMPA)<\/p>\n<p style=\"text-align: center;\">Dra. Alessandra Fontes Carvalho da Rocha (UFRJ)<\/p>\n<p style=\"text-align: center;\">Dra. Angela Maria de Souza (UNILA)<\/p>\n<p style=\"text-align: center;\">Dr. An\u00edbal Oru\u00e9 Pozzo (UNILA)<\/p>\n<p style=\"text-align: center;\">Dra. Carmen Susana Tornquist (UDESC-SC\/PPGPLAN)<\/p>\n<p style=\"text-align: center;\">Dr. Clovis Antonio Brighenti (UNILA)<\/p>\n<p style=\"text-align: center;\">Dra. Diana Ara\u00fajo Pereira (UNILA)<\/p>\n<p style=\"text-align: center;\">Dr. Djalma Th\u00fcrler (UFBA)<\/p>\n<p style=\"text-align: center;\">Dr. Edgar C\u00e9zar Nolasco (UFMS\/NECC)<\/p>\n<p style=\"text-align: center;\">Dra.\u00a0Isabel Cristina Chaves Lopes (UFF)<\/p>\n<p style=\"text-align: center;\">Dr. Juan Ignacio Brizuela (UFBA)<\/p>\n<p style=\"text-align: center;\">Dra. J\u00falia Batista Alves (UNILA)<\/p>\n<p style=\"text-align: center;\">Dr. J\u00falio da Silveira Moreira (UNILA)<\/p>\n<p style=\"text-align: center;\">Dr. Jos\u00e9 Marcio Barros (UEMG)<\/p>\n<p style=\"text-align: center;\">Dr. Marcos Ant\u00f4nio Bessa-Oliveira (UEMS\/NAV(r)E)<\/p>\n<p style=\"text-align: center;\">Ma. Mayara Alexandre Costa (UFRJ)<\/p>\n<p style=\"text-align: center;\">Dr. Paulo C\u00e9sar Garcia (UNEB)<\/p>\n<p style=\"text-align: center;\">Dr. Ronaldo Bernardino Colvero (UNIPAMPA\/UFPel)<\/p>\n<p style=\"text-align: center;\">Dra. Simone Beatriz Cordeiro Ribeiro (UNILA)<\/p>\n<p style=\"text-align: center;\">Dra.\u00a0Ver\u00f4nica\u00a0Teixeira\u00a0Marques (UNIT)<\/p>\n<p style=\"text-align: center;\">Dr. Washington Kuklinski Pereira (SME-RJ)<\/p>\n<p style=\"text-align: center;\">Ma. W\u00e2nia Cristiane Beloni (UNIOESTE)<\/p>\n<hr \/>\n<p style=\"text-align: center;\"><strong>Comit\u00ea T\u00e9cnico<\/strong><\/p>\n<p style=\"text-align: center;\"><a href=\"http:\/\/lattes.cnpq.br\/8991559889784246\">Me. Bruno C\u00e9sar Alves Marcelino<\/a>\u00a0(CLAEC\/UNLP &#8211; Argentina\/UR &#8211; Alemanha) \u2013\u00a0<strong>Presidente<\/strong><\/p>\n<p style=\"text-align: center;\"><a href=\"http:\/\/lattes.cnpq.br\/4013378638360585\">Me. Agnaldo Mesquita de Lima Junior<\/a>\u00a0(CLAEC\/FURG)<\/p>\n<p style=\"text-align: center;\"><a href=\"http:\/\/lattes.cnpq.br\/4044102026178120\" target=\"_blank\">Ma.\u00a0Amanda Bas\u00edlio Santos<\/a> (CLAEC\/UFPel)<\/p>\n<p style=\"text-align: center;\"><a href=\"http:\/\/lattes.cnpq.br\/8795835137524191\">Bel. \u00cdcaro Vasques Inchauspe<\/a>\u00a0(CLAEC\/UFPel)<\/p>\n<p style=\"text-align: center;\"><a href=\"http:\/\/lattes.cnpq.br\/3026676025532957\" target=\"_blank\">Ma. Juliana Porto Machado<\/a> (CLAEC\/UFPel)<\/p>\n<p style=\"text-align: center;\"><a href=\"http:\/\/lattes.cnpq.br\/5034728800362822\">Lic. Rocheli Regina Predebon Silveira<\/a>\u00a0(CLAEC\/UFSM)<\/p>\n","protected":false},"excerpt":{"rendered":"<p>Realiza\u00e7\u00e3o Centro Latino-Americano de Estudos em Cultura \u2013 CLAEC Institui\u00e7\u00e3o Parceira Universidade Federal da Integra\u00e7\u00e3o Latino-Americana &#8211; UNILA (Instituto Latino-Americano&hellip; <\/p>\n","protected":false},"author":1,"featured_media":0,"parent":1563,"menu_order":0,"comment_status":"closed","ping_status":"closed","template":"","meta":{"_monsterinsights_skip_tracking":false,"_monsterinsights_sitenote_active":false,"_monsterinsights_sitenote_note":"","_monsterinsights_sitenote_category":0,"footnotes":""},"class_list":["post-1125","page","type-page","status-publish","hentry"],"_links":{"self":[{"href":"https:\/\/claec.org\/semlacult\/wp-json\/wp\/v2\/pages\/1125","targetHints":{"allow":["GET"]}}],"collection":[{"href":"https:\/\/claec.org\/semlacult\/wp-json\/wp\/v2\/pages"}],"about":[{"href":"https:\/\/claec.org\/semlacult\/wp-json\/wp\/v2\/types\/page"}],"author":[{"embeddable":true,"href":"https:\/\/claec.org\/semlacult\/wp-json\/wp\/v2\/users\/1"}],"replies":[{"embeddable":true,"href":"https:\/\/claec.org\/semlacult\/wp-json\/wp\/v2\/comments?post=1125"}],"version-history":[{"count":13,"href":"https:\/\/claec.org\/semlacult\/wp-json\/wp\/v2\/pages\/1125\/revisions"}],"predecessor-version":[{"id":2030,"href":"https:\/\/claec.org\/semlacult\/wp-json\/wp\/v2\/pages\/1125\/revisions\/2030"}],"up":[{"embeddable":true,"href":"https:\/\/claec.org\/semlacult\/wp-json\/wp\/v2\/pages\/1563"}],"wp:attachment":[{"href":"https:\/\/claec.org\/semlacult\/wp-json\/wp\/v2\/media?parent=1125"}],"curies":[{"name":"wp","href":"https:\/\/api.w.org\/{rel}","templated":true}]}}