{"id":1120,"date":"2018-03-07T10:48:37","date_gmt":"2018-03-07T13:48:37","guid":{"rendered":"http:\/\/claec.org\/semlacult\/?page_id=1120"},"modified":"2025-11-06T14:43:35","modified_gmt":"2025-11-06T17:43:35","slug":"lancamentos-e-atividades-culturais","status":"publish","type":"page","link":"https:\/\/claec.org\/semlacult\/2018-2\/lancamentos-e-atividades-culturais\/","title":{"rendered":"Lan\u00e7amentos e Atividades Culturais 2018"},"content":{"rendered":"<p><strong>\u00a0<\/strong><\/p>\n<table width=\"566\">\n<tbody>\n<tr>\n<td width=\"208\"><strong>Nome:<\/strong><\/td>\n<td width=\"132\"><strong>Proponente:<\/strong><\/td>\n<td width=\"118\"><strong>Tipo:<\/strong><\/td>\n<td width=\"108\"><strong>Data de realiza\u00e7\u00e3o:<\/strong><\/td>\n<\/tr>\n<tr>\n<td width=\"208\">Exposi\u00e7\u00e3o \u201cInf\u00e2ncia, Cultura e Tradi\u00e7\u00e3o\u201d<\/td>\n<td width=\"132\">Marcio Jos\u00e9 Garcez Vieira; Rosana Eduardo da Silva Leal<\/td>\n<td width=\"118\">Exposi\u00e7\u00e3o Fotogr\u00e1fica<\/td>\n<td width=\"108\">26, 27 e 28\/09<\/td>\n<\/tr>\n<tr>\n<td width=\"208\">Apresenta\u00e7\u00e3o SESC S\u00e3o Paulo \u201cProjeto Fric\u00e7\u00f5es\u201d<\/td>\n<td width=\"132\">Fabiano Maranh\u00e3o e Afonsso Lobo Chaves<\/td>\n<td width=\"118\">Atividade cultural<\/td>\n<td width=\"108\">26\/09<\/td>\n<\/tr>\n<tr>\n<td width=\"208\">Livro \u201cPrimer DICCIONARIO Mbya Ayvu-Espa\u00f1ol-Mbya Guarani\u201d<\/td>\n<td width=\"132\">M\u00e1rio Ram\u00e3o Villalva Filho<\/td>\n<td width=\"118\">Lan\u00e7amento de Livro<\/td>\n<td width=\"108\">26 e 27\/09<\/td>\n<\/tr>\n<tr>\n<td width=\"208\">Livro \u201cTerra e mem\u00f3rias: Viv\u00eancias, conflitos e conquistas no(s) rural(is) do Brasil\u201d<\/td>\n<td width=\"132\">Daniele Brocardo<\/td>\n<td width=\"118\">Lan\u00e7amento de Livro<\/td>\n<td width=\"108\">26 e 27\/09<\/td>\n<\/tr>\n<tr>\n<td width=\"208\">Livro \u201cOr\u00e1culo da fronteira\u201d<\/td>\n<td width=\"132\">Edgar C\u00e9zar Nolasco<\/td>\n<td width=\"118\">Lan\u00e7amento de Livro<\/td>\n<td width=\"108\">26 e 27\/09<\/td>\n<\/tr>\n<tr>\n<td width=\"208\">Livro \u201cA hora da estrela Clarice Lispector\u201d<\/td>\n<td width=\"132\">Edgar C\u00e9zar Nolasco<\/td>\n<td width=\"118\">Lan\u00e7amento de Livro<\/td>\n<td width=\"108\">26 e 27\/09<\/td>\n<\/tr>\n<tr>\n<td width=\"208\">Apresenta\u00e7\u00e3o do projeto \u201cKamba\u2019\u00e3: Frutos del alma de la negritud<\/td>\n<td width=\"132\">Mario Casartelli<\/td>\n<td width=\"118\">Atividade cultural e lan\u00e7amento de livro<\/td>\n<td width=\"108\">26 e 27\/09<\/td>\n<\/tr>\n<tr>\n<td width=\"208\"><del>Apresenta\u00e7\u00e3o musical \u201cEl Mapa de Todos apresenta O BAILE DE TODOS\u201d<\/del><\/td>\n<td width=\"132\"><del>Bibiana Rosa e Fernando Rosa<\/del><\/td>\n<td width=\"118\"><del>Apresenta\u00e7\u00e3o musical e festa de encerramento do evento (Sudacas Bar)<\/del><\/td>\n<td width=\"108\"><del>28\/09<\/del><\/td>\n<\/tr>\n<\/tbody>\n<\/table>\n","protected":false},"excerpt":{"rendered":"<p>\u00a0 Nome: Proponente: Tipo: Data de realiza\u00e7\u00e3o: Exposi\u00e7\u00e3o \u201cInf\u00e2ncia, Cultura e Tradi\u00e7\u00e3o\u201d Marcio Jos\u00e9 Garcez Vieira; Rosana Eduardo da Silva&hellip; <\/p>\n","protected":false},"author":1,"featured_media":412,"parent":1563,"menu_order":0,"comment_status":"closed","ping_status":"closed","template":"","meta":{"_monsterinsights_skip_tracking":false,"_monsterinsights_sitenote_active":false,"_monsterinsights_sitenote_note":"","_monsterinsights_sitenote_category":0,"footnotes":""},"class_list":["post-1120","page","type-page","status-publish","has-post-thumbnail","hentry"],"_links":{"self":[{"href":"https:\/\/claec.org\/semlacult\/wp-json\/wp\/v2\/pages\/1120","targetHints":{"allow":["GET"]}}],"collection":[{"href":"https:\/\/claec.org\/semlacult\/wp-json\/wp\/v2\/pages"}],"about":[{"href":"https:\/\/claec.org\/semlacult\/wp-json\/wp\/v2\/types\/page"}],"author":[{"embeddable":true,"href":"https:\/\/claec.org\/semlacult\/wp-json\/wp\/v2\/users\/1"}],"replies":[{"embeddable":true,"href":"https:\/\/claec.org\/semlacult\/wp-json\/wp\/v2\/comments?post=1120"}],"version-history":[{"count":4,"href":"https:\/\/claec.org\/semlacult\/wp-json\/wp\/v2\/pages\/1120\/revisions"}],"predecessor-version":[{"id":2037,"href":"https:\/\/claec.org\/semlacult\/wp-json\/wp\/v2\/pages\/1120\/revisions\/2037"}],"up":[{"embeddable":true,"href":"https:\/\/claec.org\/semlacult\/wp-json\/wp\/v2\/pages\/1563"}],"wp:featuredmedia":[{"embeddable":true,"href":"https:\/\/claec.org\/semlacult\/wp-json\/wp\/v2\/media\/412"}],"wp:attachment":[{"href":"https:\/\/claec.org\/semlacult\/wp-json\/wp\/v2\/media?parent=1120"}],"curies":[{"name":"wp","href":"https:\/\/api.w.org\/{rel}","templated":true}]}}