{"id":1119,"date":"2018-03-07T10:48:24","date_gmt":"2018-03-07T13:48:24","guid":{"rendered":"http:\/\/claec.org\/semlacult\/?page_id=1119"},"modified":"2025-11-06T14:43:13","modified_gmt":"2025-11-06T17:43:13","slug":"programacao","status":"publish","type":"page","link":"https:\/\/claec.org\/semlacult\/2018-2\/programacao\/","title":{"rendered":"Programa\u00e7\u00e3o 2018"},"content":{"rendered":"<p style=\"text-align: center;\"><strong>PROGRAMA\u00c7\u00c3O GERAL<\/strong><\/p>\n<p style=\"text-align: justify;\"><strong><br \/>\n<\/strong><\/p>\n<p style=\"text-align: justify;\"><strong>Data: 25\/09 (Ter\u00e7a-feira) \u2013 F\u00f3rum PR\u00c9-SEMLACULT<\/strong><\/p>\n<p style=\"text-align: justify;\"><u>14:00 \u00e0s 16:00<\/u> \u2013\u00a0Palestra:\u00a0<strong>La Integraci\u00f3n de las L\u00e9nguas: Pol\u00edticas Lingu\u00edsticas en Paraguay e la resistencia de la cultura por el lenguaje<\/strong>\u00a0(BLOCO D, Sala 1 \u2013 UNIOESTE)<\/p>\n<p style=\"text-align: justify;\">Palestrantes: Ramon Barboza (Secretar\u00eda de Politicas Linguisticas de Paraguay), Pablo Bogado (Diretor de Comunicaci\u00f3n de Coordinaci\u00f3n Nacional de Pastoral Indigena), Demetrio Rojas (Colectivo Comunicadores del Chaco \u2013 Radios Comunit\u00e1rias Indigenas del Chaco Paraguayo) e Lina L\u00f3pes (Colectivo Comunicadores del Chaco \u2013 Radios Comunit\u00e1rias Indigenas del Chaco Paraguayo).<\/p>\n<p style=\"text-align: justify;\"><u>16:30 \u00e0s 18:30<\/u> \u2013\u00a0<strong>Palestra: Movimientos Sociales, Identidades y Medios de Comunicaci\u00f3n Aymara<\/strong>\u00a0(BLOCO D, Sala 1 \u2013 UNIOESTE)<\/p>\n<p style=\"text-align: justify;\">Palestrantes: Chryslen Mayra B. Gon\u00e7alves (Mestranda em Antropologia Social da Universidade Estadual de Campinas \u2013 UNICAMP) e Roger Adan Chambi Mayta (Egresso de Direito da Universidad P\u00fablica de El Alto -UPEA\/Bol\u00edvia)<\/p>\n<p style=\"text-align: justify;\"><strong>\u00a0<\/strong><\/p>\n<p style=\"text-align: justify;\"><strong>Data: 26\/09 (Quarta-feira)<\/strong><\/p>\n<p style=\"text-align: justify;\"><u>07:30 \u00e0s 12:00<\/u> \u2013 Credenciamento (Hall \u2013 UNILA)<\/p>\n<p style=\"text-align: justify;\">PERMANENTE \u2013 Exposi\u00e7\u00e3o Fotogr\u00e1fica \u201cInf\u00e2ncia, Cultura e Tradi\u00e7\u00e3o\u201d<\/p>\n<p style=\"text-align: justify;\">Artista: Marcio Jos\u00e9 Garcez Vieira<\/p>\n<p style=\"text-align: justify;\">Curadoria: Rosana Eduardo da Silva Leal<\/p>\n<p style=\"text-align: justify;\"><u>08:00 \u00e0s 12:00<\/u> \u2013 Simp\u00f3sios Tem\u00e1ticos simult\u00e2neos (UNILA\/UNIOESTE)<\/p>\n<p style=\"text-align: justify;\"><u>12:00 \u00e0s 13:00<\/u> \u2013 Intervalo<\/p>\n<p style=\"text-align: justify;\"><u>12:30 \u00e0s 15:00<\/u> \u2013 Credenciamento (Hall \u2013 UNILA)<\/p>\n<p style=\"text-align: justify;\"><u>13:00 \u00e0s 14:00<\/u> \u2013 Palestra: SESC S\u00e3o Paulo \u201cProjeto Fric\u00e7\u00f5es\u201d (Audit\u00f3rio \u2013 UNILA)<\/p>\n<p style=\"text-align: justify;\">Palestrantes: Fabiano Maranh\u00e3o e Afonsso Lobo Chaves (SESC SP)<\/p>\n<p style=\"text-align: justify;\"><u>14:00 \u00e0s 15:00<\/u> \u2013 Palestra e lan\u00e7amento de livro: Projeto \u201cKamba\u2019\u00e3: Frutos del alma de la negritud\u201d (Audit\u00f3rio \u2013 UNILA)<\/p>\n<p style=\"text-align: justify;\">Palestrante: Mario Casartelli (Escritores Rog\u00e1)<\/p>\n<p style=\"text-align: justify;\"><u>15:00 \u00e0s 18:00<\/u> \u2013 Minicursos e Oficinas (UNIOESTE)<\/p>\n<ul style=\"text-align: justify;\">\n<li>Minicurso 02 \u2013 Tradu\u00e7\u00e3o intercultural: experi\u00eancias entre Paraguai e Brasil. Ministrante:\u00a0Ma.\u00a0Daiane Pereira Rodrigues<\/li>\n<li>Minicurso 04 \u2013 Mem\u00f3ria coletiva e perspectivas: um exerc\u00edcio para valoriza\u00e7\u00e3o do patrim\u00f4nio cultural. Ministrantes:\u00a0Ma. Nadja Maria Mour\u00e3o e Ma. Ana C\u00e9lia Carneiro Oliveira<\/li>\n<li>Minicurso 08 \u2013 Bol\u00edvar Echeverr\u00eda y la interpretaci\u00f3n marxista de la cultura. Ministrante:\u00a0Ma. Lourdes Eddy Flores Bordais<\/li>\n<li>Minicurso 09 \u2013 Guarani multicultural: varia\u00e7\u00f5es lingu\u00edsticas a partir do contato com o portugu\u00eas e com o espanhol na conjuntura de espa\u00e7os de integra\u00e7\u00e3o. Coordenadores:\u00a0Dr. M\u00e1rio Ram\u00e3o Villalva Filho e Gloria Elizabet Martinez Iglesia<\/li>\n<\/ul>\n<p style=\"text-align: justify;\"><u>18:00 \u00e0s 18:45<\/u> \u2013 Intervalo<\/p>\n<p style=\"text-align: justify;\"><u>18:45 \u00e0s 19:00<\/u> \u2013 Mesa de oficial de abertura (Audit\u00f3rio \u2013 UNILA)<\/p>\n<p style=\"text-align: justify;\"><u>19:00 \u00e0s 21:00<\/u> &#8211; <strong>Confer\u00eancia de Abertura: \u201cPol\u00edtica lingu\u00edstica e a Integra\u00e7\u00e3o dos Povos\u201d (Audit\u00f3rio \u2013 UNILA)<\/strong><\/p>\n<p style=\"text-align: justify;\"><strong>Conferencista: Dr. Kanavillil Rajagopalan (Rajan) (Universidade Estadual de Campinas \u2013 UNICAMP e pesquisador 1-A do CNPq)<\/strong><\/p>\n<p style=\"text-align: justify;\">\n<p style=\"text-align: justify;\"><strong>Data: 27\/09 (Quinta-feira)<\/strong><\/p>\n<p style=\"text-align: justify;\"><u>07:30 \u00e0s 12:00<\/u> \u2013 Credenciamento (UNILA\/CESUFOZ)<\/p>\n<p style=\"text-align: justify;\"><u>08:00 \u00e0s 12:00<\/u> \u2013 Simp\u00f3sios Tem\u00e1ticos simult\u00e2neos (CESUFOZ)<\/p>\n<p style=\"text-align: justify;\"><u>12:00 \u00e0s 13:00<\/u> \u2013 Intervalo<\/p>\n<p style=\"text-align: justify;\"><u>12:30 \u00e0s 15:00<\/u> \u2013 Credenciamento (Hall \u2013 UNILA)<\/p>\n<p style=\"text-align: justify;\"><u>13:00 \u00e0s 14:30<\/u> \u2013 <strong>Mesa Redonda &#8211; Forma\u00e7\u00e3o em Pol\u00edticas e Gest\u00e3o Cultural na Am\u00e9rica Latina (Audit\u00f3rio \u2013 UNILA)<\/strong><\/p>\n<p style=\"text-align: justify;\">Componente 1: Dra. Laura Bezerra (CECULT \u2013 UFRB)<\/p>\n<p style=\"text-align: justify;\">Componente 2: Dr. Jos\u00e9 M\u00e1rcio Barros (UEMG\/ODC)<\/p>\n<p style=\"text-align: justify;\">Componente 3: Dr. Daniel Rios (UNDAV &#8211; Argentina)<\/p>\n<p style=\"text-align: justify;\">Coordenador: An\u00edbal Orue Pozzo (Unila)<\/p>\n<p style=\"text-align: justify;\"><u>14:30 \u00e0s 17:30<\/u> \u2013 Minicursos e Oficinas (UNILA)<\/p>\n<ul style=\"text-align: justify;\">\n<li><del>Minicurso 03 \u2013 Processos de paz na Col\u00f4mbia: Fatores, atores e m\u00faltiplos efeitos. Ministrantes: Luciano Dos Santos e Gustavo Silva<\/del><\/li>\n<li>Minicurso 05 \u2013 E no final ideal n\u00e3o ter\u00e1s dom\u00ednio sobre mulher alguma: Reflexiones sobre feminismos decoloniales en los espacios de aprendizaje. Ministrantes: Bel. Alicia Vanessa Reyes Londo\u00f1o e Lic. Jonas Mateus Ferreira Araujo &#8211; SALA G211 TUTORIA 4<\/li>\n<li>Minicurso06\u2013 Utilizando a teoria de mudan\u00e7a para fortalecer a coer\u00eancia, comunica\u00e7\u00e3o e avalia\u00e7\u00e3o de iniciativas culturais. Ministrante: Me. Antonio Henrique Ribeiro da Silva Junior &#8211; SALA G211 TUTORIA 3<\/li>\n<\/ul>\n<p style=\"text-align: justify;\"><u>17:30 \u00e0s 18:00<\/u> \u2013 Palestra e lan\u00e7amento de livro: \u201cPrimer DICCIONARIO Mbya Ayvu-Espa\u00f1ol-Mbya Guarani &#8211; Anexo Pentatraductor &#8211; Mbya Guarani &#8211; Espa\u00f1ol &#8211; Guaran\u00ed &#8211; Portugu\u00e9s &#8211; Ingl\u00e9s\u201d (Audit\u00f3rio \u2013 UNILA)<\/p>\n<p style=\"text-align: justify;\">Palestrantes: Jos\u00e9 Javier Rodas (Argentina), Kuaray Poty Carlos Benitez (Argentina) e M\u00e1rio Ram\u00e3o Villalva Filho (UNILA)<\/p>\n<p style=\"text-align: justify;\"><u>18:00 \u00e0s 19:00<\/u> \u2013 Lan\u00e7amentos de livros (Hall \u2013 UNILA)<\/p>\n<ul style=\"text-align: justify;\">\n<li>Palavras entre rios e ruas: ensaios sobre literatura na Amaz\u00f4nia \u2013 Maria de Nazar\u00e9 Barreto Trindade<\/li>\n<li>Terra e mem\u00f3rias: Viv\u00eancias, conflitos e conquistas no(s) rural(is) do Brasil \u2013 Daniele Brocardo<\/li>\n<li>Or\u00e1culo da fronteira \u2013 Edgar C\u00e9zar Nolasco<\/li>\n<li>A hora da estrela Clarice Lispector \u2013 Edgar C\u00e9zar Nolasco<\/li>\n<li>Nav(r)e \u2013 pesquisa e produ\u00e7\u00e3o de conhecimento em arte na universidade: artista, professor, pesquisador \u2013 2015\/2016 &#8211; Dr. Marcos Ant\u00f4nio Bessa-Oliveira (organizador)<\/li>\n<li>Paisagens biogr\u00e1ficas p\u00f3s-coloniais: retratos da cultura local sul-mato-grossense &#8211; Prof. Dr. Marcos Ant\u00f4nio Bessa-Oliveira (organizador)<\/li>\n<\/ul>\n<ul style=\"text-align: justify;\">\n<li>Fronteiras platinas em Mato Grosso do Sul \u2013 (Brasil\/Paraguai\/Bol\u00edvia) \u2013 biogeografias na arte, cr\u00edtica biogr\u00e1fica fronteiri\u00e7a, discurso ind\u00edgena e literaturas de fronteira &#8211; Marcos Ant\u00f4nio Bessa-Oliveira; Edgar C\u00e9zar Nolasco; V\u00e2nia Maria Lescano Guerra; Z\u00e9lia R. Nolasco dos S. Freire (Organizadores)<\/li>\n<li>Fronteiras culturais em contextos epist\u00eamicos descoloniais &#8211; Prof. Dr. Marcos Ant\u00f4nio Bessa-Oliveira; Prof. Dr. Edgar C\u00e9zar Nolasco (Organizadores)<\/li>\n<\/ul>\n<p style=\"text-align: justify;\"><u>19:00 \u00e0s 21:00<\/u> \u2013 <strong>Confer\u00eancia Especial: Fronteiras, mobilidades e identidades (Audit\u00f3rio \u2013 UNILA)<\/strong><\/p>\n<p style=\"text-align: justify;\"><strong>Conferencista: Dr. Lindomar Albuquerque (Universidade Federal de S\u00e3o Paulo \u2013 UNIFESP)<\/strong><\/p>\n<p style=\"text-align: justify;\"><span style=\"text-decoration: underline;\">22:00 \u00e0s 01:00<\/span> &#8211; Confraterniza\u00e7\u00e3o SEMLACult (Sudacas Bar)<\/p>\n<p style=\"text-align: justify;\"><strong>Data: 28\/09 (Sexta-feira)<\/strong><\/p>\n<p style=\"text-align: justify;\"><u>07:30 \u00e0s 13:00<\/u> \u2013 Credenciamento (Hall \u2013 UNILA)<\/p>\n<p style=\"text-align: justify;\">08:00 \u00e0s 12:00 \u2013 Simp\u00f3sios Tem\u00e1ticos simult\u00e2neos (UNILA\/UNIOESTE)<\/p>\n<p style=\"text-align: justify;\"><u>12:00 \u00e0s 13:00<\/u> \u2013 Intervalo<\/p>\n<p style=\"text-align: justify;\"><u>13:00 \u00e0s 15:45<\/u> \u2013 Minicursos e Oficinas (UNIOESTE)<\/p>\n<ul style=\"text-align: justify;\">\n<li>Minicurso 07 \u2013 Da cosmovis\u00e3o congolesa ao sincretismo do Congado mineiro: conex\u00f5es e ambiguidades simb\u00f3licas do al\u00e9m mar. Ministrantes: Dr. Felix Ulombe Kaputo e Ma. Maria do Ros\u00e1rio Gomes da Silva<\/li>\n<li>Minicurso 11 &#8211; Abordagens Sociol\u00f3gicas sobre as Teorias Sociol\u00f3gicas do Envelhecimento: Atividade e Desengajamento. Ministrantes: Bela. Luana Costa Bidigaray e Lic. Arielson Teixeira do Carmo<\/li>\n<li>Minicurso 12 \u2013 Cultura e arte em perspectiva latino-americanas. Ministrantes: Ma. Bibiana Rosa e Me. Maycom Santiago<\/li>\n<li>Minicurso 13 \u2013 A arte da escrita acad\u00eamica \u2013 aproxima\u00e7\u00f5es entre cientistas e artistas. Ministrante: Ma. Camila Ribeiro de Almeida Rezende<\/li>\n<\/ul>\n<p style=\"text-align: justify;\"><u>16:00 \u00e0s 18:00<\/u> \u2013 <strong>Confer\u00eancia de Encerramento: \u201cLa amnesia del Imperio. <\/strong><strong>Para una nueva po\u00e9tica de la Relaci\u00f3n\u201d (Audit\u00f3rio \u2013 UNILA)<\/strong><\/p>\n<p style=\"text-align: justify;\"><strong>Conferencista: Dra. Karina Bidaseca (Investigadora Independiente del CONICET, en el Instituto de Altos Estudios Sociales\/Universidad Nacional de San Mart\u00edn &#8211; Argentina)<\/strong><\/p>\n<p>&nbsp;<\/p>\n<p style=\"text-align: justify;\">* UNILA &#8211; Universidade Federal de Integra\u00e7\u00e3o Latino-Americana, Av Tarqu\u00ednio Joslin dos Santos, 1000 &#8211; Jardim Universit\u00e1rio I &#8211; Foz do Igua\u00e7u\/PR.<\/p>\n<p style=\"text-align: justify;\">** UNIOESTE &#8211; Universidade Estadual do Oeste do Paran\u00e1, Av. Tarqu\u00ednio Joslin dos Santos, 1300 &#8211; Jardim Universit\u00e1rio I &#8211; Foz do Igua\u00e7u\/PR.<\/p>\n<p style=\"text-align: justify;\">*** CESUFOZ &#8211; Centro de Ensino Superior de Foz do Igua\u00e7u, Av. Paran\u00e1, 3.695 &#8211; Jardim Central &#8211; Foz do Igua\u00e7u\/PR.<\/p>\n","protected":false},"excerpt":{"rendered":"<p>PROGRAMA\u00c7\u00c3O GERAL Data: 25\/09 (Ter\u00e7a-feira) \u2013 F\u00f3rum PR\u00c9-SEMLACULT 14:00 \u00e0s 16:00 \u2013\u00a0Palestra:\u00a0La Integraci\u00f3n de las L\u00e9nguas: Pol\u00edticas Lingu\u00edsticas en Paraguay&hellip; <\/p>\n","protected":false},"author":1,"featured_media":0,"parent":1563,"menu_order":0,"comment_status":"closed","ping_status":"closed","template":"","meta":{"_monsterinsights_skip_tracking":false,"_monsterinsights_sitenote_active":false,"_monsterinsights_sitenote_note":"","_monsterinsights_sitenote_category":0,"footnotes":""},"class_list":["post-1119","page","type-page","status-publish","hentry"],"_links":{"self":[{"href":"https:\/\/claec.org\/semlacult\/wp-json\/wp\/v2\/pages\/1119","targetHints":{"allow":["GET"]}}],"collection":[{"href":"https:\/\/claec.org\/semlacult\/wp-json\/wp\/v2\/pages"}],"about":[{"href":"https:\/\/claec.org\/semlacult\/wp-json\/wp\/v2\/types\/page"}],"author":[{"embeddable":true,"href":"https:\/\/claec.org\/semlacult\/wp-json\/wp\/v2\/users\/1"}],"replies":[{"embeddable":true,"href":"https:\/\/claec.org\/semlacult\/wp-json\/wp\/v2\/comments?post=1119"}],"version-history":[{"count":23,"href":"https:\/\/claec.org\/semlacult\/wp-json\/wp\/v2\/pages\/1119\/revisions"}],"predecessor-version":[{"id":2035,"href":"https:\/\/claec.org\/semlacult\/wp-json\/wp\/v2\/pages\/1119\/revisions\/2035"}],"up":[{"embeddable":true,"href":"https:\/\/claec.org\/semlacult\/wp-json\/wp\/v2\/pages\/1563"}],"wp:attachment":[{"href":"https:\/\/claec.org\/semlacult\/wp-json\/wp\/v2\/media?parent=1119"}],"curies":[{"name":"wp","href":"https:\/\/api.w.org\/{rel}","templated":true}]}}