{"id":1099,"date":"2018-03-07T10:07:16","date_gmt":"2018-03-07T13:07:16","guid":{"rendered":"http:\/\/claec.org\/semlacult\/?page_id=1099"},"modified":"2018-03-07T10:41:19","modified_gmt":"2018-03-07T13:41:19","slug":"2017-2","status":"publish","type":"page","link":"https:\/\/claec.org\/semlacult\/2017-2\/","title":{"rendered":"2017"},"content":{"rendered":"<p style=\"text-align: justify;\"><span style=\"font-weight: 400;\">O\u00a0<\/span><b>I Semin\u00e1rio Latino-Americano de Estudos em Cultura\u00a0<\/b><span style=\"font-weight: 400;\">sob a tem\u00e1tica<em>\u00a0\u201c<\/em><\/span><em><span style=\"font-weight: 400;\">A mundializa\u00e7\u00e3o da cultura na globaliza\u00e7\u00e3o e os processos\u00a0<\/span><span style=\"font-weight: 400;\">decoloniais<\/span>\u00a0<span style=\"font-weight: 400;\">na Am\u00e9rica-Latina\u201d\u00a0<\/span><\/em><span style=\"font-weight: 400;\">\u00e9 uma iniciativa do CLAEC &#8211; Centro Latino-Americano de Estudos em Cultura, em parceria com o\u00a0Grupo de Pesquisa TEAR<\/span>\u00a0<span style=\"font-weight: 400;\">&#8211; Territ\u00f3rios em Articula\u00e7\u00e3o: Estrat\u00e9gias de Luta e Resist\u00eancia de Popula\u00e7\u00f5es Rurais, Ind\u00edgenas e Tradicionais na Am\u00e9rica Latina e com financiamento da Coordena\u00e7\u00e3o de Aperfei\u00e7oamento de Pessoal de N\u00edvel Superior (CAPES). A proposta central da primeira edi\u00e7\u00e3o do Semin\u00e1rio \u00e9<\/span><span style=\"font-weight: 400;\">\u00a0compreender a cultura como mecanismo de produ\u00e7\u00e3o e reprodu\u00e7\u00e3o social, a partir dos seus mais diferentes aspectos e dimens\u00f5es, principalmente nas \u00e1reas das ci\u00eancias sociais e humanas, que t\u00eam discutido a cultura sob o vi\u00e9s da mundializa\u00e7\u00e3o das identidades culturais e da sua contraface, que s\u00e3o os processos contra hegem\u00f4nicos que t\u00eam se ampliado em toda a Am\u00e9rica Latina. P<\/span><span style=\"font-weight: 400;\">ropomos trazer a cabo an\u00e1lises antropol\u00f3gicas e sociol\u00f3gicas que versam, em conjunto com a economia, a pol\u00edtica e as artes, sobre os aspectos culturais das sociedades latino-americanas em um contexto de globaliza\u00e7\u00e3o e de novas propostas epist\u00eamicas, que revisitam a cultura a partir das teorias, metodologias e processos\u00a0<\/span><i><span style=\"font-weight: 400;\">decoloniais<\/span><\/i><span style=\"font-weight: 400;\">.<\/span><\/p>\n<p style=\"text-align: justify;\"><span style=\"font-weight: 400;\">O objetivo do Semin\u00e1rio \u00e9 pensar a cultura como ferramenta de promo\u00e7\u00e3o e difus\u00e3o do conhecimento, considerando a diversidade cultural e as especificidades sociais e econ\u00f4micas presentes na Am\u00e9rica Latina como um todo. O Semin\u00e1rio Latino-Americano de Estudos em Cultura est\u00e1 fundamentado em tr\u00eas pilares: 1) desenvolver e dar continuidade \u00e0 produ\u00e7\u00e3o cient\u00edfica e cultural, incentivando a inova\u00e7\u00e3o e gera\u00e7\u00e3o de novos conhecimentos, experi\u00eancias e saberes no \u00e2mbito continental; 2) promover a diversidade cultural e a integra\u00e7\u00e3o do conhecimento na Am\u00e9rica Latina, pensando na qualidade da produ\u00e7\u00e3o cient\u00edfica e tecnol\u00f3gica a partir de perspectivas e olhares diversos sobre a ci\u00eancia e o conhecimento; 3) agregar professorxs, estudantes, pesquisadorxs e interessadxs em debater o conhecimento no \u00e2mbito do ensino superior na Am\u00e9rica Latina.<\/span><\/p>\n<p style=\"text-align: justify;\"><span style=\"font-weight: 400;\">As atividades principais do evento, como as confer\u00eancias, as mesas redondas, os simp\u00f3sios tem\u00e1ticos e os minicursos, fomentar\u00e3o espa\u00e7os de discuss\u00e3o e de interc\u00e2mbio das produ\u00e7\u00f5es acad\u00eamicas e culturais produzidas pelos variados p\u00fablicos que se far\u00e3o presentes e circular\u00e3o durante todo o evento. Para a difus\u00e3o dos temas e debates proporcionados pelo evento, os resumos expandidos aceitos e apresentados durante o evento ser\u00e3o publicados na forma de Anais no Sistema Online de Apoio a Eventos \u2013 SOAE (<\/span><a href=\"http:\/\/eventos.claec.org\/\"><span style=\"font-weight: 400;\">http:\/\/eventos.claec.org<\/span><\/a><span style=\"font-weight: 400;\">) e receber\u00e3o c\u00f3digo ISBN. Xs autorxs que ap\u00f3s o aceite dos resumos expandidos enviarem seus trabalhos no formato de artigo completo e apresentarem durante o evento, depois de pr\u00e9via an\u00e1lise do artigo pela equipe editorial, ser\u00e3o publicados em uma edi\u00e7\u00e3o especial da revista RELACult &#8211; Revista Latino-Americana de Estudos em Cultura e Sociedade e-ISSN 2525-7870 (<\/span><a href=\"http:\/\/relacult.claec.org\/\"><span style=\"font-weight: 400;\">http:\/\/relacult.claec.org\/<\/span><\/a><span style=\"font-weight: 400;\">) antiga revista Conex\u00f5es Culturais e-ISSN 2447-018X.<\/span><\/p>\n","protected":false},"excerpt":{"rendered":"<p>O\u00a0I Semin\u00e1rio Latino-Americano de Estudos em Cultura\u00a0sob a tem\u00e1tica\u00a0\u201cA mundializa\u00e7\u00e3o da cultura na globaliza\u00e7\u00e3o e os processos\u00a0decoloniais\u00a0na Am\u00e9rica-Latina\u201d\u00a0\u00e9 uma iniciativa&hellip; <\/p>\n","protected":false},"author":1,"featured_media":0,"parent":0,"menu_order":0,"comment_status":"closed","ping_status":"closed","template":"","meta":{"_monsterinsights_skip_tracking":false,"_monsterinsights_sitenote_active":false,"_monsterinsights_sitenote_note":"","_monsterinsights_sitenote_category":0,"footnotes":""},"class_list":["post-1099","page","type-page","status-publish","hentry"],"_links":{"self":[{"href":"https:\/\/claec.org\/semlacult\/wp-json\/wp\/v2\/pages\/1099","targetHints":{"allow":["GET"]}}],"collection":[{"href":"https:\/\/claec.org\/semlacult\/wp-json\/wp\/v2\/pages"}],"about":[{"href":"https:\/\/claec.org\/semlacult\/wp-json\/wp\/v2\/types\/page"}],"author":[{"embeddable":true,"href":"https:\/\/claec.org\/semlacult\/wp-json\/wp\/v2\/users\/1"}],"replies":[{"embeddable":true,"href":"https:\/\/claec.org\/semlacult\/wp-json\/wp\/v2\/comments?post=1099"}],"version-history":[{"count":3,"href":"https:\/\/claec.org\/semlacult\/wp-json\/wp\/v2\/pages\/1099\/revisions"}],"predecessor-version":[{"id":1111,"href":"https:\/\/claec.org\/semlacult\/wp-json\/wp\/v2\/pages\/1099\/revisions\/1111"}],"wp:attachment":[{"href":"https:\/\/claec.org\/semlacult\/wp-json\/wp\/v2\/media?parent=1099"}],"curies":[{"name":"wp","href":"https:\/\/api.w.org\/{rel}","templated":true}]}}