{"id":1077,"date":"2017-12-26T21:49:53","date_gmt":"2017-12-26T23:49:53","guid":{"rendered":"http:\/\/claec.org\/semlacult\/?page_id=1077"},"modified":"2023-03-07T11:18:56","modified_gmt":"2023-03-07T14:18:56","slug":"anais","status":"publish","type":"page","link":"https:\/\/claec.org\/semlacult\/anais\/","title":{"rendered":"Anais"},"content":{"rendered":"<p>Acesse aqui os Anais das edi\u00e7\u00f5es do SEMLACult.<\/p>\n<p>\u00a0<\/p>\n<p><strong>2022:<\/strong><\/p>\n<p><strong><a href=\"https:\/\/tupa.claec.org\/index.php\/semlacult\/4\/schedConf\/presentations\" target=\"_blank\" rel=\"noopener\">Anais V.4 (2022)<\/a><\/strong>\u00a0&#8211; (ISSN: 2674-5879)<\/p>\n<p><strong>Edi\u00e7\u00e3o Especial &#8211; Artigos Destaques<\/strong> (RELACult &#8211; Revista Latino-Americana de Estudos em Cultura e Sociedade).<\/p>\n<p>\u00a0<\/p>\n<p><strong>2020:<\/strong><\/p>\n<p><strong><a href=\"https:\/\/tupa.claec.org\/index.php\/semlacult\/3\/schedConf\/presentations\" target=\"_blank\" rel=\"noopener\">Anais V.3 (2020)<\/a><\/strong>\u00a0&#8211; (ISSN: 2674-5879)<\/p>\n<p><strong><a href=\"https:\/\/periodicos.claec.org\/index.php\/relacult\/issue\/view\/31\">Edi\u00e7\u00e3o Especial &#8211; Artigos Destaques<\/a><\/strong> (RELACult &#8211; Revista Latino-Americana de Estudos em Cultura e Sociedade).<\/p>\n<p>\u00a0<\/p>\n<p><strong>2018:<\/strong><\/p>\n<p><strong><a href=\"https:\/\/tupa.claec.org\/index.php\/semlacult\/2\/schedConf\/presentations\" target=\"_blank\" rel=\"noopener\">Anais V.2 (2018)<\/a><\/strong>\u00a0&#8211; (ISSN: 2674-5879)<\/p>\n<p><a href=\"http:\/\/periodicos.claec.org\/index.php\/relacult\/issue\/view\/19\"><strong>Edi\u00e7\u00e3o Especial &#8211; Artigos Destaques<\/strong><\/a> (RELACult &#8211; Revista Latino-Americana de Estudos em Cultura e Sociedade).<\/p>\n<p><strong><a href=\"https:\/\/claec.org\/editora\/?page_id=305\" target=\"_blank\" rel=\"noopener\">Caderno de Resumos<\/a><\/strong>\u00a0&#8211; (ISBN:\u00a0978-85-93548-17-8)<\/p>\n<p><b>e-Book\u00a0<a href=\"https:\/\/claec.org\/editora\/?page_id=844\">\u201cIntegra\u00e7\u00e3o e Multiculturalismo na Am\u00e9rica Latina: Perspectiva hist\u00f3rica e desafios no contexto atual \u2013 Colet\u00e2nea de artigos do II Semin\u00e1rio Latino-Americano de Estudos em Cultura\u201d<\/a><\/b>\u00a0&#8211; (ISBN: 978-65-86746-08-2)<\/p>\n<p>\u00a0<\/p>\n<p><strong>2017:<\/strong><\/p>\n<p><strong><a href=\"https:\/\/tupa.claec.org\/index.php\/semlacult\/1\/schedConf\/presentations\" target=\"_blank\" rel=\"noopener\">Anais V.1 (2017)\u00a0<\/a><\/strong>&#8211;\u00a0(ISSN:\u00a02674-5879)<\/p>\n<p><a href=\"https:\/\/periodicos.claec.org\/index.php\/relacult\/issue\/view\/10\/showToc\"><strong>Edi\u00e7\u00e3o Especial &#8211; Artigos Destaques<\/strong><\/a> (RELACult &#8211; Revista Latino-Americana de Estudos em Cultura e Sociedade).<\/p>\n\n\n<pre class=\"wp-block-code\"><code><\/code><\/pre>\n\n\n\n<p><\/p>\n","protected":false},"excerpt":{"rendered":"<p>Acesse aqui os Anais das edi\u00e7\u00f5es do SEMLACult. \u00a0 2022: Anais V.4 (2022)\u00a0&#8211; (ISSN: 2674-5879) Edi\u00e7\u00e3o Especial &#8211; Artigos Destaques&hellip; <\/p>\n","protected":false},"author":1,"featured_media":0,"parent":0,"menu_order":0,"comment_status":"closed","ping_status":"closed","template":"","meta":{"_monsterinsights_skip_tracking":false,"_monsterinsights_sitenote_active":false,"_monsterinsights_sitenote_note":"","_monsterinsights_sitenote_category":0,"footnotes":""},"class_list":["post-1077","page","type-page","status-publish","hentry"],"_links":{"self":[{"href":"https:\/\/claec.org\/semlacult\/wp-json\/wp\/v2\/pages\/1077","targetHints":{"allow":["GET"]}}],"collection":[{"href":"https:\/\/claec.org\/semlacult\/wp-json\/wp\/v2\/pages"}],"about":[{"href":"https:\/\/claec.org\/semlacult\/wp-json\/wp\/v2\/types\/page"}],"author":[{"embeddable":true,"href":"https:\/\/claec.org\/semlacult\/wp-json\/wp\/v2\/users\/1"}],"replies":[{"embeddable":true,"href":"https:\/\/claec.org\/semlacult\/wp-json\/wp\/v2\/comments?post=1077"}],"version-history":[{"count":18,"href":"https:\/\/claec.org\/semlacult\/wp-json\/wp\/v2\/pages\/1077\/revisions"}],"predecessor-version":[{"id":2010,"href":"https:\/\/claec.org\/semlacult\/wp-json\/wp\/v2\/pages\/1077\/revisions\/2010"}],"wp:attachment":[{"href":"https:\/\/claec.org\/semlacult\/wp-json\/wp\/v2\/media?parent=1077"}],"curies":[{"name":"wp","href":"https:\/\/api.w.org\/{rel}","templated":true}]}}