{"id":976,"date":"2020-05-12T22:17:52","date_gmt":"2020-05-13T01:17:52","guid":{"rendered":"http:\/\/claec.org\/elacult\/?page_id=976"},"modified":"2020-09-10T15:12:25","modified_gmt":"2020-09-10T18:12:25","slug":"2020-25","status":"publish","type":"page","link":"https:\/\/claec.org\/elacult\/2020-25\/","title":{"rendered":"Direito Eleitoral: perspectivas sobre o processo eleitoral brasileiro"},"content":{"rendered":"<p>A import\u00e2ncia do conhecimento sobre Direito Eleitoral vai al\u00e9m da aplica\u00e7\u00e3o t\u00e9cnica do direito material, mas configura-se disciplina necess\u00e1ria no desenvolvimento da cidadania e elemento essencial na constru\u00e7\u00e3o de uma democracia. Assim, compreender o processo de desenvolvimento e implementa\u00e7\u00e3o do processo eleitoral torna-se de suma import\u00e2ncia.<\/p>\n<p>A partir desta premissa, desenvolve-se uma an\u00e1lise cr\u00edtica dos comandos constitucionais e legais que tratam do processo eleitoral, promovendo um discuss\u00e3o sobre o sistema eleitoral brasileiro e os principais pontos do debate contempor\u00e2neo sobre as regras que envolvem o nosso processo de escolha representativa.<\/p>\n<p><strong>Objetivo:<\/strong><\/p>\n<p>O curso tem como objetivo analisar e compreender o processo eleitoral brasileiro, propiciando ao aluno um panorama sobre o sistema eleitoral, crit\u00e9rios de elegibilidade e inelegibilidade, partidos pol\u00edticos e representa\u00e7\u00e3o pol\u00edtica. Ainda, procura analisar a Justi\u00e7a Eleitoral brasileira e seu papel como \u00f3rg\u00e3o de governan\u00e7a das elei\u00e7\u00f5es, abrangendo dentre suas compet\u00eancias a organiza\u00e7\u00e3o e aplica\u00e7\u00e3o do pleito, assim como, a conten\u00e7\u00e3o de conflitos oriundos deste processo. Por fim, busca se debater alguns dos principais pontos de discuss\u00e3o que permeiam a pol\u00edtica eleitoral contempor\u00e2nea.<\/p>\n<p><strong>Destinat\u00e1rios:<\/strong><\/p>\n<p>O curso destina-se a estudantes e profissionais das ci\u00eancias sociais e jur\u00eddicas.<\/p>\n<p id=\"yui_3_17_2_1_1568648319178_206\"><b id=\"yui_3_17_2_1_1568648319178_207\">Docente:<\/b><\/p>\n<p id=\"yui_3_17_2_1_1568648319178_205\"><b id=\"yui_3_17_2_1_1568648319178_204\">Profa.\u00a0 Ma.\u00a0Caroline Bianca Graeff <a href=\"http:\/\/lattes.cnpq.br\/9095508568636675\" target=\"_blank\" rel=\"noreferrer noopener\" aria-label=\"[+] (abre em uma nova aba)\">[Curr\u00edculo Lattes]<\/a><\/b><\/p>\n<p id=\"yui_3_17_2_1_1568648319178_200\">Doutoranda em Ci\u00eancia Pol\u00edtica na Universidade Federal de Pelotas, UFPEL, RS; mestre em Ci\u00eancia Pol\u00edtica pela mesma Institui\u00e7\u00e3o em 2015; especialista em Direito e Processo do Trabalho pela Faculdade Anhanguera Educacional de Pelotas, RS, em 2013, advogada (OAB 88876\/RS), graduada em Direito tamb\u00e9m pela Faculdade Anhanguera Educacional de Pelotas, RS, em 2011. Residiu por um semestre (janeiro \u00e0 junho de 2012) em Dublin, na Irlanda, onde estudou ingl\u00eas na ECM College (n\u00edvel intermedi\u00e1rio conclu\u00eddo). Pesquisadora visitante na Universidade de Bras\u00edlia (Unb) de mar\u00e7o \u00e0 maio de 2019. Atualmente trabalha em pesquisas que envolvam Institui\u00e7\u00f5es Judici\u00e1rias, com \u00eanfase na Justi\u00e7a Eleitoral e no Conselho Nacional de Justi\u00e7a, e as perspectivas te\u00f3ricas da judicializa\u00e7\u00e3o da pol\u00edtica e do ativismo judicial. Tamb\u00e9m possui experi\u00eancia em pesquisas que abordem o neoconstitucionalismo e as implica\u00e7\u00f5es para a Am\u00e9rica Latina. Durante a gradua\u00e7\u00e3o teve seu foco de estudo voltado para o direito trabalhista e para o direito ambiental e a efic\u00e1cia social das normas que versam sobre estas \u00e1reas.<\/p>\n<p id=\"yui_3_17_2_1_1568648319178_203\"><b id=\"yui_3_17_2_1_1568648319178_202\">C\u00f3digo de \u00e1rea do conhecimento (CNPq):<\/b><\/p>\n<p>7.00.00.00-0 Ci\u00eancias Humanas<br \/>\n7.07.05.03-8 Pap\u00e9is e Estruturas Sociais; Indiv\u00edduo<\/p>\n<p><strong>Ementa:<\/strong><\/p>\n<p>[Aula 1]<br \/>\n<strong>Direito eleitoral. Conceito. Panorama hist\u00f3rico. Direitos pol\u00edticos. Sufr\u00e1gio e elegibilidade. Inelegibilidades e incompatibilidades.<\/strong><\/p>\n<p>Objetivo:<br \/>\nPropiciar ao aluno um panorama sobre o Direito Eleitoral brasileiro e as regras sobre elegibilidade.<\/p>\n<p>Bibliografia:<br \/>\nJARDIM, Torquato. Direito Eleitoral positivo. 2ed. rev. aum. Bras\u00edlia: Bras\u00edlia Jur\u00eddica, 1998.<br \/>\nBRASIL. CF 1988. (Constitui\u00e7\u00e3o da Rep\u00fablica Federativa do Brasil de 05 out. 1988).<\/p>\n<hr \/>\n<p>[Aula 2]<br \/>\n<strong>Sistemas eleitorais. Princ\u00edpio majorit\u00e1rio e princ\u00edpio proporcional. Sistema distrital. Partidos pol\u00edticos<\/strong><\/p>\n<p>Objetivo:<br \/>\nTrabalhar os sistemas eleitorais e partid\u00e1rios.<\/p>\n<p>Bibliografia:<br \/>\nAVRITZER, Leonardo; ANASTASIA, F\u00e1tima (organizadores). Reforma pol\u00edtica no Brasil. Belo Horizonte: Editora UFMG, 2006. 271 p.<br \/>\nNICOLAU, Jairo; SCHIMMITH, Rog\u00e9rio. Sistema Eleitoral e Sistema Partid\u00e1rio. Revista Lua Nova. N\u00famero 36, p. 129-201.<\/p>\n<hr \/>\n<p>[Aula 3]<br \/>\n<strong>Governan\u00e7a eleitoral. Justi\u00e7a Eleitoral brasileira. Processo eleitoral<\/strong><\/p>\n<p>Objetivo:<br \/>\nCompreender as caracter\u00edsticas e compet\u00eancias da Justi\u00e7a Eleitoral e sua atua\u00e7\u00e3o frente ao modelo de governan\u00e7a\u00a0eleitoral adotado no Brasil.<\/p>\n<p>Bibliografia:<br \/>\nMOZAFFAR, Shaheen; SCHEDLER, Andreas. The Comparative study of electoral governance -Introduction. International Political Science Review,\u00a0v.23, n.1, 2002, p. 5-27.<br \/>\nMACHADO, Marcelo Passamani. A Justi\u00e7a Eleitoral. In: CAGGIANO, M\u00f4nica Herman S. (Coord.). Direito Eleitoral em debate \u2013 estudos em homenagem a Cl\u00e1udio<br \/>\nLembo. S\u00e3o Paulo: Saraiva, 2013, p. 267-293.<br \/>\nGOMES, Suzana de Camargo. A Justi\u00e7a Eleitoral e sua compet\u00eancia. S\u00e3o Paulo: Revista dos Tribunais, 1998.<\/p>\n<hr \/>\n<p>[Aula 4]<br \/>\n<strong>Debates contempor\u00e2neos: Financiamento das campanhas eleitorais e presta\u00e7\u00e3o de contas; propaganda eleitoral e fake news; verticaliza\u00e7\u00e3o das coliga\u00e7\u00f5es e fidelidade partid\u00e1ria<\/strong><\/p>\n<p>Objetivo:<br \/>\nDiscutir alguns dos principais temas que aparecem nos debates contempor\u00e2neas sobre o Direito Eleitoral.<\/p>\n<p>Bibliografia:<br \/>\nMARCHETTI, Vitor; CORTEZ, Rafael. A Judicializa\u00e7\u00e3o da competi\u00e7\u00e3o pol\u00edtica: o TSE e as coliga\u00e7\u00f5es eleitorais. Opini\u00e3o P\u00fablica, Campinas, v.15, n.2, nov. 2009, p. 422-450.<br \/>\nFANTINEL, Aleksandra Ramos. Judicializa\u00e7\u00e3o da pol\u00edtica: o processo pol\u00edtico-eleitoral e fidelidade partid\u00e1ria no Brasil (1988-2008). 2014, 72f. Disserta\u00e7\u00e3o (Mestrado em Ci\u00eancia Pol\u00edtica). Universidade Federal do Rio Grande do Sul, Porto Alegre.<br \/>\nFERRAZ J\u00daNIOR, Vitor Emanuel Marchetti. Poder judici\u00e1rio e competi\u00e7\u00e3o pol\u00edtica no Brasil: uma<br \/>\nan\u00e1lise das decis\u00f5es do TSE e do STF sobre as regras eleitorais. 2008. 233f. Tese (Doutorado em<br \/>\nCi\u00eancias Sociais). Pontif\u00edcia Universidade Cat\u00f3lica de S\u00e3o Paulo, S\u00e3o\u00a0Paulo.<br \/>\nNUNES JUNIOR, Amandino Teixeira. A Judicializa\u00e7\u00e3o da pol\u00edtica no brasil: an\u00e1lise das decis\u00f5es do TSE e do STF sobre verticaliza\u00e7\u00e3o das coliga\u00e7\u00f5es e fidelidade partid\u00e1ria. 2014, 199f. Tese (Doutorado em Ci\u00eancia Pol\u00edtica). Universidade de Bras\u00edlia, Bras\u00edlia.<\/p>\n<hr \/>\n<p><strong>Cronograma:<\/strong><\/p>\n<p><strong>Inscri\u00e7\u00f5es:<br \/>\n<\/strong>De 12\/05\/2020 (Ter\u00e7a-feira) a 30\/10\/2020 (Sexta-feira)<\/p>\n<p><strong>Curso:<\/strong><br \/>\nDe 02\/11\/2020 (Segunda-feira) a 30\/11\/2020 (Segunda-feira)<\/p>\n<p><a class=\"btn btn-success\" href=\"https:\/\/api.whatsapp.com\/send?phone=5519989196763&amp;text=Ol\u00e1!%20Gostaria%20de%20obter%20mais%20informa\u00e7\u00f5es%20sobre%20o%20curso%20Cidade%20e%20interseccionalidades.\" target=\"_blank\" rel=\"noopener\">+ info via WhatsApp<\/a><\/p>\n<p><a class=\"btn btn-primary\" href=\"http:\/\/m.me\/claecult\" target=\"_blank\" rel=\"noopener\">+ info via Facebook Messenger<\/a><\/p>\n<p><a class=\"btn btn-info\" href=\"https:\/\/forms.gle\/8zDy3PvdH1tshHxn7\" target=\"_blank\" rel=\"noopener\">Reservar vaga<\/a><\/p>\n","protected":false},"excerpt":{"rendered":"<p>A import\u00e2ncia do conhecimento sobre Direito Eleitoral vai al\u00e9m da aplica\u00e7\u00e3o t\u00e9cnica do direito material, mas configura-se disciplina necess\u00e1ria no desenvolvimento da cidadania e elemento essencial na constru\u00e7\u00e3o de uma democracia. Assim, compreender o processo de desenvolvimento e implementa\u00e7\u00e3o do processo eleitoral torna-se de suma import\u00e2ncia. A partir desta premissa, desenvolve-se uma an\u00e1lise cr\u00edtica dos [&hellip;]<\/p>\n","protected":false},"author":4,"featured_media":0,"parent":0,"menu_order":0,"comment_status":"closed","ping_status":"closed","template":"","meta":{"_monsterinsights_skip_tracking":false,"_monsterinsights_sitenote_active":false,"_monsterinsights_sitenote_note":"","_monsterinsights_sitenote_category":0,"footnotes":""},"class_list":["post-976","page","type-page","status-publish","hentry"],"_links":{"self":[{"href":"https:\/\/claec.org\/elacult\/wp-json\/wp\/v2\/pages\/976","targetHints":{"allow":["GET"]}}],"collection":[{"href":"https:\/\/claec.org\/elacult\/wp-json\/wp\/v2\/pages"}],"about":[{"href":"https:\/\/claec.org\/elacult\/wp-json\/wp\/v2\/types\/page"}],"author":[{"embeddable":true,"href":"https:\/\/claec.org\/elacult\/wp-json\/wp\/v2\/users\/4"}],"replies":[{"embeddable":true,"href":"https:\/\/claec.org\/elacult\/wp-json\/wp\/v2\/comments?post=976"}],"version-history":[{"count":4,"href":"https:\/\/claec.org\/elacult\/wp-json\/wp\/v2\/pages\/976\/revisions"}],"predecessor-version":[{"id":1096,"href":"https:\/\/claec.org\/elacult\/wp-json\/wp\/v2\/pages\/976\/revisions\/1096"}],"wp:attachment":[{"href":"https:\/\/claec.org\/elacult\/wp-json\/wp\/v2\/media?parent=976"}],"curies":[{"name":"wp","href":"https:\/\/api.w.org\/{rel}","templated":true}]}}