{"id":964,"date":"2020-05-12T20:20:52","date_gmt":"2020-05-12T23:20:52","guid":{"rendered":"http:\/\/claec.org\/elacult\/?page_id=964"},"modified":"2020-09-10T15:09:53","modified_gmt":"2020-09-10T18:09:53","slug":"2020-21","status":"publish","type":"page","link":"https:\/\/claec.org\/elacult\/2020-21\/","title":{"rendered":"Judicializa\u00e7\u00e3o da Pol\u00edtica"},"content":{"rendered":"<p>Nas \u00faltimas d\u00e9cadas podemos observar um aumento significativo da atua\u00e7\u00e3o do Judici\u00e1rio, principalmente do Supremo Tribunal Federal, em quest\u00f5es pol\u00edticas e de uma forma pol\u00edtica. Tal diagn\u00f3stico vem sendo chamado por estudiosos do Direito e das Ci\u00eancias Sociais de Judicializa\u00e7\u00e3o da Pol\u00edtica. A partir da conceitua\u00e7\u00e3o desta problem\u00e1tica, pretende-se propiciar um debate em torno das principais tem\u00e1ticas que aparecem nas discuss\u00f5es te\u00f3ricas sobre o assunto, desenvolvendo uma an\u00e1lise cr\u00edtica acerca deste conceito e estimulando uma reflex\u00e3o sobre a rela\u00e7\u00e3o entre os poderes, o ativismo judicial e o protagonismo do Poder Judici\u00e1rio em quest\u00f5es pol\u00edticas.<\/p>\n<p><strong>Objetivo:<\/strong><\/p>\n<p>O curso tem como objetivo desenvolver os seguintes aspectos:<br \/>\n-Analisar a separa\u00e7\u00e3o entre os poderes e as rela\u00e7\u00f5es entre Executivo, Legislativo e<br \/>\nJudici\u00e1rio na democracia;<br \/>\n-Discutir o conceito de judicializa\u00e7\u00e3o da pol\u00edtica, ativismo judicial e politiza\u00e7\u00e3o da<br \/>\njusti\u00e7a;<br \/>\n-Propiciar um debate sobre o papel e os limites do Judici\u00e1rio na formula\u00e7\u00e3o,<br \/>\nimplementa\u00e7\u00e3o e controle das pol\u00edticas p\u00fablicas;<br \/>\n-Compreender as rela\u00e7\u00f5es entre Judici\u00e1rio e Legislativo e seus reflexos na formula\u00e7\u00e3o<br \/>\ndas regras pol\u00edtico-eleitorais.<\/p>\n<p><strong>Destinat\u00e1rios:<\/strong><\/p>\n<p>O curso destina-se a estudantes e profissionais das ci\u00eancias sociais e jur\u00eddicas.<\/p>\n<p id=\"yui_3_17_2_1_1568648319178_206\"><b id=\"yui_3_17_2_1_1568648319178_207\">Docente:<\/b><\/p>\n<p id=\"yui_3_17_2_1_1568648319178_205\"><b id=\"yui_3_17_2_1_1568648319178_204\">Profa.\u00a0 Ma.\u00a0Caroline Bianca Graeff <a href=\"http:\/\/lattes.cnpq.br\/9095508568636675\" target=\"_blank\" rel=\"noreferrer noopener\" aria-label=\"[+] (abre em uma nova aba)\">[Curr\u00edculo Lattes]<\/a><\/b><\/p>\n<p id=\"yui_3_17_2_1_1568648319178_200\">Doutoranda em Ci\u00eancia Pol\u00edtica na Universidade Federal de Pelotas, UFPEL, RS; mestre em Ci\u00eancia Pol\u00edtica pela mesma Institui\u00e7\u00e3o em 2015; especialista em Direito e Processo do Trabalho pela Faculdade Anhanguera Educacional de Pelotas, RS, em 2013, advogada (OAB 88876\/RS), graduada em Direito tamb\u00e9m pela Faculdade Anhanguera Educacional de Pelotas, RS, em 2011. Residiu por um semestre (janeiro \u00e0 junho de 2012) em Dublin, na Irlanda, onde estudou ingl\u00eas na ECM College (n\u00edvel intermedi\u00e1rio conclu\u00eddo). Pesquisadora visitante na Universidade de Bras\u00edlia (Unb) de mar\u00e7o \u00e0 maio de 2019. Atualmente trabalha em pesquisas que envolvam Institui\u00e7\u00f5es Judici\u00e1rias, com \u00eanfase na Justi\u00e7a Eleitoral e no Conselho Nacional de Justi\u00e7a, e as perspectivas te\u00f3ricas da judicializa\u00e7\u00e3o da pol\u00edtica e do ativismo judicial. Tamb\u00e9m possui experi\u00eancia em pesquisas que abordem o neoconstitucionalismo e as implica\u00e7\u00f5es para a Am\u00e9rica Latina. Durante a gradua\u00e7\u00e3o teve seu foco de estudo voltado para o direito trabalhista e para o direito ambiental e a efic\u00e1cia social das normas que versam sobre estas \u00e1reas.<\/p>\n<p id=\"yui_3_17_2_1_1568648319178_203\"><b id=\"yui_3_17_2_1_1568648319178_202\">C\u00f3digo de \u00e1rea do conhecimento (CNPq):<\/b><\/p>\n<p>6.00.00.00-7 Ci\u00eancias Sociais Aplicadas<br \/>\n6.01.02.05-5 Direito Constitucional<\/p>\n<p><strong>Ementa:<\/strong><\/p>\n<p>[Aula 1]<br \/>\n<strong>Separa\u00e7\u00e3o dos Poderes. Rela\u00e7\u00f5es entre Executivo, Legislativo e Judici\u00e1rio. Mudan\u00e7as e reformas no Judici\u00e1rio nacional<\/strong><\/p>\n<p>Objetivo:<br \/>\nCompreender hist\u00f3rico e conceitualmente a separa\u00e7\u00e3o dos poderes e as mudan\u00e7as e reformas no Judici\u00e1rio brasileiro.<\/p>\n<p>Bibliografia:<br \/>\nMARQUES DA CRUZ, Gabriel Dias. National Council of Justice, Separation of Powers and Judicial Review: A Brasilian case study. Revista Jur\u00eddica Pi\u00e9lagus, vol. 12, n\u00ba. 1, pp. 115 a 123,Col\u00f4mbia.<br \/>\nPINHEIRO, Ivan Ant\u00f4nio; VIEIRA, Luciano Jos\u00e9 Martins; MOTTA, Paulo Cesar Delayti. Mandando Montesquieu \u00e0s favas: o caso do n\u00e3o cumprimento dos preceitos constitucionais de independ\u00eancia dos tr\u00eas poderes da rep\u00fablica.\u00a0Rev. Adm. P\u00fablica,\u00a0 Rio de Janeiro ,\u00a0 v. 45,\u00a0n. 6,\u00a0p. 1733-1759,\u00a0 Dec.\u00a0 2011.<br \/>\nSADEK, Maria Tereza. Judici\u00e1rio: mudan\u00e7as e reformas.\u00a0Estud. av.,\u00a0 S\u00e3o Paulo ,\u00a0 v. 18,\u00a0n. 51,\u00a0p. 79-\u00a0101,\u00a0 Aug.\u00a0 2004.<\/p>\n<hr \/>\n<p>[Aula 2]<br \/>\n<strong>Judicializa\u00e7\u00e3o da\u00a0<\/strong><strong>pol\u00edtica. Diferen\u00e7as e\u00a0<\/strong><strong>conex\u00f5es: ativismo\u00a0<\/strong><strong>judicial e politiza\u00e7\u00e3o\u00a0<\/strong><strong>da justi\u00e7a<\/strong><\/p>\n<p>Objetivo:<br \/>\nAnalisar os conceitos de judicializa\u00e7\u00e3o da pol\u00edtica, ativismo<br \/>\njudicial e politiza\u00e7\u00e3o da justi\u00e7a a partir da literatura nacional e internacional, ressaltando a aproxima\u00e7\u00e3o entre os tr\u00eas institutos e suas diferen\u00e7as.<\/p>\n<p>Bibliografia:<br \/>\nTATE, C. Neal; VALLINDER, Torbj\u00f6rn. The Global expansion of Judicial power. Nova York: New York University Press, 1995.<br \/>\nVIANNA, Luiz Werneck. A Judicializa\u00e7\u00e3o da Pol\u00edtica. In: AVRITZER, Leonardo et al. Dimens\u00f5es pol\u00edticas da justi\u00e7a. Rio de Janeiro: Civiliza\u00e7\u00e3o Brasileira, 2013.<br \/>\nBARRETO, Alvaro Augusto de Borba. GRAEFF, Caroline Bianca. \u201cJudicializa\u00e7\u00e3o da pol\u00edtica\u201d: arqueologia de um conceito. Revista Eletr\u00f4nica Direito e Pol\u00edtica, Programa de P\u00f3s- Gradua\u00e7\u00e3o Stricto Sensu em Ci\u00eancia Jur\u00eddica da UNIVALI, Itaja\u00ed, v.11, n.2, 2\u00ba quadrimestre de 2016. ISSN 1980-7791.<br \/>\nBARROSO, Lu\u00eds Roberto. Judicializa\u00e7\u00e3o, ativismo judicial e legitimidade democr\u00e1tica. Atualidades Jur\u00eddicas, Rio de Janeiro, n.4, jan.-fev. 2009, p. 1-29.<br \/>\nRAMOS, Elival da Silva. Ativismo judicial: par\u00e2metros dogm\u00e1ticos. S\u00e3o Paulo: Saraiva, 2010.<\/p>\n<hr \/>\n<p>[Aula 3]<br \/>\n<strong>Poder Judici\u00e1rio e pol\u00edticas p\u00fablicas<\/strong><\/p>\n<p>Objetivo:<br \/>\nSistematizar os estudos e desenvolver um debate cr\u00edtico sobre a atua\u00e7\u00e3o do Poder Judici\u00e1rio como constituinte e implementador de\u00a0pol\u00edticas p\u00fablicas.<\/p>\n<p>Bibliografia:<br \/>\nVIANNA, Luiz Werneck et al. A Judicializa\u00e7\u00e3o da pol\u00edtica e das rela\u00e7\u00f5es sociais no Brasil. Rio de<br \/>\nJaneiro: Revan, 1999.<br \/>\nTAYLOR, Matthew M. O\u00a0Judici\u00e1rio e as pol\u00edticas p\u00fablicas no Brasil. Dados, Rio de Janeiro, v.50, n.2, 2007, p. 229-257.<\/p>\n<hr \/>\n<p>[Aula 4]<br \/>\n<strong>Judici\u00e1rio e as regras pol\u00edtico-eleitorais<\/strong><\/p>\n<p>Objetivo:<br \/>\nCompreender a atua\u00e7\u00e3o do STF e da Justi\u00e7a Eleitoral como formuladores das regras eleitorais no Brasil.<\/p>\n<p>Bibliografia:<br \/>\nZAULI, Eduardo Meira. Justi\u00e7a eleitoral e judicializa\u00e7\u00e3o das elei\u00e7\u00f5es no Brasil. Revista Brasileira de Estudos Pol\u00edticos, Belo Horizonte, n.102, jan.-jun. 2011, p. 255-289.<br \/>\nVALE, Teresa Cristina de Souza Cardoso. Justi\u00e7a Eleitoral e judicializa\u00e7\u00e3o da pol\u00edtica: um estudo atrav\u00e9s da hist\u00f3ria. 2009. 233f. Tese (Doutorado em Ci\u00eancia Pol\u00edtica). Instituto Universit\u00e1rio de Pesquisa do Rio de Janeiro, Rio de Janeiro.<br \/>\nFERRAZ J\u00daNIOR, Vitor Emanuel Marchetti. Poder judici\u00e1rio e competi\u00e7\u00e3o pol\u00edtica no Brasil: uma an\u00e1lise das decis\u00f5es do TSE e do STF sobre as regras eleitorais. 2008. 233f. Tese (Doutorado em Ci\u00eancias Sociais). Pontif\u00edcia Universidade Cat\u00f3lica de S\u00e3o Paulo, S\u00e3o Paulo.<\/p>\n<hr \/>\n<p><strong>Cronograma:<\/strong><\/p>\n<p><strong>Inscri\u00e7\u00f5es:<br \/>\n<\/strong>De 12\/05\/2020 (Ter\u00e7a-feira) a 30\/10\/2020 (Sexta-feira)<\/p>\n<p><strong>Curso:<\/strong><br \/>\nDe 02\/11\/2020 (Segunda-feira) a 30\/11\/2020 (Segunda-feira)<\/p>\n<p><a class=\"btn btn-success\" href=\"https:\/\/api.whatsapp.com\/send?phone=5519989196763&amp;text=Ol\u00e1!%20Gostaria%20de%20obter%20mais%20informa\u00e7\u00f5es%20sobre%20o%20curso%20Cidade%20e%20interseccionalidades.\" target=\"_blank\" rel=\"noopener\">+ info via WhatsApp<\/a><\/p>\n<p><a class=\"btn btn-primary\" href=\"http:\/\/m.me\/claecult\" target=\"_blank\" rel=\"noopener\">+ info via Facebook Messenger<\/a><\/p>\n<p><a class=\"btn btn-info\" href=\"https:\/\/forms.gle\/8zDy3PvdH1tshHxn7\" target=\"_blank\" rel=\"noopener\">Reservar vaga<\/a><\/p>\n","protected":false},"excerpt":{"rendered":"<p>Nas \u00faltimas d\u00e9cadas podemos observar um aumento significativo da atua\u00e7\u00e3o do Judici\u00e1rio, principalmente do Supremo Tribunal Federal, em quest\u00f5es pol\u00edticas e de uma forma pol\u00edtica. Tal diagn\u00f3stico vem sendo chamado por estudiosos do Direito e das Ci\u00eancias Sociais de Judicializa\u00e7\u00e3o da Pol\u00edtica. A partir da conceitua\u00e7\u00e3o desta problem\u00e1tica, pretende-se propiciar um debate em torno das [&hellip;]<\/p>\n","protected":false},"author":4,"featured_media":0,"parent":0,"menu_order":0,"comment_status":"closed","ping_status":"closed","template":"","meta":{"_monsterinsights_skip_tracking":false,"_monsterinsights_sitenote_active":false,"_monsterinsights_sitenote_note":"","_monsterinsights_sitenote_category":0,"footnotes":""},"class_list":["post-964","page","type-page","status-publish","hentry"],"_links":{"self":[{"href":"https:\/\/claec.org\/elacult\/wp-json\/wp\/v2\/pages\/964","targetHints":{"allow":["GET"]}}],"collection":[{"href":"https:\/\/claec.org\/elacult\/wp-json\/wp\/v2\/pages"}],"about":[{"href":"https:\/\/claec.org\/elacult\/wp-json\/wp\/v2\/types\/page"}],"author":[{"embeddable":true,"href":"https:\/\/claec.org\/elacult\/wp-json\/wp\/v2\/users\/4"}],"replies":[{"embeddable":true,"href":"https:\/\/claec.org\/elacult\/wp-json\/wp\/v2\/comments?post=964"}],"version-history":[{"count":4,"href":"https:\/\/claec.org\/elacult\/wp-json\/wp\/v2\/pages\/964\/revisions"}],"predecessor-version":[{"id":1093,"href":"https:\/\/claec.org\/elacult\/wp-json\/wp\/v2\/pages\/964\/revisions\/1093"}],"wp:attachment":[{"href":"https:\/\/claec.org\/elacult\/wp-json\/wp\/v2\/media?parent=964"}],"curies":[{"name":"wp","href":"https:\/\/api.w.org\/{rel}","templated":true}]}}