{"id":911,"date":"2020-05-12T13:03:26","date_gmt":"2020-05-12T16:03:26","guid":{"rendered":"http:\/\/claec.org\/elacult\/?page_id=911"},"modified":"2020-06-23T22:15:58","modified_gmt":"2020-06-24T01:15:58","slug":"2020-11","status":"publish","type":"page","link":"https:\/\/claec.org\/elacult\/2020-11\/","title":{"rendered":"Para al\u00e9m do som \u2013 rela\u00e7\u00f5es bil\u00edngues\/biculturais na educa\u00e7\u00e3o de surdos"},"content":{"rendered":"<p>Com o crescente n\u00famero de alunos surdos matriculados na educa\u00e7\u00e3o regular do Brasil como resultado de pol\u00edticas afirmativas e dispositivos legais especialmente nas \u00faltimas d\u00e9cadas, muito tem se discutido acerca do papel da l\u00edngua de sinais e da l\u00edngua oral na educa\u00e7\u00e3o desses sujeitos. Aqui assumimos uma perspectiva s\u00f3cio antropol\u00f3gica (SKLIAR, 1999) a partir da qual a surdez \u00e9 compreendida como uma diferen\u00e7a que delimita um modo de ser espec\u00edfico pautado na visualidade e que permite a comunidade surda compartilhar de aspectos culturais que independem da orienta\u00e7\u00e3o sonora e da aquisi\u00e7\u00e3o de uma l\u00edngua oral.<\/p>\n<p>Nesse sentido, tencionamos discutir o que se toma como cultural em um contexto geral, desenhando concomitantemente essa no\u00e7\u00e3o de cultura t\u00e3o fortemente defendida pelos surdos nos movimentos sociais e pol\u00edticos e a partir disso refletir acerca da atua\u00e7\u00e3o de professores de L\u00edngua Portuguesa que se veem, por vezes, desorientados ao receberem alunos surdos em salas regulares, isto \u00e9, pensar formas poss\u00edveis de compreender a Libras n\u00e3o como um recurso para aquisi\u00e7\u00e3o da L\u00edngua Portuguesa, mas como pot\u00eancia de aprendizagem e discuss\u00e3o por uma perspectiva bil\u00edngue e bicultural.<\/p>\n<p><strong>Objetivo:<\/strong><\/p>\n<p>Discutir a no\u00e7\u00e3o de cultura imbricada na l\u00edngua e suas implica\u00e7\u00f5es na rela\u00e7\u00e3o entre a<br \/>\naprendizagem da l\u00edngua oral e da l\u00edngua de sinais na educa\u00e7\u00e3o de surdos.<\/p>\n<p><strong>Destinat\u00e1rios:<\/strong><\/p>\n<p>Professores da \u00e1rea da linguagem que atuam diretamente com a educa\u00e7\u00e3o de surdos.<\/p>\n<p id=\"yui_3_17_2_1_1568648319178_206\"><b id=\"yui_3_17_2_1_1568648319178_207\">Docente:<\/b><\/p>\n<p id=\"yui_3_17_2_1_1568648319178_205\"><b id=\"yui_3_17_2_1_1568648319178_204\">Prof.\u00a0 Dr. Rubens Lacerda de S\u00e1 <a href=\"http:\/\/lattes.cnpq.br\/5220477053711608\" target=\"_blank\" rel=\"noreferrer noopener\" aria-label=\"[+] (abre em uma nova aba)\">[Curr\u00edculo Lattes]<\/a><\/b><\/p>\n<p id=\"yui_3_17_2_1_1568648319178_200\">Docente, Pesquisador e Coordenador da Editora do Instituto Federal de Educa\u00e7\u00e3o, Ci\u00eancia e Tecnologia de S\u00e3o Paulo (IFSP). Pesquisador Associado do Centro Latino-Americano de Estudos em Cultura (CLAEC). Doutor em Lingu\u00edstica Aplicada (UNICAMP), Mestre em Lingu\u00edstica (UnB), Especialista no Ensino de L\u00ednguas para Fins Espec\u00edficos (UFMT) e Graduado em Letras (UCCB). L\u00edder do Grupo de Pesquisa Interdisciplinar em Estudos de Linguagem (GIEL\/CNPq) e pesquisador do N\u00facleo de Estudos em Linguagens e Pol\u00edticas P\u00fablicas em Educa\u00e7\u00e3o (NELPPE\/CNPq). Interesses de pesquisa: Estudos Cr\u00edticos de Discurso, Estudos Migrat\u00f3rios, Pol\u00edticas Lingu\u00edsticas, Estudos de Linguagem, Internacionaliza\u00e7\u00e3o, Educa\u00e7\u00e3o, Interdisciplinaridade e Tecnologias da Informa\u00e7\u00e3o e Comunica\u00e7\u00e3o.<\/p>\n<p><b id=\"yui_3_17_2_1_1568648319178_204\">Prof. Me.\u00a0<\/b><strong>Gabriel Silva Nascimento\u00a0<b id=\"yui_3_17_2_1_1568648319178_204\"><a href=\"http:\/\/lattes.cnpq.br\/4507944299087617\" target=\"_blank\" rel=\"noreferrer noopener\" aria-label=\"[+] (abre em uma nova aba)\">[Curr\u00edculo Lattes]<\/a><\/b><\/strong><\/p>\n<p>Doutorando em Educa\u00e7\u00e3o Especial (UFScar) e em Educa\u00e7\u00e3o e Sa\u00fade na Inf\u00e2ncia e na Adolesc\u00eancia (Unifesp), Mestre em Educa\u00e7\u00e3o (Ufes), Especialista em Libras (Finom), Especialista em Educa\u00e7\u00e3o Especial Inclusiva (UCM), Licenciado em Letras Portugu\u00eas-Ingl\u00eas (Uniube), atua como como Professor do Ensino B\u00e1sico, T\u00e9cnico e Tecnol\u00f3gico na \u00e1rea de Letras &#8211; L\u00edngua Portuguesa e Libras no Instituto Federal de S\u00e3o Paulo. Tem experi\u00eancia na \u00e1rea da Educa\u00e7\u00e3o, com \u00eanfase no ensino de L\u00edngua Portuguesa, L\u00edngua Portuguesa para falantes de outras l\u00ednguas, L\u00edngua Inglesa e L\u00edngua Brasileira de Sinais atuando principalmente nos seguintes eixos: acessibilidade para surdos, tradu\u00e7\u00e3o audiovisual, forma\u00e7\u00e3o de tradutores e int\u00e9rpretes e Lingu\u00edstica Aplicada.<\/p>\n<p id=\"yui_3_17_2_1_1568648319178_203\"><b id=\"yui_3_17_2_1_1568648319178_202\">C\u00f3digo de \u00e1rea do conhecimento (CNPq):<\/b><\/p>\n<p>8.00.00.00-2 Lingu\u00edstica, Letras e Artes<br \/>\n7.08.04.00-1 Ensino-aprendizagem<\/p>\n<p><strong>Ementa:<\/strong><\/p>\n<p>[Aula 1]<br \/>\n<strong>O que se toma por cultura?<\/strong><\/p>\n<p>Objetivo:<br \/>\nDiscutir diferentes perspectivas acerca da no\u00e7\u00e3o de cultura e suas implica\u00e7\u00f5es na elabora\u00e7\u00e3o de propostas\u00a0 educacionais.<\/p>\n<p>Bibliografia:<br \/>\nHall, Stuart. A identidade\u00a0 cultural na p\u00f3s \u2013 modernidade\/ tradu\u00e7\u00e3o Tomaz Tadeu da Silva,\u00a0 Guacira Lopes Louro-11. Ed. Rio de janeiro: DP&amp;A, 2006.<\/p>\n<hr \/>\n<p>[Aula 2]<br \/>\n<strong>Rela\u00e7\u00f5es entre a cultura e a L\u00edngua Portuguesa do Brasil<\/strong><\/p>\n<p>Objetivo:<br \/>\nPensar as possibilidades did\u00e1tico- pedag\u00f3gicas associadas a aspectos culturais que abranjam a diversidade brasileira em situa\u00e7\u00e3o de fronteira entre l\u00ednguas.<\/p>\n<p>Bibliografia:<br \/>\nQ U A D R O S , R . M . d e C A M P E L L O , A . R . A constitui\u00e7\u00e3o pol\u00edtica, social e c u l t u r a l d a L \u00ed n g u a Brasileira de Sinais \u2013 Libras. E d u c a \u00e7 \u00e3 o d e S u r d o s : Pol\u00edticas, L\u00edngua de Sinais, Comunidade e Cultura Surda. Vieira-Machado e Lopes, M. C (org.). Santa Cruz do Sul. Edunisc, 2010.<\/p>\n<hr \/>\n<p>[Aula 3]<br \/>\n<strong>Existe cultura surda? Uma viagem hist\u00f3rica sobre a quest\u00e3o da surdez e suas especificidades<\/strong><\/p>\n<p>Objetivo:<br \/>\nDialogar sobre a\u00a0 dualidade surdo e ouvinte em um contexto emergente de inclus\u00e3o e escolas bil\u00edngues para surdos.<\/p>\n<p>Bibliografia:<br \/>\nL A D D , P A D D Y. U n d e r s t a n d i n g d e a f culture: in search of deafhood: multilingual Matters. Clevedon, 2003.<\/p>\n<hr \/>\n<p>[Aula 4]<br \/>\n<strong>Para al\u00e9m do som<\/strong><\/p>\n<p>Objetivo:<br \/>\nRefletir acerca de possibilidades metodol\u00f3gicas que\u00a0 contemplem aspectos culturais compartilhados por ouvintes e surdos em uma perspectiva bil\u00edngue.<\/p>\n<p>Bibliografia:<br \/>\nLOPES, Maura Corcini. Surdez &amp; Educa\u00e7\u00e3o. Belo Horizonte: Aut\u00eantica, 2007.<\/p>\n<hr \/>\n<p><strong>Cronograma:<\/strong><\/p>\n<p><strong>Inscri\u00e7\u00f5es:<br \/>\n<\/strong>De 12\/05\/2020 (Ter\u00e7a-feira) a 28\/08\/2020 (Sexta-feira)<\/p>\n<p><strong>Curso:<\/strong><br \/>\nDe 01\/09\/2020 (Ter\u00e7a-feira) a 30\/09\/2020 (Quarta-feira)<\/p>\n<p><a class=\"btn btn-success\" href=\"https:\/\/api.whatsapp.com\/send?phone=5511942966215&amp;text=Ol\u00e1!%20Gostaria%20de%20obter%20mais%20informa\u00e7\u00f5es%20sobre%20o%20curso%20Cidade%20e%20interseccionalidades.\" target=\"_blank\" rel=\"noopener\">+ info via WhatsApp<\/a><\/p>\n<p><a class=\"btn btn-primary\" href=\"http:\/\/m.me\/claecult\" target=\"_blank\" rel=\"noopener\">+ info via Facebook Messenger<\/a><\/p>\n<p><a class=\"btn btn-info\" href=\"https:\/\/forms.gle\/8zDy3PvdH1tshHxn7\" target=\"_blank\" rel=\"noopener\">Reservar vaga<\/a><\/p>\n","protected":false},"excerpt":{"rendered":"<p>Com o crescente n\u00famero de alunos surdos matriculados na educa\u00e7\u00e3o regular do Brasil como resultado de pol\u00edticas afirmativas e dispositivos legais especialmente nas \u00faltimas d\u00e9cadas, muito tem se discutido acerca do papel da l\u00edngua de sinais e da l\u00edngua oral na educa\u00e7\u00e3o desses sujeitos. Aqui assumimos uma perspectiva s\u00f3cio antropol\u00f3gica (SKLIAR, 1999) a partir da [&hellip;]<\/p>\n","protected":false},"author":4,"featured_media":0,"parent":0,"menu_order":0,"comment_status":"closed","ping_status":"closed","template":"","meta":{"_monsterinsights_skip_tracking":false,"_monsterinsights_sitenote_active":false,"_monsterinsights_sitenote_note":"","_monsterinsights_sitenote_category":0,"footnotes":""},"class_list":["post-911","page","type-page","status-publish","hentry"],"_links":{"self":[{"href":"https:\/\/claec.org\/elacult\/wp-json\/wp\/v2\/pages\/911","targetHints":{"allow":["GET"]}}],"collection":[{"href":"https:\/\/claec.org\/elacult\/wp-json\/wp\/v2\/pages"}],"about":[{"href":"https:\/\/claec.org\/elacult\/wp-json\/wp\/v2\/types\/page"}],"author":[{"embeddable":true,"href":"https:\/\/claec.org\/elacult\/wp-json\/wp\/v2\/users\/4"}],"replies":[{"embeddable":true,"href":"https:\/\/claec.org\/elacult\/wp-json\/wp\/v2\/comments?post=911"}],"version-history":[{"count":2,"href":"https:\/\/claec.org\/elacult\/wp-json\/wp\/v2\/pages\/911\/revisions"}],"predecessor-version":[{"id":1055,"href":"https:\/\/claec.org\/elacult\/wp-json\/wp\/v2\/pages\/911\/revisions\/1055"}],"wp:attachment":[{"href":"https:\/\/claec.org\/elacult\/wp-json\/wp\/v2\/media?parent=911"}],"curies":[{"name":"wp","href":"https:\/\/api.w.org\/{rel}","templated":true}]}}