{"id":904,"date":"2020-05-12T03:38:14","date_gmt":"2020-05-12T06:38:14","guid":{"rendered":"http:\/\/claec.org\/elacult\/?page_id=904"},"modified":"2020-06-23T18:10:02","modified_gmt":"2020-06-23T21:10:02","slug":"2020-8","status":"publish","type":"page","link":"https:\/\/claec.org\/elacult\/2020-8\/","title":{"rendered":"O suic\u00eddio entre a literatura e a sociedade- a morte volunt\u00e1ria nos seus percursos transdisciplinares  \ufeff"},"content":{"rendered":"<p>Na \u00e9gide de pensadores como Durkheim, Freud, Menninger, entre outros que dedicaram algumas p\u00e1ginas de seus trabalhos para pensarem sobre aqueles que, ignorando o princ\u00edpio mais b\u00e1sico da natureza humana, isto \u00e9, a autopreserva\u00e7\u00e3o, resolveram acabar com suas pr\u00f3prias vidas, os suicidas, propomos aqui um di\u00e1logo entre essa vasta obra transdisciplinar, que abarca filosofia, psican\u00e1lise, sociologia, em um di\u00e1logo sobre o que a literatura nos oferece sobre o assunto. Esta \u00faltima, lembramos, Os Sofrimentos do Jovem Werther, de Goethe, livro que a ele \u00e9 atribu\u00eddo uma onda de suic\u00eddios sem precedentes na Europa rom\u00e2ntica.<\/p>\n<p>Al\u00e9m de outras incont\u00e1veis personagens suicidas, podendo citar Madame Bovary, de Flaubert, tivemos tamb\u00e9m os autores que colocaram termo na sua vida, al\u00e9m de trabalharem o assunto nas suas obras, como o caso de Virginia Woolf, Sylvia Plath, Florbela Espanca, Camilo Castelo Branco e muitos outros. Propomos assim, tamb\u00e9m, a an\u00e1lise de obras como Redoma de Vidro, de Sylvia Plath, al\u00e9m das j\u00e1 citadas, com a finalidade de melhor compreendermos a manifesta\u00e7\u00e3o do fen\u00f4meno utilizando essa abordagem da literatura comparada.<\/p>\n<p><strong>Objetivo:<\/strong><\/p>\n<p>Desmitificar alguns dos sensos comuns que pairam sobre o tema do suic\u00eddio. Al\u00e9m de dialogarmos uma parte do arcabou\u00e7o te\u00f3rico sobre o assunto com a literatura em tr\u00eas per\u00edodos distintos: a rom\u00e2ntica, a realista e a contempor\u00e2nea.<\/p>\n<p><strong>Destinat\u00e1rios:<\/strong><\/p>\n<p>Graduandos; P\u00f3s-graduados; profissionais da sa\u00fade; docentes.<\/p>\n<p id=\"yui_3_17_2_1_1568648319178_206\"><b id=\"yui_3_17_2_1_1568648319178_207\">Docente:<\/b><\/p>\n<p id=\"yui_3_17_2_1_1568648319178_205\"><b id=\"yui_3_17_2_1_1568648319178_204\">Prof.\u00a0 Me.\u00a0Guilherme Nogueira Milner <a href=\"http:\/\/lattes.cnpq.br\/4142696515652051\" target=\"_blank\" rel=\"noreferrer noopener\" aria-label=\"[+] (abre em uma nova aba)\">[Curr\u00edculo Lattes]<\/a><\/b><\/p>\n<p id=\"yui_3_17_2_1_1568648319178_200\">Possui gradua\u00e7\u00e3o em Letras: Portugu\u00eas &#8211; Literatura (2014) e Mestrado em Estudos de Literatura (2017) pela Universidade Federal Fluminense. Cursando atualmente Especializa\u00e7\u00e3o em Literatura Infanto-Juvenil e Doutorado em Literatura Comparada, ambos pela Universidade Federal Fluminense.<\/p>\n<p id=\"yui_3_17_2_1_1568648319178_203\"><b id=\"yui_3_17_2_1_1568648319178_202\">C\u00f3digo de \u00e1rea do conhecimento (CNPq):<\/b><\/p>\n<p>8.00.00.00-2 Lingu\u00edstica, Letras e Artes<br \/>\n8.02.10.00-7 Literatura Comparada<\/p>\n<p><strong>Ementa:<\/strong><\/p>\n<p>[Aula 1]<br \/>\n<strong>A hist\u00f3ria do suic\u00eddio na Igreja Cat\u00f3lica \u2013 da B\u00edblia para Santo Agostinho e outros patr\u00edsticos<\/strong><\/p>\n<p>Objetivo:<br \/>\nPensarmos o suic\u00eddio atrav\u00e9s da B\u00edblia,passando pelos primeiros m\u00e1rtires no Imp\u00e9rio Romano, at\u00e9 chegarmos aos doutores da igreja.<\/p>\n<p>Bibliografia:<br \/>\nAGOSTINHO, Sto. A Cidade de Deus (Contra os pag\u00e3os). Petr\u00f3polis: Editora Vozes, 1990.<\/p>\n<hr \/>\n<p>[Aula 2]<br \/>\n<strong>Do senso moral, religioso, para os dom\u00ednios cient\u00edficos com Durkheim e Freud<\/strong><\/p>\n<p>Objetivo:<br \/>\nAn\u00e1lise da obra O Suic\u00eddio, de Durkheim e outros textos seletos de Sigmund Freud<\/p>\n<p>Bibliografia:<br \/>\nDURKHEIM, \u00c9mile. O suic\u00eddio. S\u00e3o Paulo, Martins Fontes, 2000.<\/p>\n<hr \/>\n<p>[Aula 3]<br \/>\n<strong>Quando filosofar \u00e9 aprender a morrer \u2013 o suic\u00eddio considerado no eixo filos\u00f3fico por Camus<\/strong><\/p>\n<p>Objetivo:<br \/>\nAbordar existencialismo e niilismo, trazendo para discuss\u00e3o o mito de s\u00edsifo, isto \u00e9, se a vida vale ou n\u00e3o a pena ser vivida.<\/p>\n<p>Bibliografia:<br \/>\nCAMUS, Albert. O Homem Revoltado. 10\u00aa ed, Rio de Janeiro: Editora Record, 2013.<\/p>\n<hr \/>\n<p>[Aula 4]<br \/>\n<strong>\u201cEfeito Copycat\u201d ou \u201cEfeito Werther\u201d \u2013 noticiando um suic\u00eddio na m\u00eddia\u201cEfeito Copycat\u201d ou \u201cEfeito Werther\u201d \u2013 noticiando um suic\u00eddio na m\u00eddia<\/strong><\/p>\n<p>Objetivo:<br \/>\nPensarmos e discutirmos sobre a fal\u00e1cia contempor\u00e2nea que existe na m\u00eddia que o suic\u00eddio seria contagioso e, por isso, \u201cse algum suic\u00eddio for noticiado outros ocorrer\u00e3o da mesma forma\u201d<\/p>\n<p>Bibliografia:<br \/>\nDAPIEVE, Arthur. Morreu na Contram\u00e3o \u2013 o suic\u00eddio como not\u00edcia. Rio de Janeiro: Jorge Zajar Editor, 2007.<\/p>\n<hr \/>\n<p>[Aula 5]<br \/>\n<strong>Os suic\u00eddios rom\u00e2nticos\u2013 Werther e Amor de\u00a0Perdi\u00e7\u00e3o<\/strong><\/p>\n<p>Objetivo:<br \/>\nAn\u00e1lise e discuss\u00e3o das obras liter\u00e1rias de\u00a0Goethe e Camilo Castelo Branco, abordando as quest\u00f5es de recep\u00e7\u00e3o e dialogando com a sociedade da \u00e9poca.<\/p>\n<p>Bibliografia:<br \/>\nVENEU, Marcos Guedes. Ou n\u00e3o ser: uma introdu\u00e7\u00e3o \u00e0\u00a0hist\u00f3ria do suic\u00eddio. Bras\u00edlia: Editora Universidade de Bras\u00edlia, 1994.<\/p>\n<hr \/>\n<p>[Aula 6]<br \/>\n<strong>O suic\u00eddio p\u00f3s- rom\u00e2ntico, naturalista, realista: Madame Bovary e Os Maias<\/strong><\/p>\n<p>Objetivo:<br \/>\nAn\u00e1lise e discuss\u00e3o das obras de Flaubert e E\u00e7a de Queir\u00f3s, de uma sociedade que j\u00e1 come\u00e7a a criar um interdito sobre a morte e o morrer.<\/p>\n<p>Bibliografia:<br \/>\nMENNINGER, Karl. Eros e T\u00e2natos: o homem contra si mesmo. S\u00e3o Paulo: Ibrasa, 2010.<\/p>\n<hr \/>\n<p>[Aula 7]<br \/>\n<strong>Abordando o assunto no s\u00e9culo XX e XXI \u2013 o tabu da morte; o tabu do suic\u00eddio.<\/strong><\/p>\n<p>Objetivo:<br \/>\nDiscuss\u00e3o sobre as diferentes atitudes diante da morte ao longo dos s\u00e9culos, apoiado na obra de Philippe Ari\u00e8s, \u201cA hist\u00f3ria da morte no ocidente\u201d, chegando ao s\u00e9culo XX e XXI.<\/p>\n<p>Bibliografia:<br \/>\nRODRIGUES, Jos\u00e9 Carlos. Tabu da Morte. Rio de Janeiro: Achiam\u00e9, 1983.<\/p>\n<hr \/>\n<p>[Aula 8]<br \/>\n<strong>A Sylvia Plath dos di\u00e1rios e do seu romance \u2013 o suic\u00eddio da poetisa<\/strong><\/p>\n<p>Objetivo:<br \/>\nAnalisar, discutir e debater os escritos de Sylvia Plath com a taxonomia de Durkheim para os tipos de suic\u00eddio.<\/p>\n<p>Bibliografia:<br \/>\nALVAREZ, A. O Deus Selvagem: um estudo sobre o suic\u00eddio. S\u00e3o Paulo: Companhia das Letras, 1999.<\/p>\n<hr \/>\n<p><strong>Cronograma:<\/strong><\/p>\n<p><strong>Inscri\u00e7\u00f5es:<br \/>\n<\/strong>De 12\/05\/2020 (Ter\u00e7a-feira) a 31\/07\/2020 (Sexta-feira)<\/p>\n<p><strong>Curso:<\/strong><br \/>\nDe 03\/08\/2020 (Segunda-feira) a 28\/09\/2020 (Segunda-feira)<\/p>\n<p><a class=\"btn btn-success\" href=\"https:\/\/api.whatsapp.com\/send?phone=5511942966215&amp;text=Ol\u00e1!%20Gostaria%20de%20obter%20mais%20informa\u00e7\u00f5es%20sobre%20o%20curso%20Cidade%20e%20interseccionalidades.\" target=\"_blank\" rel=\"noopener\">+ info via WhatsApp<\/a><\/p>\n<p><a class=\"btn btn-primary\" href=\"http:\/\/m.me\/claecult\" target=\"_blank\" rel=\"noopener\">+ info via Facebook Messenger<\/a><\/p>\n<p><a class=\"btn btn-info\" href=\"https:\/\/forms.gle\/8zDy3PvdH1tshHxn7\" target=\"_blank\" rel=\"noopener\">Reservar vaga<\/a><\/p>\n","protected":false},"excerpt":{"rendered":"<p>Na \u00e9gide de pensadores como Durkheim, Freud, Menninger, entre outros que dedicaram algumas p\u00e1ginas de seus trabalhos para pensarem sobre aqueles que, ignorando o princ\u00edpio mais b\u00e1sico da natureza humana, isto \u00e9, a autopreserva\u00e7\u00e3o, resolveram acabar com suas pr\u00f3prias vidas, os suicidas, propomos aqui um di\u00e1logo entre essa vasta obra transdisciplinar, que abarca filosofia, psican\u00e1lise, [&hellip;]<\/p>\n","protected":false},"author":4,"featured_media":0,"parent":0,"menu_order":0,"comment_status":"closed","ping_status":"closed","template":"","meta":{"_monsterinsights_skip_tracking":false,"_monsterinsights_sitenote_active":false,"_monsterinsights_sitenote_note":"","_monsterinsights_sitenote_category":0,"footnotes":""},"class_list":["post-904","page","type-page","status-publish","hentry"],"_links":{"self":[{"href":"https:\/\/claec.org\/elacult\/wp-json\/wp\/v2\/pages\/904","targetHints":{"allow":["GET"]}}],"collection":[{"href":"https:\/\/claec.org\/elacult\/wp-json\/wp\/v2\/pages"}],"about":[{"href":"https:\/\/claec.org\/elacult\/wp-json\/wp\/v2\/types\/page"}],"author":[{"embeddable":true,"href":"https:\/\/claec.org\/elacult\/wp-json\/wp\/v2\/users\/4"}],"replies":[{"embeddable":true,"href":"https:\/\/claec.org\/elacult\/wp-json\/wp\/v2\/comments?post=904"}],"version-history":[{"count":2,"href":"https:\/\/claec.org\/elacult\/wp-json\/wp\/v2\/pages\/904\/revisions"}],"predecessor-version":[{"id":1053,"href":"https:\/\/claec.org\/elacult\/wp-json\/wp\/v2\/pages\/904\/revisions\/1053"}],"wp:attachment":[{"href":"https:\/\/claec.org\/elacult\/wp-json\/wp\/v2\/media?parent=904"}],"curies":[{"name":"wp","href":"https:\/\/api.w.org\/{rel}","templated":true}]}}