{"id":875,"date":"2020-05-12T01:32:10","date_gmt":"2020-05-12T04:32:10","guid":{"rendered":"http:\/\/claec.org\/elacult\/?page_id=875"},"modified":"2021-05-01T17:55:44","modified_gmt":"2021-05-01T20:55:44","slug":"ementa-administracaopublicadacultura","status":"publish","type":"page","link":"https:\/\/claec.org\/elacult\/ementa-administracaopublicadacultura\/","title":{"rendered":"Administra\u00e7\u00e3o P\u00fablica da Cultura"},"content":{"rendered":"<p>Inaugurada em meados do s\u00e9culo XVII e consolidada entre os anos 1960 e 1990, a concep\u00e7\u00e3o de cultura como recurso, tem atra\u00eddo cada vez mais investimentos para as ind\u00fastrias culturais e colocado em pauta a perspectiva do gerenciamento e racionalidade administrativa na \u00e1rea. Proliferam-se as diversas organiza\u00e7\u00f5es agenciadoras de cultura, chamando a aten\u00e7\u00e3o de te\u00f3ricos, governos, empresariado, terceiro setor, regulamenta\u00e7\u00f5es comerciais, jur\u00eddicas e bancos de desenvolvimento. Na emerg\u00eancia de conceitos como economia da cultura e da criatividade, desenvolve-se a \u00e1rea da administra\u00e7\u00e3o p\u00fablica setorial.<\/p>\n<p>Por meio de uma metodologia cr\u00edtica, pr\u00e1tica e atualizada, o curso tem o objetivo de direcionar para gestores p\u00fablicos, assim como para profissionais e estudiosos da \u00e1rea, a compreens\u00e3o geral e quest\u00f5es espec\u00edficas acerca da implementa\u00e7\u00e3o das pol\u00edticas p\u00fablicas da cultura nas tr\u00eas esferas de gest\u00e3o, com \u00eanfase nas inova\u00e7\u00f5es para boas pr\u00e1ticas na e para a administra\u00e7\u00e3o p\u00fablica brasileira.<\/p>\n<p><strong>Objetivo:<\/strong><\/p>\n<p><span style=\"font-weight: 400\">Geral: Proporcionar a compreens\u00e3o acerca das no\u00e7\u00f5es gerais e quest\u00f5es espec\u00edficas <\/span><span style=\"font-weight: 400\">relativas \u00e0 implementa\u00e7\u00e3o das pol\u00edticas p\u00fablicas culturais nas tr\u00eas esferas da gest\u00e3o: federal, estadual e municipal.\u00a0<\/span><\/p>\n<p><span style=\"font-weight: 400\">Espec\u00edficos:\u00a0<\/span><\/p>\n<p><span style=\"font-weight: 400\">a) Historicizar a influ\u00eancia e import\u00e2ncia das pol\u00edticas p\u00fablicas na administra\u00e7\u00e3o p\u00fablica do setor e os n\u00fameros da cultura hoje.\u00a0\u00a0\u00a0\u00a0<\/span><\/p>\n<p><span style=\"font-weight: 400\">b) Entender planejamento, or\u00e7amento e financiamento da cultura na governan\u00e7a p\u00fablica, tendo em vista a concep\u00e7\u00e3o de cultura e diversidade, em sua transversalidade e sustentabilidade.\u00a0\u00a0\u00a0\u00a0<\/span><\/p>\n<p><span style=\"font-weight: 400\">c) Analisar atua\u00e7\u00f5es inovadoras do poder p\u00fablico nos mecanismos institucionais de apoio e a\u00e7\u00e3o cultural.\u00a0<\/span><\/p>\n<p><strong>Destinat\u00e1rios:<\/strong><\/p>\n<p><span style=\"font-weight: 400\">Gestores p\u00fablicos, profissionais e estudiosos da \u00e1rea.<\/span><\/p>\n<p id=\"yui_3_17_2_1_1568648319178_206\"><b id=\"yui_3_17_2_1_1568648319178_207\">Docentes:<\/b><\/p>\n<p id=\"yui_3_17_2_1_1568648319178_205\"><b id=\"yui_3_17_2_1_1568648319178_204\">Profa.\u00a0 Dra. Amanda Patrycia Coutinho de Cerqueira <a href=\"http:\/\/lattes.cnpq.br\/0017556731417353\" target=\"_blank\" rel=\"noreferrer noopener\" aria-label=\"[+] (abre em uma nova aba)\">[Curr\u00edculo Lattes]<\/a><\/b><\/p>\n<p id=\"yui_3_17_2_1_1568648319178_200\">P\u00f3s-Doutoranda no Programa Multidisciplinar em Cultura e Sociedade na Universidade Federal da Bahia (UFBA). Doutora em Ci\u00eancias Sociais na Universidade Estadual de Campinas (UNICAMP). Possui Mestrado em Ci\u00eancias Jur\u00eddicas na Universidade Federal da Para\u00edba (UFPB). \u00c9 professora em gradua\u00e7\u00f5es e p\u00f3s-gradua\u00e7\u00f5es nas \u00e1reas do Direito, da Cultura e da Comunica\u00e7\u00e3o. Parecerista e consultora de projetos culturais, sociais e acad\u00eamicos.<\/p>\n<hr \/>\n<p><strong>Ementa:<\/strong><\/p>\n<p>[Aula 1]<br \/>\n<strong>Pol\u00edticas P\u00fablicas e Administra\u00e7\u00e3o P\u00fablica<\/strong><\/p>\n<p>Objetivo:<br \/>\n<span style=\"font-weight: 400\">Entender a administra\u00e7\u00e3o p\u00fablica e as pol\u00edticas para a cultura &#8211; as reformas do Estado.<\/span><\/p>\n<p>Bibliografia:<\/p>\n<p><span style=\"font-weight: 400\">CALABRE, Lia. <\/span><b>Pol\u00edticas Culturais no Brasil<\/b><span style=\"font-weight: 400\">: Dos anos 1930 ao s\u00e9culo XXI. Rio de Janeiro: FGV, 2009.<\/span><\/p>\n<hr \/>\n<p>[Aula 2]<br \/>\n<strong>Campos de a\u00e7\u00e3o das pol\u00edticas p\u00fablicas culturais<\/strong><\/p>\n<p>Objetivo:<br \/>\n<span style=\"font-weight: 400\">Entender a abrang\u00eancia da \u00e1rea de atua\u00e7\u00e3o das pol\u00edticas p\u00fablicas culturais.<\/span><\/p>\n<p>Bibliografia:<\/p>\n<p><span style=\"font-weight: 400\">FURTADO, Celso. <\/span><b>Ensaios sobre Cultura e Minist\u00e9rio da Cultura<\/b><span style=\"font-weight: 400\">. Rio de Janeiro: Contraponto, 2012.<\/span><\/p>\n<hr \/>\n<p>[Aula 3]<\/p>\n<p><strong>Cultura e diversidade &#8211; A cultura como campo e objeto das pol\u00edticas p\u00fablicas<\/strong><\/p>\n<p>Objetivo:<br \/>\n<span style=\"font-weight: 400\">Entender a\u00a0 diversidade, transversalidade e sustentabilidade da cultura.<\/span><\/p>\n<p>Bibliografia:<\/p>\n<p><span style=\"font-weight: 400\">BOTELHO, Isaura. <\/span><b>Dimens\u00f5es da Cultura e Pol\u00edticas P\u00fablicas<\/b><span style=\"font-weight: 400\">. S\u00e3o Paulo: S\u00e3o Paulo em perspectiva, v. 15, n\u00b0 2, 2001.<\/span><\/p>\n<hr \/>\n<p>[Aula 4]<\/p>\n<p><strong>Administra\u00e7\u00e3o P\u00fablica contempor\u00e2nea nas tr\u00eas esferas de gest\u00e3o.<\/strong><\/p>\n<p>Objetivo:<br \/>\n<span style=\"font-weight: 400\">Entender os processos de planejamento na cultura \u2013 inst\u00e2ncias de participa\u00e7\u00e3o e governan\u00e7a. <\/span><\/p>\n<p>Bibliografia:<\/p>\n<p><span style=\"font-weight: 400\">VARELLA, Guillerme. <\/span><b>Plano Nacional de Cultura<\/b><span style=\"font-weight: 400\">: Direitos e pol\u00edticas culturais no Brasil. Rio de Janeiro: Azougue, 2014.<\/span><\/p>\n<hr \/>\n<p>[Aula 5]<\/p>\n<p><strong>Or\u00e7amento e Financiamento da Cultura.<\/strong><\/p>\n<p>Objetivo:<\/p>\n<p><span style=\"font-weight: 400\">Entender o or\u00e7amento como instrumento de a\u00e7\u00e3o governamental e os principais mecanismos de financiamento da cultura.<\/span><\/p>\n<p>Bibliografia:<\/p>\n<p><span style=\"font-weight: 400\">WU, Chin-Tao. <\/span><b>Privatiza\u00e7\u00e3o da Cultura<\/b><span style=\"font-weight: 400\">: A interven\u00e7\u00e3o corporativa nas artes desde os anos 1980. S\u00e3o Paulo: Boitempo, 2006.<\/span><\/p>\n<hr \/>\n<p>[Aula 6]<\/p>\n<p><strong>Diagn\u00f3sticos das pol\u00edticas p\u00fablicas culturais.<\/strong><\/p>\n<p>Objetivo:<\/p>\n<p><span style=\"font-weight: 400\">Analisar os diagn\u00f3stico monitoramento e avalia\u00e7\u00e3o das pol\u00edticas p\u00fablicas culturais. <\/span><\/p>\n<p>Bibliografia:<\/p>\n<p><span style=\"font-weight: 400\">VARELLA, Guillerme. <\/span><b>Plano Nacional de Cultura<\/b><span style=\"font-weight: 400\">: Direitos e pol\u00edticas culturais no Brasil. Rio de Janeiro: Azougue, 2014.<\/span><\/p>\n<hr \/>\n<p>[Aula 7]<br \/>\n<strong>Administra\u00e7\u00e3o p\u00fablica contempor\u00e2nea da cultura.<\/strong><\/p>\n<p>Objetivo:<\/p>\n<p><span style=\"font-weight: 400\">Analisar os debates contempor\u00e2neos sobre a organiza\u00e7\u00e3o da administra\u00e7\u00e3o p\u00fablica.<\/span><\/p>\n<p>Bibliografia:<\/p>\n<p><span style=\"font-weight: 400\">CHAU\u00cd, Marilena. <\/span><b>Cidadania Cultural<\/b><span style=\"font-weight: 400\">: O direito \u00e0 cultura. S\u00e3o Paulo: Editora Funda\u00e7\u00e3o Perseu Abramo, 2006.<\/span><\/p>\n<hr \/>\n<p>[Aula 8]<br \/>\n<strong>Atua\u00e7\u00f5es inovadoras do poder p\u00fablico nos mecanismos institucionais de apoio e a\u00e7\u00e3o cultural<\/strong><\/p>\n<p>Objetivo:<\/p>\n<p><span style=\"font-weight: 400\">Entender as principais a\u00e7\u00f5es p\u00fablicas no sentido de inova\u00e7\u00e3o setorial. <\/span><\/p>\n<p>Bibliografia:<\/p>\n<p><span style=\"font-weight: 400\">Y\u00daDICE, George. <\/span><b>A Conveni\u00eancia da Cultura<\/b><span style=\"font-weight: 400\">. Belo Horizonte: Editora UFMG, 2006.<\/span><\/p>\n<hr \/>\n<p><strong>Cronograma:<\/strong><\/p>\n<p><strong>Inscri\u00e7\u00f5es:<br \/>\n<\/strong>De 17\/03\/2021 a 30\/04\/2020. <strong data-rich-text-format-boundary=\"true\">INSCRI\u00c7\u00d5ES PRORROGADAS AT\u00c9 03\/05!<\/strong><\/p>\n<p><strong>Curso:<\/strong><br \/>\nDe 03\/05\/2020 a 02\/07\/2021.<\/p>\n<p><strong>Dia e hor\u00e1rio das aulas:\u00a0<\/strong>As aulas ser\u00e3o realizadas semanalmente \u00e0s QUINTAS-FEIRAS, 15:00 hrs, com dura\u00e7\u00e3o aproximada de 1h30. Todo o conte\u00fado ser\u00e1 gravado e ficar\u00e1 dispon\u00edvel para acesso pela plataforma do curso.<\/p>\n<p><a class=\"btn btn-success\" href=\"https:\/\/api.whatsapp.com\/send?phone=5519989196763&amp;text=Ol\u00e1!\" target=\"_blank\" rel=\"noopener\">+ info via WhatsApp<\/a><\/p>\n<p><a class=\"btn btn-primary\" href=\"http:\/\/m.me\/claecult\" target=\"_blank\" rel=\"noopener\">+ info via Facebook Messenger<\/a><\/p>\n<p><a class=\"btn btn-info\" href=\"https:\/\/forms.gle\/8zDy3PvdH1tshHxn7\" target=\"_blank\" rel=\"noopener\">Reservar vaga<\/a><\/p>\n","protected":false},"excerpt":{"rendered":"<p>Inaugurada em meados do s\u00e9culo XVII e consolidada entre os anos 1960 e 1990, a concep\u00e7\u00e3o de cultura como recurso, tem atra\u00eddo cada vez mais investimentos para as ind\u00fastrias culturais e colocado em pauta a perspectiva do gerenciamento e racionalidade administrativa na \u00e1rea. Proliferam-se as diversas organiza\u00e7\u00f5es agenciadoras de cultura, chamando a aten\u00e7\u00e3o de te\u00f3ricos, [&hellip;]<\/p>\n","protected":false},"author":4,"featured_media":0,"parent":0,"menu_order":0,"comment_status":"closed","ping_status":"closed","template":"","meta":{"_monsterinsights_skip_tracking":false,"_monsterinsights_sitenote_active":false,"_monsterinsights_sitenote_note":"","_monsterinsights_sitenote_category":0,"footnotes":""},"class_list":["post-875","page","type-page","status-publish","hentry"],"_links":{"self":[{"href":"https:\/\/claec.org\/elacult\/wp-json\/wp\/v2\/pages\/875","targetHints":{"allow":["GET"]}}],"collection":[{"href":"https:\/\/claec.org\/elacult\/wp-json\/wp\/v2\/pages"}],"about":[{"href":"https:\/\/claec.org\/elacult\/wp-json\/wp\/v2\/types\/page"}],"author":[{"embeddable":true,"href":"https:\/\/claec.org\/elacult\/wp-json\/wp\/v2\/users\/4"}],"replies":[{"embeddable":true,"href":"https:\/\/claec.org\/elacult\/wp-json\/wp\/v2\/comments?post=875"}],"version-history":[{"count":13,"href":"https:\/\/claec.org\/elacult\/wp-json\/wp\/v2\/pages\/875\/revisions"}],"predecessor-version":[{"id":1374,"href":"https:\/\/claec.org\/elacult\/wp-json\/wp\/v2\/pages\/875\/revisions\/1374"}],"wp:attachment":[{"href":"https:\/\/claec.org\/elacult\/wp-json\/wp\/v2\/media?parent=875"}],"curies":[{"name":"wp","href":"https:\/\/api.w.org\/{rel}","templated":true}]}}