{"id":669,"date":"2019-09-16T14:32:01","date_gmt":"2019-09-16T17:32:01","guid":{"rendered":"http:\/\/claec.org\/elacult\/?page_id=669"},"modified":"2020-06-23T18:05:25","modified_gmt":"2020-06-23T21:05:25","slug":"2019-4-4","status":"publish","type":"page","link":"https:\/\/claec.org\/elacult\/2019-4-4\/","title":{"rendered":"Direitos Humanos, diversidade cultural e cidadania"},"content":{"rendered":"<p id=\"yui_3_17_2_1_1568648319178_226\">Compreender o que s\u00e3o Direitos Humanos \u00e9 essencial para o exerc\u00edcio profissional \u00e9tico em diferentes \u00e1reas. A Declara\u00e7\u00e3o Universal dos Direitos Humanos (1948) contempla, por exemplo, o direito \u00e0 vida, \u00e0 liberdade, \u00e0 educa\u00e7\u00e3o e ao trabalho, entre outros, que devem ser garantidos a todos e todas, independente de nacionalidade, ra\u00e7a, idioma, religi\u00e3o, g\u00eanero ou qualquer outra condi\u00e7\u00e3o.<\/p>\n<p id=\"yui_3_17_2_1_1568648319178_236\">O entendimento sobre os fundamentos hist\u00f3ricos e filos\u00f3ficos que cercam os Direitos Humanos, assim como a import\u00e2ncia de defend\u00ea-los \u00e9 bastante significativo para o respeito \u00e0 diversidade cultural e para consolida\u00e7\u00e3o da democracia, al\u00e9m de possibilitar reflex\u00f5es e pr\u00e1ticas para diversas categorias profissionais na busca pela garantia de direitos sociais, econ\u00f4micos, pol\u00edticos e culturais.<\/p>\n<p><strong>Objetivo:<\/strong><\/p>\n<p>O curso tem como objetivo possibilitar a compreens\u00e3o do que s\u00e3o Direitos Humanos e da import\u00e2ncia deles no respeito \u00e0 diversidade e garantia da democracia. Espera-se a partir dos conte\u00fados e marcos legais apresentados, qualificar as\/os participantes para realiza\u00e7\u00e3o de interven\u00e7\u00f5es em diferentes realidades sociais, fornecendo tamb\u00e9m discuss\u00f5es te\u00f3ricos e metodol\u00f3gicas que permitam uma atua\u00e7\u00e3o profissional cr\u00edtica, capaz de promover mudan\u00e7as e garantir direitos.<\/p>\n<p><strong>Destinat\u00e1rios:<\/strong><\/p>\n<p>Estudantes e profissionais com forma\u00e7\u00e3o superior em diferentes \u00e1reas de conhecimento, como Direito, Psicologia, Servi\u00e7o Social, Educa\u00e7\u00e3o, Enfermagem, Licenciaturas, entre outros. Pessoas que atuam ou pretendem atuar na garantia, defesa e promo\u00e7\u00e3o dos direitos humanos, como conselheiros, servidores p\u00fablicos e lideran\u00e7as comunit\u00e1rias.<\/p>\n<p id=\"yui_3_17_2_1_1568648319178_206\"><b id=\"yui_3_17_2_1_1568648319178_207\">Docente:<\/b><\/p>\n<p id=\"yui_3_17_2_1_1568648319178_205\"><b id=\"yui_3_17_2_1_1568648319178_204\"><b id=\"yui_3_17_2_1_1568648319178_241\">Prof\u00aa Ma. Karen Eduarda Alves Ven\u00e2ncio<\/b> <a href=\"http:\/\/buscatextual.cnpq.br\/buscatextual\/visualizacv.do?id=K4826290T1\" target=\"_blank\" rel=\"noreferrer noopener\" aria-label=\"[+] (abre em uma nova aba)\">[Curr\u00edculo Lattes]<\/a><\/b><\/p>\n<p id=\"yui_3_17_2_1_1568648319178_200\">Graduada em Psicologia pela Universidade Estadual de Maring\u00e1. Mestra em Psicologia pela Universidade Estadual de Maring\u00e1. Doutoranda em Psicologia pelo Programa de P\u00f3s-gradua\u00e7\u00e3o da Universidade Estadual de Maring\u00e1, linha de pesquisa Subjetividade e Pr\u00e1ticas Sociais na Contemporaneidade. Membra do grupo de pesquisa Hera, Grupo de Estudos em Psicologia Social dos Afetos. Coordenadora da Diretoria Municipal de Pol\u00edticas P\u00fablicas para as Mulheres do munic\u00edpio de Pai\u00e7andu-PR. Professora no curso de gradua\u00e7\u00e3o em Psicologia na Faculdade de Tecnologia e Ci\u00eancias do Norte do Paran\u00e1. Realiza estudos sobre os seguintes temas: Viol\u00eancias contra mulheres, Pol\u00edticas P\u00fablicas para mulheres, Psicologia Social dos Afetos.<\/p>\n<p id=\"yui_3_17_2_1_1568648319178_203\"><b id=\"yui_3_17_2_1_1568648319178_202\">C\u00f3digo de \u00e1rea do conhecimento (CNPq):<\/b><\/p>\n<p>7.00.00.00-0 Ci\u00eancias Humanas<br \/>\n7.07.05.01-1 Rela\u00e7\u00f5es Interpessoais<\/p>\n<p id=\"yui_3_17_2_1_1568648319178_208\"><span id=\"yui_3_17_2_1_1568648319178_211\"><span id=\"yui_3_17_2_1_1568648319178_210\"><b id=\"yui_3_17_2_1_1568648319178_209\">Palavras chave:<\/b><\/span><b> <\/b><\/span><\/p>\n<p>Direitos Humanos, diversidade cultural, cidadania.<\/p>\n<p><strong>Ementa:<\/strong><\/p>\n<p>[Aula 1]<br \/>\n<strong>Fundamentos hist\u00f3ricos e filos\u00f3ficos dos Direitos Humanos<\/strong><\/p>\n<p>Objetivo:<br \/>\nCompreender os percursos hist\u00f3ricos da cria\u00e7\u00e3o da Declara\u00e7\u00e3o Universal dos Direitos Humanos.<\/p>\n<p>Bibliografia:<br \/>\nHOGEMANN, Edna Raquel. Direitos Humanos: sobre a universalidade rumo a um direito internacional dos direitos humanos. Enciclop\u00e9dia Digital de Direitos Humanos, 2007.<\/p>\n<hr \/>\n<p>[Aula 2]<br \/>\n<strong>O que s\u00e3o atualmente Direitos Humanos universais?<\/strong><\/p>\n<p>Objetivo:<br \/>\nConhecer o que podem ser considerados direitos humanos universais na atualidade.<\/p>\n<p>Bibliografia:<br \/>\nDeclara\u00e7\u00e3o Universal dos Direitos Humanos (1948). Dispon\u00edvel em:<br \/>\nhttps:\/\/www.ohchr.org\/EN\/UDHR\/Pages\/Language.aspx?LangID=por. Acesso em: 20 abr. 2019.<\/p>\n<hr \/>\n<p>[Aula 3]<br \/>\n<strong>Direitos Econ\u00f4micos, Sociais e Culturais no Brasil<\/strong><\/p>\n<p>Objetivo:<br \/>\nEntender os direitos garantidos pela Constitui\u00e7\u00e3o Federal de 1988 e refletir sobre quais n\u00e3o est\u00e3o sendo cumpridos.<\/p>\n<p>Bibliografia:<br \/>\nBRASIL. Constitui\u00e7\u00e3o (1988). Constitui\u00e7\u00e3o da Rep\u00fablica Federativa do Brasil. Dispon\u00edvel em:<br \/>\nhttp:\/\/www.planalto.gov.br\/ccivil_03\/constituicao\/constituicaocompilado.htm. Acesso em: 20 abr. 2019.<\/p>\n<hr \/>\n<p>[Aula 4]<br \/>\n<strong>Os direitos das mulheres<\/strong><\/p>\n<p>Objetivo:<br \/>\nCompreender as diversas possibilidades de viol\u00eancias contra as mulheres e conhecer marcos legais de enfrentamento, como a Lei 11.340\/2006 (Lei Maria da Penha).<\/p>\n<p>Bibliografia:<br \/>\nAZAMBUJA, Mariana Porto Ruwer de; NOGUEIRA, Concei\u00e7\u00e3o. Introdu\u00e7\u00e3o \u00e0 viol\u00eancia contra as mulheres como um problema de direitos humanos e de sa\u00fade p\u00fablica.\u00a0Sa\u00fade e Sociedade, v. 17, p. 101-112, 2008.<\/p>\n<hr \/>\n<p>[Aula 5]<br \/>\n<strong>G\u00eanero, sexualidade e direitos humanos<\/strong><\/p>\n<p>Objetivo:<br \/>\nEntender a import\u00e2ncia da garantia de direitos relacionadas a g\u00eanero e sexualidade.<\/p>\n<p>Bibliografia:<br \/>\nCARRARA, S\u00e9rgio. Pol\u00edticas e direitos sexuais no Brasil contempor\u00e2neo.\u00a0Bagoas- Estudos gays: g\u00eaneros e sexualidades, v. 4, n. 05, 2010.<\/p>\n<hr \/>\n<p>[Aula 6]<br \/>\nQuest\u00f5es \u00e9tnicas e raciais<\/p>\n<p>Objetivo:<br \/>\nCompreender quest\u00f5es \u00e9tnicas e raciais que perpassam os Direitos Humanos. Entender o que \u00e9 racismo institucional e refletir sobre a\u00e7\u00f5es pr\u00e1ticas e te\u00f3ricas que visem realizar enfrentamentos ao racismo.<\/p>\n<p>Bibliografia:<br \/>\nSOUZA, Arivaldo Santos de. Racismo institucional: para compreender o conceito. Revista da Associa\u00e7\u00e3o Brasileira de Pesquisadores\/as Negros\/as (ABPN), v. 1, n.3, p. 77-88, 2011.<\/p>\n<hr \/>\n<p>[Aula 7]<br \/>\n<strong>Inf\u00e2ncia e juventude: garantia de direitos a crian\u00e7as e jovens brasileiros<\/strong><\/p>\n<p>Objetivo:<br \/>\nIdentificar os direitos garantidos pelo Estatuto da Crian\u00e7a e do Adolescente.<\/p>\n<p>Bibliografia:<br \/>\nBRASIL. Lei 8.069, de 13 de Julho de 1990. Estatuto da Crian\u00e7a e do Adolescente. Bras\u00edlia: Minist\u00e9rio da Justi\u00e7a, 1990.<\/p>\n<hr \/>\n<p>[Aula 8]<br \/>\n<strong>Prote\u00e7\u00e3o \u00e0 popula\u00e7\u00e3o idosa<\/strong><\/p>\n<p>Objetivo:<br \/>\nConhecer as pol\u00edticas p\u00fablicas de aten\u00e7\u00e3o \u00e0s pessoas idosas.<\/p>\n<p>Bibliografia:<br \/>\nCAMARGOS, Clayton Neves; MENDON\u00c7A,Caio Alencar; VIANA, Eneida de Mattos Brito. Pol\u00edtica, estado e sociedade: o estatuto do idoso e a aten\u00e7\u00e3o \u00e0 sa\u00fade.\u00a0Comunica\u00e7\u00e3o em Ci\u00eancias da Sa\u00fade, v. 17, n. 3, p. 217-27, 2006.<\/p>\n<hr \/>\n<p><strong>Cronograma:<\/strong><\/p>\n<p><strong>Inscri\u00e7\u00f5es:<br \/>\n<\/strong>De 12\/05\/2020 (Ter\u00e7a-feira) a 31\/07\/2020 (Sexta-feira)<\/p>\n<p><strong>Curso:<\/strong><br \/>\nDe 03\/08\/2020 (Segunda-feira) a 28\/09\/2020 (Segunda-feira)<\/p>\n<p><a class=\"btn btn-success\" href=\"https:\/\/api.whatsapp.com\/send?phone=5511942966215&amp;text=Ol\u00e1!%20Gostaria%20de%20obter%20mais%20informa\u00e7\u00f5es%20sobre%20o%20curso%20Direitos%20Humanos,%20Diversidade%20Cultural%20e%20Cidadania.\" target=\"_blank\" rel=\"noopener\">+ info via WhatsApp<\/a><\/p>\n<p><a class=\"btn btn-primary\" href=\"http:\/\/m.me\/claecult\" target=\"_blank\" rel=\"noopener\">+ info via Facebook Messenger<\/a><\/p>\n<p><a class=\"btn btn-info\" href=\"https:\/\/forms.gle\/8zDy3PvdH1tshHxn7\" target=\"_blank\" rel=\"noopener\">Reservar vaga<\/a><\/p>\n","protected":false},"excerpt":{"rendered":"<p>Compreender o que s\u00e3o Direitos Humanos \u00e9 essencial para o exerc\u00edcio profissional \u00e9tico em diferentes \u00e1reas. A Declara\u00e7\u00e3o Universal dos Direitos Humanos (1948) contempla, por exemplo, o direito \u00e0 vida, \u00e0 liberdade, \u00e0 educa\u00e7\u00e3o e ao trabalho, entre outros, que devem ser garantidos a todos e todas, independente de nacionalidade, ra\u00e7a, idioma, religi\u00e3o, g\u00eanero ou [&hellip;]<\/p>\n","protected":false},"author":8,"featured_media":0,"parent":0,"menu_order":0,"comment_status":"closed","ping_status":"closed","template":"","meta":{"_monsterinsights_skip_tracking":false,"_monsterinsights_sitenote_active":false,"_monsterinsights_sitenote_note":"","_monsterinsights_sitenote_category":0,"footnotes":""},"class_list":["post-669","page","type-page","status-publish","hentry"],"_links":{"self":[{"href":"https:\/\/claec.org\/elacult\/wp-json\/wp\/v2\/pages\/669","targetHints":{"allow":["GET"]}}],"collection":[{"href":"https:\/\/claec.org\/elacult\/wp-json\/wp\/v2\/pages"}],"about":[{"href":"https:\/\/claec.org\/elacult\/wp-json\/wp\/v2\/types\/page"}],"author":[{"embeddable":true,"href":"https:\/\/claec.org\/elacult\/wp-json\/wp\/v2\/users\/8"}],"replies":[{"embeddable":true,"href":"https:\/\/claec.org\/elacult\/wp-json\/wp\/v2\/comments?post=669"}],"version-history":[{"count":19,"href":"https:\/\/claec.org\/elacult\/wp-json\/wp\/v2\/pages\/669\/revisions"}],"predecessor-version":[{"id":1051,"href":"https:\/\/claec.org\/elacult\/wp-json\/wp\/v2\/pages\/669\/revisions\/1051"}],"wp:attachment":[{"href":"https:\/\/claec.org\/elacult\/wp-json\/wp\/v2\/media?parent=669"}],"curies":[{"name":"wp","href":"https:\/\/api.w.org\/{rel}","templated":true}]}}