{"id":6,"date":"2016-06-30T05:20:30","date_gmt":"2016-06-30T08:20:30","guid":{"rendered":"http:\/\/claec.org\/elacult\/?page_id=6"},"modified":"2023-08-10T20:19:48","modified_gmt":"2023-08-10T23:19:48","slug":"sobre","status":"publish","type":"page","link":"https:\/\/claec.org\/elacult\/sobre\/","title":{"rendered":"Sobre"},"content":{"rendered":"<p style=\"text-align: justify;\">A <strong>Escola Latino-Americana de Altos Estudos em Cultura \u2013 ELACult<\/strong> do <strong>Centro Latino-Americano de Estudos em Cultura \u2013 CLAEC<\/strong>, \u00e9 uma unidade acad\u00eamica de forma\u00e7\u00e3o no n\u00edvel superior na modalidade de cursos livres, de extens\u00e3o e p\u00f3s-gradua\u00e7\u00e3o <em>latu<\/em>\u00a0e <em>stricto sensu<\/em>, voltada para a produ\u00e7\u00e3o e difus\u00e3o de conhecimento de alta qualidade cient\u00edfica na \u00e1rea dos estudos em cultura na Am\u00e9rica Latina, \u00e9 disciplinada por seu Regulamento Interno, observados o Estatuto e o Regimento do <strong>CLAEC<\/strong>, pelas normas complementares criadas pelos \u00f3rg\u00e3os deliberativos da administra\u00e7\u00e3o do <strong>CLAEC<\/strong> e, na esfera da <strong>ELACult<\/strong>, por suas resolu\u00e7\u00f5es internas.<\/p>\n<p style=\"text-align: justify;\">O objetivo central do <strong>CLAEC<\/strong> \u00e9 realizar estudos e an\u00e1lises de a\u00e7\u00f5es, projetos, programas e pol\u00edticas desenvolvidas na \u00e1rea da cultura entre os pa\u00edses que integram a Am\u00e9rica Latina. Tamb\u00e9m buscamos atuar como promotores de a\u00e7\u00f5es que gerem conhecimentos e experi\u00eancias, por meio da elabora\u00e7\u00e3o e execu\u00e7\u00e3o de projetos voltados para a promo\u00e7\u00e3o, expans\u00e3o e difus\u00e3o das pol\u00edticas socioculturais, tendo como foco a diversidade social e cultural existente na latino-am\u00e9rica.<\/p>\n<p>\u00a0<\/p>\n<hr \/>\n<p style=\"text-align: justify;\"><strong>Atos de normativos:<\/strong><\/p>\n<p style=\"text-align: justify;\"><strong><a href=\"https:\/\/claec.org\/elacult\/wp-content\/uploads\/sites\/4\/2016\/06\/Resolu\u00e7\u00e3o-n\u00ba-01-2018-Cria-a-Escola-Latino-Americana-de-Altos-Estudos-em-Cultura.pdf\" target=\"_blank\" rel=\"noopener\">RESOLU\u00c7\u00c3O 01-2018 CLAEC (Cria a Escola Latino-Americana de Altos Estudos em Cultura \u2013 ELACult)<\/a><\/strong><\/p>\n<p style=\"text-align: justify;\"><strong><a href=\"https:\/\/claec.org\/elacult\/wp-content\/uploads\/sites\/4\/2016\/06\/Portaria-n\u00ba-03-2018-Nomea\u00e7\u00e3o-Coordena\u00e7\u00e3o-Diretiva-ELACult-Assinado.pdf\" target=\"_blank\" rel=\"noopener\">PORTARIA 03-2018 CLAEC (Nomea\u00e7\u00e3o da Coordena\u00e7\u00e3o Diretiva)<\/a><\/strong><\/p>\n<p><strong><a href=\"https:\/\/claec.org\/wp-content\/uploads\/2020\/02\/Portaria-n%C2%BA-02-2020-Nomea%C3%A7%C3%A3o-de-Coord-Admi-e-Academico-da-ELACult.pdf\">PORTARIA 02-2020 CLAEC (Nomea\u00e7\u00e3o de Coordenador Administrativo e Acad\u00eamico da ELACult)<\/a><\/strong><\/p>\n<p><a href=\"https:\/\/claec.org\/elacult\/wp-content\/uploads\/sites\/4\/2020\/09\/Portaria-n\u00ba-02-2020-Destitui\u00e7\u00e3o-de-membros-da-equipe-t\u00e9cnica-da-ELACult.pdf\"><strong>PORTARIA 019-2020 CLAEC (Nomea\u00e7\u00e3o de Coordenador Acad\u00eamico da ELACult)<\/strong><\/a><\/p>\n<p><a href=\"https:\/\/claec.org\/elacult\/wp-content\/uploads\/sites\/4\/2023\/01\/Portaria-no-01-2023-Coordenacoes-ELACult-assinado.pdf\"><strong>PORTARIA 01-2023 CLAEC (Destitui\u00e7\u00e3o e nomea\u00e7\u00e3o de Coodenadores da ELACult)<\/strong><\/a><\/p>\n<p><a href=\"https:\/\/claec.org\/wp-content\/uploads\/2023\/06\/Portaria-no-08-2023-Conselho-Academico-ELACult.pdf\"><strong>PORTARIA 08-2023 CLAEC (Nomea\u00e7\u00e3o do Presidente do Conselho Acad\u00eamico da ELACult)<\/strong><\/a><\/p>\n<p><a href=\"https:\/\/claec.org\/wp-content\/uploads\/2023\/08\/04-2023_-_Altera_a_ELACult_assinado.pdf\"><strong>RESOLU\u00c7\u00c3O 04-2023 CLAEC (Altera o Regimento da ELACult)<\/strong><\/a><\/p>\n<hr \/>\n<p><a href=\"https:\/\/claec.org\/elacult\/wp-content\/uploads\/sites\/4\/2020\/09\/Portaria-n\u00ba-02-2020-Destitui\u00e7\u00e3o-de-membros-da-equipe-t\u00e9cnica-da-ELACult.pdf\"><strong>PORTARIA 02-2020 ELACult (Destitui\u00e7\u00e3o de membros da equipe t\u00e9cnica)<\/strong><\/a><\/p>\n<p><a href=\"https:\/\/claec.org\/elacult\/wp-content\/uploads\/sites\/4\/2021\/01\/Portaria-n\u00ba-01-2021_Nomea\u00e7\u00e3o-de-novos-membros.pdf\"><strong>PORTARIA 01-2021 ELACult (Nomea\u00e7\u00e3o de membros da equipe t\u00e9cnica)<\/strong><\/a><\/p>\n<p><a href=\"https:\/\/claec.org\/elacult\/wp-content\/uploads\/sites\/4\/2021\/03\/Portaria-no-02-2021_Exoneracao-de-novos-membros.pdf\"><strong>PORTARIA 02-2021 ELACult (Exonera\u00e7\u00e3o de membro da equipe t\u00e9cnica)<\/strong><\/a><\/p>\n<p><a href=\"https:\/\/claec.org\/elacult\/wp-content\/uploads\/sites\/4\/2023\/01\/Portaria-no-01-2023-Exoneracao-de-membros-equipe-tecnica.pdf\"><strong>PORTARIA 01-2023 ELACult (Exonera\u00e7\u00e3o de membros da equipe t\u00e9cnica)<\/strong><\/a><\/p>\n<hr \/>\n<p><a href=\"https:\/\/claec.org\/elacult\/wp-content\/uploads\/sites\/4\/2019\/04\/CNPJ.pdf\"><strong>CNPJ da Filial ELACult<\/strong><\/a><\/p>\n<p style=\"text-align: justify;\"><strong>Raz\u00e3o Social:<\/strong> Centro Latino-Americano de Estudos em Cultura \u2013 CLAEC<\/p>\n<p><strong>Nome Fantasia:<\/strong> ELACult &#8211; Escola Latino-Americana de Altos Estudos em Cultura<\/p>\n<p style=\"text-align: justify;\"><strong>CNPJ:<\/strong> 13.448.301\/0002-05<\/p>\n<p style=\"text-align: justify;\"><strong>Sede:<\/strong> Rua Vila Velha, 63, Vila C, Foz do Igua\u00e7u, Paran\u00e1, Brasil. CEP: 85870-050.<\/p>\n<p style=\"text-align: justify;\"><strong>E-mail<\/strong>: elacult@claec.org<\/p>\n<p style=\"text-align: justify;\"><strong>Site da matriz:<\/strong> <a href=\"http:\/\/www.claec.org\/\" target=\"_blank\" rel=\"noopener\">www.claec.org<\/a><\/p>\n\n\n<p><\/p>\n","protected":false},"excerpt":{"rendered":"<p>A Escola Latino-Americana de Altos Estudos em Cultura \u2013 ELACult do Centro Latino-Americano de Estudos em Cultura \u2013 CLAEC, \u00e9 uma unidade acad\u00eamica de forma\u00e7\u00e3o no n\u00edvel superior na modalidade de cursos livres, de extens\u00e3o e p\u00f3s-gradua\u00e7\u00e3o latu\u00a0e stricto sensu, voltada para a produ\u00e7\u00e3o e difus\u00e3o de conhecimento de alta qualidade cient\u00edfica na \u00e1rea dos [&hellip;]<\/p>\n","protected":false},"author":1,"featured_media":28,"parent":0,"menu_order":0,"comment_status":"closed","ping_status":"closed","template":"","meta":{"_monsterinsights_skip_tracking":false,"_monsterinsights_sitenote_active":false,"_monsterinsights_sitenote_note":"","_monsterinsights_sitenote_category":0,"footnotes":""},"class_list":["post-6","page","type-page","status-publish","has-post-thumbnail","hentry"],"_links":{"self":[{"href":"https:\/\/claec.org\/elacult\/wp-json\/wp\/v2\/pages\/6","targetHints":{"allow":["GET"]}}],"collection":[{"href":"https:\/\/claec.org\/elacult\/wp-json\/wp\/v2\/pages"}],"about":[{"href":"https:\/\/claec.org\/elacult\/wp-json\/wp\/v2\/types\/page"}],"author":[{"embeddable":true,"href":"https:\/\/claec.org\/elacult\/wp-json\/wp\/v2\/users\/1"}],"replies":[{"embeddable":true,"href":"https:\/\/claec.org\/elacult\/wp-json\/wp\/v2\/comments?post=6"}],"version-history":[{"count":19,"href":"https:\/\/claec.org\/elacult\/wp-json\/wp\/v2\/pages\/6\/revisions"}],"predecessor-version":[{"id":1561,"href":"https:\/\/claec.org\/elacult\/wp-json\/wp\/v2\/pages\/6\/revisions\/1561"}],"wp:featuredmedia":[{"embeddable":true,"href":"https:\/\/claec.org\/elacult\/wp-json\/wp\/v2\/media\/28"}],"wp:attachment":[{"href":"https:\/\/claec.org\/elacult\/wp-json\/wp\/v2\/media?parent=6"}],"curies":[{"name":"wp","href":"https:\/\/api.w.org\/{rel}","templated":true}]}}