{"id":37,"date":"2016-06-30T06:09:00","date_gmt":"2016-06-30T09:09:00","guid":{"rendered":"http:\/\/claec.org\/elacult\/?page_id=37"},"modified":"2023-01-20T22:55:02","modified_gmt":"2023-01-21T01:55:02","slug":"coordenacao-diretiva","status":"publish","type":"page","link":"https:\/\/claec.org\/elacult\/sobre\/coordenacao-diretiva\/","title":{"rendered":"Coordena\u00e7\u00e3o Diretiva"},"content":{"rendered":"\n<p>Segundo o Regulamento vigente, a administra\u00e7\u00e3o da ELACult caber\u00e1 ao Coordenador Geral, Coordenador Acad\u00eamico e Coordenador Administrativo, no \u00e2mbito da Coordena\u00e7\u00e3o Diretiva.<\/p>\n\n\n\n<h2 class=\"wp-block-heading\">Atual:<\/h2>\n\n\n\n<p>&nbsp;<strong>I \u2013 Coordenadora Geral: <a href=\"http:\/\/lattes.cnpq.br\/1509932655812871\" target=\"_blank\" rel=\"noopener\">Danielle Ferreira Medeiro da Silva de Ara\u00fajo<\/a><\/strong><\/p>\n\n\n\n<blockquote class=\"wp-block-quote is-layout-flow wp-block-quote-is-layout-flow\">\n<p>P\u00f3s-Doutoranda no Programa de P\u00f3s-Gradua\u00e7\u00e3o em Estudos Comparativos sobre as Am\u00e9ricas (Universidade de Bras\u00edlia &#8211; UNB). Doutora e Mestra em Estado e Sociedade do Centro de Ci\u00eancias Humanas e Sociais (Universidade Federal do Sul da Bahia &#8211; UFSB). Especialista em G\u00eanero, Sexualidade e Direitos Humanos pela Escola Nacional de Sa\u00fade P\u00fablica &#8211; FIOCRUZ. Advogada, formada em Direito pela Pontif\u00edcia Universidade Cat\u00f3lica do Rio de Janeiro\/ PUC-RJ. Pesquisadora nas \u00e1reas de direitos humanos, gest\u00e3o p\u00fablica e social, seguran\u00e7a p\u00fablica e meio ambiente. Docente na p\u00f3s-gradua\u00e7\u00e3o e gradua\u00e7\u00e3o em Direito da Faculdade Pit\u00e1goras (Eun\u00e1polis &#8211; BA), na gradua\u00e7\u00e3o em Administra\u00e7\u00e3o de Empresas da Faculdade Nossa Senhora de Lourdes (Porto Seguro &#8211; BA) e no curso de Psicilogia da Faculdade Esp\u00edrito Santo (FAES). Vice-presidente, pesquisadora associada e Editora-assistente do Centro Latino-americano de Estudos em Culturas &#8211; CLAEC. Membra do corpo editorial da Editora Pembroke Collins. Membra do Conselho Superior de Altos Estudos em Direito &#8211; CAEDJUS. Membra do Grupo de Pesquisa Paid\u00e9ia &#8211; Laborat\u00f3rio de pesquisa transdisciplinar sobre metodologias integrativas para a educa\u00e7\u00e3o e gest\u00e3o social (UFSB) e do no grupo de pesquisa CASCA &#8211; Coletivo de Antropologia e Sa\u00fade Coletiva (UNB). . Fundadora da Ong Gerando Vida (2008-2020). Membra-fundadora do Coletivo Dandaras &#8211; Mulheres Negras Discentes da Universidade Federal do Sul da Bahia. Parecerista de Revistas Acad\u00eamicas da UNB, UFC, ABPN, IFBA\/UNEB, IBCCRIM. Redatora do Blog do Conselho de Altos Estudos em Direito &#8211; CAEDJUS. Membra da rede global YouthActionNet e da Associa\u00e7\u00e3o Universit\u00e1ria Internacional. Integro a equipe organizadora dos livros da Editora Pembroke Collins e a coordena\u00e7\u00e3o da Colet\u00e2nea Etnicidades, sociedade e novos direitos: uma discuss\u00e3o transdisciplinar (Editora Multifoco). Artigo Destaque no Congresso Internacional Online de Estudos sobre Culturas (CLAEC) &#8211; 2019 e 2020. Texto Publicado em e-book do VI Congresso Internacional de Direitos Humanos da Universidade de Coimbra 2021. Coordenadora do Grupo de Pesquisa Direitos Fundamentais em Debate na Faculdade de Direitos Pit\u00e1goras ? Eun\u00e1polis ? BA. Finalista do Pr\u00eamio Jabuti 2021, na modalidade Cr\u00f4nica. Conteudista de material did\u00e1tico (Faculdade Descomplica e IFBA).<\/p>\n\n\n\n<p>E-mail: daniellemedeiro@claec.org<\/p>\n<\/blockquote>\n\n\n\n<p><strong>II \u2013 Coordenadora Acad\u00eamica:&nbsp;<\/strong><strong><a href=\"http:\/\/lattes.cnpq.br\/0657170432572894\">Nat\u00e1lia Martins de Oliveira Gon\u00e7alves<\/a><\/strong><\/p>\n\n\n\n<blockquote class=\"wp-block-quote is-layout-flow wp-block-quote-is-layout-flow\">\n<p>Mestra em Mem\u00f3ria Social e Patrim\u00f4nio Cultural pela Universidade Federal de Pelotas (UFPel) e licenciada em Hist\u00f3ria pela Universidade Federal de Ouro Preto (UFOP). Cursou, com bolsa da Uni\u00e3o Europeia (EACEA), o mestrado TPTI &#8211; Techniques, Patrimoine, Territoires de l&#8217;Industrie: Histoire, Valorisation, Didactique, pela Universit\u00e9 Paris I &#8211; Panth\u00e9on-Sorbonne (Fran\u00e7a), em cons\u00f3rcio com a Universit\u00e0 degli Studi di Padova (It\u00e1lia), a Universidade de \u00c9vora (Portugal). Colaborou em institui\u00e7\u00f5es culturais e de pesquisa no Brasil, Uruguai, It\u00e1lia, R\u00fassia e Espanha. Atualmente, \u00e9 coordenadora acad\u00eamica da Escola Latino-Americana de Altos Estudos em Cultura (ELACult), e respons\u00e1vel pelo programa de arte, patrim\u00f4nio, cultura e educa\u00e7\u00e3o do N\u00facleo de Desenvolvimento Humano e Econ\u00f4mico de Brumadinho (Esta\u00e7\u00e3o do Conhecimento). Tamb\u00e9m \u00e9 pesquisadora associada do Centro Latino-Americano de Cultura (CLAEC), membro do International Council of Museums \/ Committee for Education and Cultural Action (ICOM \/ CECA &#8211; It\u00e1lia) e da International Society for Education Through Art (InSEA &#8211; Estados Unidos). \u00c9 idealizadora e fundadora do \u201cArt in this Century Collective\u201d (https:\/\/www.artinthiscentury.com\/), coletivo que re\u00fane artistas emergentes e jovens pesquisadores da \u00e1rea de Artes de diversos pa\u00edses. Tem experi\u00eancia nas \u00e1reas de Patrim\u00f4nio Cultural (com \u00eanfase em Gest\u00e3o Cultural, Patrim\u00f4nio Industrial, Educa\u00e7\u00e3o Patrimonial e desenvolvimento local); Museologia e Ensino de Hist\u00f3ria, Artes e temas transversais em espa\u00e7os educativos formais e n\u00e3o-formais.<\/p>\n\n\n\n<p>E-mail: nataliagoncalves@claec.org<\/p>\n<\/blockquote>\n\n\n\n<p><strong>III \u2013 Coordenador Administrativo:&nbsp;<a href=\"http:\/\/buscatextual.cnpq.br\/buscatextual\/visualizacv.do?id=K8967389Z4&amp;tokenCaptchar=03AOLTBLRIDcaZWyIQ10mn8LUT0czV7i6u2rxB1FcSiaEkxZlMcKFP7XpmGZAzT9-rBetovCQ9lyQO8xR9L64_Vlyx4uYv6SKKJxi3Aeom248d-IeSvW8K1wdiMmsJWUDkbp4ImavvR3Q85GK0VeOxPICGbcR8H70MnHxSy0mr9BeR2I3TCcTOZFh5wOBYM8eVic07KsOMPsHtiCMwe4PFTE2i_qtwC42xuANhYN4tyuGio18Qp8uQaisHJnD1TKKzuqITrRCVgkUGV9kt8cM7oaHPVDgkTYKCzy3h7lj8hQkLY1MXsctO_77ewmVwTJ62XH5idqe5piWfOXHu0pRVS8UtPwx_jzbecIVyp5rvOnbtgS4h4uJCpY7zeGf_xpFhIViHynNLdqjTzm__HnZYbIhbfyy6Yo1N1Y7-dDPolZhUVwU6wRqiXoVLJY8PNtDfG6-9ZxjY7xv1\">Luciano Alexandrino dos Santos Junior<\/a><\/strong><\/p>\n\n\n\n<blockquote class=\"wp-block-quote is-layout-flow wp-block-quote-is-layout-flow\">\n<p>Mestrando no Programa de P\u00f3s-gradua\u00e7\u00e3o em Ci\u00eancias Humanas e Sociais da Universidade Federal do ABC. Bacharel em Rela\u00e7\u00f5es Internacionais pela Universidade Federal do Rio Grande- FURG. Coordenador administrativo da Escola Latino-americana de Altos Estudos em Cultura- ELACult do CLAEC. Atuou como membro da Diretoria de Pesquisa e Extens\u00e3o da Federa\u00e7\u00e3o Nacional dos Estudantes de Rela\u00e7\u00f5es Internacionais do Brasil- FENERI. Atuou como bolsista PQA (Projeto de Qualifica\u00e7\u00e3o Acad\u00eamica) nas \u00e1reas de Paradiplomacia, Integra\u00e7\u00e3o Regional e multiterritorialidade fronteiri\u00e7a. Atualmente pesquisa acerca do processo de paz na Col\u00f4mbia e integra\u00e7\u00e3o Latino Americana. Possui experi\u00eancia profissional nas \u00e1reas de atendimento ao p\u00fablico, recep\u00e7\u00e3o e tradu\u00e7\u00e3o.<\/p>\n\n\n\n<p>E-mail: lucianosantos@claec.org<\/p>\n<\/blockquote>\n\n\n\n<hr class=\"wp-block-separator has-alpha-channel-opacity\"\/>\n\n\n\n<h2 class=\"wp-block-heading\">Hist\u00f3rico:<\/h2>\n\n\n\n<p>&nbsp;<strong>Coordenador Geral (2018-2023): <a href=\"http:\/\/buscatextual.cnpq.br\/buscatextual\/visualizacv.do?id=K4314165Z0\">Bruno C\u00e9sar Alves Marcelino<\/a><\/strong><\/p>\n\n\n\n<blockquote class=\"wp-block-quote is-layout-flow wp-block-quote-is-layout-flow\">\n<p>Pesquisador Associado, Associado Fundador e Diretor-Presidente do Centro Latino-Americano de Estudos em Cultura (CLAEC, Brasil). Doutorando em Estudos Sociais Interdisciplin\u00e1rios de Europa e Am\u00e9rica Latina (2019-2025), ofertado de forma binacional pela Facultad de Humanidades y Ciencias de la Educaci\u00f3n da Universidad Nacional de La Plata (UNLP, Argentina) e pelo Institut f\u00fcr Politik- und Verwaltungswissenschaften (Instituto de Ci\u00eancias Pol\u00edticas e Administrativas) da Universit\u00e4t Rostock (Uni Rostock, Alemanha) em cotutela no PPG Ci\u00eancia Pol\u00edtica (2022-2025) da Universidade de S\u00e3o Paulo (USP, Brasil), com bolsa de pesquisa do Consejo Nacional de Investigaciones Cient\u00edficas y T\u00e9cnicas (2020-2025) (CONICET, Argentina) e aux\u00edlio financeiro do Centro Universit\u00e1rio Argentino-Alem\u00e3o (2019) (CUAA-DAHZ, Argentina). Mestre em Integra\u00e7\u00e3o Contempor\u00e2nea da Am\u00e9rica Latina (2016-2018), pelo Instituto Latino-Americano de Economia, Sociedade e Pol\u00edtica &#8211; ILAESP da Universidade Federal da Integra\u00e7\u00e3o Latino-Americana (UNILA, Brasil). Bacharel em Produ\u00e7\u00e3o e Pol\u00edtica Cultural (2012-2015) pela Universidade Federal do Pampa (UNIPAMPA, Brasil). Editor-chefe da Editora CLAEC e da RELACult &#8211; Revista Latino-Americana de Estudos em Cultura e Sociedade (Qualis\/CAPES &#8211; B2), organizador das edi\u00e7\u00f5es do livro Dossi\u00ea Cultura em Foco, Presidente do Conselho Acad\u00eamico da Escola Latino-Americana de Altos Estudos em Cultura &#8211; ELACult. Membro da Linha de Pesquisa Din\u00e2micas socioterritoriais e culturais da\/na Am\u00e9rica Latina do CLAEC. Pesquisador Visitante no N\u00facleo de Pesquisa em Rela\u00e7\u00f5es Internacionais &#8211; NUPRI da USP (2022-2025) e no Ibero-Amerikanisches Institut (Instituto Iberoamericano de Berlim, Alemanha) (2019). Tem experi\u00eancia e interesse nas \u00e1reas de estudos culturais em regi\u00f5es de fronteira; Integra\u00e7\u00e3o cultural latino-americana; movimentos sociais e pol\u00edticas p\u00fablicas; pol\u00edticas culturais e produ\u00e7\u00e3o e gest\u00e3o cultural.<\/p>\n\n\n\n<p>E-mail: brunomarcelino@claec.org<\/p>\n<\/blockquote>\n","protected":false},"excerpt":{"rendered":"<p>Segundo o Regulamento vigente, a administra\u00e7\u00e3o da ELACult caber\u00e1 ao Coordenador Geral, Coordenador Acad\u00eamico e Coordenador Administrativo, no \u00e2mbito da Coordena\u00e7\u00e3o Diretiva. Atual: &nbsp;I \u2013 Coordenadora Geral: Danielle Ferreira Medeiro da Silva de Ara\u00fajo P\u00f3s-Doutoranda no Programa de P\u00f3s-Gradua\u00e7\u00e3o em Estudos Comparativos sobre as Am\u00e9ricas (Universidade de Bras\u00edlia &#8211; UNB). Doutora e Mestra em Estado [&hellip;]<\/p>\n","protected":false},"author":1,"featured_media":0,"parent":6,"menu_order":0,"comment_status":"closed","ping_status":"closed","template":"","meta":{"_monsterinsights_skip_tracking":false,"_monsterinsights_sitenote_active":false,"_monsterinsights_sitenote_note":"","_monsterinsights_sitenote_category":0,"footnotes":""},"class_list":["post-37","page","type-page","status-publish","hentry"],"_links":{"self":[{"href":"https:\/\/claec.org\/elacult\/wp-json\/wp\/v2\/pages\/37","targetHints":{"allow":["GET"]}}],"collection":[{"href":"https:\/\/claec.org\/elacult\/wp-json\/wp\/v2\/pages"}],"about":[{"href":"https:\/\/claec.org\/elacult\/wp-json\/wp\/v2\/types\/page"}],"author":[{"embeddable":true,"href":"https:\/\/claec.org\/elacult\/wp-json\/wp\/v2\/users\/1"}],"replies":[{"embeddable":true,"href":"https:\/\/claec.org\/elacult\/wp-json\/wp\/v2\/comments?post=37"}],"version-history":[{"count":27,"href":"https:\/\/claec.org\/elacult\/wp-json\/wp\/v2\/pages\/37\/revisions"}],"predecessor-version":[{"id":1547,"href":"https:\/\/claec.org\/elacult\/wp-json\/wp\/v2\/pages\/37\/revisions\/1547"}],"up":[{"embeddable":true,"href":"https:\/\/claec.org\/elacult\/wp-json\/wp\/v2\/pages\/6"}],"wp:attachment":[{"href":"https:\/\/claec.org\/elacult\/wp-json\/wp\/v2\/media?parent=37"}],"curies":[{"name":"wp","href":"https:\/\/api.w.org\/{rel}","templated":true}]}}