{"id":181,"date":"2019-02-05T14:20:39","date_gmt":"2019-02-05T16:20:39","guid":{"rendered":"http:\/\/claec.org\/elacult\/?page_id=181"},"modified":"2022-03-26T19:22:51","modified_gmt":"2022-03-26T22:22:51","slug":"perguntas-frequentes","status":"publish","type":"page","link":"https:\/\/claec.org\/elacult\/perguntas-frequentes\/","title":{"rendered":"Perguntas Frequentes"},"content":{"rendered":"<p><strong>Quem pode participar dos cursos?<\/strong><\/p>\n<p>Qualquer pessoa interessada pode se matricular nos cursos ofertados pela ELACult. Para receber o Certificado de Extens\u00e3o \u00e9 necess\u00e1rio estar cursando ou possuir diploma de n\u00edvel superior. Caso voc\u00ea n\u00e3o esteja cursando e n\u00e3o tenha forma\u00e7\u00e3o superior, o documento emitido ser\u00e1 Certificado de Atualiza\u00e7\u00e3o\/Aperfei\u00e7oamento.<\/p>\n<hr \/>\n<p><strong>Qual a modalidade dos cursos?<\/strong><\/p>\n<p>A oferta de cursos da ELACult \u00e9 na modalidade \u00e0 dist\u00e2ncia (EAD), salvo quando mencionado o contr\u00e1rio, como cursos semi-presenciais.<\/p>\n<hr \/>\n<p><strong>Qual a metodologia utilizada pela ELACult?<\/strong><\/p>\n<p>Intera\u00e7\u00e3o professor\/tutor\/aluno:<\/p>\n<p>A intera\u00e7\u00e3o entre professor, tutor e aluno se dar\u00e1 por meio de v\u00eddeos, e-mails, chats e f\u00f3rum previamente agendados. Como ambiente de intera\u00e7\u00e3o a ELACult utiliza a plataforma<a href=\"https:\/\/campus.claec.org\"> Moodle<\/a>\u00a0e as ferramentas do <a href=\"https:\/\/edu.google.com\/products\/classroom\/#%2Fready-to-go\">Google Class Room<\/a> e <a href=\"https:\/\/www.microsoft.com\/pt-br\/microsoft-teams\/group-chat-software\/\">Microsoft Teams<\/a>.<\/p>\n<p>Avalia\u00e7\u00e3o:<\/p>\n<p>O processo avaliativo baseia-se inteiramente na interatividade do aluno com a plataforma de estudos e seus mecanismos, como visitas ao site, participa\u00e7\u00e3o em f\u00f3runs, contato direto com o tutor\/professor, realiza\u00e7\u00e3o das tarefas estipuladas e demais atividades.<\/p>\n<p>Material did\u00e1tico:<\/p>\n<p>A ELACult prioriza em seus cursos a utiliza\u00e7\u00e3o de material digital, que possua copyright garantido pelos autores ou que conte com licen\u00e7a copyleft, (bibliografias de acesso aberto).<\/p>\n<hr \/>\n<p><strong>A ELACult oferece bolsas de estudos ou descontos?<\/strong><\/p>\n<p>Nas ofertas do ano de 2022,\u00a0 a ELACult ofertar\u00e1 2 bolsas de estudos integrais por curso al\u00e9m de descontos para associados do CLAEC. Os requisitos m\u00ednimos, inscri\u00e7\u00f5es e mais informa\u00e7\u00f5es para cada bolsa ser\u00e3o divulgados posteriormente pelo site da ELACult, assim como pelas redes sociais.<\/p>\n<hr \/>\n<p><strong>Como \u00e9 emitido o Certificado de Conclus\u00e3o?<\/strong><\/p>\n<p>Os certificados ser\u00e3o emitidos pela Escola Latino-Americana de Altos Estudos em Cultura &#8211; ELACult, inscrita no Cadastro Nacional da Pessoa Jur\u00eddica (CNPJ) sob n\u00ba 13.448.301\/0002-05, filial do Centro Latino-Americano de Estudos em Cultura (CLAEC), inscrito no Cadastro Nacional da Pessoa Jur\u00eddica (CNPJ) sob n\u00ba 13.448.301\/0001-24 emitido pela Secretaria da Receita Federal do Brasil.<\/p>\n<p>H\u00e1 possibilidade de emiss\u00e3o conjunta do certificado pela ELACult e institui\u00e7\u00e3o externa, na oferta de cursos em parcerias com outras institui\u00e7\u00f5es quando especificado no programa de ensino.<\/p>\n<hr \/>\n<p><strong>Qual a validade legal dos certificados?<\/strong><\/p>\n<p>Os certificados emitidos pela ELACult e parceiros possuem validade jur\u00eddica conforme a Lei n\u00ba 9.394, de 20 de dezembro de 1996 (Diretrizes e Bases da Educa\u00e7\u00e3o Nacional) e Decreto Presidencial n\u00ba 5.154, de 23 de julho de 2004.<\/p>\n<p>A modalidade de cursos livres virtuais tem caracter\u00edstica de educa\u00e7\u00e3o n\u00e3o-formal de dura\u00e7\u00e3o vari\u00e1vel, destinado a proporcionar a estudantes e profissionais conhecimentos que lhe permitam qualificar-se e atualizar-se.<\/p>\n<hr \/>\n<p><strong>Os cursos de extens\u00e3o podem ser considerados como n\u00edvel superior?<\/strong><\/p>\n<p>Sim. Os cursos de extens\u00e3o s\u00e3o considerados como oferta inserida no contexto da educa\u00e7\u00e3o superior, de acordo com o artigo 44, inc. III, da Lei n\u00ba 9.394\/96 (Lei de Diretrizes e Bases da Educa\u00e7\u00e3o Nacional &#8211; LDB).<\/p>\n<p>Cabe esclarecer que os cursos de extens\u00e3o n\u00e3o apresentam requisitos, como acontece com os cursos de gradua\u00e7\u00e3o, nos quais os candidatos precisam ter conclu\u00eddo o Ensino M\u00e9dio ou equivalente; e ter sido selecionado por processo seletivo.<\/p>\n<p>Al\u00e9m disso, os cursos de extens\u00e3o n\u00e3o conferem grau e n\u00e3o podem emitir diploma, limitando-se \u00e0 expedi\u00e7\u00e3o de certificados de participa\u00e7\u00e3o.<\/p>\n<p>Caso seja estudante de gradua\u00e7\u00e3o, consulte sua institui\u00e7\u00e3o sobre a possibilidade de reconhecimento das horas cursadas como atividade complementar.<\/p>\n<hr \/>\n<p><strong>H\u00e1 exig\u00eancia de atos autorizativos para a oferta de cursos livres, como de capacita\u00e7\u00e3o, extens\u00e3o e aperfei\u00e7oamento, por exemplo?<\/strong><\/p>\n<p>N\u00e3o. O que caracteriza a oferta de cursos livres \u00e9 justamente a aus\u00eancia de atos autorizativos por parte do Poder P\u00fablico.<\/p>\n<p>Por este motivo, nesta modalidade \u00e9 vedada a emiss\u00e3o de diplomas de curso superior de gradua\u00e7\u00e3o ou de certificado de conclus\u00e3o de p\u00f3s-gradua\u00e7\u00e3o <em>lato sensu<\/em>. Nestes termos s\u00e3o emitidos de certificados de participa\u00e7\u00e3o sem valor de t\u00edtulo de cursos superior (grau) para fins do disposto no art. 48, da Lei n\u00ba 9.394\/1996.<\/p>\n<hr \/>\n<p><strong>Como verifico a autenticidade de um certificado ou declara\u00e7\u00e3o emitida pela ELACult?<\/strong><\/p>\n<p>Os certificados s\u00e3o assinados pela Coordena\u00e7\u00e3o Geral da ELACult, utilizando o recurso de assinatura digital padr\u00e3o ICP-Brasil, com validade internacional.<\/p>\n<hr \/>\n<p><strong>Quais s\u00e3o os valores para 2022?<\/strong><\/p>\n<p>Para os cursos de 2022 \u00e9 cobrado o valor \u00fanico de R$ 150,00 (cento e cinquenta reais), que incluem a totalidade do curso, conte\u00fados digitais, aulas virtuais s\u00edncronas e ass\u00edncronas, acesso \u00e0 plataforma moodle e certificado de conclus\u00e3o.<\/p>\n<p>Os valores podem ser pagos via pix\/dep\u00f3sito\/transfer\u00eancia banc\u00e1ria ou cart\u00e3o de cr\u00e9dito via PayPal.<\/p>\n<hr \/>\n","protected":false},"excerpt":{"rendered":"<p>Quem pode participar dos cursos? Qualquer pessoa interessada pode se matricular nos cursos ofertados pela ELACult. Para receber o Certificado de Extens\u00e3o \u00e9 necess\u00e1rio estar cursando ou possuir diploma de n\u00edvel superior. Caso voc\u00ea n\u00e3o esteja cursando e n\u00e3o tenha forma\u00e7\u00e3o superior, o documento emitido ser\u00e1 Certificado de Atualiza\u00e7\u00e3o\/Aperfei\u00e7oamento. Qual a modalidade dos cursos? A [&hellip;]<\/p>\n","protected":false},"author":1,"featured_media":0,"parent":0,"menu_order":0,"comment_status":"closed","ping_status":"closed","template":"","meta":{"_monsterinsights_skip_tracking":false,"_monsterinsights_sitenote_active":false,"_monsterinsights_sitenote_note":"","_monsterinsights_sitenote_category":0,"footnotes":""},"class_list":["post-181","page","type-page","status-publish","hentry"],"_links":{"self":[{"href":"https:\/\/claec.org\/elacult\/wp-json\/wp\/v2\/pages\/181","targetHints":{"allow":["GET"]}}],"collection":[{"href":"https:\/\/claec.org\/elacult\/wp-json\/wp\/v2\/pages"}],"about":[{"href":"https:\/\/claec.org\/elacult\/wp-json\/wp\/v2\/types\/page"}],"author":[{"embeddable":true,"href":"https:\/\/claec.org\/elacult\/wp-json\/wp\/v2\/users\/1"}],"replies":[{"embeddable":true,"href":"https:\/\/claec.org\/elacult\/wp-json\/wp\/v2\/comments?post=181"}],"version-history":[{"count":30,"href":"https:\/\/claec.org\/elacult\/wp-json\/wp\/v2\/pages\/181\/revisions"}],"predecessor-version":[{"id":1523,"href":"https:\/\/claec.org\/elacult\/wp-json\/wp\/v2\/pages\/181\/revisions\/1523"}],"wp:attachment":[{"href":"https:\/\/claec.org\/elacult\/wp-json\/wp\/v2\/media?parent=181"}],"curies":[{"name":"wp","href":"https:\/\/api.w.org\/{rel}","templated":true}]}}