{"id":1434,"date":"2021-08-13T00:13:43","date_gmt":"2021-08-13T03:13:43","guid":{"rendered":"https:\/\/claec.org\/elacult\/?page_id=1434"},"modified":"2021-09-09T14:29:09","modified_gmt":"2021-09-09T17:29:09","slug":"2021-2-4","status":"publish","type":"page","link":"https:\/\/claec.org\/elacult\/2021-2-4\/","title":{"rendered":"O saber-fazer do feminino: pol\u00edtica, psican\u00e1lise e artes"},"content":{"rendered":"\n<p><strong>Objetivo:<\/strong><\/p>\n\n\n\n<p>Articular quest\u00f5es relacionadas ao corpo, \u00e0s artes e ao feminino e, a partir disso, criar novas possibilidades metodol\u00f3gicas e pol\u00edticas que se ofere\u00e7am como alternativas \u00e0 linguagem acad\u00eamica e \u00e0 raz\u00e3o instrumental cl\u00e1ssica. Analisando para tal obras liter\u00e1rias e de artes visuais.<\/p>\n\n\n\n<p><strong>Destinat\u00e1rios:<\/strong><\/p>\n\n\n\n<p>Profissionais da cultura, principalmente das artes. Estudantes de p\u00f3s-gradua\u00e7\u00e3o e gradua\u00e7\u00e3o.<\/p>\n\n\n\n<p id=\"yui_3_17_2_1_1568648319178_206\"><strong>Docente:<\/strong> <strong>Prof. Ma. Kamila Karen de Jesus Costa<\/strong><\/p>\n\n\n\n<p><strong>Ementa:<\/strong><\/p>\n\n\n\n<p>[Aula 1]<br><strong>Apresenta\u00e7\u00e3o do curso e Introdu\u00e7\u00e3o tem\u00e1tica<\/strong><\/p>\n\n\n\n<p>Objetivo:<br>Apresentar \u00e0s alunas e alunos quest\u00f5es acerca da metodologia e da din\u00e2mica do curso.<\/p>\n\n\n\n<p>Bibliografia:<br><em>ALVARENGA, Augusta et al. <em>Interdisciplinaridade e transdisciplinaridade nas tramas da complexidade e desafios aos processos investigativos<\/em>. In: Pr\u00e1ticas da interdisciplinaridade no ensino e pesquisa. Barueri, SP,: Manole, 2015<\/em>.<\/p>\n\n\n\n<hr class=\"wp-block-separator\" \/>\n\n\n\n<p>[Aula 2]<br><strong>O feminino na psican\u00e1lise<\/strong><\/p>\n\n\n\n<p>Objetivo:<br>Compreender a ideia operacional do feminino e do barroco no psiquismo<\/p>\n\n\n\n<p>Bibliografia:<br><em>LACAN,Jacques.O semin\u00e1rio, livro 20: Mais ainda<\/em>. Rio de Janeiro: Jorge Zahar, 1985.<\/p>\n\n\n\n<hr class=\"wp-block-separator\" \/>\n\n\n\n<p>[Aula 3]<br><strong>Subjetividade e poder<\/strong><\/p>\n\n\n\n<p>Objetivo:<br>Entender as cria\u00e7\u00f5es subjetivas e corporeas pela analitica foucaultiana<\/p>\n\n\n\n<p>Bibliografia:<br>FOUCAULT, Michel. <em>Microf\u00edsica do Poder<\/em>. Rio de Janeiro: Graal, 2010.<\/p>\n\n\n\n<hr class=\"wp-block-separator\" \/>\n\n\n\n<p>[Aula 4]<br><strong>Escrita e o er\u00f3tico<\/strong><\/p>\n\n\n\n<p>Objetivo:<br>Dar a ver o transbordamento da escrita para al\u00e9m do c\u00e2none institu\u00eddo.<\/p>\n\n\n\n<p>Bibliografia:<br>BARTHES, Roland; <em>O prazer do texto.<\/em> Ed. 70, 1983.<\/p>\n\n\n\n<hr class=\"wp-block-separator\" \/>\n\n\n\n<p>[Aula 5]<br><strong>Nicole Brossard e H\u00e9l\u00e8ne Cixous e Audre Lorde<\/strong><\/p>\n\n\n\n<p>Objetivo:<br>Analisar as obras das autoras pela perspectiva do feminino<\/p>\n\n\n\n<p>Bibliografia:<br>BROSSARD, Nicole.<em> Selections: the Poetry of Nicole Brossard<\/em>, Berkeley, 2010.<\/p>\n\n\n\n<hr class=\"wp-block-separator\" \/>\n\n\n\n<p>[Aula 6]<br><strong>Cheryl Clarke, June Jordan e Ana Martins Marques<\/strong><\/p>\n\n\n\n<p>Objetivo:<br>Pol\u00edtica, po\u00e9tica e saberes localizados.<\/p>\n\n\n\n<p>Bibliografia:<br>CLARKE, Cheryl. Lesbianism: An act of resistance. <em>This bridge called my back: Writings by radical women of color<\/em>, p. 128-37, 1981.<\/p>\n\n\n\n<hr class=\"wp-block-separator\" \/>\n\n\n\n<p>[Aula 7]<br><strong>O feminino e o barroco na obra de Adriana Varej\u00e3o<\/strong><\/p>\n\n\n\n<p>Objetivo:<br>Os ecos e as pot\u00eancias do barroquismo e do feminino nas obras da artista pl\u00e1stica carioca.<\/p>\n\n\n\n<p>Bibliografia:<br>SCHWARCZ, Lilia Moritz; VAREJ\u00c3O, Adriana. <em>P\u00e9rola imperfeita: a hist\u00f3ria e as hist\u00f3rias na obra de Adriana Varej\u00e3o<\/em>. Cobog\u00f3, 2014.<\/p>\n\n\n\n<hr class=\"wp-block-separator\" \/>\n\n\n\n<p>[Aula 8]<br><strong>Finaliza\u00e7\u00e3o do curso<\/strong><\/p>\n\n\n\n<p>Objetivo:<br>Coment\u00e1rios, compartilhamento de achados, exerc\u00edcio experimental de escrita.<\/p>\n\n\n\n<p>Bibliografia:<br>OITICICA, H\u00e9lio. Experimentar o experimental.<em> Arte em revista. S\u00e3o Paulo,<\/em><strong> ano<\/strong>, v. 3, 1972.<\/p>\n\n\n\n<hr class=\"wp-block-separator\" \/>\n\n\n\n<p><strong>Cronograma:<\/strong><\/p>\n\n\n\n<p><strong>Inscri\u00e7\u00f5es:<br><\/strong>De 12\/08\/2021 a<s> 02\/09\/2021<\/s> INSCRI\u00c7\u00d5ES PRORROGADAS AT\u00c9 10.09!<\/p>\n\n\n\n<p><strong>Inicio do Curso: <\/strong>\u00a0<strong>13<\/strong>\/09\/2021.<\/p>\n\n\n\n<p><strong>Dia e hor\u00e1rio das aulas s\u00edncronas:<\/strong> Quartas-feiras, \u00e0s 19:00hrs. <\/p>\n\n\n\n<p>No curso pode haver encontros s\u00edncronos semanais ou quinzenais, contudo, a aula ficar\u00e1 gravada e poder\u00e1 ser acessada a qualquer momento at\u00e9 o final do curso. A participa\u00e7\u00e3o nos encontros s\u00edncronos n\u00e3o \u00e9 quesito obrigat\u00f3rio, entretanto, o discente deve realizar todas as atividades propostas pelos docentes a fim de garantirem suas frequ\u00eancias no referido curso. <\/p>\n\n\n\n<p><a href=\"http:\/\/m.me\/claecult\" target=\"_blank\" rel=\"noreferrer noopener\">+ info via Facebook Messenger<\/a><\/p>\n\n\n\n<p><a href=\"https:\/\/forms.gle\/8zDy3PvdH1tshHxn7\" target=\"_blank\" rel=\"noreferrer noopener\">Reservar vaga<\/a><\/p>\n","protected":false},"excerpt":{"rendered":"<p>Objetivo: Articular quest\u00f5es relacionadas ao corpo, \u00e0s artes e ao feminino e, a partir disso, criar novas possibilidades metodol\u00f3gicas e pol\u00edticas que se ofere\u00e7am como alternativas \u00e0 linguagem acad\u00eamica e \u00e0 raz\u00e3o instrumental cl\u00e1ssica. Analisando para tal obras liter\u00e1rias e de artes visuais. Destinat\u00e1rios: Profissionais da cultura, principalmente das artes. Estudantes de p\u00f3s-gradua\u00e7\u00e3o e gradua\u00e7\u00e3o. [&hellip;]<\/p>\n","protected":false},"author":4,"featured_media":0,"parent":0,"menu_order":0,"comment_status":"closed","ping_status":"closed","template":"","meta":{"_monsterinsights_skip_tracking":false,"_monsterinsights_sitenote_active":false,"_monsterinsights_sitenote_note":"","_monsterinsights_sitenote_category":0,"footnotes":""},"class_list":["post-1434","page","type-page","status-publish","hentry"],"_links":{"self":[{"href":"https:\/\/claec.org\/elacult\/wp-json\/wp\/v2\/pages\/1434","targetHints":{"allow":["GET"]}}],"collection":[{"href":"https:\/\/claec.org\/elacult\/wp-json\/wp\/v2\/pages"}],"about":[{"href":"https:\/\/claec.org\/elacult\/wp-json\/wp\/v2\/types\/page"}],"author":[{"embeddable":true,"href":"https:\/\/claec.org\/elacult\/wp-json\/wp\/v2\/users\/4"}],"replies":[{"embeddable":true,"href":"https:\/\/claec.org\/elacult\/wp-json\/wp\/v2\/comments?post=1434"}],"version-history":[{"count":6,"href":"https:\/\/claec.org\/elacult\/wp-json\/wp\/v2\/pages\/1434\/revisions"}],"predecessor-version":[{"id":1501,"href":"https:\/\/claec.org\/elacult\/wp-json\/wp\/v2\/pages\/1434\/revisions\/1501"}],"wp:attachment":[{"href":"https:\/\/claec.org\/elacult\/wp-json\/wp\/v2\/media?parent=1434"}],"curies":[{"name":"wp","href":"https:\/\/api.w.org\/{rel}","templated":true}]}}