{"id":1415,"date":"2021-08-12T23:16:58","date_gmt":"2021-08-13T02:16:58","guid":{"rendered":"https:\/\/claec.org\/elacult\/?page_id=1415"},"modified":"2021-09-09T14:28:18","modified_gmt":"2021-09-09T17:28:18","slug":"2020-2-2","status":"publish","type":"page","link":"https:\/\/claec.org\/elacult\/2020-2-2\/","title":{"rendered":"Etno-hist\u00f3ria andina: O processo de transforma\u00e7\u00e3o da alteridade nativa no Vice- Reino do Peru"},"content":{"rendered":"\n<p><strong>Objetivo:<\/strong><\/p>\n\n\n\n<p>O objetivo deste curso \u00e9 analisar as transforma\u00e7\u00f5es sofridas pela tradi\u00e7\u00e3o religiosa andina frente \u00e0 evangeliza\u00e7\u00e3o crist\u00e3o no s\u00e9culo XVI\/XVII.<\/p>\n\n\n\n<p><strong>Destinat\u00e1rios:<\/strong><\/p>\n\n\n\n<p>Gradua\u00e7\u00e3o; P\u00f3s-Gradua\u00e7\u00e3o.<\/p>\n\n\n\n<p id=\"yui_3_17_2_1_1568648319178_206\"><strong>Docente:<\/strong><\/p>\n\n\n\n<p id=\"yui_3_17_2_1_1568648319178_205\"><strong>Profa. Ma. Lorena Gouv\u00eaa de Ara\u00fajo<\/strong><\/p>\n\n\n\n<p><strong>Ementa:<\/strong><\/p>\n\n\n\n<p>[Aula 1]<br><strong>Religiosidade crist\u00e3 na Europa da Baixa Idade M\u00e9dia: A ascen\u00e7\u00e3o do satanismo<\/strong><\/p>\n\n\n\n<p>Objetivo:<br>Compreender as transforma\u00e7\u00f5es sociais, durante a Baixa Idade M\u00e9dia, que favoreceram a chegada e estabelecimento da demonologia na&nbsp; Europa.<\/p>\n\n\n\n<p>Bibliografia:<br>DELUMEAU, Jean. Hist\u00f3ria do medo no ocidente. 1300-1800: uma cidade sitiada. S\u00e3o Paulo: Companhia das Letras, 2009. p. 354-385.<\/p>\n\n\n\n<hr class=\"wp-block-separator\" \/>\n\n\n\n<p>[Aula 2]<br><strong>Religiosidade crist\u00e3 na Europa da Baixa Idade M\u00e9dia: Uma renova\u00e7\u00e3o dos votos com a moralidade tomista e agostiniana<\/strong><\/p>\n\n\n\n<p>Objetivo:<br>Compreender a moralidade religiosa que estruturou o pensamento hegem\u00f4nico europeu, durante a crise da Baixa Idade M\u00e9dia.<\/p>\n\n\n\n<p>Bibliografia:<br>DELUMEAU, Jean. Hist\u00f3ria do medo no ocidente. 1300-1800: uma cidade sitiada. S\u00e3o Paulo: Companhia das Letras, 2009. p. 462-506.<\/p>\n\n\n\n<hr class=\"wp-block-separator\" \/>\n\n\n\n<p>[Aula 3]<br><strong>Cosmovis\u00e3o andina: Alteridade no mundo nativo pr\u00e9-colonial<\/strong><\/p>\n\n\n\n<p>Objetivo:<br>Compreender a cosmovis\u00e3o do andinos, durante o per\u00edodo pr\u00e9-hisp\u00e2nico.<\/p>\n\n\n\n<p>Bibliografia:<br>DEPAZ TOLEDO, Zen\u00f3n. La como-visi\u00f3n andina en el Manuscrito de Huarochir\u00ed. Lima: Vicio Perpetuo, 2015. p. 15-38<\/p>\n\n\n\n<hr class=\"wp-block-separator\" \/>\n\n\n\n<p>[Aula 4]<br><strong>O mundo colonial: A chegada de uma nova religiosidade<\/strong><\/p>\n\n\n\n<p>Objetivo:<br>Analisar o processo de chegada do cristianismo na Am\u00e9rica e os desdobramentos da mentalidade moral cat\u00f3lica sobre os nativos.<\/p>\n\n\n\n<p>Bibliografia:<br>CA\u00d1IZARES-ESGUERRA, Jorge. Cat\u00f3licos y Puritanos en la colonizaci\u00f3n de Am\u00e9rica. Madrid: Fundaci\u00f3n Jorge Juan\/Marcial Pons Historia, 2008. p. 17-57; 121-147.<\/p>\n\n\n\n<hr class=\"wp-block-separator\" \/>\n\n\n\n<p>[Aula 5]<br><strong>O mundo colonial: Evangeliza\u00e7\u00e3o dos nativos andinos<\/strong><\/p>\n\n\n\n<p>Objetivo:<br>Analisar o processo de evangeliza\u00e7\u00e3o dos nativos do Peru e compreender as transforma\u00e7\u00f5es desencadeadas pela chegada da Igreja Cat\u00f3lica neste territ\u00f3rio.<\/p>\n\n\n\n<p>Bibliografia:<br>ESTENSSORO, Juan Carlos. El simio de dios &#8211; Los Ind\u00edgenas y la Iglesia frente a la evangelizaci\u00f3n del Per\u00fa, siglos XVI-XVII. Bulletin de l&#8217;Institut francais d&#8217;\u00e9tudes Andins, 2001. p. 455-474.<\/p>\n\n\n\n<hr class=\"wp-block-separator\" \/>\n\n\n\n<p>[Aula 6]<br><strong>O mundo colonial: A religiosidade nativa enquanto idolatria<\/strong><\/p>\n\n\n\n<p>Objetivo:<br>Compreender o processo sistematizado de combate \u00e0 idolatria nativa, no Vice-Reino do Peru a partir de 1610.<\/p>\n\n\n\n<p>Bibliografia:<br>DUVIOLS, Pierre. Procesos y visitas de idolatrias. Cajatambo, siglo XVII. Lima: IFEAPUCP\/Fondo Editorial, 2003.<\/p>\n\n\n\n<hr class=\"wp-block-separator\" \/>\n\n\n\n<p>[Aula 7]<br><strong>Trabalhando com as fontes<\/strong><\/p>\n\n\n\n<p>Objetivo:<br>Analisar os processos de idolatria, do s\u00e9culo XVII, do Vice-Reino do Peru nas fontes hist\u00f3ricas coloniais.<\/p>\n\n\n\n<p>Bibliografia:<br><\/p>\n\n\n\n<p>* Archivo Arzobispal de Lima \u2013 Processos \u2013&nbsp; Secci\u00f3n hechicer\u00eda e idolatr\u00eda<\/p>\n\n\n\n<p>* Cr\u00f4nicas coloniais<\/p>\n\n\n\n<hr class=\"wp-block-separator\" \/>\n\n\n\n<p>[Aula 8]<br><strong>Avalia\u00e7\u00e3o do curso<\/strong><\/p>\n\n\n\n<p>Aula dedicada a uma avalia\u00e7\u00e3o sobre o curso e com tema livre, a ser escolhido a partir da 6\u00ba aula.<\/p>\n\n\n\n<hr class=\"wp-block-separator\" \/>\n\n\n\n<p><strong>Cronograma:<\/strong><\/p>\n\n\n\n<p><strong>Inscri\u00e7\u00f5es:<br><\/strong>De 12\/08\/2021 a<s> 02\/09\/2021<\/s> INSCRI\u00c7\u00d5ES PRORROGADAS AT\u00c9 10.09!<\/p>\n\n\n\n<p><strong>Inicio do Curso: <\/strong>\u00a0<strong>13<\/strong>\/09\/2021.<\/p>\n\n\n\n<p><strong>Dia e hor\u00e1rio das aulas s\u00edncronas:<\/strong> (\u00e0 confirmar). <\/p>\n\n\n\n<p>No curso pode haver encontros s\u00edncronos semanais ou quinzenais, contudo, a aula ficar\u00e1 gravada e poder\u00e1 ser acessada a qualquer momento at\u00e9 o final do curso. A participa\u00e7\u00e3o nos encontros s\u00edncronos n\u00e3o \u00e9 quesito obrigat\u00f3rio, entretanto, o discente deve realizar todas as atividades propostas pelos docentes a fim de garantirem suas frequ\u00eancias no referido curso. <\/p>\n\n\n\n<p><a href=\"http:\/\/m.me\/claecult\" target=\"_blank\" rel=\"noreferrer noopener\">+ info via Facebook Messenger<\/a><\/p>\n\n\n\n<p><a href=\"https:\/\/forms.gle\/8zDy3PvdH1tshHxn7\" target=\"_blank\" rel=\"noreferrer noopener\">Reservar vaga<\/a><\/p>\n","protected":false},"excerpt":{"rendered":"<p>Objetivo: O objetivo deste curso \u00e9 analisar as transforma\u00e7\u00f5es sofridas pela tradi\u00e7\u00e3o religiosa andina frente \u00e0 evangeliza\u00e7\u00e3o crist\u00e3o no s\u00e9culo XVI\/XVII. Destinat\u00e1rios: Gradua\u00e7\u00e3o; P\u00f3s-Gradua\u00e7\u00e3o. Docente: Profa. Ma. Lorena Gouv\u00eaa de Ara\u00fajo Ementa: [Aula 1]Religiosidade crist\u00e3 na Europa da Baixa Idade M\u00e9dia: A ascen\u00e7\u00e3o do satanismo Objetivo:Compreender as transforma\u00e7\u00f5es sociais, durante a Baixa Idade M\u00e9dia, que [&hellip;]<\/p>\n","protected":false},"author":4,"featured_media":0,"parent":0,"menu_order":0,"comment_status":"closed","ping_status":"closed","template":"","meta":{"_monsterinsights_skip_tracking":false,"_monsterinsights_sitenote_active":false,"_monsterinsights_sitenote_note":"","_monsterinsights_sitenote_category":0,"footnotes":""},"class_list":["post-1415","page","type-page","status-publish","hentry"],"_links":{"self":[{"href":"https:\/\/claec.org\/elacult\/wp-json\/wp\/v2\/pages\/1415","targetHints":{"allow":["GET"]}}],"collection":[{"href":"https:\/\/claec.org\/elacult\/wp-json\/wp\/v2\/pages"}],"about":[{"href":"https:\/\/claec.org\/elacult\/wp-json\/wp\/v2\/types\/page"}],"author":[{"embeddable":true,"href":"https:\/\/claec.org\/elacult\/wp-json\/wp\/v2\/users\/4"}],"replies":[{"embeddable":true,"href":"https:\/\/claec.org\/elacult\/wp-json\/wp\/v2\/comments?post=1415"}],"version-history":[{"count":6,"href":"https:\/\/claec.org\/elacult\/wp-json\/wp\/v2\/pages\/1415\/revisions"}],"predecessor-version":[{"id":1499,"href":"https:\/\/claec.org\/elacult\/wp-json\/wp\/v2\/pages\/1415\/revisions\/1499"}],"wp:attachment":[{"href":"https:\/\/claec.org\/elacult\/wp-json\/wp\/v2\/media?parent=1415"}],"curies":[{"name":"wp","href":"https:\/\/api.w.org\/{rel}","templated":true}]}}