{"id":1395,"date":"2021-08-12T17:38:00","date_gmt":"2021-08-12T20:38:00","guid":{"rendered":"https:\/\/claec.org\/elacult\/?page_id=1395"},"modified":"2021-09-09T14:26:29","modified_gmt":"2021-09-09T17:26:29","slug":"2021-2-1","status":"publish","type":"page","link":"https:\/\/claec.org\/elacult\/2021-2-1\/","title":{"rendered":"As subst\u00e2ncias psicoativas ou \u201cdrogas\u201d como objeto de estudos nas Ci\u00eancias Sociais"},"content":{"rendered":"\n<p><strong>Objetivo:<\/strong><\/p>\n\n\n\n<p>Apresentar o objeto \u201cdrogas\u201d, no campo das Ci\u00eancias Sociais, em uma perspectiva hist\u00f3rico-cultural e s\u00f3cio-pol\u00edtico.<\/p>\n\n\n\n<p><strong>Destinat\u00e1rios:<\/strong><\/p>\n\n\n\n<p>Destinado a estudantes de gradua\u00e7\u00e3o e\/ou graduados em qualquer \u00e1rea do conhecimento, que queiram compreender as \u201cdrogas\u201d, para fins de pesquisa acad\u00eamica e conhecimentos gerais.<\/p>\n\n\n\n<p id=\"yui_3_17_2_1_1568648319178_206\"><strong>Docente:<\/strong><\/p>\n\n\n\n<p id=\"yui_3_17_2_1_1568648319178_205\"><strong>Prof. Dr.  Ronaldo Martins Gomes<\/strong><\/p>\n\n\n\n<p><strong>Ementa:<\/strong><\/p>\n\n\n\n<p>[Aula 1]<br><strong>\u201cDrogas\u201d como \u201cobjeto\u201d nas Ci\u00eancias Sociais<\/strong><\/p>\n\n\n\n<p>Objetivo:<br>Supera\u00e7\u00e3o de preconceitos<\/p>\n\n\n\n<p>Bibliografia:<br>BOURDIEU, Pierre, CHAMBOREDON, Jean-Claude e PASSERON, Jean-Claude. <strong>A Profiss\u00e3o de Soci\u00f3logo<\/strong> \u2013 Preliminares Epistemol\u00f3gicas. Petr\u00f3polis, Editora Vozes, 2002.<\/p>\n\n\n\n<hr class=\"wp-block-separator\" \/>\n\n\n\n<p>[Aula 2]<br><strong>\u201cDrogas\u201d como \u201cobjeto\u201d nas Ci\u00eancias Sociais<\/strong><\/p>\n\n\n\n<p>Objetivo:<br>Di\u00e1logos finais, d\u00favidas e S\u00ednteses.<\/p>\n\n\n\n<p>Bibliografia:<br>BOURDIEU, Pierre, CHAMBOREDON, Jean-Claude e PASSERON, Jean-Claude. <strong>A Profiss\u00e3o de Soci\u00f3logo<\/strong> \u2013 Preliminares Epistemol\u00f3gicas. Petr\u00f3polis, Editora Vozes, 2002.<\/p>\n\n\n\n<hr class=\"wp-block-separator\" \/>\n\n\n\n<p>[Aula 3]<br><strong>\u201cDrogas\u201d no tempo e no espa\u00e7o<\/strong><\/p>\n\n\n\n<p>Objetivo:<br>Compreender a historicidade do objeto anterior ao proibicionismo.<\/p>\n\n\n\n<p>Bibliografia:<br>ESCOHOTADO, Antonio. <strong>Historia General de las Drogas<\/strong>. Madrid: Alianza Editorial, 1998.<\/p>\n\n\n\n<hr class=\"wp-block-separator\" \/>\n\n\n\n<p>[Aula 4]<br><strong>\u201cDrogas\u201d no tempo e no espa\u00e7o<\/strong><\/p>\n\n\n\n<p>Objetivo:<br>Di\u00e1logos finais, d\u00favidas e S\u00ednteses.<\/p>\n\n\n\n<p>Bibliografia:<br>ESCOHOTADO, Antonio. <strong>Historia General de las Drogas<\/strong>. Madrid: Alianza Editorial, 1998.<\/p>\n\n\n\n<hr class=\"wp-block-separator\" \/>\n\n\n\n<p>[Aula 5]<br><strong>\u201cDrogas\u201d sob estigma e controle<\/strong><\/p>\n\n\n\n<p>Objetivo:<br>Compreender as abordagens legais sobre as \u201cdrogas\u201d e alguns efeitos sociais.<\/p>\n\n\n\n<p>Bibliografia:<br>LABATE, Beatriz Caiuby, GOULART, Sandra Lucia, FIORE, Mauricio, MACRAE, Edward e CARNEIRO, Henrique (Organizadores). <strong>Drogas e cultura: novas perspectivas<\/strong>. Salvador: EDUFBA, 2008.<\/p>\n\n\n\n<hr class=\"wp-block-separator\" \/>\n\n\n\n<p>[Aula 6]<br><strong>\u201cDrogas\u201d sob estigma e controle<\/strong><\/p>\n\n\n\n<p>Objetivo:<br>Di\u00e1logos finais, d\u00favidas e S\u00ednteses.<\/p>\n\n\n\n<p>Bibliografia:<br>LABATE, Beatriz Caiuby, GOULART, Sandra Lucia, FIORE, Mauricio, MACRAE, Edward e CARNEIRO, Henrique (Organizadores). <strong>Drogas e cultura: novas perspectivas<\/strong>. Salvador: EDUFBA, 2008.<\/p>\n\n\n\n<hr class=\"wp-block-separator\" \/>\n\n\n\n<p>[Aula 7]<br><strong>A cidade exposta: g\u00eanero, sexualidades e moralidades<\/strong><\/p>\n\n\n\n<p>Objetivo:<br>Compreender as formas de tratamento, com particular enfoque sobre as comunidades terap\u00eauticas.<\/p>\n\n\n\n<p>Bibliografia:<br>SOUZA, Andr\u00e9 Ricardo de; GOMES, Ronaldo Martins. Reflex\u00f5es sobre as religiosas comunidades terap\u00eauticas a partir de algumas unidades paulistas. <strong>Debates do NER<\/strong>, v. 1, p. 283-305, 2017.<br>SOUZA, Andr\u00e9 Ricardo de; GOMES, Ronaldo Martins. Nuan\u00e7as e controv\u00e9rsias do apoio religioso a dependentes qu\u00edmicos. In: <strong>XIV Simp\u00f3sio Nacional da ABHR<\/strong>, 2015, Juiz de Fora. Caderno de Resumos do XIV Simp\u00f3sio Nacional da ABHR. Juiz de Fora: ABHR, 2015. v. 1.<\/p>\n\n\n\n<hr class=\"wp-block-separator\" \/>\n\n\n\n<p>[Aula 8]<br><strong>As \u201cdrogas\u201d e a economia dos tratamentos<\/strong><\/p>\n\n\n\n<p>Objetivo:<br>Di\u00e1logos finais, d\u00favidas e S\u00ednteses.<\/p>\n\n\n\n<p>Bibliografia:<br><\/p>\n\n\n\n<p>SOUZA, Andr\u00e9 Ricardo de; GOMES, Ronaldo Martins. Reflex\u00f5es sobre as religiosas comunidades terap\u00eauticas a partir de algumas unidades paulistas. <strong>Debates do NER<\/strong>, v. 1, p. 283-305, 2017.<br>SOUZA, Andr\u00e9 Ricardo de; GOMES, Ronaldo Martins. Nuan\u00e7as e contr ov\u00e9rsias do apoio religioso a dependentes qu\u00edmicos. In: <strong>XIV Simp\u00f3sio Nacional da ABHR<\/strong>, 2015, Juiz de Fora. Caderno de Resumos do XIV Simp\u00f3sio Nacional da ABHR. Juiz de Fora: ABHR, 2015. v. 1.<\/p>\n\n\n\n<hr class=\"wp-block-separator\" \/>\n\n\n\n<p><strong>Cronograma:<\/strong><\/p>\n\n\n\n<p><strong>Inscri\u00e7\u00f5es:<br><\/strong>De 12\/08\/2021 a<s> 02\/09\/2021<\/s> INSCRI\u00c7\u00d5ES PRORROGADAS AT\u00c9 10.09!<\/p>\n\n\n\n<p><strong>Inicio do Curso: <\/strong>\u00a0<strong>1<\/strong>3\/09\/2021.<\/p>\n\n\n\n<p><strong>Dia e hor\u00e1rio das aulas s\u00edncronas:<\/strong> (\u00e0 confirmar). <\/p>\n\n\n\n<p>No curso pode haver encontros s\u00edncronos semanais ou quinzenais, contudo, a aula ficar\u00e1 gravada e poder\u00e1 ser acessada a qualquer momento at\u00e9 o final do curso. A participa\u00e7\u00e3o nos encontros s\u00edncronos n\u00e3o \u00e9 quesito obrigat\u00f3rio, entretanto, o discente deve realizar todas as atividades propostas pelos docentes a fim de garantirem suas frequ\u00eancias no referido curso. <\/p>\n\n\n\n<p><a href=\"http:\/\/m.me\/claecult\" target=\"_blank\" rel=\"noreferrer noopener\">+ info via Facebook Messenger<\/a><\/p>\n\n\n\n<p><a href=\"https:\/\/forms.gle\/8zDy3PvdH1tshHxn7\" target=\"_blank\" rel=\"noreferrer noopener\">Reservar vaga<\/a><\/p>\n","protected":false},"excerpt":{"rendered":"<p>Objetivo: Apresentar o objeto \u201cdrogas\u201d, no campo das Ci\u00eancias Sociais, em uma perspectiva hist\u00f3rico-cultural e s\u00f3cio-pol\u00edtico. Destinat\u00e1rios: Destinado a estudantes de gradua\u00e7\u00e3o e\/ou graduados em qualquer \u00e1rea do conhecimento, que queiram compreender as \u201cdrogas\u201d, para fins de pesquisa acad\u00eamica e conhecimentos gerais. Docente: Prof. Dr. Ronaldo Martins Gomes Ementa: [Aula 1]\u201cDrogas\u201d como \u201cobjeto\u201d nas Ci\u00eancias [&hellip;]<\/p>\n","protected":false},"author":4,"featured_media":0,"parent":0,"menu_order":0,"comment_status":"closed","ping_status":"closed","template":"","meta":{"_monsterinsights_skip_tracking":false,"_monsterinsights_sitenote_active":false,"_monsterinsights_sitenote_note":"","_monsterinsights_sitenote_category":0,"footnotes":""},"class_list":["post-1395","page","type-page","status-publish","hentry"],"_links":{"self":[{"href":"https:\/\/claec.org\/elacult\/wp-json\/wp\/v2\/pages\/1395","targetHints":{"allow":["GET"]}}],"collection":[{"href":"https:\/\/claec.org\/elacult\/wp-json\/wp\/v2\/pages"}],"about":[{"href":"https:\/\/claec.org\/elacult\/wp-json\/wp\/v2\/types\/page"}],"author":[{"embeddable":true,"href":"https:\/\/claec.org\/elacult\/wp-json\/wp\/v2\/users\/4"}],"replies":[{"embeddable":true,"href":"https:\/\/claec.org\/elacult\/wp-json\/wp\/v2\/comments?post=1395"}],"version-history":[{"count":8,"href":"https:\/\/claec.org\/elacult\/wp-json\/wp\/v2\/pages\/1395\/revisions"}],"predecessor-version":[{"id":1496,"href":"https:\/\/claec.org\/elacult\/wp-json\/wp\/v2\/pages\/1395\/revisions\/1496"}],"wp:attachment":[{"href":"https:\/\/claec.org\/elacult\/wp-json\/wp\/v2\/media?parent=1395"}],"curies":[{"name":"wp","href":"https:\/\/api.w.org\/{rel}","templated":true}]}}