{"id":134,"date":"2019-02-04T20:12:24","date_gmt":"2019-02-04T22:12:24","guid":{"rendered":"http:\/\/claec.org\/elacult\/?page_id=134"},"modified":"2023-01-20T22:59:02","modified_gmt":"2023-01-21T01:59:02","slug":"cursos","status":"publish","type":"page","link":"https:\/\/claec.org\/elacult\/cursos\/","title":{"rendered":"Cursos"},"content":{"rendered":"\n<p><strong><strong>INSCRI\u00c7\u00d5ES SER\u00c3O ABERTAS, EM BREVE!<\/strong><\/strong><\/p>\n\n\n\n<hr class=\"wp-block-separator has-css-opacity\"\/>\n\n\n\n<p>Navegue pelo site, conhe\u00e7a nossa institui\u00e7\u00e3o!<\/p>\n","protected":false},"excerpt":{"rendered":"<p>INSCRI\u00c7\u00d5ES SER\u00c3O ABERTAS, EM BREVE! Navegue pelo site, conhe\u00e7a nossa institui\u00e7\u00e3o!<\/p>\n","protected":false},"author":1,"featured_media":0,"parent":0,"menu_order":0,"comment_status":"closed","ping_status":"closed","template":"","meta":{"_monsterinsights_skip_tracking":false,"_monsterinsights_sitenote_active":false,"_monsterinsights_sitenote_note":"","_monsterinsights_sitenote_category":0,"footnotes":""},"class_list":["post-134","page","type-page","status-publish","hentry"],"_links":{"self":[{"href":"https:\/\/claec.org\/elacult\/wp-json\/wp\/v2\/pages\/134","targetHints":{"allow":["GET"]}}],"collection":[{"href":"https:\/\/claec.org\/elacult\/wp-json\/wp\/v2\/pages"}],"about":[{"href":"https:\/\/claec.org\/elacult\/wp-json\/wp\/v2\/types\/page"}],"author":[{"embeddable":true,"href":"https:\/\/claec.org\/elacult\/wp-json\/wp\/v2\/users\/1"}],"replies":[{"embeddable":true,"href":"https:\/\/claec.org\/elacult\/wp-json\/wp\/v2\/comments?post=134"}],"version-history":[{"count":195,"href":"https:\/\/claec.org\/elacult\/wp-json\/wp\/v2\/pages\/134\/revisions"}],"predecessor-version":[{"id":1553,"href":"https:\/\/claec.org\/elacult\/wp-json\/wp\/v2\/pages\/134\/revisions\/1553"}],"wp:attachment":[{"href":"https:\/\/claec.org\/elacult\/wp-json\/wp\/v2\/media?parent=134"}],"curies":[{"name":"wp","href":"https:\/\/api.w.org\/{rel}","templated":true}]}}