{"id":1234,"date":"2021-03-17T15:36:09","date_gmt":"2021-03-17T18:36:09","guid":{"rendered":"http:\/\/claec.org\/elacult\/?page_id=1234"},"modified":"2021-05-01T17:58:01","modified_gmt":"2021-05-01T20:58:01","slug":"ementa-teoriasfeministas-e-neoliberalismo","status":"publish","type":"page","link":"https:\/\/claec.org\/elacult\/ementa-teoriasfeministas-e-neoliberalismo\/","title":{"rendered":"Teorias feministas e neoliberalismo: debates contempor\u00e2neos"},"content":{"rendered":"\n<p>Diante do atual cen\u00e1rio marcado pelo capitalismo neoliberal, pela crise das democracias e pelo crescimento da extrema direita, a forte presen\u00e7a de produ\u00e7\u00f5es te\u00f3ricas feministas dispostas a debater essas quest\u00f5es ganha destaque. Para al\u00e9m da rejei\u00e7\u00e3o a determinado feminismo que se compactuaria com ideais liberais, essas produ\u00e7\u00f5es identificam os impactos dos projetos neoliberais e da chamada \u201cvirada conservadora\u201d nas vidas das mulheres, pontuando as explora\u00e7\u00f5es de classe, as opress\u00f5es racistas e as resist\u00eancias constru\u00eddas. Nesse sentido, a proposta desta disciplina \u00e9 apresentar a cr\u00edtica ao neoliberalismo feita por te\u00f3ricas feministas do Norte e do Sul global, analisando como mobilizam diferentes conex\u00f5es entre estruturas sociais, quais especificidades reconhecem e que tipos de enfrentamentos defendem.<\/p>\n\n\n\n<p><strong>Objetivo:<\/strong><\/p>\n\n\n\n<p>Oferecer ferramentas, a partir das teorias feministas contempor\u00e2neas, para uma an\u00e1lise cr\u00edtica do neoliberalismo.<\/p>\n\n\n\n<p><strong>Destinat\u00e1rios:<\/strong><\/p>\n\n\n\n<p>Estudantes de gradua\u00e7\u00e3o e p\u00f3s-gradua\u00e7\u00e3o nas diferentes \u00e1reas das ci\u00eancias humanas e sociais; militantes de movimentos sociais que tenham interesse em aprofundar o conhecimento te\u00f3rico nos temas propostos da disciplina.<\/p>\n\n\n\n<p id=\"yui_3_17_2_1_1568648319178_206\"><strong>Docente:<\/strong><\/p>\n\n\n\n<p id=\"yui_3_17_2_1_1568648319178_205\"><strong>Profa. Dra. Danielle Tega <a rel=\"noreferrer noopener\" href=\"http:\/\/lattes.cnpq.br\/3894196418598238\" target=\"_blank\">[Curr\u00edculo Lattes]<\/a><\/strong><\/p>\n\n\n\n<p id=\"yui_3_17_2_1_1568648319178_200\">Danielle Tega \u00e9 doutora em Sociologia pela Universidade Estadual de Campinas (Unicamp) com est\u00e1gio na Universidad de Buenos Aires (UBA). Realizou pesquisa p\u00f3s-doutoral no N\u00facleo de Estudos de G\u00eanero &#8211; Pagu   (Unicamp). \u00c9 autora dos livros &#8220;Tempos de dizer, tempos de escutar: testemunhos de mulheres no Brasil e na Argentina&#8221; (Ed. Intermeios\/Fapesp, 2019) e &#8220;Mulheres em foco: constru\u00e7\u00f5es cinematogr\u00e1ficas brasileiras da participa\u00e7\u00e3o pol\u00edtica feminina&#8221; (Ed. Unesp\/Cultura Acad\u00eamica, 2010). Atualmente \u00e9 professora na Universidade Estadual de Mato Grosso do Sul (UEMS), pesquisadora associada ao Centro Latino-Americano de Estudos em Cultura (CLAEC) e integrante do grupo de pesquisa &#8220;Teorias e milit\u00e2ncias feministas&#8221; (CNPq\/Unicamp).<\/p>\n\n\n\n<hr class=\"wp-block-separator\" \/>\n\n\n\n<p><strong>Ementa:<\/strong><\/p>\n\n\n\n<p>[Aula 1]<br><strong>Feminismo liberal e feminismo anticapitalista<\/strong><\/p>\n\n\n\n<p>Objetivo:<br>Apresentar o curso; expor a cr\u00edtica feminista anticapitalista ao feminismo liberal.<\/p>\n\n\n\n<p>Bibliografia:<\/p>\n\n\n\n<p>ARRUZZA, Cinzia; BHATTACHARYA, Tithi; FRASER, Nancy. <em>Feminismo para os 99%: um manifesto<\/em>. S\u00e3o Paulo: Boitempo, 2019.<\/p>\n\n\n\n<hr class=\"wp-block-separator\" \/>\n\n\n\n<p>[Aula 2]<br><strong>A viol\u00eancia contra as mulheres ontem e hoje<\/strong><\/p>\n\n\n\n<p>Objetivo:<br>Historicizar a viol\u00eancia contra as mulheres; identificar como o neoliberalismo acentua esse problema.<\/p>\n\n\n\n<p>Bibliografia:<\/p>\n\n\n\n<p>FEDERICI, Silvia. <em>Mulheres e ca\u00e7a \u00e0s bruxas<\/em>. S\u00e3o Paulo: Boitempo, 2019.<\/p>\n\n\n\n<hr class=\"wp-block-separator\" \/>\n\n\n\n<p>[Aula 3]<\/p>\n\n\n\n<p><strong>Neoliberalismo e a crise da democracia<\/strong><\/p>\n\n\n\n<p>Objetivo:<br>Caracterizar a ambi\u00e7\u00e3o da extrema direita de substituir a ordem democr\u00e1tica pela disciplina dos mercados; apontar o papel da \u201cfam\u00edlia\u201d enquanto n\u00facleo moral e econ\u00f4mico fundamental ao projeto neoliberal.<\/p>\n\n\n\n<p>Bibliografia:<\/p>\n\n\n\n<p>BROWN, Wendy. <em>Nas ru\u00ednas do neoliberalismo: a ascens\u00e3o da pol\u00edtica antidemocr\u00e1tica no ocidente<\/em>. S\u00e3o Paulo. Editora Polit\u00e9ia, 2019.<\/p>\n\n\n\n<hr class=\"wp-block-separator\" \/>\n\n\n\n<p>[Aula 4]<\/p>\n\n\n\n<p><strong>Resist\u00eancias ao neoliberalismo<\/strong><\/p>\n\n\n\n<p>Objetivo:<br>Entender a for\u00e7a e o significado das manifesta\u00e7\u00f5es como resist\u00eancia ao sistema neoliberal.<\/p>\n\n\n\n<p>Bibliografia:<\/p>\n\n\n\n<p>BUTLER, Judith. <em>Corpos em alian\u00e7a e a pol\u00edtica das ruas: notas para uma teoria performativa de assembleia<\/em>. Rio de Janeiro: Civiliza\u00e7\u00e3o Brasileira, 2018.<\/p>\n\n\n\n<hr class=\"wp-block-separator\" \/>\n\n\n\n<p>[Aula 5]<\/p>\n\n\n\n<p><strong>Racismo e neoliberalismo<\/strong><\/p>\n\n\n\n<p>Objetivo:<\/p>\n\n\n\n<p>Apresentar as conex\u00f5es entre a estrutura social racista e o projeto neoliberal.<\/p>\n\n\n\n<p>Bibliografia:<\/p>\n\n\n\n<p>DAVIS, Angela. <em>A liberdade \u00e9 uma luta constante<\/em>. S\u00e3o Paulo: Boitempo, 2018.<\/p>\n\n\n\n<hr class=\"wp-block-separator\" \/>\n\n\n\n<p>[Aula 6]<\/p>\n\n\n\n<p><strong>Pr\u00e1ticas populares e as armadilhas neoliberais na Am\u00e9rica Latina<\/strong><\/p>\n\n\n\n<p>Objetivo:<\/p>\n\n\n\n<p>Pontuar as ambiguidades das a\u00e7\u00f5es populares; identificar a acentuada presen\u00e7a das mulheres no mercado informal.<\/p>\n\n\n\n<p>Bibliografia:<\/p>\n\n\n\n<p>GAGO, Ver\u00f3nica. <em>A raz\u00e3o neoliberal: economias barrocas e pragm\u00e1tica popular<\/em>. S\u00e3o Paulo: Editora Elefante, 2018.<\/p>\n\n\n\n<hr class=\"wp-block-separator\" \/>\n\n\n\n<p>[Aula 7]<br><strong>Feminismos Latino-americanos<\/strong><\/p>\n\n\n\n<p>Objetivo:<\/p>\n\n\n\n<p>Apresentar as especificidades das lutas pelas pela autonomia das mulheres na Am\u00e9rica Latina e suas rela\u00e7\u00f5es com projetos neoliberais.<\/p>\n\n\n\n<p>Bibliografia:<\/p>\n\n\n\n<p>BALLESTRIN, Luciana. Feminismo De(s)colonial como Feminismo Subalterno Latino-Americano. <em>Revista Estudos Feministas<\/em>, Florian\u00f3polis, v. 28, n. 3, 2020. [+] SCHILD, Ver\u00f3nica. Feminismo e neoliberalismo na Am\u00e9rica Latina. <em>Revista Outubro<\/em>, n. 26, julho de 2016.<\/p>\n\n\n\n<hr class=\"wp-block-separator\" \/>\n\n\n\n<p>[Aula 8]<br><strong>Feminismos e cr\u00edtica ao neoliberalismo<\/strong><\/p>\n\n\n\n<p>Objetivo:<\/p>\n\n\n\n<p>Identificar as resist\u00eancias das mulheres \u00e0 alian\u00e7a entre neoliberalismo e \u201cvirada conservadora\u201d.<\/p>\n\n\n\n<p>Bibliografia:<\/p>\n\n\n\n<p>RAGO, Margareth; PELEGRINI, Maur\u00edcio Pelegrini (orgs.). <em>Neoliberalismo, feminismos e contracondutas<\/em>. S\u00e3o Paulo: Intermeios, 2019.<\/p>\n\n\n\n<hr class=\"wp-block-separator\" \/>\n\n\n\n<p><strong>Cronograma:<\/strong><\/p>\n\n\n\n<p><strong>Inscri\u00e7\u00f5es:<br><\/strong>De <s>17\/03\/2021 a 30\/04\/2020.<\/s> <strong>INSCRI\u00c7\u00d5ES PRORROGADAS AT\u00c9 03\/05!<\/strong><\/p>\n\n\n\n<p><strong>Curso:<\/strong><br>De 03\/05\/2020 a 02\/07\/2021.<\/p>\n\n\n\n<p><strong>Dia e hor\u00e1rio das aulas:&nbsp;<\/strong>As aulas ser\u00e3o realizadas semanalmente nas QUINTAS-FEIRAS, \u00e0s 20h, com dura\u00e7\u00e3o aproximada de 1h30. Todo o conte\u00fado ser\u00e1 gravado e ficar\u00e1 dispon\u00edvel para acesso pela plataforma do curso.<\/p>\n\n\n\n<p><a href=\"https:\/\/api.whatsapp.com\/send?phone=5519989196763&amp;text=Ol\u00e1!\" target=\"_blank\" rel=\"noreferrer noopener\">+ info via WhatsApp<\/a><\/p>\n\n\n\n<p><a href=\"http:\/\/m.me\/claecult\" target=\"_blank\" rel=\"noreferrer noopener\">+ info via Facebook Messenger<\/a><\/p>\n\n\n\n<p><a href=\"https:\/\/forms.gle\/8zDy3PvdH1tshHxn7\" target=\"_blank\" rel=\"noreferrer noopener\">Reservar vaga<\/a><\/p>\n","protected":false},"excerpt":{"rendered":"<p>Diante do atual cen\u00e1rio marcado pelo capitalismo neoliberal, pela crise das democracias e pelo crescimento da extrema direita, a forte presen\u00e7a de produ\u00e7\u00f5es te\u00f3ricas feministas dispostas a debater essas quest\u00f5es ganha destaque. Para al\u00e9m da rejei\u00e7\u00e3o a determinado feminismo que se compactuaria com ideais liberais, essas produ\u00e7\u00f5es identificam os impactos dos projetos neoliberais e da [&hellip;]<\/p>\n","protected":false},"author":4,"featured_media":0,"parent":0,"menu_order":0,"comment_status":"closed","ping_status":"closed","template":"","meta":{"_monsterinsights_skip_tracking":false,"_monsterinsights_sitenote_active":false,"_monsterinsights_sitenote_note":"","_monsterinsights_sitenote_category":0,"footnotes":""},"class_list":["post-1234","page","type-page","status-publish","hentry"],"_links":{"self":[{"href":"https:\/\/claec.org\/elacult\/wp-json\/wp\/v2\/pages\/1234","targetHints":{"allow":["GET"]}}],"collection":[{"href":"https:\/\/claec.org\/elacult\/wp-json\/wp\/v2\/pages"}],"about":[{"href":"https:\/\/claec.org\/elacult\/wp-json\/wp\/v2\/types\/page"}],"author":[{"embeddable":true,"href":"https:\/\/claec.org\/elacult\/wp-json\/wp\/v2\/users\/4"}],"replies":[{"embeddable":true,"href":"https:\/\/claec.org\/elacult\/wp-json\/wp\/v2\/comments?post=1234"}],"version-history":[{"count":5,"href":"https:\/\/claec.org\/elacult\/wp-json\/wp\/v2\/pages\/1234\/revisions"}],"predecessor-version":[{"id":1376,"href":"https:\/\/claec.org\/elacult\/wp-json\/wp\/v2\/pages\/1234\/revisions\/1376"}],"wp:attachment":[{"href":"https:\/\/claec.org\/elacult\/wp-json\/wp\/v2\/media?parent=1234"}],"curies":[{"name":"wp","href":"https:\/\/api.w.org\/{rel}","templated":true}]}}