{"id":1018,"date":"2020-05-20T20:30:48","date_gmt":"2020-05-20T23:30:48","guid":{"rendered":"http:\/\/claec.org\/elacult\/?page_id=1018"},"modified":"2020-09-10T14:57:46","modified_gmt":"2020-09-10T17:57:46","slug":"2020-12","status":"publish","type":"page","link":"https:\/\/claec.org\/elacult\/2020-12\/","title":{"rendered":"O novo romance hist\u00f3rico brasileiro &#8211; Ferramentas de pesquisa na academia"},"content":{"rendered":"<p>O Novo Romance Hist\u00f3rico Brasileiro obteve boa repercuss\u00e3o no ambiente cultural desde a d\u00e9cada de 1970, angariando novos leitores, estimulando escritores e editoras a apostarem nesse novo mercado editorial. Escritores, p\u00fablico leitor, editoras e estat\u00edsticas apostaram fielmente nesse novo seguimento que, estruturalmente, formularam expectativas positivas a esse respeito. O problema \u00e9 que a escassez de estudos comporta algo j\u00e1 identificado pelo pesquisador Antonio Esteves sobre a dificuldade de balizar esse seguimento t\u00e3o importante. Na verdade, o ressurgimento do Novo Romance Hist\u00f3rico no Brasil aclimata uma s\u00e9rie de fatores que agitam o cen\u00e1rio cultural brasileiro nas d\u00e9cadas posteriores aos lan\u00e7amentos dos livros de Marcio Souza Galvez, Imperador do Acre (1976), Mad Maria (1980), Lealdade (1997), entre outros t\u00edtulos os quais enumeram a tape\u00e7aria romanesca -, conforme constata o cr\u00edtico Antonio Roberto Esteves.<\/p>\n<p>O presente curso que ser\u00e1 ministrado no formato de extens\u00e3o objetiva delinear algumas considera\u00e7\u00f5es sobre a evolu\u00e7\u00e3o&lt;br&gt; do romance hist\u00f3rico brasileiro na rec\u00e9m-atualidade, conjecturando desdobramentos que possam ser iluminados por outros pesquisadores interessados. Ao longo dessa proposta traremos para o palco dessas discuss\u00f5es alguns pesquisadores, cada qual ao seu modo, que nos \u00faltimos tempos discutiram essa quest\u00e3o, a saber: ESTEVES (2010), WEINHARDT (1994), TROUCHE (2005), HUTCHEON (1989), OLIVEIRA (2016), entre outros para compreens\u00e3o do tema. Objetivamos atrav\u00e9s dessa interven\u00e7\u00e3o, identificar os motivos e raz\u00f5es da amplia\u00e7\u00e3o da inser\u00e7\u00e3o de romances hist\u00f3ricos nas \u00faltimas d\u00e9cadas, disseminando novas investiga\u00e7\u00f5es acad\u00eamicas acerca do subg\u00eanero.<\/p>\n<p><strong>Objetivo:<\/strong><\/p>\n<p>Capacitar o corpo de alunos a conhecer panoramicamente o contexto dos principais romances hist\u00f3ricos da Literatura Brasileira. Instigar o interesse pela dualidade liter\u00e1ria e hist\u00f3rica no campo das pesquisas interdisciplinares. Compreender as principais articula\u00e7\u00f5es da obra dos autores com outras obras da historiografia liter\u00e1ria. Dialogar a obra de alguns escritores com o pano de fundo hist\u00f3rico, sociol\u00f3gico, art\u00edstico brasileiro e europeu, tomando a tem\u00e1tica mais instigante e atraente aos alunos. Relatar a experi\u00eancia de leitura de romances hist\u00f3ricos produzidos no Brasil e no mundo. Examinar o conte\u00fado desses novos romances hist\u00f3ricos, visando poss\u00edveis desdobramentos de pesquisas e investiga\u00e7\u00f5es na academia.<\/p>\n<p><strong>Destinat\u00e1rios:<\/strong><\/p>\n<p>Professores da rede de ensino particular e p\u00fablica das cidades do Brasil e Portugal &#8211; Letras, Filosofia, Sociologia, Artes, Hist\u00f3ria. Interessados em geral.<\/p>\n<p id=\"yui_3_17_2_1_1568648319178_206\"><b id=\"yui_3_17_2_1_1568648319178_207\">Docente:<\/b><\/p>\n<p id=\"yui_3_17_2_1_1568648319178_205\"><b id=\"yui_3_17_2_1_1568648319178_204\">Prof.\u00a0 Dr.\u00a0Cristiano Mello de Oliveira <a href=\"http:\/\/lattes.cnpq.br\/0995398868290862\" target=\"_blank\" rel=\"noreferrer noopener\" aria-label=\"[+] (abre em uma nova aba)\">[Curr\u00edculo Lattes]<\/a><\/b><\/p>\n<p id=\"yui_3_17_2_1_1568648319178_200\">Nascido no Rio de Janeiro. P\u00f3s-doutorando em Letras Vern\u00e1culas pela UFRJ. Doutor e mestre em Literatura pela UFSC. Especialista em Sociologia Politica UFPR. Especialista em Literatura Brasileira e Historia Nacional UTFPR. Possui gradua\u00e7\u00e3o em Letras Portugu\u00eas Ingl\u00eas e Pedagogia. Pertence ao grupo de pesquisa &#8220;Ressiguinifica\u00e7\u00f5es do passado na Am\u00e9rica: processos de leitura, escrita e tradu\u00e7\u00e3o de g\u00eaneros h\u00edbridos de hist\u00f3ria e fic\u00e7\u00e3o &#8211; vias para a descoloniza\u00e7\u00e3o&#8221;, liderado pelo prof. Dr. Gilmei Francisco Fleck (Unioeste-Cascavel-PR). Ministrou v\u00e1rias palestras sobre Literatura e Cultura Brasileira no Brasil e no exterior (Argentina, Portugal, Costa Rica, Col\u00f4mbia, Uruguai e Pol\u00f4nia). Publicou v\u00e1rios artigos em revistas acad\u00eamicas. Realizou est\u00e1gio PDSE-Capes na Universidade do Porto-Portugal, onde foi orientado pela prof. Dra. Zulmira Coelho. Atua nas seguintes tem\u00e1ticas de investiga\u00e7\u00e3o: Cr\u00f4nicas de viagens, M\u00e1rio de Andrade, Lima Barreto, Literatura e Hist\u00f3ria, Novo Romance Hist\u00f3rico Brasileiro, Romance Contempor\u00e2neo.<\/p>\n<p id=\"yui_3_17_2_1_1568648319178_203\"><b id=\"yui_3_17_2_1_1568648319178_202\">C\u00f3digo de \u00e1rea do conhecimento (CNPq):<\/b><\/p>\n<p>8.00.00.00-2 Lingu\u00edstica, Letras e Artes<br \/>\nLiteratura Brasileira e Hist\u00f3ria do Brasil<\/p>\n<p><strong>Ementa:<\/strong><\/p>\n<p>[Aula 1]<br \/>\n<strong>O que \u00e9 um romance hist\u00f3rico? Ruy Reis Tapioca \u2013 vida e obra. O nascimento do romance. Epopeia e romance. Romance Hist\u00f3rico Tradicional<\/strong><\/p>\n<p>Objetivo:<br \/>\nCapacitar o corpo de alunos a conhecer panoramicamente o contexto das teorias do Romance Hist\u00f3rico Tradicional e o Novo Romance Hist\u00f3rico.<\/p>\n<p>Bibliografia:<br \/>\nLUK\u00c1CS, G. O romance hist\u00f3rico. Rio de Janeiro: Boitempo, 2010.<\/p>\n<hr \/>\n<p>[Aula 2]<br \/>\n<strong>Romance Realista. Hist\u00f3ria e Literatura- G\u00eanero e subg\u00eanero<\/strong><\/p>\n<p>Objetivo:<br \/>\nCompreender os principais pressupostos da matriz do Romance Hist\u00f3rico Tradicional: o romance de natureza realista e naturalista do s\u00e9culo XIX no Brasil e no estrangeiro.<\/p>\n<p>Bibliografia:<br \/>\nOLIVEIRA, Cristiano Mello de. O Novo Romance Hist\u00f3rico em Travessias: uma leitura dos romances A Rep\u00fablica dos Bugres e Conspira\u00e7\u00e3o Barroca, de Ruy Reis Tapioca. Universidade Federal de Santa Catarina: Florian\u00f3polis. Tese de Doutorado, 2016.<\/p>\n<hr \/>\n<p>[Aula 3]<br \/>\n<strong>Par\u00f3dia e intertextualidade- Os marginalizados e os exclu\u00eddos da Hist\u00f3ria<\/strong><\/p>\n<p>Objetivo:<br \/>\nAssimilar as ferramentas intertextuais do Novo Romance Hist\u00f3rico, partindo para averiguar como alguns autores apelam para a utiliza\u00e7\u00e3o da par\u00f3dia. Atestar como s\u00e3o ofertados os tratamentos intertextual e par\u00f3dico em rela\u00e7\u00e3o \u00e0s quest\u00f5es est\u00e9ticas nos romances hist\u00f3ricos\u00a0A Rep\u00fablica dos Bugres e Conspira\u00e7\u00e3o Barroca, de Ruy Reis Tapioca.<\/p>\n<p>Bibliografia:<br \/>\nOLIVEIRA, Cristiano Mello. A intertextualidade e a par\u00f3dia no Novo Romance Hist\u00f3rico brasileiro \u2013 Uma leitura dos romances a Rep\u00fablica dos Bugres e Conspira\u00e7\u00e3o Barroca, de Ruy Reis Tapioca. Ponta Grossa-PR: Revista Uniletras: UEPG.<\/p>\n<hr \/>\n<p>[Aula 4]<br \/>\n<strong>O Romance Hist\u00f3rico na sala de aula \u2013 Ensino M\u00e9dio e Superior. Estrat\u00e9gias de pesquisas e investiga\u00e7\u00f5es sobre o Novo Romance Hist\u00f3rico<\/strong><\/p>\n<p>Objetivo:<br \/>\nAveriguar em que medida o professor de Hist\u00f3ria ou Letras pode utilizar a leitura de romances hist\u00f3ricos em sala de aula.<\/p>\n<p>Bibliografia:<br \/>\n______. Relat\u00f3rio do Projeto. Ciclo de Palestras: Os Mestres da Narrativa Hist\u00f3rica Brasileira. Florian\u00f3polis: BU-UFSC, Agosto\/Dezembro, 2014.<\/p>\n<hr \/>\n<p>[Aula 5]<br \/>\n<strong>Os principais romances hist\u00f3ricos\u00a0ao redor do mundo. A busca por conhecimentos hist\u00f3ricos<\/strong><\/p>\n<p>Objetivo:<br \/>\nExpor aos alunos interessados os\u00a0principais romances hist\u00f3ricos que se tiveram um forte n\u00famero de vendas nas d\u00e9cadas de 1980 e 1990.<\/p>\n<p>Bibliografia:<br \/>\nOLIVEIRA, Cristiano Mello de. O Novo\u00a0Romance Hist\u00f3rico em Travessias: uma leitura dos romances A Rep\u00fablica dos Bugres e Conspira\u00e7\u00e3o Barroca, de Ruy Reis Tapioca. Universidade Federal de Santa Catarina: Florian\u00f3polis. Tese de Doutorado, 2016.<\/p>\n<hr \/>\n<p>[Aula 6]<br \/>\n<strong>As motiva\u00e7\u00f5es do p\u00fablico leitor pelo Novo Romance Hist\u00f3rico- An\u00e1lise de romance hist\u00f3rico contempor\u00e2neo<\/strong><\/p>\n<p>Objetivo:<br \/>\nAveriguar o conceito intitulado \u201cMotiva\u00e7\u00e3o do p\u00fablico leitor por romances hist\u00f3ricos\u201d, do qual me ocupei em identificar as m\u00faltiplas raz\u00f5es de curiosidade por parte do leitorado brasileiro pelo consumo de romances hist\u00f3ricos na rec\u00e9m- atualidade.<\/p>\n<p>Bibliografia:<br \/>\nOLIVEIRA, Cristiano Mello. Artefatos de \u00e9poca e o novo romance hist\u00f3rico brasileiro \u2013 uma poss\u00edvel mudan\u00e7a cultural do p\u00fablico leitor. Confer\u00eancia proferida em Montevideo \u2013 Uruguai \u2013 Col\u00f3quio Internacional Novela Hist\u00f3rica, 2018.<\/p>\n<hr \/>\n<p>[Aula 7]<br \/>\n<strong>Epistemologia ef\u00eamera do Novo Romance Hist\u00f3rico, estimulando sempre o debate e o contradit\u00f3rio \u2013 na formula\u00e7\u00e3o e no desdobramento de novas perspectivas de aplica\u00e7\u00f5es te\u00f3ricas<\/strong><\/p>\n<p>Objetivo:<br \/>\nExpor os principais te\u00f3ricos acerca do Romance Hist\u00f3rico no Brasil e no exterior.<\/p>\n<p>Bibliografia:<br \/>\nESTEVES, Antonio Roberto. O romance hist\u00f3rico brasileiro contempor\u00e2neo (1975- 2000). Assis: UNESP, 2010.<\/p>\n<hr \/>\n<p>[Aula 8]<br \/>\n<strong>O Novo Romance Hist\u00f3rico \u2013\u00a0 perspectivas de pesquisas e investiga\u00e7\u00f5es na Universidade. Pressupostos do bom pesquisador \u2013 Dec\u00e1logo e receitu\u00e1rio. Como nasce uma pesquisa cient\u00edfica. Fases da pesquisa \u2013 etapas de produ\u00e7\u00e3o. Escolha do tema da pesquisa \u2013 assunto, \u00e1rea e sub\u00e1rea<\/strong><\/p>\n<p>Objetivo:<br \/>\nProporcionar aos estudantes de Letras e Hist\u00f3ria acesso \u00e0s recentes pesquisas realizadas acerca do Novo Romance Hist\u00f3rico Brasileiro.<\/p>\n<p>Bibliografia:<br \/>\nOLIVEIRA, Cristiano Mello: \u201cALGUMAS SUGEST\u00d5ES DE PESQUISAS PARA MONOGRAFIA\/ TCCS\u00a0 ARTIGOS\/DISSERTA\u00c7\u00d5ES E TESES SOBRE A OBRA FICCIONAL DE RUY REIS TAPIOCA\u201d; GUIA DE ATIVIDADES DID\u00c1TICAS PARA O ENSINO M\u00c9DIO\u201d.<\/p>\n<hr \/>\n<p><strong>Cronograma:<\/strong><\/p>\n<p><strong>Inscri\u00e7\u00f5es:<br \/>\n<\/strong>De 12\/05\/2020 (Ter\u00e7a-feira) a 02\/10\/2020 (Sexta-feira)<\/p>\n<p><strong>Curso:<\/strong><br \/>\nDe 05\/10\/2020 (Segunda-feira) a 06\/12\/2020 (Domingo)<\/p>\n<p><a class=\"btn btn-success\" href=\"https:\/\/api.whatsapp.com\/send?phone=5519989196763&amp;text=Ol\u00e1!%20Gostaria%20de%20obter%20mais%20informa\u00e7\u00f5es%20sobre%20o%20curso%20Cidade%20e%20interseccionalidades.\" target=\"_blank\" rel=\"noopener\">+ info via WhatsApp<\/a><\/p>\n<p><a class=\"btn btn-primary\" href=\"http:\/\/m.me\/claecult\" target=\"_blank\" rel=\"noopener\">+ info via Facebook Messenger<\/a><\/p>\n<p><a class=\"btn btn-info\" href=\"https:\/\/forms.gle\/8zDy3PvdH1tshHxn7\" target=\"_blank\" rel=\"noopener\">Reservar vaga<\/a><\/p>\n","protected":false},"excerpt":{"rendered":"<p>O Novo Romance Hist\u00f3rico Brasileiro obteve boa repercuss\u00e3o no ambiente cultural desde a d\u00e9cada de 1970, angariando novos leitores, estimulando escritores e editoras a apostarem nesse novo mercado editorial. Escritores, p\u00fablico leitor, editoras e estat\u00edsticas apostaram fielmente nesse novo seguimento que, estruturalmente, formularam expectativas positivas a esse respeito. O problema \u00e9 que a escassez de [&hellip;]<\/p>\n","protected":false},"author":4,"featured_media":0,"parent":0,"menu_order":0,"comment_status":"closed","ping_status":"closed","template":"","meta":{"_monsterinsights_skip_tracking":false,"_monsterinsights_sitenote_active":false,"_monsterinsights_sitenote_note":"","_monsterinsights_sitenote_category":0,"footnotes":""},"class_list":["post-1018","page","type-page","status-publish","hentry"],"_links":{"self":[{"href":"https:\/\/claec.org\/elacult\/wp-json\/wp\/v2\/pages\/1018","targetHints":{"allow":["GET"]}}],"collection":[{"href":"https:\/\/claec.org\/elacult\/wp-json\/wp\/v2\/pages"}],"about":[{"href":"https:\/\/claec.org\/elacult\/wp-json\/wp\/v2\/types\/page"}],"author":[{"embeddable":true,"href":"https:\/\/claec.org\/elacult\/wp-json\/wp\/v2\/users\/4"}],"replies":[{"embeddable":true,"href":"https:\/\/claec.org\/elacult\/wp-json\/wp\/v2\/comments?post=1018"}],"version-history":[{"count":3,"href":"https:\/\/claec.org\/elacult\/wp-json\/wp\/v2\/pages\/1018\/revisions"}],"predecessor-version":[{"id":1086,"href":"https:\/\/claec.org\/elacult\/wp-json\/wp\/v2\/pages\/1018\/revisions\/1086"}],"wp:attachment":[{"href":"https:\/\/claec.org\/elacult\/wp-json\/wp\/v2\/media?parent=1018"}],"curies":[{"name":"wp","href":"https:\/\/api.w.org\/{rel}","templated":true}]}}