{"id":1004,"date":"2020-05-14T23:14:45","date_gmt":"2020-05-15T02:14:45","guid":{"rendered":"http:\/\/claec.org\/elacult\/?page_id=1004"},"modified":"2020-09-10T14:59:04","modified_gmt":"2020-09-10T17:59:04","slug":"2020-18","status":"publish","type":"page","link":"https:\/\/claec.org\/elacult\/2020-18\/","title":{"rendered":"Brasil: pensamento social e literatura"},"content":{"rendered":"<p>&#8220;O que faz o brasil, Brasil?\u201d Quais as caracter\u00edsticas culturais que nos particularizam, que nos colocam em evid\u00eancia perante as outras sociedades? Como n\u00f3s representamos a realidade brasileira na produ\u00e7\u00e3o cultural, sobretudo na literatura? A proposta do curso \u00e9 compreender a partir do pensamento social brasileiro e de representa\u00e7\u00f5es culturais nacionais o que foi dito ou produzido a respeito do Brasil, enquanto unidade nacional e matriz cultural.<\/p>\n<p>De Gilberto Freyre a Roberto DaMatta, sem negligenciar romancistas como Jorge Amado e Machado de Assis, pretendemos a constru\u00e7\u00e3o de um painel abordando segundo prismas distintos o que \u00e9 genericamente apontado como \u201ccultura brasileira\u201d. Ser\u00e3o trabalhados ainda que brevemente, portanto, elementos como religiosidade; aspectos rituais; conflitos e desigualdades sociais; divis\u00e3o litoral e interior e holismo e individualismo conforme tradicionalmente se apresentam em contexto brasileiro.<\/p>\n<p><strong>Objetivo:<\/strong><\/p>\n<p>Abordar a cultura brasileira via diferentes perspectivas, levando em considera\u00e7\u00e3o a pluralidade de ideias e as diversidades \u00e9tnica e cultural; apresentar obras cl\u00e1ssicas por um vi\u00e9s cr\u00edtico, associando-as com produ\u00e7\u00e3o liter\u00e1ria; analisar criticamente \u201cos modelos de Brasil\u201d propostos pela teoria antropol\u00f3gica e pensamento social.<\/p>\n<p><strong>Destinat\u00e1rios:<\/strong><\/p>\n<p>Graduados em ci\u00eancias sociais, hist\u00f3ria, letras ou \u00e1reas afins; profissionais liberais interessados em an\u00e1lises e perspectivas culturalistas para o Brasil.<\/p>\n<p id=\"yui_3_17_2_1_1568648319178_206\"><b id=\"yui_3_17_2_1_1568648319178_207\">Docente:<\/b><\/p>\n<p id=\"yui_3_17_2_1_1568648319178_205\"><b id=\"yui_3_17_2_1_1568648319178_204\">Prof.\u00a0 Dr.\u00a0Marcos Nogueira Milner <a href=\"http:\/\/lattes.cnpq.br\/8473423143183221\" target=\"_blank\" rel=\"noreferrer noopener\" aria-label=\"[+] (abre em uma nova aba)\">[Curr\u00edculo Lattes]<\/a><\/b><\/p>\n<p id=\"yui_3_17_2_1_1568648319178_200\">Doutor (2019) e Mestre (2014) em Ci\u00eancias Sociais pela Pontif\u00edcia Universidade Cat\u00f3lica do Rio de Janeiro. Bacharel tamb\u00e9m em Ci\u00eancias Sociais, pela Universidade Federal Fluminense (2011). Tem interesse nas \u00e1reas de Teoria Sociol\u00f3gica Cl\u00e1ssica e Teoria Antropol\u00f3gica Cl\u00e1ssica, abordando principalmente Pensamento Social Brasileiro, Rituais e quest\u00f5es envolvendo a reciprocidade nas sociedades contempor\u00e2neas. Atualmente presta consultorias e executa pesquisas qualitativas para o setor privado, com \u00eanfase em Antropologia do Consumo.<\/p>\n<p id=\"yui_3_17_2_1_1568648319178_203\"><b id=\"yui_3_17_2_1_1568648319178_202\">C\u00f3digo de \u00e1rea do conhecimento (CNPq):<\/b><\/p>\n<p>7.00.00.00-0 Ci\u00eancias Humanas<br \/>\n7.03.01.00-0 Teoria Antropol\u00f3gica<\/p>\n<p><strong>Ementa:<\/strong><\/p>\n<p>[Aula 1]<br \/>\n<strong>O Brasil como objeto antropol\u00f3gico<\/strong><\/p>\n<p>Objetivo:<br \/>\nIntrodu\u00e7\u00e3o ao curso, apresenta\u00e7\u00e3o, problematiza\u00e7\u00e3o e roteiriza\u00e7\u00e3o dos temas que ser\u00e3o abordados nas aulas seguintes.<\/p>\n<p>Bibliografia:<br \/>\nDAMATTA, R. O que faz o brasil, Brasil? Rio de Janeiro: Rocco, 1986.<\/p>\n<hr \/>\n<p>[Aula 2]<br \/>\n<strong>Sert\u00f5es e Litorais<\/strong><\/p>\n<p>Objetivo:<br \/>\nEspecificidades culturais, diferen\u00e7as s\u00f3cio- econ\u00f4micas entre as regi\u00f5es do pa\u00eds. Introdu\u00e7\u00e3o ao pensamento social, an\u00e1lise cr\u00edtica de argumentos cl\u00e1ssicos.<\/p>\n<p>Bibliografia:<br \/>\nFREYRE, G. Sobrados e mucambos: decad\u00eancia do patriarcado rural e desenvolvimento do urbano. S\u00e3o Paulo: Global, 2006. Cap\u00edtulo a definir.<\/p>\n<hr \/>\n<p>[Aula 3]<br \/>\n<strong>Brasileiros: Quem s\u00e3o? Quem somos?<\/strong><\/p>\n<p>Objetivo:<br \/>\n\u00c9 poss\u00edvel \u201ctipificar\u201d o brasileiro? Examinar os modelos propostos no pensamento social.<\/p>\n<p>Bibliografia:<br \/>\nHOLANDA, S. B. Ra\u00edzes do Brasil. V\u00e1rias Edi\u00e7\u00f5es. Cap\u00edtulo 5.<\/p>\n<hr \/>\n<p>[Aula 4]<br \/>\n<strong>Jeitinhos e malandragens<\/strong><\/p>\n<p>Objetivo:<br \/>\nO que \u00e9 o \u201cjeitinho brasileiro\u201d? Como ele se manifesta no mundo social? Como n\u00f3s o representamos na literatura?<\/p>\n<p>Bibliografia:<br \/>\nDAMATTA, R. Carnavais, Malandros e Her\u00f3is: para uma sociologia do dilema brasileiro. Rio de Janeiro: Rocco, 1995. Cap\u00edtulo 4.<\/p>\n<hr \/>\n<p>[Aula 5]<br \/>\n<strong>Deus \u00e9 brasileiro?<\/strong><\/p>\n<p>Objetivo:<br \/>\nReligiosidade e sincretismo; representa\u00e7\u00f5es de sagrado e profano na cultura brasileira.<\/p>\n<p>Bibliografia:<br \/>\nAMADO, J. O compadre de Ogum. In. Pastores da Noite. V\u00e1rias edi\u00e7\u00f5es.<\/p>\n<hr \/>\n<p>[Aula 6]<br \/>\n<strong>Os morros, as favelas<\/strong><\/p>\n<p>Objetivo:<br \/>\nDesigualdades urbanas, representa\u00e7\u00f5es culturais da mis\u00e9ria, pobreza protot\u00edpica.<\/p>\n<p>Bibliografia:<br \/>\nJESUS, C. de. Quarto de despejo. V\u00e1rias edi\u00e7\u00f5es.<\/p>\n<hr \/>\n<p>[Aula 7]<br \/>\n<strong>Tanto preto quanto branco<\/strong><\/p>\n<p>Objetivo:<br \/>\nQuest\u00f5es \u00e9tnicas, miscigena\u00e7\u00e3o, particularidades culturais a respeito do racismo.<\/p>\n<p>Bibliografia:<br \/>\nNOGUEIRA, O. Tanto preto quanto branco: estudos de rela\u00e7\u00f5es sociais. S\u00e3o Paulo: T. A. Queiroz, 197?.<\/p>\n<hr \/>\n<p>[Aula 8]<br \/>\n<strong>Quando a rua vira casa e a casa vira rua<\/strong><\/p>\n<p>Objetivo:<br \/>\nConjuga\u00e7\u00e3o do p\u00fablico com o privado no espa\u00e7o brasileiro em perspectiva antropol\u00f3gica. Rela\u00e7\u00e3o entre indiv\u00edduo e pessoa.<\/p>\n<p>Bibliografia:<br \/>\nDAMATTA, R. A casa e a rua. Rio de Janeiro: Rocco, 1997.<\/p>\n<hr \/>\n<p><strong>Cronograma:<\/strong><\/p>\n<p><strong>Inscri\u00e7\u00f5es:<br \/>\n<\/strong>De 12\/05\/2020 (Ter\u00e7a-feira) a 02\/10\/2020 (Sexta-feira)<\/p>\n<p><strong>Curso:<\/strong><br \/>\nDe 05\/10\/2020 (Segunda-feira) a 06\/12\/2020 (Domingo)<\/p>\n<p><a class=\"btn btn-success\" href=\"https:\/\/api.whatsapp.com\/send?phone=5519989196763&amp;text=Ol\u00e1!%20Gostaria%20de%20obter%20mais%20informa\u00e7\u00f5es%20sobre%20o%20curso%20Cidade%20e%20interseccionalidades.\" target=\"_blank\" rel=\"noopener\">+ info via WhatsApp<\/a><\/p>\n<p><a class=\"btn btn-primary\" href=\"http:\/\/m.me\/claecult\" target=\"_blank\" rel=\"noopener\">+ info via Facebook Messenger<\/a><\/p>\n<p><a class=\"btn btn-info\" href=\"https:\/\/forms.gle\/8zDy3PvdH1tshHxn7\" target=\"_blank\" rel=\"noopener\">Reservar vaga<\/a><\/p>\n","protected":false},"excerpt":{"rendered":"<p>&#8220;O que faz o brasil, Brasil?\u201d Quais as caracter\u00edsticas culturais que nos particularizam, que nos colocam em evid\u00eancia perante as outras sociedades? Como n\u00f3s representamos a realidade brasileira na produ\u00e7\u00e3o cultural, sobretudo na literatura? A proposta do curso \u00e9 compreender a partir do pensamento social brasileiro e de representa\u00e7\u00f5es culturais nacionais o que foi dito [&hellip;]<\/p>\n","protected":false},"author":4,"featured_media":0,"parent":0,"menu_order":0,"comment_status":"closed","ping_status":"closed","template":"","meta":{"_monsterinsights_skip_tracking":false,"_monsterinsights_sitenote_active":false,"_monsterinsights_sitenote_note":"","_monsterinsights_sitenote_category":0,"footnotes":""},"class_list":["post-1004","page","type-page","status-publish","hentry"],"_links":{"self":[{"href":"https:\/\/claec.org\/elacult\/wp-json\/wp\/v2\/pages\/1004","targetHints":{"allow":["GET"]}}],"collection":[{"href":"https:\/\/claec.org\/elacult\/wp-json\/wp\/v2\/pages"}],"about":[{"href":"https:\/\/claec.org\/elacult\/wp-json\/wp\/v2\/types\/page"}],"author":[{"embeddable":true,"href":"https:\/\/claec.org\/elacult\/wp-json\/wp\/v2\/users\/4"}],"replies":[{"embeddable":true,"href":"https:\/\/claec.org\/elacult\/wp-json\/wp\/v2\/comments?post=1004"}],"version-history":[{"count":3,"href":"https:\/\/claec.org\/elacult\/wp-json\/wp\/v2\/pages\/1004\/revisions"}],"predecessor-version":[{"id":1087,"href":"https:\/\/claec.org\/elacult\/wp-json\/wp\/v2\/pages\/1004\/revisions\/1087"}],"wp:attachment":[{"href":"https:\/\/claec.org\/elacult\/wp-json\/wp\/v2\/media?parent=1004"}],"curies":[{"name":"wp","href":"https:\/\/api.w.org\/{rel}","templated":true}]}}