{"id":843,"date":"2018-07-27T03:50:02","date_gmt":"2018-07-27T06:50:02","guid":{"rendered":"http:\/\/claec.org\/ehm\/?page_id=843"},"modified":"2018-08-07T23:34:02","modified_gmt":"2018-08-08T02:34:02","slug":"ouvintes","status":"publish","type":"page","link":"https:\/\/claec.org\/ehm\/ouvintes\/","title":{"rendered":"Ouvintes"},"content":{"rendered":"<p class=\"font_8\"><span style=\"color: #000000;\">As inscri\u00e7\u00f5es para ouvintes ser\u00e3o realizadas atrav\u00e9s do formul\u00e1rio online<strong><span style=\"color: #ff0000;\">\u00a0 disponibilizado abaixo,<\/span><\/strong>\u00a0e caso ainda haja vagas poder\u00e3o ser feitas no local, durante o mesmo.<\/span><\/p>\n<p><span style=\"color: #000000;\">Valores:<\/span><\/p>\n<p class=\"font_8\"><span style=\"color: #000000;\">Participantes de Mini-curso: R$ 10,00 (Participa\u00e7\u00e3o em UM minicurso j\u00e1 incluso na inscri\u00e7\u00e3o de COMUNICADOR)<\/span><br \/>\n<span style=\"color: #000000;\">Ouvintes Geral: R$ 10,00 (a serem pagos no ato do credenciamento)<\/span><\/p>\n<p class=\"font_8\"><span style=\"color: #000000;\">PAGAMENTO DA TAXA: <strong><span style=\"color: #ff0000;\">NO ATO DO CREDENCIAMENTO<\/span><\/strong><\/span><br \/>\n<span style=\"color: #000000;\">&#8212;&#8212;&#8212;&#8212;&#8212;&#8212;Ser\u00e3o fornecidos certificados aos OUVINTES que estiverem presentes em 60% do encontro&#8212;&#8212;&#8212;&#8212;&#8212;&#8212;<\/span><\/p>\n<p class=\"font_8\"><span style=\"color: #000000;\">\u00a0Se est\u00e1 est\u00e1 de acordo com as regras estipuladas para evento e deseja se inscrever acesse o link abaixo:<\/span><\/p>\n<h2 class=\"font_8\"><em><span style=\"text-decoration: underline;\"><a href=\"https:\/\/docs.google.com\/forms\/d\/1g6tkmInOsUF10p0RZC_XEjN1Hh8gSG4ofmvHJKd5HvU\/viewform?ts=5b6a4302&amp;edit_requested=true\"><strong><span style=\"color: #ff0000; text-decoration: underline;\">INSCRI\u00c7\u00c3O DE OUVINTES- CLIQUE AQUI<\/span><\/strong><\/a><\/span><\/em><\/h2>\n","protected":false},"excerpt":{"rendered":"<p>As inscri\u00e7\u00f5es para ouvintes ser\u00e3o realizadas atrav\u00e9s do formul\u00e1rio online\u00a0 disponibilizado abaixo,\u00a0e caso ainda haja vagas poder\u00e3o ser feitas no local, durante o mesmo. Valores: Participantes de Mini-curso: R$ 10,00 (Participa\u00e7\u00e3o em UM minicurso j\u00e1 incluso na inscri\u00e7\u00e3o de COMUNICADOR) Ouvintes Geral: R$ 10,00 (a serem pagos no ato do credenciamento) PAGAMENTO DA TAXA: NO [&hellip;]<\/p>\n","protected":false},"author":1,"featured_media":0,"parent":0,"menu_order":0,"comment_status":"closed","ping_status":"closed","template":"","meta":{"_monsterinsights_skip_tracking":false,"_monsterinsights_sitenote_active":false,"_monsterinsights_sitenote_note":"","_monsterinsights_sitenote_category":0,"footnotes":""},"class_list":["post-843","page","type-page","status-publish","hentry"],"_links":{"self":[{"href":"https:\/\/claec.org\/ehm\/wp-json\/wp\/v2\/pages\/843","targetHints":{"allow":["GET"]}}],"collection":[{"href":"https:\/\/claec.org\/ehm\/wp-json\/wp\/v2\/pages"}],"about":[{"href":"https:\/\/claec.org\/ehm\/wp-json\/wp\/v2\/types\/page"}],"author":[{"embeddable":true,"href":"https:\/\/claec.org\/ehm\/wp-json\/wp\/v2\/users\/1"}],"replies":[{"embeddable":true,"href":"https:\/\/claec.org\/ehm\/wp-json\/wp\/v2\/comments?post=843"}],"version-history":[{"count":5,"href":"https:\/\/claec.org\/ehm\/wp-json\/wp\/v2\/pages\/843\/revisions"}],"predecessor-version":[{"id":1086,"href":"https:\/\/claec.org\/ehm\/wp-json\/wp\/v2\/pages\/843\/revisions\/1086"}],"wp:attachment":[{"href":"https:\/\/claec.org\/ehm\/wp-json\/wp\/v2\/media?parent=843"}],"curies":[{"name":"wp","href":"https:\/\/api.w.org\/{rel}","templated":true}]}}