{"id":3571,"date":"2024-12-31T15:57:35","date_gmt":"2024-12-31T18:57:35","guid":{"rendered":"https:\/\/claec.org\/ehm\/?page_id=3571"},"modified":"2024-12-31T15:57:37","modified_gmt":"2024-12-31T18:57:37","slug":"destaques-3","status":"publish","type":"page","link":"https:\/\/claec.org\/ehm\/destaques-3\/","title":{"rendered":"DESTAQUES"},"content":{"rendered":"\t\t<div data-elementor-type=\"wp-page\" data-elementor-id=\"3571\" class=\"elementor elementor-3571\" data-elementor-post-type=\"page\">\n\t\t\t\t\t\t<section class=\"elementor-section elementor-top-section elementor-element elementor-element-1635cc6 elementor-section-boxed elementor-section-height-default elementor-section-height-default\" data-id=\"1635cc6\" data-element_type=\"section\" data-e-type=\"section\">\n\t\t\t\t\t\t<div class=\"elementor-container elementor-column-gap-default\">\n\t\t\t\t\t<div class=\"elementor-column elementor-col-100 elementor-top-column elementor-element elementor-element-7c82d4a\" data-id=\"7c82d4a\" data-element_type=\"column\" data-e-type=\"column\">\n\t\t\t<div class=\"elementor-widget-wrap elementor-element-populated\">\n\t\t\t\t\t\t<div class=\"elementor-element elementor-element-97cbfc7 elementor-widget elementor-widget-heading\" data-id=\"97cbfc7\" data-element_type=\"widget\" data-e-type=\"widget\" data-widget_type=\"heading.default\">\n\t\t\t\t<div class=\"elementor-widget-container\">\n\t\t\t\t\t<h2 class=\"elementor-heading-title elementor-size-default\"><p class=\"MsoNormal\" align=\"center\" style=\"text-align:center\"><b><span style=\",serif\">Artigos indicados como destaques no\nX EHM\/IX CLAEHM<\/span><\/b><\/p><\/h2>\t\t\t\t<\/div>\n\t\t\t\t<\/div>\n\t\t\t\t\t<\/div>\n\t\t<\/div>\n\t\t\t\t\t<\/div>\n\t\t<\/section>\n\t\t\t\t<section class=\"elementor-section elementor-top-section elementor-element elementor-element-61f7ad7 elementor-section-boxed elementor-section-height-default elementor-section-height-default\" data-id=\"61f7ad7\" data-element_type=\"section\" data-e-type=\"section\">\n\t\t\t\t\t\t<div class=\"elementor-container elementor-column-gap-default\">\n\t\t\t\t\t<div class=\"elementor-column elementor-col-100 elementor-top-column elementor-element elementor-element-2a309de\" data-id=\"2a309de\" data-element_type=\"column\" data-e-type=\"column\">\n\t\t\t<div class=\"elementor-widget-wrap elementor-element-populated\">\n\t\t\t\t\t\t<div class=\"elementor-element elementor-element-38616b1 elementor-widget elementor-widget-text-editor\" data-id=\"38616b1\" data-element_type=\"widget\" data-e-type=\"widget\" data-widget_type=\"text-editor.default\">\n\t\t\t\t<div class=\"elementor-widget-container\">\n\t\t\t\t\t\t\t\t\t<p><strong>Os direitos humanos na forma\u00e7\u00e3o de professores para EPT<\/strong> &#8211; <em>Ingrid Sim\u00f5es Gross e Adriana Duarte Leon<\/em><\/p><p><strong>Teoria do Capital Humano como possibilidade de desconstru\u00e7\u00e3o do humano, da natureza e do animal<\/strong> &#8211; <em>Luiz Roberto dos Santos Corr\u00eaa Neto<\/em><\/p><p><strong>Lideran\u00e7as femininas na Hist\u00f3ria do Brasil: mem\u00f3rias, cultura material e as representa\u00e7\u00f5es em museus hist\u00f3ricos<\/strong> &#8211; <em>Jaqueline Ap. Martins Zarbato<\/em><\/p><p><strong>Linhas de Fuga: Classe Social como Fator na Resist\u00eancia L\u00e9sbica<\/strong> &#8211; <em>Camila Rocha Pupulin, Vanessa Cristina Pech dos Santos e Adriana Kivanski de Senna<\/em><\/p><p><strong>Guia Para Iniciantes: Pedagogias culturais e o amor no Adote um Cara<\/strong> &#8211; <em>Nicoli Peroza Ramos<\/em><\/p><p><strong>Itaipu: Tratado 50 anos<\/strong> &#8211; <em>Maria de F\u00e1tima Bento Ribeiro<\/em><\/p><p><strong>O Papel da Ancestralidade na Constru\u00e7\u00e3o Identit\u00e1ria de Jovens Brasileiros Descendentes de S\u00edrio-Libaneses<\/strong> &#8211; <em>Ol\u00edvia Pillar Perez Miziara<\/em><\/p><p><strong>A representa\u00e7\u00e3o da mulher nas m\u00fasicas de Chico Buarque de Holanda<\/strong> &#8211; <em>Simone de Souza Silva Rocha<\/em><\/p><p><strong>Leitura E Troca De Cartas Pessoais: Uma Proposta Inspirada Nas Cartas Pedag\u00f3gicas De Paulo Freire<\/strong> &#8211; <em>Fabia Vaniz de Oliveira Haas<\/em><\/p><p><strong>Geografia Urbana e o Espa\u00e7o Narrado: O Ensino de Geografia a partir da Realidade Multicultural dos Alunos do IFRS &#8211; C\u00e2mpus Rio Grande\/RS<\/strong> &#8211; <em>Rozele Borges Nunes, Gabriel da Rosa Gon\u00e7alves, Vin\u00edcius Barcellos Vieira Silveira e Vall\u00e9ria Fagundes Siqueira<\/em><\/p><p><strong>Pedagogia Ontopsicol\u00f3gica: personalidade do educador e aprendizagem do educando<\/strong> &#8211; <em>Estela Maris Giordani<\/em><\/p><p><strong>Das mem\u00f3rias da Escola de Viticultura e Enologia de Bento Gon\u00e7alves\/RS: di\u00e1logos a partir de peri\u00f3dicos (1940-1959)<\/strong> &#8211; <em>Caroline Cataneo<\/em><\/p><p><strong>A ambientaliza\u00e7\u00e3o do conflito social na Regi\u00e3o Carbon\u00edfera do Baixo Jacu\u00ed\/RS entre trabalho, ci\u00eancia e direito (1940 &#8211; Tempo presente)<\/strong> &#8211; <em>Andre Becker<\/em><\/p><p><strong>Pr\u00e1ticas Pedag\u00f3gicas no Ensino-Aprendizagem de L\u00edngua Inglesa sob a Perspectiva da Pedagogia do Afeto no P\u00f3s-Pandemia<\/strong> &#8211; <em>Sabrina Hax Duro Rosa<\/em><\/p><p><strong>Di\u00e1logos de Diversidade: Desafios e Acolhimento LGBTQIA+ em uma Escola P\u00fablica do Sul do Brasil<\/strong> &#8211; <em>Luc\u00eda Silveira Alda, Vilmar do Nascimento Rocha e Vin\u00edcius Barcellos Vieira Silveira<\/em><\/p><p><strong>Subjetividades docentes em tempos de caos: cria\u00e7\u00f5es<\/strong> &#8211; <em>Josimara Wikboldt Schwantz, Ana Paula Menna Alves e Carla Beduhn Weber<\/em><\/p><p><strong>(Re)pensar sobre os processos formativos nas Feiras das Ci\u00eancias na perspectiva do paradigma complexo<\/strong> &#8211; <em>Grasiele Ruiz Silva, Joana de Moura Pasinatto, Tauana Pacheco Mesquita, Rafaele Rodrigues de Araujo<\/em><\/p><p><strong>Educa\u00e7\u00e3o e os novos paradigmas para um mundo em transforma\u00e7\u00e3o: compartilhar e (re)pensar a pr\u00e1tica educativa e os desafios institucionais<\/strong> &#8211; <em>Naiara Souza da Silva, Mariana Jantsch de Souza, Fabr\u00edcio Luiz Haas<\/em><\/p><p><strong>Mulheres, trabalho e educa\u00e7\u00e3o: escutas e viv\u00eancias de estudantes da EJA-EPT do IFSul, c\u00e2mpus Ven\u00e2ncio Aires<\/strong> &#8211; <em>Fabr\u00edcio Luis Haas, Mariana Jantsch de Souza<\/em><\/p><p><strong>A pr\u00e1tica na forma\u00e7\u00e3o inicial: um relato de experi\u00eancia a partir das aulas de Pr\u00e1ticas de Linguagem no Curso de Letras<\/strong> &#8211; <em>Yasmim Fagundes Centeno, Naiara Souza da Silva<\/em><\/p><p><strong>Museus de Ci\u00eancias e Forma\u00e7\u00e3o de Cole\u00e7\u00f5es Cient\u00edficas: de Alexandria ao S\u00e9culo XIX<\/strong> &#8211; <em>Anna Claudia Amaral Juliace, Fl\u00e1via Braga Ara\u00fajo da Silva, Camila Silveira da Silva<\/em><\/p><p><strong>Protagonismo feminino em Jaguar\u00e3o: a interse\u00e7\u00e3o entre mulheres, artesanato e turismo na Casa da Economia Solid\u00e1ria-Jaguar\u00e3o\/RS<\/strong> &#8211; <em>K\u00eanya Jessyca Martins de Paiva, Alessandra Buriol Farinha<\/em><\/p><p><strong>O aquilombamento da produ\u00e7\u00e3o cient\u00edfica em turismo a partir da descoloniza\u00e7\u00e3o do conhecimento: um estudo bibliogr\u00e1fico sobre afroturismo<\/strong> &#8211; <em>Alice Leoti, Lucimari Acosta Pereira, Rariel dos Santos Cruz<\/em><\/p><p><strong>Os arquivos e a mem\u00f3ria negra na cidade de Rio Grande<\/strong> &#8211; <em>Carla Maria de Oliveira Lopes, Vanda Leci Bueno Gaut\u00e9rio<\/em><\/p><p>\u00a0<\/p>\t\t\t\t\t\t\t\t<\/div>\n\t\t\t\t<\/div>\n\t\t\t\t\t<\/div>\n\t\t<\/div>\n\t\t\t\t\t<\/div>\n\t\t<\/section>\n\t\t\t\t<\/div>\n\t\t","protected":false},"excerpt":{"rendered":"<p>Artigos indicados como destaques no X EHM\/IX CLAEHM Os direitos humanos na forma\u00e7\u00e3o de professores para EPT &#8211; Ingrid Sim\u00f5es Gross e Adriana Duarte Leon Teoria do Capital Humano como possibilidade de desconstru\u00e7\u00e3o do humano, da natureza e do animal &#8211; Luiz Roberto dos Santos Corr\u00eaa Neto Lideran\u00e7as femininas na Hist\u00f3ria do Brasil: mem\u00f3rias, cultura [&hellip;]<\/p>\n","protected":false},"author":1,"featured_media":0,"parent":0,"menu_order":0,"comment_status":"closed","ping_status":"closed","template":"","meta":{"_monsterinsights_skip_tracking":false,"_monsterinsights_sitenote_active":false,"_monsterinsights_sitenote_note":"","_monsterinsights_sitenote_category":0,"footnotes":""},"class_list":["post-3571","page","type-page","status-publish","hentry"],"_links":{"self":[{"href":"https:\/\/claec.org\/ehm\/wp-json\/wp\/v2\/pages\/3571","targetHints":{"allow":["GET"]}}],"collection":[{"href":"https:\/\/claec.org\/ehm\/wp-json\/wp\/v2\/pages"}],"about":[{"href":"https:\/\/claec.org\/ehm\/wp-json\/wp\/v2\/types\/page"}],"author":[{"embeddable":true,"href":"https:\/\/claec.org\/ehm\/wp-json\/wp\/v2\/users\/1"}],"replies":[{"embeddable":true,"href":"https:\/\/claec.org\/ehm\/wp-json\/wp\/v2\/comments?post=3571"}],"version-history":[{"count":3,"href":"https:\/\/claec.org\/ehm\/wp-json\/wp\/v2\/pages\/3571\/revisions"}],"predecessor-version":[{"id":3575,"href":"https:\/\/claec.org\/ehm\/wp-json\/wp\/v2\/pages\/3571\/revisions\/3575"}],"wp:attachment":[{"href":"https:\/\/claec.org\/ehm\/wp-json\/wp\/v2\/media?parent=3571"}],"curies":[{"name":"wp","href":"https:\/\/api.w.org\/{rel}","templated":true}]}}