{"id":2882,"date":"2024-06-11T22:46:31","date_gmt":"2024-06-12T01:46:31","guid":{"rendered":"https:\/\/claec.org\/ehm\/?page_id=2882"},"modified":"2025-12-22T11:53:06","modified_gmt":"2025-12-22T14:53:06","slug":"publicacoes","status":"publish","type":"page","link":"https:\/\/claec.org\/ehm\/submissoes\/publicacoes\/","title":{"rendered":"Publica\u00e7\u00f5es"},"content":{"rendered":"\t\t<div data-elementor-type=\"wp-page\" data-elementor-id=\"2882\" class=\"elementor elementor-2882\" data-elementor-post-type=\"page\">\n\t\t\t\t\t\t<section class=\"elementor-section elementor-top-section elementor-element elementor-element-ccb97bd elementor-section-boxed elementor-section-height-default elementor-section-height-default\" data-id=\"ccb97bd\" data-element_type=\"section\" data-e-type=\"section\" data-settings=\"{&quot;background_background&quot;:&quot;classic&quot;}\">\n\t\t\t\t\t\t\t<div class=\"elementor-background-overlay\"><\/div>\n\t\t\t\t\t\t\t<div class=\"elementor-container elementor-column-gap-default\">\n\t\t\t\t\t<div class=\"elementor-column elementor-col-100 elementor-top-column elementor-element elementor-element-a7e9842\" data-id=\"a7e9842\" data-element_type=\"column\" data-e-type=\"column\" data-settings=\"{&quot;background_background&quot;:&quot;classic&quot;}\">\n\t\t\t<div class=\"elementor-widget-wrap elementor-element-populated\">\n\t\t\t\t\t\t<div class=\"elementor-element elementor-element-15c2c4f elementor-widget elementor-widget-spacer\" data-id=\"15c2c4f\" data-element_type=\"widget\" data-e-type=\"widget\" data-widget_type=\"spacer.default\">\n\t\t\t\t<div class=\"elementor-widget-container\">\n\t\t\t\t\t\t\t<div class=\"elementor-spacer\">\n\t\t\t<div class=\"elementor-spacer-inner\"><\/div>\n\t\t<\/div>\n\t\t\t\t\t\t<\/div>\n\t\t\t\t<\/div>\n\t\t\t\t<div class=\"elementor-element elementor-element-598025d elementor-widget elementor-widget-heading\" data-id=\"598025d\" data-element_type=\"widget\" data-e-type=\"widget\" data-widget_type=\"heading.default\">\n\t\t\t\t<div class=\"elementor-widget-container\">\n\t\t\t\t\t<h2 class=\"elementor-heading-title elementor-size-default\">Publica\u00e7\u00f5es<\/h2>\t\t\t\t<\/div>\n\t\t\t\t<\/div>\n\t\t\t\t<div class=\"elementor-element elementor-element-7954f66 elementor-widget elementor-widget-spacer\" data-id=\"7954f66\" data-element_type=\"widget\" data-e-type=\"widget\" data-widget_type=\"spacer.default\">\n\t\t\t\t<div class=\"elementor-widget-container\">\n\t\t\t\t\t\t\t<div class=\"elementor-spacer\">\n\t\t\t<div class=\"elementor-spacer-inner\"><\/div>\n\t\t<\/div>\n\t\t\t\t\t\t<\/div>\n\t\t\t\t<\/div>\n\t\t\t\t\t<\/div>\n\t\t<\/div>\n\t\t\t\t\t<\/div>\n\t\t<\/section>\n\t\t\t\t<section class=\"elementor-section elementor-top-section elementor-element elementor-element-bc15741 elementor-section-boxed elementor-section-height-default elementor-section-height-default\" data-id=\"bc15741\" data-element_type=\"section\" data-e-type=\"section\">\n\t\t\t\t\t\t<div class=\"elementor-container elementor-column-gap-default\">\n\t\t\t\t\t<div class=\"elementor-column elementor-col-100 elementor-top-column elementor-element elementor-element-f309bfd\" data-id=\"f309bfd\" data-element_type=\"column\" data-e-type=\"column\">\n\t\t\t<div class=\"elementor-widget-wrap elementor-element-populated\">\n\t\t\t\t\t\t<div class=\"elementor-element elementor-element-87b7b19 elementor-widget elementor-widget-spacer\" data-id=\"87b7b19\" data-element_type=\"widget\" data-e-type=\"widget\" data-widget_type=\"spacer.default\">\n\t\t\t\t<div class=\"elementor-widget-container\">\n\t\t\t\t\t\t\t<div class=\"elementor-spacer\">\n\t\t\t<div class=\"elementor-spacer-inner\"><\/div>\n\t\t<\/div>\n\t\t\t\t\t\t<\/div>\n\t\t\t\t<\/div>\n\t\t\t\t<div class=\"elementor-element elementor-element-53e8bc1 elementor-widget elementor-widget-text-editor\" data-id=\"53e8bc1\" data-element_type=\"widget\" data-e-type=\"widget\" data-widget_type=\"text-editor.default\">\n\t\t\t\t<div class=\"elementor-widget-container\">\n\t\t\t\t\t\t\t\t\t<ul>\n<li>\n<h4><strong>De 20\/12 at\u00e9 20\/01\/2026 \u2013 Prazo para envio dos artigos completos para submiss\u00e3o na RELACult (seguir layout dispon\u00edvel).<\/strong><\/h4>\n<\/li>\n<li>\n<h4><strong>De 20\/12 at\u00e9 10\/01\/2026 \u2013 Prazo para reenvio dos resumos expandidos e relatos de experi\u00eancias para publica\u00e7\u00e3o nos anais.<\/strong><\/h4>\n<\/li>\n<\/ul>\t\t\t\t\t\t\t\t<\/div>\n\t\t\t\t<\/div>\n\t\t\t\t<div class=\"elementor-element elementor-element-c2d7b2f elementor-widget-divider--view-line elementor-widget elementor-widget-divider\" data-id=\"c2d7b2f\" data-element_type=\"widget\" data-e-type=\"widget\" data-widget_type=\"divider.default\">\n\t\t\t\t<div class=\"elementor-widget-container\">\n\t\t\t\t\t\t\t<div class=\"elementor-divider\">\n\t\t\t<span class=\"elementor-divider-separator\">\n\t\t\t\t\t\t<\/span>\n\t\t<\/div>\n\t\t\t\t\t\t<\/div>\n\t\t\t\t<\/div>\n\t\t\t\t<div class=\"elementor-element elementor-element-265e90ee elementor-widget elementor-widget-text-editor\" data-id=\"265e90ee\" data-element_type=\"widget\" data-e-type=\"widget\" data-widget_type=\"text-editor.default\">\n\t\t\t\t<div class=\"elementor-widget-container\">\n\t\t\t\t\t\t\t\t\t<p><strong>Orienta\u00e7\u00f5es para Submiss\u00e3o ou Reenvio de Trabalhos<\/strong><\/p>\n<p>A 11\u00aa edi\u00e7\u00e3o do Encontro Human\u00edstico Multidisciplinar trar\u00e1 publica\u00e7\u00f5es especiais para celebrar as contribui\u00e7\u00f5es acad\u00eamicas dos participantes.<\/p>\n<ol>\n<li>\n<p><strong>Anais do Evento (ISSN)<\/strong><br \/>Todos os <em>resumos expandidos<\/em> e <em>relatos de experi\u00eancias<\/em> recomendados para publica\u00e7\u00e3o ser\u00e3o inclu\u00eddos nos Anais do evento, devidamente registrados com ISSN.<\/p>\n<\/li>\n<li>\n<p><strong><a href=\"https:\/\/periodicos.claec.org\/index.php\/relacult\" target=\"_blank\" rel=\"noopener\">RELACult \u2013 Revista Latino-Americana de Estudos em Cultura e Sociedade<\/a> (Qualis B1)<\/strong><br \/>Os <em>artigos completos<\/em> aprovados para publica\u00e7\u00e3o ser\u00e3o inclu\u00eddos em uma edi\u00e7\u00e3o especial da <strong>RELACult<\/strong> (e-ISSN: 2525-7870, Qualis B1 CAPES). Ao realizar a submiss\u00e3o, selecione o dossi\u00ea <strong>&#8220;Pol\u00edticas Culturais e \u00c9tica da Tecnologia: Direitos Digitais e Governan\u00e7a Cultural em Perspectiva Multidisciplinar&#8221;<\/strong>. Para baixar o layout exigido para o envio do artigo, <a href=\"https:\/\/claec.org\/ehm\/wp-content\/uploads\/sites\/2\/2025\/12\/Artigo-Completo-2026-EHM.docx\" rel=\"noopener\">clique aqui<\/a>.<\/p>\n<\/li>\n<li>Al\u00e9m disso, os resumos expandidos, relatos de experi\u00eancias e artigos completos que se destacarem em cada Grupo de Trabalho (GT), al\u00e9m de serem disponibilizados nos anais. Tamb\u00e9m <strong>PODER\u00c3O<\/strong> ser reunidos em um <strong>e-book exclusivo<\/strong>, que contar\u00e1 com textos dos palestrantes e coordenadores dos GTs, e possuir\u00e3o DOI individualizado.<\/li>\n<\/ol>\n<p>\u00a0<\/p>\n<p>Agradecemos a sua contribui\u00e7\u00e3o para a constru\u00e7\u00e3o de mais uma edi\u00e7\u00e3o marcante do EHM e aguardamos suas submiss\u00f5es!<\/p>\n<p><!-- \/wp:paragraph --><\/p>\n<p><!-- \/wp:paragraph --><!-- wp:paragraph --><\/p>\t\t\t\t\t\t\t\t<\/div>\n\t\t\t\t<\/div>\n\t\t\t\t<div class=\"elementor-element elementor-element-2985154 elementor-widget-divider--view-line elementor-widget elementor-widget-divider\" data-id=\"2985154\" data-element_type=\"widget\" data-e-type=\"widget\" data-widget_type=\"divider.default\">\n\t\t\t\t<div class=\"elementor-widget-container\">\n\t\t\t\t\t\t\t<div class=\"elementor-divider\">\n\t\t\t<span class=\"elementor-divider-separator\">\n\t\t\t\t\t\t<\/span>\n\t\t<\/div>\n\t\t\t\t\t\t<\/div>\n\t\t\t\t<\/div>\n\t\t\t\t<div class=\"elementor-element elementor-element-f14c51a elementor-widget elementor-widget-heading\" data-id=\"f14c51a\" data-element_type=\"widget\" data-e-type=\"widget\" data-widget_type=\"heading.default\">\n\t\t\t\t<div class=\"elementor-widget-container\">\n\t\t\t\t\t<h2 class=\"elementor-heading-title elementor-size-default\">Compartilhe:<\/h2>\t\t\t\t<\/div>\n\t\t\t\t<\/div>\n\t\t\t\t<div class=\"elementor-element elementor-element-ae73b8e elementor-share-buttons--view-icon elementor-share-buttons--shape-circle elementor-share-buttons--skin-gradient elementor-grid-0 elementor-share-buttons--color-official elementor-widget elementor-widget-share-buttons\" data-id=\"ae73b8e\" data-element_type=\"widget\" data-e-type=\"widget\" data-widget_type=\"share-buttons.default\">\n\t\t\t\t<div class=\"elementor-widget-container\">\n\t\t\t\t\t\t\t<div class=\"elementor-grid\" role=\"list\">\n\t\t\t\t\t\t\t\t<div class=\"elementor-grid-item\" role=\"listitem\">\n\t\t\t\t\t\t<div class=\"elementor-share-btn elementor-share-btn_facebook\" role=\"button\" tabindex=\"0\" aria-label=\"Compartilhar no facebook\">\n\t\t\t\t\t\t\t\t\t\t\t\t\t\t\t<span class=\"elementor-share-btn__icon\">\n\t\t\t\t\t\t\t\t<i class=\"fab fa-facebook\" aria-hidden=\"true\"><\/i>\t\t\t\t\t\t\t<\/span>\n\t\t\t\t\t\t\t\t\t\t\t\t\t\t\t\t\t\t\t\t<\/div>\n\t\t\t\t\t<\/div>\n\t\t\t\t\t\t\t\t\t<div class=\"elementor-grid-item\" role=\"listitem\">\n\t\t\t\t\t\t<div class=\"elementor-share-btn elementor-share-btn_whatsapp\" role=\"button\" tabindex=\"0\" aria-label=\"Compartilhar no whatsapp\">\n\t\t\t\t\t\t\t\t\t\t\t\t\t\t\t<span class=\"elementor-share-btn__icon\">\n\t\t\t\t\t\t\t\t<i class=\"fab fa-whatsapp\" aria-hidden=\"true\"><\/i>\t\t\t\t\t\t\t<\/span>\n\t\t\t\t\t\t\t\t\t\t\t\t\t\t\t\t\t\t\t\t<\/div>\n\t\t\t\t\t<\/div>\n\t\t\t\t\t\t\t\t\t<div class=\"elementor-grid-item\" role=\"listitem\">\n\t\t\t\t\t\t<div class=\"elementor-share-btn elementor-share-btn_twitter\" role=\"button\" tabindex=\"0\" aria-label=\"Compartilhar no twitter\">\n\t\t\t\t\t\t\t\t\t\t\t\t\t\t\t<span class=\"elementor-share-btn__icon\">\n\t\t\t\t\t\t\t\t<i class=\"fab fa-twitter\" aria-hidden=\"true\"><\/i>\t\t\t\t\t\t\t<\/span>\n\t\t\t\t\t\t\t\t\t\t\t\t\t\t\t\t\t\t\t\t<\/div>\n\t\t\t\t\t<\/div>\n\t\t\t\t\t\t\t\t\t<div class=\"elementor-grid-item\" role=\"listitem\">\n\t\t\t\t\t\t<div class=\"elementor-share-btn elementor-share-btn_linkedin\" role=\"button\" tabindex=\"0\" aria-label=\"Compartilhar no linkedin\">\n\t\t\t\t\t\t\t\t\t\t\t\t\t\t\t<span class=\"elementor-share-btn__icon\">\n\t\t\t\t\t\t\t\t<i class=\"fab fa-linkedin\" aria-hidden=\"true\"><\/i>\t\t\t\t\t\t\t<\/span>\n\t\t\t\t\t\t\t\t\t\t\t\t\t\t\t\t\t\t\t\t<\/div>\n\t\t\t\t\t<\/div>\n\t\t\t\t\t\t<\/div>\n\t\t\t\t\t\t<\/div>\n\t\t\t\t<\/div>\n\t\t\t\t<div class=\"elementor-element elementor-element-fcb12f4 elementor-widget elementor-widget-spacer\" data-id=\"fcb12f4\" data-element_type=\"widget\" data-e-type=\"widget\" data-widget_type=\"spacer.default\">\n\t\t\t\t<div class=\"elementor-widget-container\">\n\t\t\t\t\t\t\t<div class=\"elementor-spacer\">\n\t\t\t<div class=\"elementor-spacer-inner\"><\/div>\n\t\t<\/div>\n\t\t\t\t\t\t<\/div>\n\t\t\t\t<\/div>\n\t\t\t\t\t<\/div>\n\t\t<\/div>\n\t\t\t\t\t<\/div>\n\t\t<\/section>\n\t\t\t\t<section class=\"elementor-section elementor-top-section elementor-element elementor-element-240dd83b elementor-section-boxed elementor-section-height-default elementor-section-height-default\" data-id=\"240dd83b\" data-element_type=\"section\" data-e-type=\"section\">\n\t\t\t\t\t\t<div class=\"elementor-container elementor-column-gap-default\">\n\t\t\t\t\t<div class=\"elementor-column elementor-col-100 elementor-top-column elementor-element elementor-element-31b0ca8d\" data-id=\"31b0ca8d\" data-element_type=\"column\" data-e-type=\"column\">\n\t\t\t<div class=\"elementor-widget-wrap elementor-element-populated\">\n\t\t\t\t\t\t\t<\/div>\n\t\t<\/div>\n\t\t\t\t\t<\/div>\n\t\t<\/section>\n\t\t\t\t<\/div>\n\t\t","protected":false},"excerpt":{"rendered":"<p>De 20\/12 at\u00e9 20\/01\/2026 \u2013 Prazo para envio dos artigos completos para submiss\u00e3o na RELACult (seguir layout dispon\u00edvel). De 20\/12 at\u00e9 10\/01\/2026 \u2013 Prazo para reenvio dos resumos expandidos e relatos de experi\u00eancias para publica\u00e7\u00e3o nos anais. Orienta\u00e7\u00f5es para Submiss\u00e3o ou Reenvio de Trabalhos A 11\u00aa edi\u00e7\u00e3o do Encontro Human\u00edstico Multidisciplinar trar\u00e1 publica\u00e7\u00f5es especiais para [&hellip;]<\/p>\n","protected":false},"author":1,"featured_media":0,"parent":2816,"menu_order":0,"comment_status":"closed","ping_status":"closed","template":"elementor_header_footer","meta":{"_monsterinsights_skip_tracking":false,"_monsterinsights_sitenote_active":false,"_monsterinsights_sitenote_note":"","_monsterinsights_sitenote_category":0,"footnotes":""},"class_list":["post-2882","page","type-page","status-publish","hentry"],"_links":{"self":[{"href":"https:\/\/claec.org\/ehm\/wp-json\/wp\/v2\/pages\/2882","targetHints":{"allow":["GET"]}}],"collection":[{"href":"https:\/\/claec.org\/ehm\/wp-json\/wp\/v2\/pages"}],"about":[{"href":"https:\/\/claec.org\/ehm\/wp-json\/wp\/v2\/types\/page"}],"author":[{"embeddable":true,"href":"https:\/\/claec.org\/ehm\/wp-json\/wp\/v2\/users\/1"}],"replies":[{"embeddable":true,"href":"https:\/\/claec.org\/ehm\/wp-json\/wp\/v2\/comments?post=2882"}],"version-history":[{"count":49,"href":"https:\/\/claec.org\/ehm\/wp-json\/wp\/v2\/pages\/2882\/revisions"}],"predecessor-version":[{"id":3811,"href":"https:\/\/claec.org\/ehm\/wp-json\/wp\/v2\/pages\/2882\/revisions\/3811"}],"up":[{"embeddable":true,"href":"https:\/\/claec.org\/ehm\/wp-json\/wp\/v2\/pages\/2816"}],"wp:attachment":[{"href":"https:\/\/claec.org\/ehm\/wp-json\/wp\/v2\/media?parent=2882"}],"curies":[{"name":"wp","href":"https:\/\/api.w.org\/{rel}","templated":true}]}}