{"id":2814,"date":"2024-06-11T20:59:32","date_gmt":"2024-06-11T23:59:32","guid":{"rendered":"https:\/\/claec.org\/ehm\/?page_id=2814"},"modified":"2025-12-10T17:06:53","modified_gmt":"2025-12-10T20:06:53","slug":"programacao","status":"publish","type":"page","link":"https:\/\/claec.org\/ehm\/programacao\/","title":{"rendered":"Programa\u00e7\u00e3o"},"content":{"rendered":"\t\t<div data-elementor-type=\"wp-page\" data-elementor-id=\"2814\" class=\"elementor elementor-2814\" data-elementor-post-type=\"page\">\n\t\t\t\t\t\t<section class=\"elementor-section elementor-top-section elementor-element elementor-element-28867b1 elementor-section-boxed elementor-section-height-default elementor-section-height-default\" data-id=\"28867b1\" data-element_type=\"section\" data-e-type=\"section\" data-settings=\"{&quot;background_background&quot;:&quot;classic&quot;}\">\n\t\t\t\t\t\t\t<div class=\"elementor-background-overlay\"><\/div>\n\t\t\t\t\t\t\t<div class=\"elementor-container elementor-column-gap-default\">\n\t\t\t\t\t<div class=\"elementor-column elementor-col-100 elementor-top-column elementor-element elementor-element-8cef51a\" data-id=\"8cef51a\" data-element_type=\"column\" data-e-type=\"column\" data-settings=\"{&quot;background_background&quot;:&quot;classic&quot;}\">\n\t\t\t<div class=\"elementor-widget-wrap elementor-element-populated\">\n\t\t\t\t\t\t<div class=\"elementor-element elementor-element-1aab217 elementor-widget elementor-widget-spacer\" data-id=\"1aab217\" data-element_type=\"widget\" data-e-type=\"widget\" data-widget_type=\"spacer.default\">\n\t\t\t\t<div class=\"elementor-widget-container\">\n\t\t\t\t\t\t\t<div class=\"elementor-spacer\">\n\t\t\t<div class=\"elementor-spacer-inner\"><\/div>\n\t\t<\/div>\n\t\t\t\t\t\t<\/div>\n\t\t\t\t<\/div>\n\t\t\t\t<div class=\"elementor-element elementor-element-2755eb6 elementor-widget elementor-widget-heading\" data-id=\"2755eb6\" data-element_type=\"widget\" data-e-type=\"widget\" data-widget_type=\"heading.default\">\n\t\t\t\t<div class=\"elementor-widget-container\">\n\t\t\t\t\t<h2 class=\"elementor-heading-title elementor-size-default\">Programa\u00e7\u00e3o<\/h2>\t\t\t\t<\/div>\n\t\t\t\t<\/div>\n\t\t\t\t<div class=\"elementor-element elementor-element-7ef69a8 elementor-widget elementor-widget-spacer\" data-id=\"7ef69a8\" data-element_type=\"widget\" data-e-type=\"widget\" data-widget_type=\"spacer.default\">\n\t\t\t\t<div class=\"elementor-widget-container\">\n\t\t\t\t\t\t\t<div class=\"elementor-spacer\">\n\t\t\t<div class=\"elementor-spacer-inner\"><\/div>\n\t\t<\/div>\n\t\t\t\t\t\t<\/div>\n\t\t\t\t<\/div>\n\t\t\t\t\t<\/div>\n\t\t<\/div>\n\t\t\t\t\t<\/div>\n\t\t<\/section>\n\t\t\t\t<section class=\"elementor-section elementor-top-section elementor-element elementor-element-4f7306c elementor-section-boxed elementor-section-height-default elementor-section-height-default\" data-id=\"4f7306c\" data-element_type=\"section\" data-e-type=\"section\">\n\t\t\t\t\t\t<div class=\"elementor-container elementor-column-gap-default\">\n\t\t\t\t\t<div class=\"elementor-column elementor-col-100 elementor-top-column elementor-element elementor-element-b2b88d7\" data-id=\"b2b88d7\" data-element_type=\"column\" data-e-type=\"column\">\n\t\t\t<div class=\"elementor-widget-wrap elementor-element-populated\">\n\t\t\t\t\t\t<div class=\"elementor-element elementor-element-a916a0a elementor-widget elementor-widget-spacer\" data-id=\"a916a0a\" data-element_type=\"widget\" data-e-type=\"widget\" data-widget_type=\"spacer.default\">\n\t\t\t\t<div class=\"elementor-widget-container\">\n\t\t\t\t\t\t\t<div class=\"elementor-spacer\">\n\t\t\t<div class=\"elementor-spacer-inner\"><\/div>\n\t\t<\/div>\n\t\t\t\t\t\t<\/div>\n\t\t\t\t<\/div>\n\t\t\t\t<div class=\"elementor-element elementor-element-34c19c5 elementor-widget elementor-widget-text-editor\" data-id=\"34c19c5\" data-element_type=\"widget\" data-e-type=\"widget\" data-widget_type=\"text-editor.default\">\n\t\t\t\t<div class=\"elementor-widget-container\">\n\t\t\t\t\t\t\t\t\t<p>Acompanhe ao vivo a nossa programa\u00e7\u00e3o <a href=\"https:\/\/www.youtube.com\/+ClaecOrgLatin\">ACESSANDO AQUI!<\/a><\/p><h1>PROGRAMA\u00c7\u00c3O &#8211; XI EHM &amp; X CLAEHM 2025<\/h1><p><strong>XI Encontro Human\u00edstico Multidisciplinar e X Congresso Latino-Americano de Estudos Human\u00edsticos Multidisciplinares<\/strong><\/p><p><strong>Tema:<\/strong>\u00a0<strong data-start=\"1155\" data-end=\"1275\">Pol\u00edticas Culturais e \u00c9tica da Tecnologia: Direitos Digitais e Governan\u00e7a Cultural em Perspectiva Multidisciplinar<\/strong><br \/><strong>Per\u00edodo:<\/strong>\u00a009 a 11 de dezembro de 2025 (ter\u00e7a a quinta-feira)<br \/><strong>Formato:<\/strong>\u00a0Virtual<br \/><strong>Hor\u00e1rio de refer\u00eancia:<\/strong>\u00a0Bras\u00edlia (GMT-3)<\/p><hr \/><h2>DIA 1 &#8211; 09 de dezembro de 2025 (Ter\u00e7a-feira)<\/h2><h2>Manh\u00e3<\/h2><p><strong>09h00 &#8211; 12h00<\/strong>\u00a0| Apresenta\u00e7\u00e3o de Trabalhos nos Grupos de Trabalho (GTs) &#8211; Sess\u00e3o 1<\/p><ul><li><p>Sess\u00f5es paralelas por GT<\/p><\/li><li><p>Apresenta\u00e7\u00f5es de artigos, resumos expandidos, relatos de experi\u00eancia e cartas pedag\u00f3gicas<\/p><\/li><\/ul><h2>Tarde<\/h2><p><strong>14h00 &#8211; 17h00<\/strong>\u00a0| Apresenta\u00e7\u00e3o de Trabalhos nos Grupos de Trabalho (GTs) &#8211; Sess\u00e3o 2<\/p><ul><li><p>Sess\u00f5es paralelas por GT<\/p><\/li><li><p>Apresenta\u00e7\u00f5es de artigos, resumos expandidos, relatos de experi\u00eancia e cartas pedag\u00f3gicas<\/p><\/li><\/ul><h2>Noite<\/h2><p><strong>19h00 &#8211; 19h15<\/strong>\u00a0| Cerim\u00f4nia de Abertura<\/p><ul><li><p>Boas-vindas da Comiss\u00e3o Organizadora<\/p><\/li><li><p>Apresenta\u00e7\u00e3o da programa\u00e7\u00e3o e orienta\u00e7\u00f5es gerais<\/p><\/li><\/ul><p><a href=\"https:\/\/www.youtube.com\/watch?v=U-6TJoIAQJc\"><strong>19h15 &#8211; 20h30<\/strong>\u00a0|\u00a0<strong>Mesa Redonda de Abertura &#8211; <\/strong><b>Governan\u00e7a Cultural e \u00c9tica na Era Digital<\/b><\/a><\/p><p><a href=\"https:\/\/www.youtube.com\/watch?v=U-6TJoIAQJc\"><strong>Tema: &#8220;A Governan\u00e7a Cultural Inclusiva num Mundo em Mudan\u00e7a: \u00e9tica, l\u00edngua e imagem de g\u00eanero feminino, grandes desafios da era digital&#8221;<\/strong><\/a><\/p><ul><li><p><strong>Palestrante: <\/strong>Profa. Dra. Mar\u00eda Zozaya-Montes<\/p><\/li><li><p><strong>Institui\u00e7\u00e3o:<\/strong>\u00a0Universidade de \u00c9vora, Portugal<\/p><\/li><\/ul><p><a href=\"https:\/\/www.youtube.com\/watch?v=U-6TJoIAQJc\"><span style=\"font-weight: bolder;\">Tema: &#8220;Pol\u00edticas Culturais, Saberes e Tecnologias: (in)justi\u00e7as que atravessam o envelhecer&#8221;<\/span><\/a><\/p><ul style=\"background-color: #ffffff; font-size: 16px;\"><li style=\"font-size: 16px;\"><p><strong>Palestrante:<\/strong> Profa. Dra. Solange Billig Garc\u00eas<\/p><\/li><li style=\"font-size: 16px;\"><p><span style=\"font-weight: bolder;\">Institui\u00e7\u00e3o:<\/span>\u00a0Universidade de Cruz Alta (UNICRUZ)<\/p><\/li><li style=\"font-size: 16px;\"><p><strong>Mediadora:<\/strong> Profa. Ma. Lucimara Rocha de Souza<\/p><\/li><li style=\"font-size: 16px;\"><p><span style=\"font-weight: bolder;\">Institui\u00e7\u00e3o:<\/span> URI Santo Angelo<\/p><\/li><\/ul><hr \/><h2>DIA 2 &#8211; 10 de dezembro de 2025 (Quarta-feira)<\/h2><h2>Manh\u00e3<\/h2><p><strong>09h00 &#8211; 12h00<\/strong>\u00a0| Apresenta\u00e7\u00e3o de Trabalhos nos Grupos de Trabalho (GTs) &#8211; Sess\u00e3o 3<\/p><ul><li><p>Sess\u00f5es paralelas por GT<\/p><\/li><li><p>Apresenta\u00e7\u00f5es de artigos, resumos expandidos, relatos de experi\u00eancia e cartas pedag\u00f3gicas<\/p><\/li><\/ul><h2>Tarde<\/h2><p><strong>14h00 &#8211; 17h00<\/strong>\u00a0| Apresenta\u00e7\u00e3o de Trabalhos nos Grupos de Trabalho (GTs) &#8211; Sess\u00e3o 4<\/p><ul><li><p>Sess\u00f5es paralelas por GT<\/p><\/li><li><p>Apresenta\u00e7\u00f5es de artigos, resumos expandidos, relatos de experi\u00eancia e cartas pedag\u00f3gicas<\/p><\/li><\/ul><h2>Noite<\/h2><p><a href=\"https:\/\/www.youtube.com\/watch?v=mT-ZzC4VjSk\"><strong>19h00 &#8211; 20:30<\/strong>\u00a0|\u00a0<strong>Confer\u00eancia<\/strong><\/a><\/p><p><a href=\"https:\/\/www.youtube.com\/watch?v=mT-ZzC4VjSk\"><strong>Tema: <span style=\"font-weight: bolder;\">&#8220;<\/span>Intelig\u00eancia Artificial, Educa\u00e7\u00e3o Cient\u00edfica e Perspectivas Cr\u00edticas Latino-Americanas<span style=\"font-weight: bolder;\">&#8220;<\/span><\/strong><\/a><\/p><ul style=\"background-color: #ffffff; font-size: 16px;\"><li style=\"font-size: 16px;\"><p><span style=\"font-weight: bolder;\">Palestrante:<\/span> Prof. Dr. Paulo Gabriel Franco dos Santos<\/p><\/li><li style=\"font-size: 16px;\"><p><span style=\"font-weight: bolder;\">Institui\u00e7\u00e3o:<\/span> <span style=\"background-color: transparent;\">Universidade de Bras\u00edlia (UNB)<\/span><\/p><\/li><li style=\"font-size: 16px;\"><p><span style=\"font-weight: bolder;\">Mediador:<\/span> Prof. Dr.\u00a0Felipe Rodrigues Echevarria<\/p><\/li><li style=\"font-size: 16px;\"><p><span style=\"font-weight: bolder;\">Institui\u00e7\u00e3o:<\/span> <span style=\"background-color: transparent;\">Universidade Federal do Pampa (UNIPAMPA)<\/span><\/p><\/li><\/ul><p><strong>20h30 &#8211; 22h00<\/strong>\u00a0| Apresenta\u00e7\u00e3o de Trabalhos nos Grupos de Trabalho (GTs) &#8211; Sess\u00e3o 5<\/p><ul><li><p>Sess\u00f5es paralelas por GT<\/p><\/li><li><p>Apresenta\u00e7\u00f5es de artigos, resumos expandidos, relatos de experi\u00eancia e cartas pedag\u00f3gicas<\/p><\/li><\/ul><hr \/><h2>DIA 3 &#8211; 11 de dezembro de 2025 (Quinta-feira)<\/h2><h2>Manh\u00e3<\/h2><p><strong>09h00 &#8211; 12h00<\/strong>\u00a0| Apresenta\u00e7\u00e3o de Trabalhos nos Grupos de Trabalho (GTs) &#8211; Sess\u00e3o 6<\/p><ul><li><p>Sess\u00f5es paralelas por GT<\/p><\/li><li><p>Apresenta\u00e7\u00f5es de artigos, resumos expandidos, relatos de experi\u00eancia e cartas pedag\u00f3gicas<\/p><\/li><\/ul><h2>Tarde<\/h2><p><strong>14h00 &#8211; 17h00<\/strong>\u00a0| Apresenta\u00e7\u00e3o de Trabalhos nos Grupos de Trabalho (GTs) &#8211; Sess\u00e3o 7<\/p><ul><li><p>Sess\u00f5es paralelas por GT (\u00faltimas apresenta\u00e7\u00f5es)<\/p><\/li><li><p>Encerramento das atividades dos GTs<\/p><\/li><\/ul><h2>Noite<\/h2><p><a href=\"https:\/\/www.youtube.com\/watch?v=b5Yb2PQR3-w\"><strong>19h00 &#8211; 20h30<\/strong>\u00a0|\u00a0<strong>Confer\u00eancia de Encerramento<\/strong><\/a><\/p><p><a href=\"https:\/\/www.youtube.com\/watch?v=b5Yb2PQR3-w\"><strong>Tema: &#8220;Diversidade Cultural e Tecnologias Digitais: Desafios da IA para as Pol\u00edticas Culturais na Lusofonia&#8221;<\/strong><\/a><\/p><ul><li><p><strong>Palestrante:<\/strong> Prof. Dr. Martins Jos\u00e9 Chelene Mapera<\/p><\/li><li><p><strong>Institui\u00e7\u00e3o: <\/strong>Universidade Licungo (Mo\u00e7ambique) e Centro de Estudos de Comunica\u00e7\u00e3o e Sociedade (CECS) da Universidade do Minho (Portugal)<\/p><\/li><li><p><strong style=\"font-family: -apple-system, BlinkMacSystemFont, 'Segoe UI', Roboto, 'Helvetica Neue', Arial, 'Noto Sans', sans-serif, 'Apple Color Emoji', 'Segoe UI Emoji', 'Segoe UI Symbol', 'Noto Color Emoji';\">Media\u00e7\u00e3o:<\/strong><span style=\"font-family: -apple-system, BlinkMacSystemFont, 'Segoe UI', Roboto, 'Helvetica Neue', Arial, 'Noto Sans', sans-serif, 'Apple Color Emoji', 'Segoe UI Emoji', 'Segoe UI Symbol', 'Noto Color Emoji';\"> Prof. Dr. Everton Ferrer de Oliveira<\/span><\/p><\/li><li><p><span style=\"font-family: -apple-system, BlinkMacSystemFont, 'Segoe UI', Roboto, 'Helvetica Neue', Arial, 'Noto Sans', sans-serif, 'Apple Color Emoji', 'Segoe UI Emoji', 'Segoe UI Symbol', 'Noto Color Emoji';\"><strong>Institui\u00e7\u00e3o:<\/strong> Universidade Federal do Pampa (UNIPAMPA)<\/span><\/p><\/li><\/ul><p><a href=\"https:\/\/www.youtube.com\/watch?v=b5Yb2PQR3-w\"><strong>20h30 &#8211; 21h45<\/strong>\u00a0|\u00a0<strong>Cerim\u00f4nia de Encerramento<\/strong><\/a><\/p><ul><li><p>Balan\u00e7o das atividades<\/p><\/li><li><p>Agradecimentos<\/p><\/li><li><p>Informes sobre pr\u00f3xima edi\u00e7\u00e3o<\/p><\/li><\/ul>\t\t\t\t\t\t\t\t<\/div>\n\t\t\t\t<\/div>\n\t\t\t\t<div class=\"elementor-element elementor-element-b9646c4 elementor-widget-divider--view-line elementor-widget elementor-widget-divider\" data-id=\"b9646c4\" data-element_type=\"widget\" data-e-type=\"widget\" data-widget_type=\"divider.default\">\n\t\t\t\t<div class=\"elementor-widget-container\">\n\t\t\t\t\t\t\t<div class=\"elementor-divider\">\n\t\t\t<span class=\"elementor-divider-separator\">\n\t\t\t\t\t\t<\/span>\n\t\t<\/div>\n\t\t\t\t\t\t<\/div>\n\t\t\t\t<\/div>\n\t\t\t\t<div class=\"elementor-element elementor-element-4df3638 elementor-widget elementor-widget-heading\" data-id=\"4df3638\" data-element_type=\"widget\" data-e-type=\"widget\" data-widget_type=\"heading.default\">\n\t\t\t\t<div class=\"elementor-widget-container\">\n\t\t\t\t\t<h2 class=\"elementor-heading-title elementor-size-default\">Compartilhe:<\/h2>\t\t\t\t<\/div>\n\t\t\t\t<\/div>\n\t\t\t\t<div class=\"elementor-element elementor-element-bc25b69 elementor-share-buttons--view-icon elementor-share-buttons--shape-circle elementor-share-buttons--skin-gradient elementor-grid-0 elementor-share-buttons--color-official elementor-widget elementor-widget-share-buttons\" data-id=\"bc25b69\" data-element_type=\"widget\" data-e-type=\"widget\" data-widget_type=\"share-buttons.default\">\n\t\t\t\t<div class=\"elementor-widget-container\">\n\t\t\t\t\t\t\t<div class=\"elementor-grid\" role=\"list\">\n\t\t\t\t\t\t\t\t<div class=\"elementor-grid-item\" role=\"listitem\">\n\t\t\t\t\t\t<div class=\"elementor-share-btn elementor-share-btn_facebook\" role=\"button\" tabindex=\"0\" aria-label=\"Compartilhar no facebook\">\n\t\t\t\t\t\t\t\t\t\t\t\t\t\t\t<span class=\"elementor-share-btn__icon\">\n\t\t\t\t\t\t\t\t<i class=\"fab fa-facebook\" aria-hidden=\"true\"><\/i>\t\t\t\t\t\t\t<\/span>\n\t\t\t\t\t\t\t\t\t\t\t\t\t\t\t\t\t\t\t\t<\/div>\n\t\t\t\t\t<\/div>\n\t\t\t\t\t\t\t\t\t<div class=\"elementor-grid-item\" role=\"listitem\">\n\t\t\t\t\t\t<div class=\"elementor-share-btn elementor-share-btn_whatsapp\" role=\"button\" tabindex=\"0\" aria-label=\"Compartilhar no whatsapp\">\n\t\t\t\t\t\t\t\t\t\t\t\t\t\t\t<span class=\"elementor-share-btn__icon\">\n\t\t\t\t\t\t\t\t<i class=\"fab fa-whatsapp\" aria-hidden=\"true\"><\/i>\t\t\t\t\t\t\t<\/span>\n\t\t\t\t\t\t\t\t\t\t\t\t\t\t\t\t\t\t\t\t<\/div>\n\t\t\t\t\t<\/div>\n\t\t\t\t\t\t\t\t\t<div class=\"elementor-grid-item\" role=\"listitem\">\n\t\t\t\t\t\t<div class=\"elementor-share-btn elementor-share-btn_twitter\" role=\"button\" tabindex=\"0\" aria-label=\"Compartilhar no twitter\">\n\t\t\t\t\t\t\t\t\t\t\t\t\t\t\t<span class=\"elementor-share-btn__icon\">\n\t\t\t\t\t\t\t\t<i class=\"fab fa-twitter\" aria-hidden=\"true\"><\/i>\t\t\t\t\t\t\t<\/span>\n\t\t\t\t\t\t\t\t\t\t\t\t\t\t\t\t\t\t\t\t<\/div>\n\t\t\t\t\t<\/div>\n\t\t\t\t\t\t\t\t\t<div class=\"elementor-grid-item\" role=\"listitem\">\n\t\t\t\t\t\t<div class=\"elementor-share-btn elementor-share-btn_linkedin\" role=\"button\" tabindex=\"0\" aria-label=\"Compartilhar no linkedin\">\n\t\t\t\t\t\t\t\t\t\t\t\t\t\t\t<span class=\"elementor-share-btn__icon\">\n\t\t\t\t\t\t\t\t<i class=\"fab fa-linkedin\" aria-hidden=\"true\"><\/i>\t\t\t\t\t\t\t<\/span>\n\t\t\t\t\t\t\t\t\t\t\t\t\t\t\t\t\t\t\t\t<\/div>\n\t\t\t\t\t<\/div>\n\t\t\t\t\t\t<\/div>\n\t\t\t\t\t\t<\/div>\n\t\t\t\t<\/div>\n\t\t\t\t<div class=\"elementor-element elementor-element-f501380 elementor-widget elementor-widget-spacer\" data-id=\"f501380\" data-element_type=\"widget\" data-e-type=\"widget\" data-widget_type=\"spacer.default\">\n\t\t\t\t<div class=\"elementor-widget-container\">\n\t\t\t\t\t\t\t<div class=\"elementor-spacer\">\n\t\t\t<div class=\"elementor-spacer-inner\"><\/div>\n\t\t<\/div>\n\t\t\t\t\t\t<\/div>\n\t\t\t\t<\/div>\n\t\t\t\t\t<\/div>\n\t\t<\/div>\n\t\t\t\t\t<\/div>\n\t\t<\/section>\n\t\t\t\t<\/div>\n\t\t","protected":false},"excerpt":{"rendered":"<p>Acompanhe ao vivo a nossa programa\u00e7\u00e3o ACESSANDO AQUI! PROGRAMA\u00c7\u00c3O &#8211; XI EHM &amp; X CLAEHM 2025 XI Encontro Human\u00edstico Multidisciplinar e X Congresso Latino-Americano de Estudos Human\u00edsticos Multidisciplinares Tema:\u00a0Pol\u00edticas Culturais e \u00c9tica da Tecnologia: Direitos Digitais e Governan\u00e7a Cultural em Perspectiva MultidisciplinarPer\u00edodo:\u00a009 a 11 de dezembro de 2025 (ter\u00e7a a quinta-feira)Formato:\u00a0VirtualHor\u00e1rio de refer\u00eancia:\u00a0Bras\u00edlia (GMT-3) DIA [&hellip;]<\/p>\n","protected":false},"author":1,"featured_media":0,"parent":0,"menu_order":0,"comment_status":"closed","ping_status":"closed","template":"elementor_header_footer","meta":{"_monsterinsights_skip_tracking":false,"_monsterinsights_sitenote_active":false,"_monsterinsights_sitenote_note":"","_monsterinsights_sitenote_category":0,"footnotes":""},"class_list":["post-2814","page","type-page","status-publish","hentry"],"_links":{"self":[{"href":"https:\/\/claec.org\/ehm\/wp-json\/wp\/v2\/pages\/2814","targetHints":{"allow":["GET"]}}],"collection":[{"href":"https:\/\/claec.org\/ehm\/wp-json\/wp\/v2\/pages"}],"about":[{"href":"https:\/\/claec.org\/ehm\/wp-json\/wp\/v2\/types\/page"}],"author":[{"embeddable":true,"href":"https:\/\/claec.org\/ehm\/wp-json\/wp\/v2\/users\/1"}],"replies":[{"embeddable":true,"href":"https:\/\/claec.org\/ehm\/wp-json\/wp\/v2\/comments?post=2814"}],"version-history":[{"count":40,"href":"https:\/\/claec.org\/ehm\/wp-json\/wp\/v2\/pages\/2814\/revisions"}],"predecessor-version":[{"id":3806,"href":"https:\/\/claec.org\/ehm\/wp-json\/wp\/v2\/pages\/2814\/revisions\/3806"}],"wp:attachment":[{"href":"https:\/\/claec.org\/ehm\/wp-json\/wp\/v2\/media?parent=2814"}],"curies":[{"name":"wp","href":"https:\/\/api.w.org\/{rel}","templated":true}]}}