{"id":2708,"date":"2024-06-11T20:02:35","date_gmt":"2024-06-11T23:02:35","guid":{"rendered":"https:\/\/claec.org\/ehm\/noticias-e-eventos\/"},"modified":"2024-06-17T19:41:25","modified_gmt":"2024-06-17T22:41:25","slug":"noticias-e-eventos","status":"publish","type":"page","link":"https:\/\/claec.org\/ehm\/noticias-e-eventos\/","title":{"rendered":"NOT\u00cdCIAS E AGENDA"},"content":{"rendered":"\t\t<div data-elementor-type=\"wp-page\" data-elementor-id=\"2708\" class=\"elementor elementor-2708\" data-elementor-post-type=\"page\">\n\t\t\t\t\t\t<section class=\"elementor-section elementor-top-section elementor-element elementor-element-96a59e2 elementor-section-boxed elementor-section-height-default elementor-section-height-default\" data-id=\"96a59e2\" data-element_type=\"section\" data-e-type=\"section\">\n\t\t\t\t\t\t<div class=\"elementor-container elementor-column-gap-default\">\n\t\t\t\t\t<div class=\"elementor-column elementor-col-100 elementor-top-column elementor-element elementor-element-a34567a\" data-id=\"a34567a\" data-element_type=\"column\" data-e-type=\"column\">\n\t\t\t<div class=\"elementor-widget-wrap\">\n\t\t\t\t\t\t\t<\/div>\n\t\t<\/div>\n\t\t\t\t\t<\/div>\n\t\t<\/section>\n\t\t\t\t<section class=\"elementor-section elementor-top-section elementor-element elementor-element-d8076e8 elementor-section-boxed elementor-section-height-default elementor-section-height-default\" data-id=\"d8076e8\" data-element_type=\"section\" data-e-type=\"section\" data-settings=\"{&quot;background_background&quot;:&quot;classic&quot;}\">\n\t\t\t\t\t\t\t<div class=\"elementor-background-overlay\"><\/div>\n\t\t\t\t\t\t\t<div class=\"elementor-container elementor-column-gap-default\">\n\t\t\t\t\t<div class=\"elementor-column elementor-col-100 elementor-top-column elementor-element elementor-element-e9fd7d8\" data-id=\"e9fd7d8\" data-element_type=\"column\" data-e-type=\"column\" data-settings=\"{&quot;background_background&quot;:&quot;classic&quot;}\">\n\t\t\t<div class=\"elementor-widget-wrap elementor-element-populated\">\n\t\t\t\t\t\t<div class=\"elementor-element elementor-element-849a596 elementor-widget elementor-widget-spacer\" data-id=\"849a596\" data-element_type=\"widget\" data-e-type=\"widget\" data-widget_type=\"spacer.default\">\n\t\t\t\t<div class=\"elementor-widget-container\">\n\t\t\t\t\t\t\t<div class=\"elementor-spacer\">\n\t\t\t<div class=\"elementor-spacer-inner\"><\/div>\n\t\t<\/div>\n\t\t\t\t\t\t<\/div>\n\t\t\t\t<\/div>\n\t\t\t\t<div class=\"elementor-element elementor-element-65e3b41 elementor-widget elementor-widget-heading\" data-id=\"65e3b41\" data-element_type=\"widget\" data-e-type=\"widget\" data-widget_type=\"heading.default\">\n\t\t\t\t<div class=\"elementor-widget-container\">\n\t\t\t\t\t<h2 class=\"elementor-heading-title elementor-size-default\">NOT\u00cdCIAS E AGENDA<\/h2>\t\t\t\t<\/div>\n\t\t\t\t<\/div>\n\t\t\t\t<div class=\"elementor-element elementor-element-e1c6e80 elementor-widget elementor-widget-spacer\" data-id=\"e1c6e80\" data-element_type=\"widget\" data-e-type=\"widget\" data-widget_type=\"spacer.default\">\n\t\t\t\t<div class=\"elementor-widget-container\">\n\t\t\t\t\t\t\t<div class=\"elementor-spacer\">\n\t\t\t<div class=\"elementor-spacer-inner\"><\/div>\n\t\t<\/div>\n\t\t\t\t\t\t<\/div>\n\t\t\t\t<\/div>\n\t\t\t\t\t<\/div>\n\t\t<\/div>\n\t\t\t\t\t<\/div>\n\t\t<\/section>\n\t\t\t\t<section class=\"elementor-section elementor-top-section elementor-element elementor-element-fe09198 elementor-section-boxed elementor-section-height-default elementor-section-height-default\" data-id=\"fe09198\" data-element_type=\"section\" data-e-type=\"section\">\n\t\t\t\t\t\t<div class=\"elementor-container elementor-column-gap-default\">\n\t\t\t\t\t<div class=\"elementor-column elementor-col-100 elementor-top-column elementor-element elementor-element-e61e3cf\" data-id=\"e61e3cf\" data-element_type=\"column\" data-e-type=\"column\">\n\t\t\t<div class=\"elementor-widget-wrap elementor-element-populated\">\n\t\t\t\t\t\t<div class=\"elementor-element elementor-element-30f5a25 elementor-widget elementor-widget-spacer\" data-id=\"30f5a25\" data-element_type=\"widget\" data-e-type=\"widget\" data-widget_type=\"spacer.default\">\n\t\t\t\t<div class=\"elementor-widget-container\">\n\t\t\t\t\t\t\t<div class=\"elementor-spacer\">\n\t\t\t<div class=\"elementor-spacer-inner\"><\/div>\n\t\t<\/div>\n\t\t\t\t\t\t<\/div>\n\t\t\t\t<\/div>\n\t\t\t\t<div class=\"elementor-element elementor-element-66ce294d elementor-grid-1 elementor-posts--align-left elementor-grid-tablet-2 elementor-grid-mobile-1 elementor-posts--thumbnail-top elementor-card-shadow-yes elementor-posts__hover-gradient elementor-widget elementor-widget-posts\" data-id=\"66ce294d\" data-element_type=\"widget\" data-e-type=\"widget\" data-settings=\"{&quot;cards_columns&quot;:&quot;1&quot;,&quot;cards_row_gap&quot;:{&quot;unit&quot;:&quot;px&quot;,&quot;size&quot;:27,&quot;sizes&quot;:[]},&quot;pagination_type&quot;:&quot;prev_next&quot;,&quot;cards_columns_tablet&quot;:&quot;2&quot;,&quot;cards_columns_mobile&quot;:&quot;1&quot;,&quot;cards_row_gap_tablet&quot;:{&quot;unit&quot;:&quot;px&quot;,&quot;size&quot;:&quot;&quot;,&quot;sizes&quot;:[]},&quot;cards_row_gap_mobile&quot;:{&quot;unit&quot;:&quot;px&quot;,&quot;size&quot;:&quot;&quot;,&quot;sizes&quot;:[]}}\" data-widget_type=\"posts.cards\">\n\t\t\t\t<div class=\"elementor-widget-container\">\n\t\t\t\t\t\t\t<div class=\"elementor-posts-container elementor-posts elementor-posts--skin-cards elementor-grid\" role=\"list\">\n\t\t\t\t<article class=\"elementor-post elementor-grid-item post-3816 post type-post status-publish format-standard hentry category-destaques category-noticias-do-site tag-claec tag-cultura-e-tecnologia tag-ehm-2025 tag-encontro-humanistico-multidisciplinar tag-pesquisas-em-humanidades tag-relacult tag-trabalhos-destaque-ehm\" role=\"listitem\">\n\t\t\t<div class=\"elementor-post__card\">\n\t\t\t\t<div class=\"elementor-post__text\">\n\t\t\t\t<h3 class=\"elementor-post__title\">\n\t\t\t<a href=\"https:\/\/claec.org\/ehm\/2026\/01\/10\/trabalhos-destaques-xi-ehm-2025\/\" >\n\t\t\t\tTrabalhos Destaque do XI EHM 2025 | Encontro Human\u00edstico Multidisciplinar \u2013 CLAEC\t\t\t<\/a>\n\t\t<\/h3>\n\t\t\t\t<div class=\"elementor-post__excerpt\">\n\t\t\t<p>Confira a lista dos trabalhos destaque do XI Encontro Human\u00edstico Multidisciplinar (EHM 2025), organizado pelo CLAEC, reunindo pesquisas em cultura, educa\u00e7\u00e3o, tecnologia e sociedade.<\/p>\n\t\t<\/div>\n\t\t\n\t\t<a class=\"elementor-post__read-more\" href=\"https:\/\/claec.org\/ehm\/2026\/01\/10\/trabalhos-destaques-xi-ehm-2025\/\" aria-label=\"Leia mais sobre Trabalhos Destaque do XI EHM 2025 | Encontro Human\u00edstico Multidisciplinar \u2013 CLAEC\" tabindex=\"-1\" >\n\t\t\tLeia mais\t\t<\/a>\n\n\t\t\t\t<\/div>\n\t\t\t\t<div class=\"elementor-post__meta-data\">\n\t\t\t\t\t<span class=\"elementor-post-date\">\n\t\t\t10\/01\/2026\t\t<\/span>\n\t\t\t\t<\/div>\n\t\t\t\t\t<\/div>\n\t\t<\/article>\n\t\t\t\t<article class=\"elementor-post elementor-grid-item post-3794 post type-post status-publish format-standard has-post-thumbnail hentry category-destaques category-noticias-do-site tag-certificacao tag-claec tag-claehm-2025 tag-conferencia-de-encerramento tag-conferencias tag-direitos-digitais tag-ehm-2025 tag-etica-da-tecnologia tag-evento-academico tag-governanca-cultural tag-inscricoes-abertas tag-inteligencia-artificial tag-mesa-redonda tag-politicas-culturais tag-programacao tag-youtube\" role=\"listitem\">\n\t\t\t<div class=\"elementor-post__card\">\n\t\t\t\t<a class=\"elementor-post__thumbnail__link\" href=\"https:\/\/claec.org\/ehm\/2025\/12\/04\/palestras-mesa-redonda-de-abertura-e-conferencias-do-xi-ehm-x-claehm-ja-estao-disponiveis\/\" tabindex=\"-1\" ><div class=\"elementor-post__thumbnail\"><img fetchpriority=\"high\" decoding=\"async\" width=\"632\" height=\"632\" src=\"https:\/\/claec.org\/ehm\/wp-content\/uploads\/sites\/2\/2025\/12\/3-632x632.png\" class=\"attachment-medium size-medium wp-image-3779\" alt=\"Card do XI EHM\/X CLAEHM anunciando a palestra de 9 de dezembro \u00e0s 19h15, com fotos da Dra. Mar\u00eda Zozaya-Montes e da Dra. Solange Billig Garc\u00eas. O card apresenta temas relacionados \u00e0 governan\u00e7a cultural inclusiva, \u00e9tica, g\u00eanero, tecnologias e pol\u00edticas culturais. Logotipos do CLAEC, UNIPAMPA e Instituto Conex aparecem \u00e0 esquerda, e o evento ser\u00e1 transmitido pelo YouTube @claecult.\" srcset=\"https:\/\/claec.org\/ehm\/wp-content\/uploads\/sites\/2\/2025\/12\/3-632x632.png 632w, https:\/\/claec.org\/ehm\/wp-content\/uploads\/sites\/2\/2025\/12\/3-1020x1020.png 1020w, https:\/\/claec.org\/ehm\/wp-content\/uploads\/sites\/2\/2025\/12\/3-768x768.png 768w, https:\/\/claec.org\/ehm\/wp-content\/uploads\/sites\/2\/2025\/12\/3.png 1080w\" sizes=\"(max-width: 632px) 100vw, 632px\" \/><\/div><\/a>\n\t\t\t\t<div class=\"elementor-post__badge\">Destaques<\/div>\n\t\t\t\t<div class=\"elementor-post__text\">\n\t\t\t\t<h3 class=\"elementor-post__title\">\n\t\t\t<a href=\"https:\/\/claec.org\/ehm\/2025\/12\/04\/palestras-mesa-redonda-de-abertura-e-conferencias-do-xi-ehm-x-claehm-ja-estao-disponiveis\/\" >\n\t\t\t\tPalestras, Mesa-Redonda de Abertura e Confer\u00eancias do XI EHM \/ X CLAEHM j\u00e1 est\u00e3o dispon\u00edveis\t\t\t<\/a>\n\t\t<\/h3>\n\t\t\t\t<div class=\"elementor-post__excerpt\">\n\t\t\t<p>A programa\u00e7\u00e3o oficial da Mesa-Redonda de Abertura, das Confer\u00eancias e da Confer\u00eancia de Encerramento do XI EHM \/ X CLAEHM j\u00e1 est\u00e1 dispon\u00edvel. As transmiss\u00f5es ocorrer\u00e3o pelo YouTube do CLAEC e seguem abertas as inscri\u00e7\u00f5es para ouvintes at\u00e9 10 de dezembro, com direito a certifica\u00e7\u00e3o por atividade assistida e certificado geral do evento.<\/p>\n\t\t<\/div>\n\t\t\n\t\t<a class=\"elementor-post__read-more\" href=\"https:\/\/claec.org\/ehm\/2025\/12\/04\/palestras-mesa-redonda-de-abertura-e-conferencias-do-xi-ehm-x-claehm-ja-estao-disponiveis\/\" aria-label=\"Leia mais sobre Palestras, Mesa-Redonda de Abertura e Confer\u00eancias do XI EHM \/ X CLAEHM j\u00e1 est\u00e3o dispon\u00edveis\" tabindex=\"-1\" >\n\t\t\tLeia mais\t\t<\/a>\n\n\t\t\t\t<\/div>\n\t\t\t\t<div class=\"elementor-post__meta-data\">\n\t\t\t\t\t<span class=\"elementor-post-date\">\n\t\t\t04\/12\/2025\t\t<\/span>\n\t\t\t\t<\/div>\n\t\t\t\t\t<\/div>\n\t\t<\/article>\n\t\t\t\t<article class=\"elementor-post elementor-grid-item post-2364 post type-post status-publish format-standard hentry category-noticias-do-site\" role=\"listitem\">\n\t\t\t<div class=\"elementor-post__card\">\n\t\t\t\t<div class=\"elementor-post__text\">\n\t\t\t\t<h3 class=\"elementor-post__title\">\n\t\t\t<a href=\"https:\/\/claec.org\/ehm\/2022\/05\/20\/anais-e-certificados-do-vii-ehm\/\" >\n\t\t\t\tANAIS E CERTIFICADOS DO VII EHM\t\t\t<\/a>\n\t\t<\/h3>\n\t\t\t\t<div class=\"elementor-post__excerpt\">\n\t\t\t<p>Se encontram dispon\u00edveis os anais e certificados do VII EHM e VI CLAEHM, acesse: ANAIS CERTIFICADOS<\/p>\n\t\t<\/div>\n\t\t\n\t\t<a class=\"elementor-post__read-more\" href=\"https:\/\/claec.org\/ehm\/2022\/05\/20\/anais-e-certificados-do-vii-ehm\/\" aria-label=\"Leia mais sobre ANAIS E CERTIFICADOS DO VII EHM\" tabindex=\"-1\" >\n\t\t\tLeia mais\t\t<\/a>\n\n\t\t\t\t<\/div>\n\t\t\t\t<div class=\"elementor-post__meta-data\">\n\t\t\t\t\t<span class=\"elementor-post-date\">\n\t\t\t20\/05\/2022\t\t<\/span>\n\t\t\t\t<\/div>\n\t\t\t\t\t<\/div>\n\t\t<\/article>\n\t\t\t\t<article class=\"elementor-post elementor-grid-item post-2322 post type-post status-publish format-standard hentry category-sem-categoria\" role=\"listitem\">\n\t\t\t<div class=\"elementor-post__card\">\n\t\t\t\t<div class=\"elementor-post__text\">\n\t\t\t\t<h3 class=\"elementor-post__title\">\n\t\t\t<a href=\"https:\/\/claec.org\/ehm\/2021\/12\/08\/inscricoes-de-ouvintes\/\" >\n\t\t\t\tINSCRI\u00c7\u00d5ES DE OUVINTES\t\t\t<\/a>\n\t\t<\/h3>\n\t\t\t\t<div class=\"elementor-post__excerpt\">\n\t\t\t<p>As inscri\u00e7\u00f5es para OUVINTES est\u00e3o abertas, para se inscrever acesse:https:\/\/tupa.claec.org\/index.php\/ehm\/7ehm\/schedConf\/registration Para maiores informa\u00e7\u00f5es acesse:\u00a0https:\/\/claec.org\/ehm\/ouvintes-3\/ Esperamos poder contar com vossa participa\u00e7\u00e3o.<\/p>\n\t\t<\/div>\n\t\t\n\t\t<a class=\"elementor-post__read-more\" href=\"https:\/\/claec.org\/ehm\/2021\/12\/08\/inscricoes-de-ouvintes\/\" aria-label=\"Leia mais sobre INSCRI\u00c7\u00d5ES DE OUVINTES\" tabindex=\"-1\" >\n\t\t\tLeia mais\t\t<\/a>\n\n\t\t\t\t<\/div>\n\t\t\t\t<div class=\"elementor-post__meta-data\">\n\t\t\t\t\t<span class=\"elementor-post-date\">\n\t\t\t08\/12\/2021\t\t<\/span>\n\t\t\t\t<\/div>\n\t\t\t\t\t<\/div>\n\t\t<\/article>\n\t\t\t\t<article class=\"elementor-post elementor-grid-item post-2303 post type-post status-publish format-standard hentry category-sem-categoria\" role=\"listitem\">\n\t\t\t<div class=\"elementor-post__card\">\n\t\t\t\t<div class=\"elementor-post__text\">\n\t\t\t\t<h3 class=\"elementor-post__title\">\n\t\t\t<a href=\"https:\/\/claec.org\/ehm\/2021\/11\/24\/prorrogacao-ate-o-dia-25-de-novembro-vii-ehm-e-vi-claehm\/\" >\n\t\t\t\tPRORROGA\u00c7\u00c3O AT\u00c9 O DIA 25 DE NOVEMBRO-VII EHM E VI CLAEHM\t\t\t<\/a>\n\t\t<\/h3>\n\t\t\t\t<div class=\"elementor-post__excerpt\">\n\t\t\t<p>Prezado\/a pesquisador\/a as inscri\u00e7\u00f5es para o VII EHM e VI CLAEHM foram prorrogadas at\u00e9 o dia 25 de novembro, para se inscrever acesse:&nbsp;https:\/\/claec.org\/ehm\/comunicadores-3\/Essa edi\u00e7\u00e3o contar\u00e1<\/p>\n\t\t<\/div>\n\t\t\n\t\t<a class=\"elementor-post__read-more\" href=\"https:\/\/claec.org\/ehm\/2021\/11\/24\/prorrogacao-ate-o-dia-25-de-novembro-vii-ehm-e-vi-claehm\/\" aria-label=\"Leia mais sobre PRORROGA\u00c7\u00c3O AT\u00c9 O DIA 25 DE NOVEMBRO-VII EHM E VI CLAEHM\" tabindex=\"-1\" >\n\t\t\tLeia mais\t\t<\/a>\n\n\t\t\t\t<\/div>\n\t\t\t\t<div class=\"elementor-post__meta-data\">\n\t\t\t\t\t<span class=\"elementor-post-date\">\n\t\t\t24\/11\/2021\t\t<\/span>\n\t\t\t\t<\/div>\n\t\t\t\t\t<\/div>\n\t\t<\/article>\n\t\t\t\t<article class=\"elementor-post elementor-grid-item post-2152 post type-post status-publish format-standard hentry category-sem-categoria\" role=\"listitem\">\n\t\t\t<div class=\"elementor-post__card\">\n\t\t\t\t<div class=\"elementor-post__text\">\n\t\t\t\t<h3 class=\"elementor-post__title\">\n\t\t\t<a href=\"https:\/\/claec.org\/ehm\/2021\/08\/26\/abertura-de-submissao-de-proposta-de-gt\/\" >\n\t\t\t\tAbertura de submiss\u00e3o de proposta de GT\t\t\t<\/a>\n\t\t<\/h3>\n\t\t\t\t<div class=\"elementor-post__excerpt\">\n\t\t\t<p>Prezados\/as \u00e9 com imensa satisfa\u00e7\u00e3o que vimos por deste convid\u00e1-los\/as a submeterem suas propostas de Grupos de Trabalhos\u00a0 pelo formul\u00e1rio\u00a0https:\/\/docs.google.com\/forms\/d\/1SlKwSUkGrk3v0DVt1Vn10rJepto6dgb0uSyWLurx2gg\/edit?usp=sharingno VII Encontro Human\u00edstico Multidisciplinar\u00a0 que<\/p>\n\t\t<\/div>\n\t\t\n\t\t<a class=\"elementor-post__read-more\" href=\"https:\/\/claec.org\/ehm\/2021\/08\/26\/abertura-de-submissao-de-proposta-de-gt\/\" aria-label=\"Leia mais sobre Abertura de submiss\u00e3o de proposta de GT\" tabindex=\"-1\" >\n\t\t\tLeia mais\t\t<\/a>\n\n\t\t\t\t<\/div>\n\t\t\t\t<div class=\"elementor-post__meta-data\">\n\t\t\t\t\t<span class=\"elementor-post-date\">\n\t\t\t26\/08\/2021\t\t<\/span>\n\t\t\t\t<\/div>\n\t\t\t\t\t<\/div>\n\t\t<\/article>\n\t\t\t\t<\/div>\n\t\t\n\t\t\t\t<div class=\"e-load-more-anchor\" data-page=\"1\" data-max-page=\"3\" data-next-page=\"https:\/\/claec.org\/ehm\/wp-json\/wp\/v2\/pages\/2708\/page\/2\/\"><\/div>\n\t\t\t\t<nav class=\"elementor-pagination\" aria-label=\"Pagina\u00e7\u00e3o\">\n\t\t\t<span class=\"page-numbers prev\">&laquo; Previous<\/span>\n<a class=\"page-numbers next\" href=\"https:\/\/claec.org\/ehm\/wp-json\/wp\/v2\/pages\/2708\/page\/2\/\">Next &raquo;<\/a>\t\t<\/nav>\n\t\t\t\t\t\t<\/div>\n\t\t\t\t<\/div>\n\t\t\t\t<div class=\"elementor-element elementor-element-1ea59ae elementor-widget elementor-widget-spacer\" data-id=\"1ea59ae\" data-element_type=\"widget\" data-e-type=\"widget\" data-widget_type=\"spacer.default\">\n\t\t\t\t<div class=\"elementor-widget-container\">\n\t\t\t\t\t\t\t<div class=\"elementor-spacer\">\n\t\t\t<div class=\"elementor-spacer-inner\"><\/div>\n\t\t<\/div>\n\t\t\t\t\t\t<\/div>\n\t\t\t\t<\/div>\n\t\t\t\t\t<\/div>\n\t\t<\/div>\n\t\t\t\t\t<\/div>\n\t\t<\/section>\n\t\t\t\t<\/div>\n\t\t","protected":false},"excerpt":{"rendered":"","protected":false},"author":1,"featured_media":0,"parent":0,"menu_order":0,"comment_status":"closed","ping_status":"closed","template":"elementor_header_footer","meta":{"_monsterinsights_skip_tracking":false,"_monsterinsights_sitenote_active":false,"_monsterinsights_sitenote_note":"","_monsterinsights_sitenote_category":0,"footnotes":""},"class_list":["post-2708","page","type-page","status-publish","hentry"],"_links":{"self":[{"href":"https:\/\/claec.org\/ehm\/wp-json\/wp\/v2\/pages\/2708","targetHints":{"allow":["GET"]}}],"collection":[{"href":"https:\/\/claec.org\/ehm\/wp-json\/wp\/v2\/pages"}],"about":[{"href":"https:\/\/claec.org\/ehm\/wp-json\/wp\/v2\/types\/page"}],"author":[{"embeddable":true,"href":"https:\/\/claec.org\/ehm\/wp-json\/wp\/v2\/users\/1"}],"replies":[{"embeddable":true,"href":"https:\/\/claec.org\/ehm\/wp-json\/wp\/v2\/comments?post=2708"}],"version-history":[{"count":17,"href":"https:\/\/claec.org\/ehm\/wp-json\/wp\/v2\/pages\/2708\/revisions"}],"predecessor-version":[{"id":3166,"href":"https:\/\/claec.org\/ehm\/wp-json\/wp\/v2\/pages\/2708\/revisions\/3166"}],"wp:attachment":[{"href":"https:\/\/claec.org\/ehm\/wp-json\/wp\/v2\/media?parent=2708"}],"curies":[{"name":"wp","href":"https:\/\/api.w.org\/{rel}","templated":true}]}}