{"id":27,"date":"2016-06-25T18:00:06","date_gmt":"2016-06-25T21:00:06","guid":{"rendered":"http:\/\/wp.claec.org\/ehm\/?page_id=27"},"modified":"2018-07-27T17:21:39","modified_gmt":"2018-07-27T20:21:39","slug":"convocatorias","status":"publish","type":"page","link":"https:\/\/claec.org\/ehm\/convocatorias\/","title":{"rendered":"Convocat\u00f3rias II EHM"},"content":{"rendered":"<p><strong>TERCEIRA\u00a0CONVOCAT\u00d3RIA:<\/strong><\/p>\n<p style=\"text-align: justify;\">O Centro Latino-Americano de Estudos em Cultura (CLAEC) em parceria com a Universidade Federal do Pampa (UNIPAMPA) e com financiamento da Coordena\u00e7\u00e3o de Aperfei\u00e7oamento de Pessoal de N\u00edvel Superior (CAPES), torna p\u00fablica a convocat\u00f3ria 3\/2016, com o objetivo de selecionar volunt\u00e1rios para colaborarem como apoio operacional dos eventos II Encontro Human\u00edstico Multidisciplinar (EHM) e I Congresso Latino-Americano de Estudos Human\u00edsticos Multidisciplinares. As inscri\u00e7\u00f5es ser\u00e3o realizadas no\u00a0per\u00edodo de <strong>10 a <del>20<\/del> 25 de outubro.<\/strong><\/p>\n<p style=\"text-align: justify;\"><strong><a href=\"http:\/\/claec.org\/ehm\/wp-content\/uploads\/sites\/2\/2016\/06\/Terceira-Convocat\u00f3ria-Volunt\u00e1rios.pdf\" target=\"_blank\">Terceira Convocat\u00f3ria Completa<\/a>\u00a0<\/strong><\/p>\n<p style=\"text-align: justify;\"><strong><a href=\"https:\/\/goo.gl\/forms\/zDcAaiUrRlYAKGst1\" target=\"_blank\">Ficha de Inscri\u00e7\u00e3o<\/a><\/strong><\/p>\n<p style=\"text-align: justify;\"><a href=\"http:\/\/claec.org\/ehm\/wp-content\/uploads\/sites\/2\/2016\/06\/Lista-Entrevista-Terceira-Convocat\u00f3ria-Volunt\u00e1rios.pdf\" target=\"_blank\"><strong>Lista de Selecionados Para Entrevista<\/strong><\/a><\/p>\n<hr \/>\n<p style=\"text-align: justify;\"><strong>SEGUNDA CONVOCAT\u00d3RIA:<\/strong><\/p>\n<p style=\"text-align: justify;\">O Centro Latino-Americano de Estudos em Cultura \u2013 CLAEC e o Instituto Conex\u00e3o Sociocultural, convidam pesquisadores, professores, alunos e demais interessados, a submeterem <strong>Resumos Expandidos<\/strong> at\u00e9 o dia <strong><del>28\/08<\/del> 10\/09<\/strong>, para os Grupos de Trabalhos que, ap\u00f3s a sele\u00e7\u00e3o, poder\u00e3o compor as se\u00e7\u00f5es de trabalhos do II Encontro Human\u00edstico Multidisciplinar e do I Congresso Latino-Americano de Estudos Human\u00edsticos Multidisciplinares.<\/p>\n<p style=\"text-align: justify;\"><strong><a href=\"http:\/\/claec.org\/ehm\/wp-content\/uploads\/sites\/2\/2016\/06\/Segunda-Convocat\u00f3ria-08-09.pdf\" target=\"_blank\">Segunda Convocat\u00f3ria Completa<\/a><\/strong><\/p>\n<p style=\"text-align: justify;\"><a href=\"http:\/\/eventos.claec.org\/index.php\/ehm\/2ehm\/schedConf\/presentations\" target=\"_blank\"><strong>Resultado Segunda Convocat\u00f3ria<\/strong><\/a><\/p>\n<hr \/>\n<p style=\"text-align: justify;\"><strong>PRIMEIRA CONVOCAT\u00d3RIA:<\/strong><\/p>\n<p style=\"text-align: justify;\">O Centro Latino-Americano de Estudos em Cultura \u2013 CLAEC e o Instituto Conex\u00e3o Sociocultural, convidam pesquisadores, professores, alunos e demais interessados, a proporem at\u00e9 o dia 30\/06, grupos de trabalhos e cursos\/oficinas que, ap\u00f3s a sele\u00e7\u00e3o, poder\u00e3o compor a programa\u00e7\u00e3o do II Encontro Human\u00edstico Multidisciplinar e do I Congresso Latino-Americano de Estudos Human\u00edsticos Multidisciplinares.<\/p>\n<p style=\"text-align: justify;\"><strong><a href=\"http:\/\/claec.org\/ehm\/wp-content\/uploads\/sites\/2\/2016\/06\/Primeira-Convocat\u00f3ria.pdf\" target=\"_blank\">Primeira Convocat\u00f3ria Completa<\/a><\/strong><\/p>\n<p style=\"text-align: justify;\"><strong><a href=\"http:\/\/claec.org\/ehm\/wp-content\/uploads\/sites\/2\/2016\/06\/Resultado-Primeira-Convocat\u00f3ria.pdf\">Resultado Primeira Convocat\u00f3ria<\/a><\/strong><\/p>\n","protected":false},"excerpt":{"rendered":"<p>TERCEIRA\u00a0CONVOCAT\u00d3RIA: O Centro Latino-Americano de Estudos em Cultura (CLAEC) em parceria com a Universidade Federal do Pampa (UNIPAMPA) e com financiamento da Coordena\u00e7\u00e3o de Aperfei\u00e7oamento de Pessoal de N\u00edvel Superior (CAPES), torna p\u00fablica a convocat\u00f3ria 3\/2016, com o objetivo de selecionar volunt\u00e1rios para colaborarem como apoio operacional dos eventos II Encontro Human\u00edstico Multidisciplinar (EHM) e [&hellip;]<\/p>\n","protected":false},"author":1,"featured_media":0,"parent":0,"menu_order":0,"comment_status":"closed","ping_status":"closed","template":"","meta":{"_monsterinsights_skip_tracking":false,"_monsterinsights_sitenote_active":false,"_monsterinsights_sitenote_note":"","_monsterinsights_sitenote_category":0,"footnotes":""},"class_list":["post-27","page","type-page","status-publish","hentry"],"_links":{"self":[{"href":"https:\/\/claec.org\/ehm\/wp-json\/wp\/v2\/pages\/27","targetHints":{"allow":["GET"]}}],"collection":[{"href":"https:\/\/claec.org\/ehm\/wp-json\/wp\/v2\/pages"}],"about":[{"href":"https:\/\/claec.org\/ehm\/wp-json\/wp\/v2\/types\/page"}],"author":[{"embeddable":true,"href":"https:\/\/claec.org\/ehm\/wp-json\/wp\/v2\/users\/1"}],"replies":[{"embeddable":true,"href":"https:\/\/claec.org\/ehm\/wp-json\/wp\/v2\/comments?post=27"}],"version-history":[{"count":21,"href":"https:\/\/claec.org\/ehm\/wp-json\/wp\/v2\/pages\/27\/revisions"}],"predecessor-version":[{"id":960,"href":"https:\/\/claec.org\/ehm\/wp-json\/wp\/v2\/pages\/27\/revisions\/960"}],"wp:attachment":[{"href":"https:\/\/claec.org\/ehm\/wp-json\/wp\/v2\/media?parent=27"}],"curies":[{"name":"wp","href":"https:\/\/api.w.org\/{rel}","templated":true}]}}