{"id":2695,"date":"2024-06-11T20:02:33","date_gmt":"2024-06-11T23:02:33","guid":{"rendered":"https:\/\/claec.org\/ehm\/objetivos\/"},"modified":"2025-11-08T11:16:12","modified_gmt":"2025-11-08T14:16:12","slug":"comissao-organizadora","status":"publish","type":"page","link":"https:\/\/claec.org\/ehm\/comissao-organizadora\/","title":{"rendered":"Comiss\u00e3o Organizadora"},"content":{"rendered":"\t\t<div data-elementor-type=\"wp-page\" data-elementor-id=\"2695\" class=\"elementor elementor-2695\" data-elementor-post-type=\"page\">\n\t\t\t\t\t\t<section class=\"elementor-section elementor-top-section elementor-element elementor-element-3cc0014 elementor-section-boxed elementor-section-height-default elementor-section-height-default\" data-id=\"3cc0014\" data-element_type=\"section\" data-e-type=\"section\" data-settings=\"{&quot;background_background&quot;:&quot;classic&quot;}\">\n\t\t\t\t\t\t\t<div class=\"elementor-background-overlay\"><\/div>\n\t\t\t\t\t\t\t<div class=\"elementor-container elementor-column-gap-default\">\n\t\t\t\t\t<div class=\"elementor-column elementor-col-100 elementor-top-column elementor-element elementor-element-80946a7\" data-id=\"80946a7\" data-element_type=\"column\" data-e-type=\"column\" data-settings=\"{&quot;background_background&quot;:&quot;classic&quot;}\">\n\t\t\t<div class=\"elementor-widget-wrap elementor-element-populated\">\n\t\t\t\t\t\t<div class=\"elementor-element elementor-element-e90c30a elementor-widget elementor-widget-spacer\" data-id=\"e90c30a\" data-element_type=\"widget\" data-e-type=\"widget\" data-widget_type=\"spacer.default\">\n\t\t\t\t<div class=\"elementor-widget-container\">\n\t\t\t\t\t\t\t<div class=\"elementor-spacer\">\n\t\t\t<div class=\"elementor-spacer-inner\"><\/div>\n\t\t<\/div>\n\t\t\t\t\t\t<\/div>\n\t\t\t\t<\/div>\n\t\t\t\t<div class=\"elementor-element elementor-element-f32a873 elementor-widget elementor-widget-heading\" data-id=\"f32a873\" data-element_type=\"widget\" data-e-type=\"widget\" data-widget_type=\"heading.default\">\n\t\t\t\t<div class=\"elementor-widget-container\">\n\t\t\t\t\t<h2 class=\"elementor-heading-title elementor-size-default\">Comiss\u00e3o Organizadora<\/h2>\t\t\t\t<\/div>\n\t\t\t\t<\/div>\n\t\t\t\t<div class=\"elementor-element elementor-element-7c04aac elementor-widget elementor-widget-spacer\" data-id=\"7c04aac\" data-element_type=\"widget\" data-e-type=\"widget\" data-widget_type=\"spacer.default\">\n\t\t\t\t<div class=\"elementor-widget-container\">\n\t\t\t\t\t\t\t<div class=\"elementor-spacer\">\n\t\t\t<div class=\"elementor-spacer-inner\"><\/div>\n\t\t<\/div>\n\t\t\t\t\t\t<\/div>\n\t\t\t\t<\/div>\n\t\t\t\t\t<\/div>\n\t\t<\/div>\n\t\t\t\t\t<\/div>\n\t\t<\/section>\n\t\t\t\t<section class=\"elementor-section elementor-top-section elementor-element elementor-element-3d050f5 elementor-section-boxed elementor-section-height-default elementor-section-height-default\" data-id=\"3d050f5\" data-element_type=\"section\" data-e-type=\"section\">\n\t\t\t\t\t\t<div class=\"elementor-container elementor-column-gap-default\">\n\t\t\t\t\t<div class=\"elementor-column elementor-col-100 elementor-top-column elementor-element elementor-element-e488e4c\" data-id=\"e488e4c\" data-element_type=\"column\" data-e-type=\"column\">\n\t\t\t<div class=\"elementor-widget-wrap elementor-element-populated\">\n\t\t\t\t\t\t<div class=\"elementor-element elementor-element-1f7ecd8 elementor-widget elementor-widget-spacer\" data-id=\"1f7ecd8\" data-element_type=\"widget\" data-e-type=\"widget\" data-widget_type=\"spacer.default\">\n\t\t\t\t<div class=\"elementor-widget-container\">\n\t\t\t\t\t\t\t<div class=\"elementor-spacer\">\n\t\t\t<div class=\"elementor-spacer-inner\"><\/div>\n\t\t<\/div>\n\t\t\t\t\t\t<\/div>\n\t\t\t\t<\/div>\n\t\t\t\t<div class=\"elementor-element elementor-element-cfb5fc6 elementor-widget elementor-widget-text-editor\" data-id=\"cfb5fc6\" data-element_type=\"widget\" data-e-type=\"widget\" data-widget_type=\"text-editor.default\">\n\t\t\t\t<div class=\"elementor-widget-container\">\n\t\t\t\t\t\t\t\t\t<p style=\"text-align: center;\"><strong>Realiza\u00e7\u00e3o<\/strong><\/p><p style=\"text-align: center;\">Centro Latino-Americano de Estudos em Cultura (CLAEC)<\/p><p style=\"text-align: center;\">Instituto Conex\u00e3o Sociocultural (CONEX)<\/p><p>\u00a0<\/p><p style=\"text-align: center;\"><strong>Apoio<\/strong><\/p><p style=\"text-align: center;\">Universidade Federal do Pampa (UNIPAMPA)<\/p><p style=\"text-align: center;\">\u00a0<\/p><p style=\"text-align: center;\"><strong>Comit\u00ea Organizador<\/strong><\/p><p style=\"text-align: center;\">Dra. Juliana Porto Machado (Instituto Conex\/CLAEC)<\/p><p style=\"text-align: center;\">Dnd. Bruno C\u00e9sar Alves Marcelino (CLAEC)<\/p><p>\u00a0<\/p><p style=\"text-align: center;\"><strong>Comit\u00ea T\u00e9cnico<\/strong><\/p><p style=\"text-align: center;\"><strong>\u00a0<\/strong><\/p><p style=\"text-align: center;\"><strong>Comit\u00ea Cient\u00edfico Permanente<\/strong><\/p><p style=\"text-align: center;\">Cristiane Dambr\u00f3s (Brasil) \u2013 Presidenta<\/p><p style=\"text-align: center;\">Ahtziri Erendira Molina Rold\u00e1n (M\u00e9xico)<\/p><p style=\"text-align: center;\">Ana C\u00e9lia Carneiro Oliveira (Brasil)<\/p><p style=\"text-align: center;\">Betania Maciel (Brasil)<\/p><p style=\"text-align: center;\">C\u00e9lia Maria Foster Silvestre (Brasil)<\/p><p style=\"text-align: center;\">C\u00e9lia Souza da Costa (Brasil)<\/p><p style=\"text-align: center;\">Daniel Levine (Estados Unidos)<\/p><p style=\"text-align: center;\">Denise Rosana da Silva Moraes (Brasil)<\/p><p style=\"text-align: center;\">Djalma Th\u00fcrler (Brasil)<\/p><p style=\"text-align: center;\">Fabricio Pereira da Silva (Brasil)<\/p><p style=\"text-align: center;\">Francisco Xavier Freire Rodrigues (Brasil)<\/p><p style=\"text-align: center;\">Isabel Cristina Chaves Lopes (Brasil)<\/p><p style=\"text-align: center;\">Jos\u00e9 Serafim Bertoloto (Brasil)<\/p><p style=\"text-align: center;\">Ludmila de Lima Brand\u00e3o (Brasil)<\/p><p style=\"text-align: center;\">Marco Antonio Ch\u00e1vez Aguayo (M\u00e9xico)<\/p><p style=\"text-align: center;\">Marie Laure Geoffray (Fran\u00e7a)<\/p><p style=\"text-align: center;\">N\u00e1dia Saito (Reino Unido)<\/p><p style=\"text-align: center;\">Ronaldo Martins Gomes (Brasil)<\/p><p style=\"text-align: center;\">Sandra Catalina Valdettaro (Argentina)<\/p><p style=\"text-align: center;\">Senilde Alc\u00e2ntara Guanaes (Brasil)<\/p><p style=\"text-align: center;\">Susana Dominza\u00edn (Uruguai)<\/p><p style=\"text-align: center;\">Suzana Ferreira Paulino (Brasil)<\/p><p style=\"text-align: center;\">Wilson Enrique Araque Jaramillo (Equador)<\/p><div id=\"njcdgcofcbnlbpkpdhmlmiblaglnkpnj\" style=\"text-align: center;\">\u00a0<\/div>\t\t\t\t\t\t\t\t<\/div>\n\t\t\t\t<\/div>\n\t\t\t\t<div class=\"elementor-element elementor-element-b2a9a8c elementor-widget-divider--view-line elementor-widget elementor-widget-divider\" data-id=\"b2a9a8c\" data-element_type=\"widget\" data-e-type=\"widget\" data-widget_type=\"divider.default\">\n\t\t\t\t<div class=\"elementor-widget-container\">\n\t\t\t\t\t\t\t<div class=\"elementor-divider\">\n\t\t\t<span class=\"elementor-divider-separator\">\n\t\t\t\t\t\t<\/span>\n\t\t<\/div>\n\t\t\t\t\t\t<\/div>\n\t\t\t\t<\/div>\n\t\t\t\t<div class=\"elementor-element elementor-element-fb51c50 elementor-widget elementor-widget-heading\" data-id=\"fb51c50\" data-element_type=\"widget\" data-e-type=\"widget\" data-widget_type=\"heading.default\">\n\t\t\t\t<div class=\"elementor-widget-container\">\n\t\t\t\t\t<h2 class=\"elementor-heading-title elementor-size-default\">Compartilhe:<\/h2>\t\t\t\t<\/div>\n\t\t\t\t<\/div>\n\t\t\t\t<div class=\"elementor-element elementor-element-f37e6d7 elementor-share-buttons--view-icon elementor-share-buttons--shape-circle elementor-share-buttons--skin-gradient elementor-grid-0 elementor-share-buttons--color-official elementor-widget elementor-widget-share-buttons\" data-id=\"f37e6d7\" data-element_type=\"widget\" data-e-type=\"widget\" data-widget_type=\"share-buttons.default\">\n\t\t\t\t<div class=\"elementor-widget-container\">\n\t\t\t\t\t\t\t<div class=\"elementor-grid\" role=\"list\">\n\t\t\t\t\t\t\t\t<div class=\"elementor-grid-item\" role=\"listitem\">\n\t\t\t\t\t\t<div class=\"elementor-share-btn elementor-share-btn_facebook\" role=\"button\" tabindex=\"0\" aria-label=\"Compartilhar no facebook\">\n\t\t\t\t\t\t\t\t\t\t\t\t\t\t\t<span class=\"elementor-share-btn__icon\">\n\t\t\t\t\t\t\t\t<i class=\"fab fa-facebook\" aria-hidden=\"true\"><\/i>\t\t\t\t\t\t\t<\/span>\n\t\t\t\t\t\t\t\t\t\t\t\t\t\t\t\t\t\t\t\t<\/div>\n\t\t\t\t\t<\/div>\n\t\t\t\t\t\t\t\t\t<div class=\"elementor-grid-item\" role=\"listitem\">\n\t\t\t\t\t\t<div class=\"elementor-share-btn elementor-share-btn_whatsapp\" role=\"button\" tabindex=\"0\" aria-label=\"Compartilhar no whatsapp\">\n\t\t\t\t\t\t\t\t\t\t\t\t\t\t\t<span class=\"elementor-share-btn__icon\">\n\t\t\t\t\t\t\t\t<i class=\"fab fa-whatsapp\" aria-hidden=\"true\"><\/i>\t\t\t\t\t\t\t<\/span>\n\t\t\t\t\t\t\t\t\t\t\t\t\t\t\t\t\t\t\t\t<\/div>\n\t\t\t\t\t<\/div>\n\t\t\t\t\t\t\t\t\t<div class=\"elementor-grid-item\" role=\"listitem\">\n\t\t\t\t\t\t<div class=\"elementor-share-btn elementor-share-btn_twitter\" role=\"button\" tabindex=\"0\" aria-label=\"Compartilhar no twitter\">\n\t\t\t\t\t\t\t\t\t\t\t\t\t\t\t<span class=\"elementor-share-btn__icon\">\n\t\t\t\t\t\t\t\t<i class=\"fab fa-twitter\" aria-hidden=\"true\"><\/i>\t\t\t\t\t\t\t<\/span>\n\t\t\t\t\t\t\t\t\t\t\t\t\t\t\t\t\t\t\t\t<\/div>\n\t\t\t\t\t<\/div>\n\t\t\t\t\t\t\t\t\t<div class=\"elementor-grid-item\" role=\"listitem\">\n\t\t\t\t\t\t<div class=\"elementor-share-btn elementor-share-btn_linkedin\" role=\"button\" tabindex=\"0\" aria-label=\"Compartilhar no linkedin\">\n\t\t\t\t\t\t\t\t\t\t\t\t\t\t\t<span class=\"elementor-share-btn__icon\">\n\t\t\t\t\t\t\t\t<i class=\"fab fa-linkedin\" aria-hidden=\"true\"><\/i>\t\t\t\t\t\t\t<\/span>\n\t\t\t\t\t\t\t\t\t\t\t\t\t\t\t\t\t\t\t\t<\/div>\n\t\t\t\t\t<\/div>\n\t\t\t\t\t\t<\/div>\n\t\t\t\t\t\t<\/div>\n\t\t\t\t<\/div>\n\t\t\t\t<div class=\"elementor-element elementor-element-1b16fe2 elementor-widget elementor-widget-spacer\" data-id=\"1b16fe2\" data-element_type=\"widget\" data-e-type=\"widget\" data-widget_type=\"spacer.default\">\n\t\t\t\t<div class=\"elementor-widget-container\">\n\t\t\t\t\t\t\t<div class=\"elementor-spacer\">\n\t\t\t<div class=\"elementor-spacer-inner\"><\/div>\n\t\t<\/div>\n\t\t\t\t\t\t<\/div>\n\t\t\t\t<\/div>\n\t\t\t\t\t<\/div>\n\t\t<\/div>\n\t\t\t\t\t<\/div>\n\t\t<\/section>\n\t\t\t\t<\/div>\n\t\t","protected":false},"excerpt":{"rendered":"<p>Realiza\u00e7\u00e3o Centro Latino-Americano de Estudos em Cultura (CLAEC) Instituto Conex\u00e3o Sociocultural (CONEX) \u00a0 Apoio Universidade Federal do Pampa (UNIPAMPA) \u00a0 Comit\u00ea Organizador Dra. Juliana Porto Machado (Instituto Conex\/CLAEC) Dnd. Bruno C\u00e9sar Alves Marcelino (CLAEC) \u00a0 Comit\u00ea T\u00e9cnico \u00a0 Comit\u00ea Cient\u00edfico Permanente Cristiane Dambr\u00f3s (Brasil) \u2013 Presidenta Ahtziri Erendira Molina Rold\u00e1n (M\u00e9xico) Ana C\u00e9lia Carneiro Oliveira [&hellip;]<\/p>\n","protected":false},"author":1,"featured_media":0,"parent":0,"menu_order":0,"comment_status":"closed","ping_status":"closed","template":"elementor_header_footer","meta":{"_monsterinsights_skip_tracking":false,"_monsterinsights_sitenote_active":false,"_monsterinsights_sitenote_note":"","_monsterinsights_sitenote_category":0,"footnotes":""},"class_list":["post-2695","page","type-page","status-publish","hentry"],"_links":{"self":[{"href":"https:\/\/claec.org\/ehm\/wp-json\/wp\/v2\/pages\/2695","targetHints":{"allow":["GET"]}}],"collection":[{"href":"https:\/\/claec.org\/ehm\/wp-json\/wp\/v2\/pages"}],"about":[{"href":"https:\/\/claec.org\/ehm\/wp-json\/wp\/v2\/types\/page"}],"author":[{"embeddable":true,"href":"https:\/\/claec.org\/ehm\/wp-json\/wp\/v2\/users\/1"}],"replies":[{"embeddable":true,"href":"https:\/\/claec.org\/ehm\/wp-json\/wp\/v2\/comments?post=2695"}],"version-history":[{"count":17,"href":"https:\/\/claec.org\/ehm\/wp-json\/wp\/v2\/pages\/2695\/revisions"}],"predecessor-version":[{"id":3751,"href":"https:\/\/claec.org\/ehm\/wp-json\/wp\/v2\/pages\/2695\/revisions\/3751"}],"wp:attachment":[{"href":"https:\/\/claec.org\/ehm\/wp-json\/wp\/v2\/media?parent=2695"}],"curies":[{"name":"wp","href":"https:\/\/api.w.org\/{rel}","templated":true}]}}