{"id":2691,"date":"2024-06-11T20:02:33","date_gmt":"2024-06-11T23:02:33","guid":{"rendered":"https:\/\/claec.org\/ehm\/historico\/"},"modified":"2024-06-11T20:45:53","modified_gmt":"2024-06-11T23:45:53","slug":"historico","status":"publish","type":"page","link":"https:\/\/claec.org\/ehm\/historico\/","title":{"rendered":"Hist\u00f3rico"},"content":{"rendered":"\t\t<div data-elementor-type=\"wp-page\" data-elementor-id=\"2691\" class=\"elementor elementor-2691\" data-elementor-post-type=\"page\">\n\t\t\t\t\t\t<section class=\"elementor-section elementor-top-section elementor-element elementor-element-60430de elementor-section-boxed elementor-section-height-default elementor-section-height-default\" data-id=\"60430de\" data-element_type=\"section\" data-e-type=\"section\">\n\t\t\t\t\t\t<div class=\"elementor-container elementor-column-gap-default\">\n\t\t\t\t\t<div class=\"elementor-column elementor-col-100 elementor-top-column elementor-element elementor-element-6709bd57\" data-id=\"6709bd57\" data-element_type=\"column\" data-e-type=\"column\">\n\t\t\t<div class=\"elementor-widget-wrap elementor-element-populated\">\n\t\t\t\t\t\t<div class=\"elementor-element elementor-element-2b7761f3 elementor-widget elementor-widget-spacer\" data-id=\"2b7761f3\" data-element_type=\"widget\" data-e-type=\"widget\" data-widget_type=\"spacer.default\">\n\t\t\t\t<div class=\"elementor-widget-container\">\n\t\t\t\t\t\t\t<div class=\"elementor-spacer\">\n\t\t\t<div class=\"elementor-spacer-inner\"><\/div>\n\t\t<\/div>\n\t\t\t\t\t\t<\/div>\n\t\t\t\t<\/div>\n\t\t\t\t<div class=\"elementor-element elementor-element-9cd89e9 elementor-widget__width-initial elementor-widget elementor-widget-text-editor\" data-id=\"9cd89e9\" data-element_type=\"widget\" data-e-type=\"widget\" data-widget_type=\"text-editor.default\">\n\t\t\t\t<div class=\"elementor-widget-container\">\n\t\t\t\t\t\t\t\t\t<p><\/p>\n<p class=\"has-white-background-color has-background\">Desde 2015, o Centro Latino-Americano de Estudos em Cultura (CLAEC) e o Instituto Conex\u00e3o Sociocultural (CONEX), em parceria com a Universidade Federal do Pampa, tem sido pioneiros na realiza\u00e7\u00e3o dos Encontros Human\u00edsticos Multidisciplinares e dos Congressos Latino-Americanos de Estudos Human\u00edsticos Multidisciplinares. Esses eventos t\u00eam desempenhado um papel crucial no avan\u00e7o da produ\u00e7\u00e3o acad\u00eamica das ci\u00eancias humanas e sociais, atraindo uma participa\u00e7\u00e3o diversificada e engajada de acad\u00eamicos, pesquisadores e estudantes.<\/p>\n<p>Ao longo dos anos, os encontros proporcionaram um espa\u00e7o vital para a discuss\u00e3o de ideias inovadoras, a colabora\u00e7\u00e3o entre diferentes disciplinas e a dissemina\u00e7\u00e3o do conhecimento. Cada edi\u00e7\u00e3o testemunhou a apresenta\u00e7\u00e3o de centenas de trabalhos de alta qualidade, refletindo a riqueza e a diversidade das pesquisas realizadas nas \u00e1reas das humanidades e ci\u00eancias sociais.<\/p>\n<p>Foram em m\u00e9dia 2.500 participantes e 1.000 trabalhos publicados em nosso sistema de anais disponibilizado em acesso aberto nos \u00faltimos 09 anos. Os trabalhos apresentados nas edi\u00e7\u00f5es anteriores foram publicados digitalmente, contribuindo significativamente para o campo acad\u00eamico.<\/p>\n<p>Al\u00e9m disso, os eventos anteriores foram fundamentais para estabelecer redes de colabora\u00e7\u00e3o entre pesquisadores de diversas regi\u00f5es do Brasil e da Am\u00e9rica Latina.<\/p>\n<p>Considera-se o evento, o de maior import\u00e2ncia na \u00e1rea das ci\u00eancias humanas e sociais realizado na Universidade Federal do Pampa.<\/p>\n<p><\/p>\t\t\t\t\t\t\t\t<\/div>\n\t\t\t\t<\/div>\n\t\t\t\t\t<\/div>\n\t\t<\/div>\n\t\t\t\t\t<\/div>\n\t\t<\/section>\n\t\t\t\t<\/div>\n\t\t","protected":false},"excerpt":{"rendered":"<p>Desde 2015, o Centro Latino-Americano de Estudos em Cultura (CLAEC) e o Instituto Conex\u00e3o Sociocultural (CONEX), em parceria com a Universidade Federal do Pampa, tem sido pioneiros na realiza\u00e7\u00e3o dos Encontros Human\u00edsticos Multidisciplinares e dos Congressos Latino-Americanos de Estudos Human\u00edsticos Multidisciplinares. Esses eventos t\u00eam desempenhado um papel crucial no avan\u00e7o da produ\u00e7\u00e3o acad\u00eamica das ci\u00eancias [&hellip;]<\/p>\n","protected":false},"author":1,"featured_media":0,"parent":0,"menu_order":0,"comment_status":"closed","ping_status":"closed","template":"","meta":{"_monsterinsights_skip_tracking":false,"_monsterinsights_sitenote_active":false,"_monsterinsights_sitenote_note":"","_monsterinsights_sitenote_category":0,"footnotes":""},"class_list":["post-2691","page","type-page","status-publish","hentry"],"_links":{"self":[{"href":"https:\/\/claec.org\/ehm\/wp-json\/wp\/v2\/pages\/2691","targetHints":{"allow":["GET"]}}],"collection":[{"href":"https:\/\/claec.org\/ehm\/wp-json\/wp\/v2\/pages"}],"about":[{"href":"https:\/\/claec.org\/ehm\/wp-json\/wp\/v2\/types\/page"}],"author":[{"embeddable":true,"href":"https:\/\/claec.org\/ehm\/wp-json\/wp\/v2\/users\/1"}],"replies":[{"embeddable":true,"href":"https:\/\/claec.org\/ehm\/wp-json\/wp\/v2\/comments?post=2691"}],"version-history":[{"count":7,"href":"https:\/\/claec.org\/ehm\/wp-json\/wp\/v2\/pages\/2691\/revisions"}],"predecessor-version":[{"id":2802,"href":"https:\/\/claec.org\/ehm\/wp-json\/wp\/v2\/pages\/2691\/revisions\/2802"}],"wp:attachment":[{"href":"https:\/\/claec.org\/ehm\/wp-json\/wp\/v2\/media?parent=2691"}],"curies":[{"name":"wp","href":"https:\/\/api.w.org\/{rel}","templated":true}]}}