{"id":2639,"date":"2024-02-27T19:59:58","date_gmt":"2024-02-27T22:59:58","guid":{"rendered":"https:\/\/claec.org\/ehm\/?page_id=2639"},"modified":"2024-02-27T20:02:29","modified_gmt":"2024-02-27T23:02:29","slug":"educacao-patrimonial-valorizando-a-cultura-e-a-historia-locais","status":"publish","type":"page","link":"https:\/\/claec.org\/ehm\/educacao-patrimonial-valorizando-a-cultura-e-a-historia-locais\/","title":{"rendered":"Educa\u00e7\u00e3o Patrimonial: Valorizando a Cultura e a Hist\u00f3ria Locais"},"content":{"rendered":"\t\t<div data-elementor-type=\"wp-page\" data-elementor-id=\"2639\" class=\"elementor elementor-2639\" data-elementor-post-type=\"page\">\n\t\t\t\t\t\t<section class=\"elementor-section elementor-top-section elementor-element elementor-element-71d0238a elementor-section-boxed elementor-section-height-default elementor-section-height-default\" data-id=\"71d0238a\" data-element_type=\"section\" data-e-type=\"section\">\n\t\t\t\t\t\t<div class=\"elementor-container elementor-column-gap-default\">\n\t\t\t\t\t<div class=\"elementor-column elementor-col-100 elementor-top-column elementor-element elementor-element-21cb63a0\" data-id=\"21cb63a0\" data-element_type=\"column\" data-e-type=\"column\">\n\t\t\t<div class=\"elementor-widget-wrap elementor-element-populated\">\n\t\t\t\t\t\t<div class=\"elementor-element elementor-element-35df6c07 elementor-widget elementor-widget-text-editor\" data-id=\"35df6c07\" data-element_type=\"widget\" data-e-type=\"widget\" data-widget_type=\"text-editor.default\">\n\t\t\t\t<div class=\"elementor-widget-container\">\n\t\t\t\t\t\t\t\t\t<p><\/p>\n<p>Curso gratuito<\/p>\n<p><\/p>\n<p><\/p>\n<p>Inscri\u00e7\u00e3o de 01 de janeiro a 01 de fevereiro de 2024 (Encerrado).<\/p>\n<p><\/p>\n<p><\/p>\n<h3 class=\"wp-block-heading\">Objetivo Geral:<\/h3>\n<p><\/p>\n<p><\/p>\n<p>Capacitar educadores, gestores culturais, estudantes e membros da comunidade em geral para identificar, valorizar, preservar e divulgar o patrim\u00f4nio cultural e hist\u00f3rico, como meio de fortalecer a identidade local e promover o desenvolvimento sustent\u00e1vel.<\/p>\n<p><\/p>\n<p><\/p>\n<h3 class=\"wp-block-heading\">Dura\u00e7\u00e3o:<\/h3>\n<p><\/p>\n<p><\/p>\n<p>40 horas.<\/p>\n<p><\/p>\n<p><\/p>\n<h3 class=\"wp-block-heading\">Estrutura do Curso:<\/h3>\n<p><\/p>\n<p><\/p>\n<h4 class=\"wp-block-heading\">Aula 01: Introdu\u00e7\u00e3o ao Patrim\u00f4nio Cultural (10 horas)<\/h4>\n<p><\/p>\n<p><\/p>\n<ul class=\"wp-block-list\"><p><\/p>\n<li>Conceitos e tipos de patrim\u00f4nio: material, imaterial, natural e digital.<\/li>\n<p><\/p>\n<p><\/p>\n<li>A import\u00e2ncia do patrim\u00f4nio cultural para a identidade e mem\u00f3ria coletiva.<\/li>\n<p><\/p><\/ul>\n<p><\/p>\n<p><\/p>\n<h4 class=\"wp-block-heading\">Aula 02: Legisla\u00e7\u00e3o e Pol\u00edticas de Preserva\u00e7\u00e3o (10 horas)<\/h4>\n<p><\/p>\n<p><\/p>\n<ul class=\"wp-block-list\"><p><\/p>\n<li>Leis e pol\u00edticas de preserva\u00e7\u00e3o do patrim\u00f4nio no \u00e2mbito local, nacional e internacional.<\/li>\n<p><\/p>\n<p><\/p>\n<li>Atua\u00e7\u00e3o de organismos como UNESCO, IPHAN, entre outros.<\/li>\n<p><\/p><\/ul>\n<p><\/p>\n<p><\/p>\n<h4 class=\"wp-block-heading\">Aula 03: Metodologias de Educa\u00e7\u00e3o Patrimonial (10 horas)<\/h4>\n<p><\/p>\n<p><\/p>\n<ul class=\"wp-block-list\"><p><\/p>\n<li>Metodologias ativas e participativas na educa\u00e7\u00e3o patrimonial.<\/li>\n<p><\/p>\n<p><\/p>\n<li>Desenvolvimento de projetos educativos em espa\u00e7os formais e n\u00e3o formais.<\/li>\n<p><\/p><\/ul>\n<p><\/p>\n<p><\/p>\n<h4 class=\"wp-block-heading\">Aula 04: Patrim\u00f4nio Material: Hist\u00f3ria e Valoriza\u00e7\u00e3o (10 horas)<\/h4>\n<p><\/p>\n<p><\/p>\n<ul class=\"wp-block-list\"><p><\/p>\n<li>Reconhecimento e an\u00e1lise de s\u00edtios hist\u00f3ricos, monumentos, obras de arte e objetos.<\/li>\n<p><\/p>\n<p><\/p>\n<li>Estrat\u00e9gias de conserva\u00e7\u00e3o e restauro.<\/li>\n<p><\/p><\/ul>\n<p><\/p>\t\t\t\t\t\t\t\t<\/div>\n\t\t\t\t<\/div>\n\t\t\t\t\t<\/div>\n\t\t<\/div>\n\t\t\t\t\t<\/div>\n\t\t<\/section>\n\t\t\t\t<\/div>\n\t\t","protected":false},"excerpt":{"rendered":"<p>Curso gratuito Inscri\u00e7\u00e3o de 01 de janeiro a 01 de fevereiro de 2024 (Encerrado). Objetivo Geral: Capacitar educadores, gestores culturais, estudantes e membros da comunidade em geral para identificar, valorizar, preservar e divulgar o patrim\u00f4nio cultural e hist\u00f3rico, como meio de fortalecer a identidade local e promover o desenvolvimento sustent\u00e1vel. Dura\u00e7\u00e3o: 40 horas. Estrutura do [&hellip;]<\/p>\n","protected":false},"author":1,"featured_media":0,"parent":0,"menu_order":0,"comment_status":"closed","ping_status":"closed","template":"","meta":{"_monsterinsights_skip_tracking":false,"_monsterinsights_sitenote_active":false,"_monsterinsights_sitenote_note":"","_monsterinsights_sitenote_category":0,"footnotes":""},"class_list":["post-2639","page","type-page","status-publish","hentry"],"_links":{"self":[{"href":"https:\/\/claec.org\/ehm\/wp-json\/wp\/v2\/pages\/2639","targetHints":{"allow":["GET"]}}],"collection":[{"href":"https:\/\/claec.org\/ehm\/wp-json\/wp\/v2\/pages"}],"about":[{"href":"https:\/\/claec.org\/ehm\/wp-json\/wp\/v2\/types\/page"}],"author":[{"embeddable":true,"href":"https:\/\/claec.org\/ehm\/wp-json\/wp\/v2\/users\/1"}],"replies":[{"embeddable":true,"href":"https:\/\/claec.org\/ehm\/wp-json\/wp\/v2\/comments?post=2639"}],"version-history":[{"count":4,"href":"https:\/\/claec.org\/ehm\/wp-json\/wp\/v2\/pages\/2639\/revisions"}],"predecessor-version":[{"id":2644,"href":"https:\/\/claec.org\/ehm\/wp-json\/wp\/v2\/pages\/2639\/revisions\/2644"}],"wp:attachment":[{"href":"https:\/\/claec.org\/ehm\/wp-json\/wp\/v2\/media?parent=2639"}],"curies":[{"name":"wp","href":"https:\/\/api.w.org\/{rel}","templated":true}]}}